{"id":1822,"date":"2023-08-06T16:05:56","date_gmt":"2023-08-06T15:05:56","guid":{"rendered":"https:\/\/www.sweetestsaffron.co.uk\/product\/hypo21-spray-purifiant-pour-la-peau-100ml\/"},"modified":"2023-08-06T21:55:28","modified_gmt":"2023-08-06T20:55:28","slug":"hypo21","status":"publish","type":"product","link":"https:\/\/wp.dev.sweetestsaffron.pirstack.com\/fr\/produit\/hypo21\/","title":{"rendered":"HYPO21 Spray purifiant pour la peau 100ml"},"content":{"rendered":"<p><strong>NETTOYANT TR\u00c8S EFFICACE ET SPRAY PURIFIANT POUR LA PEAU.<\/strong><\/p>\n<p>Spray purifiant pour la peau durable, unisexe, v\u00e9g\u00e9talien, biologique et sans cruaut\u00e9, qui peut faire partie de votre routine quotidienne de soins de la peau.<\/p>\n<p>HYPO21 est la solution cosm\u00e9tique parfaite pour apaiser et soutenir votre peau. Bas\u00e9e sur la science de la technologie hypochloreuse (HOCl), cette solution de signalisation tr\u00e8s efficace, charg\u00e9e \u00e9lectriquement, imite l&rsquo;essence du syst\u00e8me de d\u00e9fense naturel de votre corps.<\/p>\n<p>HYPO21 Skin Purifying Spray est compos\u00e9 de HOCl PURE. Le HOCl est un \u00e9l\u00e9ment naturel de notre syst\u00e8me de d\u00e9fense interne, produit par les globules blancs.<\/p>\n<p>HYPO21 convient aux personnes sujettes \u00e0 l&rsquo;ecz\u00e9ma, au psoriasis, \u00e0 la dermatite, \u00e0 la rosac\u00e9e, \u00e0 l&rsquo;acn\u00e9 et aux taches.<\/p>\n<p>Notre formulation unique de Pure HOCl nettoie, purifie et prot\u00e8ge la peau tout en \u00e9tant aussi douce que l&rsquo;eau. Sp\u00e9cialement con\u00e7u pour chaque personne et chaque type de peau. Notre formule douce a un pH neutre pour la peau et peut \u00eatre appliqu\u00e9e partout, m\u00eame sur les peaux les plus sensibles, sur le visage ou d&rsquo;autres parties du corps.<\/p>\n<p><strong><u>HYPO21 ne contient pas d&rsquo;hypochlorite de sodium, d&rsquo;acide phosphorique ou d&rsquo;alcool.<\/u><\/strong><\/p>\n<ul>\n<li>Lutte contre les infections, contr\u00f4le des r\u00e9actions aux blessures et am\u00e9lioration de la cicatrisation<\/li>\n<li>Biologique<\/li>\n<li>Vegan<\/li>\n<li>Pas besoin de rincer<\/li>\n<li>pH neutre pour la peau<\/li>\n<li>Utiliser quotidiennement pour am\u00e9liorer la peau, \u00e9liminer les imperfections et r\u00e9duire les rougeurs.<\/li>\n<li>Convient \u00e0 tous les types de peau et \u00e0 tous les \u00e2ges<\/li>\n<li>Hypoallerg\u00e9nique, non irritant<\/li>\n<li>Non dangereux<\/li>\n<li>R\u00e9hydratation de la peau<\/li>\n<li>Contr\u00f4le des infections cutan\u00e9es<\/li>\n<li>Prot\u00e8ge et soutient votre peau<\/li>\n<li>Purifier<\/li>\n<li>Nettoyer<\/li>\n<li>Apaiser<\/li>\n<li>\u00c9quilibre<\/li>\n<li>R\u00e9cup\u00e9rez et apaisez votre peau<\/li>\n<li>Il aide \u00e0 soulager les plaies chroniques telles que les ulc\u00e8res diab\u00e9tiques, les ulc\u00e8res veineux de la jambe et les escarres.<\/li>\n<\/ul>\n<p><strong>C&rsquo;est aussi le cas ;<\/strong><\/p>\n<ul>\n<li>Sans noix<\/li>\n<li>Sans parfum<\/li>\n<li>Sans silicone<\/li>\n<li>Sans paraffine<\/li>\n<li>Sans alcool<\/li>\n<li>Sans microplastique<\/li>\n<li>Sans parab\u00e8ne<\/li>\n<li>Sans \u00e9thanolamine<\/li>\n<li>Sans formald\u00e9hyde<\/li>\n<li>Formald\u00e9hyde Dissocier<\/li>\n<li>Sans pigments<\/li>\n<li>Sans tenside<\/li>\n<li>Sans aluminium<\/li>\n<li>Sans sulfate<\/li>\n<li>Sans siloxane<\/li>\n<li>Sans phtalates<\/li>\n<li>Sans colorant<\/li>\n<\/ul>\n<p>&nbsp;<\/p>\n<p>Chacun de nos produits a \u00e9t\u00e9 d\u00e9velopp\u00e9 par des professionnels et test\u00e9 sur le plan cosm\u00e9tique. Chacun de nos produits est accompagn\u00e9 de son propre certificat de s\u00e9curit\u00e9 des produits cosm\u00e9tiques.<\/p>\n","protected":false},"excerpt":{"rendered":"<p>NETTOYANT TR\u00c8S EFFICACE ET SPRAY PURIFIANT POUR LA PEAU. Spray purifiant pour la peau durable, unisexe, v\u00e9g\u00e9talien, biologique et sans cruaut\u00e9, qui peut faire partie de votre routine quotidienne de soins de la peau. HYPO21 est la solution cosm\u00e9tique parfaite pour apaiser et soutenir votre peau. Bas\u00e9e sur la science de la technologie hypochloreuse (HOCl), [&hellip;]<\/p>\n","protected":false},"featured_media":1815,"comment_status":"open","ping_status":"closed","template":"","meta":[],"product_brand":[],"product_cat":[114],"product_tag":[90,73,82,75,89,69,87,74,78,88,76,70,72,71,79,80,81,84,83,85,86,77],"class_list":{"0":"post-1822","1":"product","2":"type-product","3":"status-publish","4":"has-post-thumbnail","6":"product_cat-hypo21-fr","7":"product_tag-controle-des-infections","8":"product_tag-doux","9":"product_tag-eliminer","10":"product_tag-guerison","11":"product_tag-hydratation-sans-risque","12":"product_tag-hypo21-fr","13":"product_tag-hypoallergenique","14":"product_tag-leau","15":"product_tag-neutrak-fr","16":"product_tag-non-irritant","17":"product_tag-organique","18":"product_tag-peau","19":"product_tag-pulverisation","20":"product_tag-purifier","21":"product_tag-quotidien","22":"product_tag-reduire","23":"product_tag-rougeur","24":"product_tag-sur","25":"product_tag-taches","26":"product_tag-tous","27":"product_tag-types-fr","28":"product_tag-vegetalien","30":"first","31":"outofstock","32":"shipping-taxable","33":"purchasable","34":"product-type-simple"},"acf":[],"yoast_head":"<!-- This site is optimized with the Yoast SEO plugin v26.7 - https:\/\/yoast.com\/wordpress\/plugins\/seo\/ -->\n<title>HYPO21 Spray purifiant pour la peau 100ml - SweetestSaffron<\/title>\n<meta name=\"description\" content=\"Lutte contre les infections, contr\u00f4le les r\u00e9actions aux blessures et favorise la cicatrisation.\" \/>\n<meta name=\"robots\" content=\"noindex, follow, max-snippet:-1, max-image-preview:large, max-video-preview:-1\" \/>\n<meta property=\"og:locale\" content=\"fr_FR\" \/>\n<meta property=\"og:type\" content=\"article\" \/>\n<meta property=\"og:title\" content=\"HYPO21 Spray purifiant pour la peau 100ml - SweetestSaffron\" \/>\n<meta property=\"og:description\" content=\"Lutte contre les infections, contr\u00f4le les r\u00e9actions aux blessures et favorise la cicatrisation.\" \/>\n<meta property=\"og:url\" content=\"https:\/\/wp.dev.sweetestsaffron.pirstack.com\/fr\/produit\/hypo21\/\" \/>\n<meta property=\"og:site_name\" content=\"SweetestSaffron\" \/>\n<meta property=\"article:modified_time\" content=\"2023-08-06T20:55:28+00:00\" \/>\n<meta property=\"og:image\" content=\"https:\/\/wp.dev.sweetestsaffron.pirstack.com\/wp-content\/uploads\/2023\/08\/HYPO21-Purifying-Skin-Spray-e1691355157743.webp\" \/>\n\t<meta property=\"og:image:width\" content=\"291\" \/>\n\t<meta property=\"og:image:height\" content=\"750\" \/>\n\t<meta property=\"og:image:type\" content=\"image\/webp\" \/>\n<meta name=\"twitter:card\" content=\"summary_large_image\" \/>\n<meta name=\"twitter:label1\" content=\"Dur\u00e9e de lecture estim\u00e9e\" \/>\n\t<meta name=\"twitter:data1\" content=\"2 minutes\" \/>\n<script type=\"application\/ld+json\" class=\"yoast-schema-graph\">{\"@context\":\"https:\/\/schema.org\",\"@graph\":[{\"@type\":\"WebPage\",\"@id\":\"https:\/\/wp.dev.sweetestsaffron.pirstack.com\/fr\/produit\/hypo21\/\",\"url\":\"https:\/\/wp.dev.sweetestsaffron.pirstack.com\/fr\/produit\/hypo21\/\",\"name\":\"HYPO21 Spray purifiant pour la peau 100ml - SweetestSaffron\",\"isPartOf\":{\"@id\":\"https:\/\/wp.dev.sweetestsaffron.pirstack.com\/fr\/#website\"},\"primaryImageOfPage\":{\"@id\":\"https:\/\/wp.dev.sweetestsaffron.pirstack.com\/fr\/produit\/hypo21\/#primaryimage\"},\"image\":{\"@id\":\"https:\/\/wp.dev.sweetestsaffron.pirstack.com\/fr\/produit\/hypo21\/#primaryimage\"},\"thumbnailUrl\":\"https:\/\/wp.dev.sweetestsaffron.pirstack.com\/wp-content\/uploads\/2023\/08\/HYPO21-Purifying-Skin-Spray-e1691355157743.webp\",\"datePublished\":\"2023-08-06T15:05:56+00:00\",\"dateModified\":\"2023-08-06T20:55:28+00:00\",\"description\":\"Lutte contre les infections, contr\u00f4le les r\u00e9actions aux blessures et favorise la cicatrisation.\",\"breadcrumb\":{\"@id\":\"https:\/\/wp.dev.sweetestsaffron.pirstack.com\/fr\/produit\/hypo21\/#breadcrumb\"},\"inLanguage\":\"fr-FR\",\"potentialAction\":[{\"@type\":\"ReadAction\",\"target\":[\"https:\/\/wp.dev.sweetestsaffron.pirstack.com\/fr\/produit\/hypo21\/\"]}]},{\"@type\":\"ImageObject\",\"inLanguage\":\"fr-FR\",\"@id\":\"https:\/\/wp.dev.sweetestsaffron.pirstack.com\/fr\/produit\/hypo21\/#primaryimage\",\"url\":\"https:\/\/wp.dev.sweetestsaffron.pirstack.com\/wp-content\/uploads\/2023\/08\/HYPO21-Purifying-Skin-Spray-e1691355157743.webp\",\"contentUrl\":\"https:\/\/wp.dev.sweetestsaffron.pirstack.com\/wp-content\/uploads\/2023\/08\/HYPO21-Purifying-Skin-Spray-e1691355157743.webp\",\"width\":291,\"height\":750},{\"@type\":\"BreadcrumbList\",\"@id\":\"https:\/\/wp.dev.sweetestsaffron.pirstack.com\/fr\/produit\/hypo21\/#breadcrumb\",\"itemListElement\":[{\"@type\":\"ListItem\",\"position\":1,\"name\":\"Home\",\"item\":\"https:\/\/wp.dev.sweetestsaffron.pirstack.com\/fr\/\"},{\"@type\":\"ListItem\",\"position\":2,\"name\":\"Boutique\",\"item\":\"https:\/\/wp.dev.sweetestsaffron.pirstack.com\/fr\/boutique\/\"},{\"@type\":\"ListItem\",\"position\":3,\"name\":\"HYPO21 Spray purifiant pour la peau 100ml\"}]},{\"@type\":\"WebSite\",\"@id\":\"https:\/\/wp.dev.sweetestsaffron.pirstack.com\/fr\/#website\",\"url\":\"https:\/\/wp.dev.sweetestsaffron.pirstack.com\/fr\/\",\"name\":\"SweetestSaffron\",\"description\":\"Skincare,, Health Supplements &amp; HYPO21\",\"potentialAction\":[{\"@type\":\"SearchAction\",\"target\":{\"@type\":\"EntryPoint\",\"urlTemplate\":\"https:\/\/wp.dev.sweetestsaffron.pirstack.com\/fr\/?s={search_term_string}\"},\"query-input\":{\"@type\":\"PropertyValueSpecification\",\"valueRequired\":true,\"valueName\":\"search_term_string\"}}],\"inLanguage\":\"fr-FR\"}]}<\/script>\n<!-- \/ Yoast SEO plugin. -->","yoast_head_json":{"title":"HYPO21 Spray purifiant pour la peau 100ml - SweetestSaffron","description":"Lutte contre les infections, contr\u00f4le les r\u00e9actions aux blessures et favorise la cicatrisation.","robots":{"index":"noindex","follow":"follow","max-snippet":"max-snippet:-1","max-image-preview":"max-image-preview:large","max-video-preview":"max-video-preview:-1"},"og_locale":"fr_FR","og_type":"article","og_title":"HYPO21 Spray purifiant pour la peau 100ml - SweetestSaffron","og_description":"Lutte contre les infections, contr\u00f4le les r\u00e9actions aux blessures et favorise la cicatrisation.","og_url":"https:\/\/wp.dev.sweetestsaffron.pirstack.com\/fr\/produit\/hypo21\/","og_site_name":"SweetestSaffron","article_modified_time":"2023-08-06T20:55:28+00:00","og_image":[{"width":291,"height":750,"url":"https:\/\/wp.dev.sweetestsaffron.pirstack.com\/wp-content\/uploads\/2023\/08\/HYPO21-Purifying-Skin-Spray-e1691355157743.webp","type":"image\/webp"}],"twitter_card":"summary_large_image","twitter_misc":{"Dur\u00e9e de lecture estim\u00e9e":"2 minutes"},"schema":{"@context":"https:\/\/schema.org","@graph":[{"@type":"WebPage","@id":"https:\/\/wp.dev.sweetestsaffron.pirstack.com\/fr\/produit\/hypo21\/","url":"https:\/\/wp.dev.sweetestsaffron.pirstack.com\/fr\/produit\/hypo21\/","name":"HYPO21 Spray purifiant pour la peau 100ml - SweetestSaffron","isPartOf":{"@id":"https:\/\/wp.dev.sweetestsaffron.pirstack.com\/fr\/#website"},"primaryImageOfPage":{"@id":"https:\/\/wp.dev.sweetestsaffron.pirstack.com\/fr\/produit\/hypo21\/#primaryimage"},"image":{"@id":"https:\/\/wp.dev.sweetestsaffron.pirstack.com\/fr\/produit\/hypo21\/#primaryimage"},"thumbnailUrl":"https:\/\/wp.dev.sweetestsaffron.pirstack.com\/wp-content\/uploads\/2023\/08\/HYPO21-Purifying-Skin-Spray-e1691355157743.webp","datePublished":"2023-08-06T15:05:56+00:00","dateModified":"2023-08-06T20:55:28+00:00","description":"Lutte contre les infections, contr\u00f4le les r\u00e9actions aux blessures et favorise la cicatrisation.","breadcrumb":{"@id":"https:\/\/wp.dev.sweetestsaffron.pirstack.com\/fr\/produit\/hypo21\/#breadcrumb"},"inLanguage":"fr-FR","potentialAction":[{"@type":"ReadAction","target":["https:\/\/wp.dev.sweetestsaffron.pirstack.com\/fr\/produit\/hypo21\/"]}]},{"@type":"ImageObject","inLanguage":"fr-FR","@id":"https:\/\/wp.dev.sweetestsaffron.pirstack.com\/fr\/produit\/hypo21\/#primaryimage","url":"https:\/\/wp.dev.sweetestsaffron.pirstack.com\/wp-content\/uploads\/2023\/08\/HYPO21-Purifying-Skin-Spray-e1691355157743.webp","contentUrl":"https:\/\/wp.dev.sweetestsaffron.pirstack.com\/wp-content\/uploads\/2023\/08\/HYPO21-Purifying-Skin-Spray-e1691355157743.webp","width":291,"height":750},{"@type":"BreadcrumbList","@id":"https:\/\/wp.dev.sweetestsaffron.pirstack.com\/fr\/produit\/hypo21\/#breadcrumb","itemListElement":[{"@type":"ListItem","position":1,"name":"Home","item":"https:\/\/wp.dev.sweetestsaffron.pirstack.com\/fr\/"},{"@type":"ListItem","position":2,"name":"Boutique","item":"https:\/\/wp.dev.sweetestsaffron.pirstack.com\/fr\/boutique\/"},{"@type":"ListItem","position":3,"name":"HYPO21 Spray purifiant pour la peau 100ml"}]},{"@type":"WebSite","@id":"https:\/\/wp.dev.sweetestsaffron.pirstack.com\/fr\/#website","url":"https:\/\/wp.dev.sweetestsaffron.pirstack.com\/fr\/","name":"SweetestSaffron","description":"Skincare,, Health Supplements &amp; HYPO21","potentialAction":[{"@type":"SearchAction","target":{"@type":"EntryPoint","urlTemplate":"https:\/\/wp.dev.sweetestsaffron.pirstack.com\/fr\/?s={search_term_string}"},"query-input":{"@type":"PropertyValueSpecification","valueRequired":true,"valueName":"search_term_string"}}],"inLanguage":"fr-FR"}]}},"_links":{"self":[{"href":"https:\/\/wp.dev.sweetestsaffron.pirstack.com\/fr\/wp-json\/wp\/v2\/product\/1822","targetHints":{"allow":["GET"]}}],"collection":[{"href":"https:\/\/wp.dev.sweetestsaffron.pirstack.com\/fr\/wp-json\/wp\/v2\/product"}],"about":[{"href":"https:\/\/wp.dev.sweetestsaffron.pirstack.com\/fr\/wp-json\/wp\/v2\/types\/product"}],"replies":[{"embeddable":true,"href":"https:\/\/wp.dev.sweetestsaffron.pirstack.com\/fr\/wp-json\/wp\/v2\/comments?post=1822"}],"wp:featuredmedia":[{"embeddable":true,"href":"https:\/\/wp.dev.sweetestsaffron.pirstack.com\/fr\/wp-json\/wp\/v2\/media\/1815"}],"wp:attachment":[{"href":"https:\/\/wp.dev.sweetestsaffron.pirstack.com\/fr\/wp-json\/wp\/v2\/media?parent=1822"}],"wp:term":[{"taxonomy":"product_brand","embeddable":true,"href":"https:\/\/wp.dev.sweetestsaffron.pirstack.com\/fr\/wp-json\/wp\/v2\/product_brand?post=1822"},{"taxonomy":"product_cat","embeddable":true,"href":"https:\/\/wp.dev.sweetestsaffron.pirstack.com\/fr\/wp-json\/wp\/v2\/product_cat?post=1822"},{"taxonomy":"product_tag","embeddable":true,"href":"https:\/\/wp.dev.sweetestsaffron.pirstack.com\/fr\/wp-json\/wp\/v2\/product_tag?post=1822"}],"curies":[{"name":"wp","href":"https:\/\/api.w.org\/{rel}","templated":true}]}}