{"id":1175,"date":"2022-06-22T10:16:17","date_gmt":"2022-06-22T09:16:17","guid":{"rendered":"https:\/\/www.sweetestsaffron.co.uk\/product\/bain-de-corps-lifecell-177ml\/"},"modified":"2022-12-07T16:22:08","modified_gmt":"2022-12-07T16:22:08","slug":"bain-de-corps-lifecell-177ml","status":"publish","type":"product","link":"https:\/\/wp.dev.sweetestsaffron.pirstack.com\/fr\/produit\/bain-de-corps-lifecell-177ml\/","title":{"rendered":"Bain de corps LifeCell &#8211; 177ml"},"content":{"rendered":"<p><strong>Exfoliant et inhibiteur de m\u00e9lanine le plus efficace de la nature<\/strong><\/p>\n<p>L&rsquo;hyperpigmentation est un assombrissement ou une d\u00e9coloration de la peau. Cela se produit g\u00e9n\u00e9ralement apr\u00e8s des \u00e9pisodes d&rsquo;acn\u00e9, le grattage des cro\u00fbtes ou l&rsquo;absence de soins de la peau appropri\u00e9s.<\/p>\n<p>Le <strong>nettoyant pour le visage et le corps LifeCell Restorative<\/strong> peut aider \u00e0 lisser le teint de votre peau.<\/p>\n<p>L&rsquo;<strong>ingr\u00e9dient cl\u00e9<\/strong> de ce nettoyant innovant est l&rsquo;enzyme de papaye, \u00e9galement connue sous le nom de \u00ab\u00a0papa\u00efne\u00a0\u00bb. Cette enzyme agit comme un puissant exfoliant cutan\u00e9 qui \u00e9limine les vieilles cellules de la peau pour r\u00e9v\u00e9ler une peau plus brillante et plus uniforme.<\/p>\n<p>Avec une utilisation continue, <strong>LifeCell Restorative Face and Body Wash<\/strong> r\u00e9duira progressivement l&rsquo;apparence de l&rsquo;hyperpigmentation et des cicatrices post-acn\u00e9iques.<\/p>\n<p>Il a \u00e9galement \u00e9t\u00e9 d\u00e9montr\u00e9 que l&rsquo;<strong>enzyme papa\u00efne<\/strong> contribue \u00e0 freiner la production excessive de m\u00e9lanine, ce qui permet d&rsquo;\u00e9viter que la peau ne continue \u00e0 d\u00e9velopper une hyperpigmentation.<\/p>\n<p>La papaye contient des nutriments qui favorisent une peau plus saine. Le savon de papaye est riche en <strong>vitamine C<\/strong>, un antioxydant qui peut r\u00e9duire la pigmentation irr\u00e9guli\u00e8re et stimuler la production de collag\u00e8ne.<\/p>\n<p>Le savon contient \u00e9galement de la <strong>vitamine A<\/strong>, un autre nutriment important pour la peau. Il favorise la production de nouvelles cellules cutan\u00e9es et peut aider \u00e0 r\u00e9duire les taches sombres, les imperfections et les cicatrices.<\/p>\n","protected":false},"excerpt":{"rendered":"<p>Enfin, un nettoyant anti-\u00e2ge tout-en-un pour le visage et le corps des <strong>femmes et des hommes<\/strong>. Formul\u00e9 avec des enzymes de papaye exfoliantes pour cibler et estomper les signes visibles du vieillissement de la peau d&rsquo;un homme tels que les cicatrices post-acn\u00e9iques, l&rsquo;hyperpigmentation et les vergetures.<\/p>\n","protected":false},"featured_media":833,"comment_status":"open","ping_status":"closed","template":"","meta":[],"product_brand":[],"product_cat":[39],"product_tag":[],"class_list":{"0":"post-1175","1":"product","2":"type-product","3":"status-publish","4":"has-post-thumbnail","6":"product_cat-soins-de-la-peau","8":"first","9":"instock","10":"shipping-taxable","11":"purchasable","12":"product-type-simple"},"acf":[],"yoast_head":"<!-- This site is optimized with the Yoast SEO plugin v26.7 - https:\/\/yoast.com\/wordpress\/plugins\/seo\/ -->\n<title>Bain de corps LifeCell - 177ml - SweetestSaffron<\/title>\n<meta name=\"description\" content=\"Un nettoyant anti-\u00e2ge tout-en-un pour le visage et le corps des hommes et des femmes. Achetez LifeCell Bodywash chez SweetestSaffron aujourd&#039;hui ! Livraison GRATUITE au Royaume-Uni.\" \/>\n<meta name=\"robots\" content=\"noindex, follow, max-snippet:-1, max-image-preview:large, max-video-preview:-1\" \/>\n<meta property=\"og:locale\" content=\"fr_FR\" \/>\n<meta property=\"og:type\" content=\"article\" \/>\n<meta property=\"og:title\" content=\"Bain de corps LifeCell - 177ml - SweetestSaffron\" \/>\n<meta property=\"og:description\" content=\"Un nettoyant anti-\u00e2ge tout-en-un pour le visage et le corps des hommes et des femmes. Achetez LifeCell Bodywash chez SweetestSaffron aujourd&#039;hui ! Livraison GRATUITE au Royaume-Uni.\" \/>\n<meta property=\"og:url\" content=\"https:\/\/wp.dev.sweetestsaffron.pirstack.com\/fr\/produit\/bain-de-corps-lifecell-177ml\/\" \/>\n<meta property=\"og:site_name\" content=\"SweetestSaffron\" \/>\n<meta property=\"article:modified_time\" content=\"2022-12-07T16:22:08+00:00\" \/>\n<meta property=\"og:image\" content=\"https:\/\/wp.dev.sweetestsaffron.pirstack.com\/wp-content\/uploads\/2022\/06\/LifeCell-Bodywash.png\" \/>\n\t<meta property=\"og:image:width\" content=\"800\" \/>\n\t<meta property=\"og:image:height\" content=\"800\" \/>\n\t<meta property=\"og:image:type\" content=\"image\/png\" \/>\n<meta name=\"twitter:card\" content=\"summary_large_image\" \/>\n<meta name=\"twitter:label1\" content=\"Dur\u00e9e de lecture estim\u00e9e\" \/>\n\t<meta name=\"twitter:data1\" content=\"1 minute\" \/>\n<script type=\"application\/ld+json\" class=\"yoast-schema-graph\">{\"@context\":\"https:\/\/schema.org\",\"@graph\":[{\"@type\":\"WebPage\",\"@id\":\"https:\/\/wp.dev.sweetestsaffron.pirstack.com\/fr\/produit\/bain-de-corps-lifecell-177ml\/\",\"url\":\"https:\/\/wp.dev.sweetestsaffron.pirstack.com\/fr\/produit\/bain-de-corps-lifecell-177ml\/\",\"name\":\"Bain de corps LifeCell - 177ml - SweetestSaffron\",\"isPartOf\":{\"@id\":\"https:\/\/wp.dev.sweetestsaffron.pirstack.com\/fr\/#website\"},\"primaryImageOfPage\":{\"@id\":\"https:\/\/wp.dev.sweetestsaffron.pirstack.com\/fr\/produit\/bain-de-corps-lifecell-177ml\/#primaryimage\"},\"image\":{\"@id\":\"https:\/\/wp.dev.sweetestsaffron.pirstack.com\/fr\/produit\/bain-de-corps-lifecell-177ml\/#primaryimage\"},\"thumbnailUrl\":\"https:\/\/wp.dev.sweetestsaffron.pirstack.com\/wp-content\/uploads\/2022\/06\/LifeCell-Bodywash.png\",\"datePublished\":\"2022-06-22T09:16:17+00:00\",\"dateModified\":\"2022-12-07T16:22:08+00:00\",\"description\":\"Un nettoyant anti-\u00e2ge tout-en-un pour le visage et le corps des hommes et des femmes. Achetez LifeCell Bodywash chez SweetestSaffron aujourd'hui ! Livraison GRATUITE au Royaume-Uni.\",\"breadcrumb\":{\"@id\":\"https:\/\/wp.dev.sweetestsaffron.pirstack.com\/fr\/produit\/bain-de-corps-lifecell-177ml\/#breadcrumb\"},\"inLanguage\":\"fr-FR\",\"potentialAction\":[{\"@type\":\"ReadAction\",\"target\":[\"https:\/\/wp.dev.sweetestsaffron.pirstack.com\/fr\/produit\/bain-de-corps-lifecell-177ml\/\"]}]},{\"@type\":\"ImageObject\",\"inLanguage\":\"fr-FR\",\"@id\":\"https:\/\/wp.dev.sweetestsaffron.pirstack.com\/fr\/produit\/bain-de-corps-lifecell-177ml\/#primaryimage\",\"url\":\"https:\/\/wp.dev.sweetestsaffron.pirstack.com\/wp-content\/uploads\/2022\/06\/LifeCell-Bodywash.png\",\"contentUrl\":\"https:\/\/wp.dev.sweetestsaffron.pirstack.com\/wp-content\/uploads\/2022\/06\/LifeCell-Bodywash.png\",\"width\":800,\"height\":800},{\"@type\":\"BreadcrumbList\",\"@id\":\"https:\/\/wp.dev.sweetestsaffron.pirstack.com\/fr\/produit\/bain-de-corps-lifecell-177ml\/#breadcrumb\",\"itemListElement\":[{\"@type\":\"ListItem\",\"position\":1,\"name\":\"Home\",\"item\":\"https:\/\/wp.dev.sweetestsaffron.pirstack.com\/fr\/\"},{\"@type\":\"ListItem\",\"position\":2,\"name\":\"Boutique\",\"item\":\"https:\/\/wp.dev.sweetestsaffron.pirstack.com\/fr\/boutique\/\"},{\"@type\":\"ListItem\",\"position\":3,\"name\":\"Bain de corps LifeCell &#8211; 177ml\"}]},{\"@type\":\"WebSite\",\"@id\":\"https:\/\/wp.dev.sweetestsaffron.pirstack.com\/fr\/#website\",\"url\":\"https:\/\/wp.dev.sweetestsaffron.pirstack.com\/fr\/\",\"name\":\"SweetestSaffron\",\"description\":\"Skincare,, Health Supplements &amp; HYPO21\",\"potentialAction\":[{\"@type\":\"SearchAction\",\"target\":{\"@type\":\"EntryPoint\",\"urlTemplate\":\"https:\/\/wp.dev.sweetestsaffron.pirstack.com\/fr\/?s={search_term_string}\"},\"query-input\":{\"@type\":\"PropertyValueSpecification\",\"valueRequired\":true,\"valueName\":\"search_term_string\"}}],\"inLanguage\":\"fr-FR\"}]}<\/script>\n<!-- \/ Yoast SEO plugin. -->","yoast_head_json":{"title":"Bain de corps LifeCell - 177ml - SweetestSaffron","description":"Un nettoyant anti-\u00e2ge tout-en-un pour le visage et le corps des hommes et des femmes. Achetez LifeCell Bodywash chez SweetestSaffron aujourd'hui ! Livraison GRATUITE au Royaume-Uni.","robots":{"index":"noindex","follow":"follow","max-snippet":"max-snippet:-1","max-image-preview":"max-image-preview:large","max-video-preview":"max-video-preview:-1"},"og_locale":"fr_FR","og_type":"article","og_title":"Bain de corps LifeCell - 177ml - SweetestSaffron","og_description":"Un nettoyant anti-\u00e2ge tout-en-un pour le visage et le corps des hommes et des femmes. Achetez LifeCell Bodywash chez SweetestSaffron aujourd'hui ! Livraison GRATUITE au Royaume-Uni.","og_url":"https:\/\/wp.dev.sweetestsaffron.pirstack.com\/fr\/produit\/bain-de-corps-lifecell-177ml\/","og_site_name":"SweetestSaffron","article_modified_time":"2022-12-07T16:22:08+00:00","og_image":[{"width":800,"height":800,"url":"https:\/\/wp.dev.sweetestsaffron.pirstack.com\/wp-content\/uploads\/2022\/06\/LifeCell-Bodywash.png","type":"image\/png"}],"twitter_card":"summary_large_image","twitter_misc":{"Dur\u00e9e de lecture estim\u00e9e":"1 minute"},"schema":{"@context":"https:\/\/schema.org","@graph":[{"@type":"WebPage","@id":"https:\/\/wp.dev.sweetestsaffron.pirstack.com\/fr\/produit\/bain-de-corps-lifecell-177ml\/","url":"https:\/\/wp.dev.sweetestsaffron.pirstack.com\/fr\/produit\/bain-de-corps-lifecell-177ml\/","name":"Bain de corps LifeCell - 177ml - SweetestSaffron","isPartOf":{"@id":"https:\/\/wp.dev.sweetestsaffron.pirstack.com\/fr\/#website"},"primaryImageOfPage":{"@id":"https:\/\/wp.dev.sweetestsaffron.pirstack.com\/fr\/produit\/bain-de-corps-lifecell-177ml\/#primaryimage"},"image":{"@id":"https:\/\/wp.dev.sweetestsaffron.pirstack.com\/fr\/produit\/bain-de-corps-lifecell-177ml\/#primaryimage"},"thumbnailUrl":"https:\/\/wp.dev.sweetestsaffron.pirstack.com\/wp-content\/uploads\/2022\/06\/LifeCell-Bodywash.png","datePublished":"2022-06-22T09:16:17+00:00","dateModified":"2022-12-07T16:22:08+00:00","description":"Un nettoyant anti-\u00e2ge tout-en-un pour le visage et le corps des hommes et des femmes. Achetez LifeCell Bodywash chez SweetestSaffron aujourd'hui ! Livraison GRATUITE au Royaume-Uni.","breadcrumb":{"@id":"https:\/\/wp.dev.sweetestsaffron.pirstack.com\/fr\/produit\/bain-de-corps-lifecell-177ml\/#breadcrumb"},"inLanguage":"fr-FR","potentialAction":[{"@type":"ReadAction","target":["https:\/\/wp.dev.sweetestsaffron.pirstack.com\/fr\/produit\/bain-de-corps-lifecell-177ml\/"]}]},{"@type":"ImageObject","inLanguage":"fr-FR","@id":"https:\/\/wp.dev.sweetestsaffron.pirstack.com\/fr\/produit\/bain-de-corps-lifecell-177ml\/#primaryimage","url":"https:\/\/wp.dev.sweetestsaffron.pirstack.com\/wp-content\/uploads\/2022\/06\/LifeCell-Bodywash.png","contentUrl":"https:\/\/wp.dev.sweetestsaffron.pirstack.com\/wp-content\/uploads\/2022\/06\/LifeCell-Bodywash.png","width":800,"height":800},{"@type":"BreadcrumbList","@id":"https:\/\/wp.dev.sweetestsaffron.pirstack.com\/fr\/produit\/bain-de-corps-lifecell-177ml\/#breadcrumb","itemListElement":[{"@type":"ListItem","position":1,"name":"Home","item":"https:\/\/wp.dev.sweetestsaffron.pirstack.com\/fr\/"},{"@type":"ListItem","position":2,"name":"Boutique","item":"https:\/\/wp.dev.sweetestsaffron.pirstack.com\/fr\/boutique\/"},{"@type":"ListItem","position":3,"name":"Bain de corps LifeCell &#8211; 177ml"}]},{"@type":"WebSite","@id":"https:\/\/wp.dev.sweetestsaffron.pirstack.com\/fr\/#website","url":"https:\/\/wp.dev.sweetestsaffron.pirstack.com\/fr\/","name":"SweetestSaffron","description":"Skincare,, Health Supplements &amp; HYPO21","potentialAction":[{"@type":"SearchAction","target":{"@type":"EntryPoint","urlTemplate":"https:\/\/wp.dev.sweetestsaffron.pirstack.com\/fr\/?s={search_term_string}"},"query-input":{"@type":"PropertyValueSpecification","valueRequired":true,"valueName":"search_term_string"}}],"inLanguage":"fr-FR"}]}},"_links":{"self":[{"href":"https:\/\/wp.dev.sweetestsaffron.pirstack.com\/fr\/wp-json\/wp\/v2\/product\/1175","targetHints":{"allow":["GET"]}}],"collection":[{"href":"https:\/\/wp.dev.sweetestsaffron.pirstack.com\/fr\/wp-json\/wp\/v2\/product"}],"about":[{"href":"https:\/\/wp.dev.sweetestsaffron.pirstack.com\/fr\/wp-json\/wp\/v2\/types\/product"}],"replies":[{"embeddable":true,"href":"https:\/\/wp.dev.sweetestsaffron.pirstack.com\/fr\/wp-json\/wp\/v2\/comments?post=1175"}],"wp:featuredmedia":[{"embeddable":true,"href":"https:\/\/wp.dev.sweetestsaffron.pirstack.com\/fr\/wp-json\/wp\/v2\/media\/833"}],"wp:attachment":[{"href":"https:\/\/wp.dev.sweetestsaffron.pirstack.com\/fr\/wp-json\/wp\/v2\/media?parent=1175"}],"wp:term":[{"taxonomy":"product_brand","embeddable":true,"href":"https:\/\/wp.dev.sweetestsaffron.pirstack.com\/fr\/wp-json\/wp\/v2\/product_brand?post=1175"},{"taxonomy":"product_cat","embeddable":true,"href":"https:\/\/wp.dev.sweetestsaffron.pirstack.com\/fr\/wp-json\/wp\/v2\/product_cat?post=1175"},{"taxonomy":"product_tag","embeddable":true,"href":"https:\/\/wp.dev.sweetestsaffron.pirstack.com\/fr\/wp-json\/wp\/v2\/product_tag?post=1175"}],"curies":[{"name":"wp","href":"https:\/\/api.w.org\/{rel}","templated":true}]}}