{"id":1174,"date":"2022-06-14T12:40:56","date_gmt":"2022-06-14T11:40:56","guid":{"rendered":"https:\/\/www.sweetestsaffron.co.uk\/product\/myco-fuel-alternative-au-cafe-a-base-de-champignons\/"},"modified":"2022-12-07T16:22:08","modified_gmt":"2022-12-07T16:22:08","slug":"myco-fuel-alternative-au-cafe-a-base-de-champignons","status":"publish","type":"product","link":"https:\/\/wp.dev.sweetestsaffron.pirstack.com\/fr\/produit\/myco-fuel-alternative-au-cafe-a-base-de-champignons\/","title":{"rendered":"MYCO FUEL Alternative au caf\u00e9 \u00e0 base de champignons"},"content":{"rendered":"<p>Transformez vos matins sans sacrifier la saveur. Le m\u00e9lange de pr\u00e9biotiques, de champignons stimulant l&rsquo;\u00e9nergie et de vitamines et min\u00e9raux renfor\u00e7ant l&rsquo;immunit\u00e9 a \u00e9t\u00e9 formul\u00e9 pour reproduire cette incroyable sensation de bien-\u00eatre que la tasse de caf\u00e9 du matin ne manque jamais de procurer. Cette formule propre et saine contient des champignons Chaga, Reishi, Lion&rsquo;s Mane et Cordyceps, du curcuma, du th\u00e9 noir et du cacao pour soutenir l&rsquo;immunit\u00e9, promouvoir la lutte contre le vieillissement et stimuler votre \u00e9nergie sans les frissons. C&rsquo;est la version la plus saine d&rsquo;un moka chaud. Versez sur de la glace avec votre cr\u00e8me ou votre lait pr\u00e9f\u00e9r\u00e9 pour obtenir le meilleur moka glac\u00e9 que vous ayez jamais eu.<\/p>\n","protected":false},"excerpt":{"rendered":"<p>Commencez vos matin\u00e9es avec notre m\u00e9lange innovant de champignons pr\u00e9biotiques associ\u00e9s \u00e0 des vitamines et min\u00e9raux essentiels qui ciblent l&rsquo;immunit\u00e9, la sant\u00e9 intestinale et l&rsquo;inflammation.<\/p>\n","protected":false},"featured_media":821,"comment_status":"open","ping_status":"closed","template":"","meta":[],"product_brand":[],"product_cat":[40],"product_tag":[],"class_list":{"0":"post-1174","1":"product","2":"type-product","3":"status-publish","4":"has-post-thumbnail","6":"product_cat-supplements-de-sante","8":"first","9":"instock","10":"shipping-taxable","11":"purchasable","12":"product-type-simple"},"acf":[],"yoast_head":"<!-- This site is optimized with the Yoast SEO plugin v26.7 - https:\/\/yoast.com\/wordpress\/plugins\/seo\/ -->\n<title>MYCO FUEL Alternative au caf\u00e9 \u00e0 base de champignons - SweetestSaffron<\/title>\n<meta name=\"description\" content=\"Transformez vos matins sans sacrifier la saveur ! LifeCell MYCO FUEL est une alternative \u00e0 base de caf\u00e9. Parcourez notre site web d\u00e8s aujourd&#039;hui.\" \/>\n<meta name=\"robots\" content=\"noindex, follow, max-snippet:-1, max-image-preview:large, max-video-preview:-1\" \/>\n<meta property=\"og:locale\" content=\"fr_FR\" \/>\n<meta property=\"og:type\" content=\"article\" \/>\n<meta property=\"og:title\" content=\"MYCO FUEL Alternative au caf\u00e9 \u00e0 base de champignons - SweetestSaffron\" \/>\n<meta property=\"og:description\" content=\"Transformez vos matins sans sacrifier la saveur ! LifeCell MYCO FUEL est une alternative \u00e0 base de caf\u00e9. Parcourez notre site web d\u00e8s aujourd&#039;hui.\" \/>\n<meta property=\"og:url\" content=\"https:\/\/wp.dev.sweetestsaffron.pirstack.com\/fr\/produit\/myco-fuel-alternative-au-cafe-a-base-de-champignons\/\" \/>\n<meta property=\"og:site_name\" content=\"SweetestSaffron\" \/>\n<meta property=\"article:modified_time\" content=\"2022-12-07T16:22:08+00:00\" \/>\n<meta property=\"og:image\" content=\"https:\/\/wp.dev.sweetestsaffron.pirstack.com\/wp-content\/uploads\/2022\/06\/MYCO-FUEL-Mushroom-Based-Coffee-Alternative.png\" \/>\n\t<meta property=\"og:image:width\" content=\"1000\" \/>\n\t<meta property=\"og:image:height\" content=\"1000\" \/>\n\t<meta property=\"og:image:type\" content=\"image\/png\" \/>\n<meta name=\"twitter:card\" content=\"summary_large_image\" \/>\n<meta name=\"twitter:label1\" content=\"Dur\u00e9e de lecture estim\u00e9e\" \/>\n\t<meta name=\"twitter:data1\" content=\"1 minute\" \/>\n<script type=\"application\/ld+json\" class=\"yoast-schema-graph\">{\"@context\":\"https:\/\/schema.org\",\"@graph\":[{\"@type\":\"WebPage\",\"@id\":\"https:\/\/wp.dev.sweetestsaffron.pirstack.com\/fr\/produit\/myco-fuel-alternative-au-cafe-a-base-de-champignons\/\",\"url\":\"https:\/\/wp.dev.sweetestsaffron.pirstack.com\/fr\/produit\/myco-fuel-alternative-au-cafe-a-base-de-champignons\/\",\"name\":\"MYCO FUEL Alternative au caf\u00e9 \u00e0 base de champignons - SweetestSaffron\",\"isPartOf\":{\"@id\":\"https:\/\/wp.dev.sweetestsaffron.pirstack.com\/fr\/#website\"},\"primaryImageOfPage\":{\"@id\":\"https:\/\/wp.dev.sweetestsaffron.pirstack.com\/fr\/produit\/myco-fuel-alternative-au-cafe-a-base-de-champignons\/#primaryimage\"},\"image\":{\"@id\":\"https:\/\/wp.dev.sweetestsaffron.pirstack.com\/fr\/produit\/myco-fuel-alternative-au-cafe-a-base-de-champignons\/#primaryimage\"},\"thumbnailUrl\":\"https:\/\/wp.dev.sweetestsaffron.pirstack.com\/wp-content\/uploads\/2022\/06\/MYCO-FUEL-Mushroom-Based-Coffee-Alternative.png\",\"datePublished\":\"2022-06-14T11:40:56+00:00\",\"dateModified\":\"2022-12-07T16:22:08+00:00\",\"description\":\"Transformez vos matins sans sacrifier la saveur ! LifeCell MYCO FUEL est une alternative \u00e0 base de caf\u00e9. Parcourez notre site web d\u00e8s aujourd'hui.\",\"breadcrumb\":{\"@id\":\"https:\/\/wp.dev.sweetestsaffron.pirstack.com\/fr\/produit\/myco-fuel-alternative-au-cafe-a-base-de-champignons\/#breadcrumb\"},\"inLanguage\":\"fr-FR\",\"potentialAction\":[{\"@type\":\"ReadAction\",\"target\":[\"https:\/\/wp.dev.sweetestsaffron.pirstack.com\/fr\/produit\/myco-fuel-alternative-au-cafe-a-base-de-champignons\/\"]}]},{\"@type\":\"ImageObject\",\"inLanguage\":\"fr-FR\",\"@id\":\"https:\/\/wp.dev.sweetestsaffron.pirstack.com\/fr\/produit\/myco-fuel-alternative-au-cafe-a-base-de-champignons\/#primaryimage\",\"url\":\"https:\/\/wp.dev.sweetestsaffron.pirstack.com\/wp-content\/uploads\/2022\/06\/MYCO-FUEL-Mushroom-Based-Coffee-Alternative.png\",\"contentUrl\":\"https:\/\/wp.dev.sweetestsaffron.pirstack.com\/wp-content\/uploads\/2022\/06\/MYCO-FUEL-Mushroom-Based-Coffee-Alternative.png\",\"width\":1000,\"height\":1000,\"caption\":\"MYCO FUEL Mushroom-Based Coffee\"},{\"@type\":\"BreadcrumbList\",\"@id\":\"https:\/\/wp.dev.sweetestsaffron.pirstack.com\/fr\/produit\/myco-fuel-alternative-au-cafe-a-base-de-champignons\/#breadcrumb\",\"itemListElement\":[{\"@type\":\"ListItem\",\"position\":1,\"name\":\"Home\",\"item\":\"https:\/\/wp.dev.sweetestsaffron.pirstack.com\/fr\/\"},{\"@type\":\"ListItem\",\"position\":2,\"name\":\"Boutique\",\"item\":\"https:\/\/wp.dev.sweetestsaffron.pirstack.com\/fr\/boutique\/\"},{\"@type\":\"ListItem\",\"position\":3,\"name\":\"MYCO FUEL Alternative au caf\u00e9 \u00e0 base de champignons\"}]},{\"@type\":\"WebSite\",\"@id\":\"https:\/\/wp.dev.sweetestsaffron.pirstack.com\/fr\/#website\",\"url\":\"https:\/\/wp.dev.sweetestsaffron.pirstack.com\/fr\/\",\"name\":\"SweetestSaffron\",\"description\":\"Skincare,, Health Supplements &amp; HYPO21\",\"potentialAction\":[{\"@type\":\"SearchAction\",\"target\":{\"@type\":\"EntryPoint\",\"urlTemplate\":\"https:\/\/wp.dev.sweetestsaffron.pirstack.com\/fr\/?s={search_term_string}\"},\"query-input\":{\"@type\":\"PropertyValueSpecification\",\"valueRequired\":true,\"valueName\":\"search_term_string\"}}],\"inLanguage\":\"fr-FR\"}]}<\/script>\n<!-- \/ Yoast SEO plugin. -->","yoast_head_json":{"title":"MYCO FUEL Alternative au caf\u00e9 \u00e0 base de champignons - SweetestSaffron","description":"Transformez vos matins sans sacrifier la saveur ! LifeCell MYCO FUEL est une alternative \u00e0 base de caf\u00e9. Parcourez notre site web d\u00e8s aujourd'hui.","robots":{"index":"noindex","follow":"follow","max-snippet":"max-snippet:-1","max-image-preview":"max-image-preview:large","max-video-preview":"max-video-preview:-1"},"og_locale":"fr_FR","og_type":"article","og_title":"MYCO FUEL Alternative au caf\u00e9 \u00e0 base de champignons - SweetestSaffron","og_description":"Transformez vos matins sans sacrifier la saveur ! LifeCell MYCO FUEL est une alternative \u00e0 base de caf\u00e9. Parcourez notre site web d\u00e8s aujourd'hui.","og_url":"https:\/\/wp.dev.sweetestsaffron.pirstack.com\/fr\/produit\/myco-fuel-alternative-au-cafe-a-base-de-champignons\/","og_site_name":"SweetestSaffron","article_modified_time":"2022-12-07T16:22:08+00:00","og_image":[{"width":1000,"height":1000,"url":"https:\/\/wp.dev.sweetestsaffron.pirstack.com\/wp-content\/uploads\/2022\/06\/MYCO-FUEL-Mushroom-Based-Coffee-Alternative.png","type":"image\/png"}],"twitter_card":"summary_large_image","twitter_misc":{"Dur\u00e9e de lecture estim\u00e9e":"1 minute"},"schema":{"@context":"https:\/\/schema.org","@graph":[{"@type":"WebPage","@id":"https:\/\/wp.dev.sweetestsaffron.pirstack.com\/fr\/produit\/myco-fuel-alternative-au-cafe-a-base-de-champignons\/","url":"https:\/\/wp.dev.sweetestsaffron.pirstack.com\/fr\/produit\/myco-fuel-alternative-au-cafe-a-base-de-champignons\/","name":"MYCO FUEL Alternative au caf\u00e9 \u00e0 base de champignons - SweetestSaffron","isPartOf":{"@id":"https:\/\/wp.dev.sweetestsaffron.pirstack.com\/fr\/#website"},"primaryImageOfPage":{"@id":"https:\/\/wp.dev.sweetestsaffron.pirstack.com\/fr\/produit\/myco-fuel-alternative-au-cafe-a-base-de-champignons\/#primaryimage"},"image":{"@id":"https:\/\/wp.dev.sweetestsaffron.pirstack.com\/fr\/produit\/myco-fuel-alternative-au-cafe-a-base-de-champignons\/#primaryimage"},"thumbnailUrl":"https:\/\/wp.dev.sweetestsaffron.pirstack.com\/wp-content\/uploads\/2022\/06\/MYCO-FUEL-Mushroom-Based-Coffee-Alternative.png","datePublished":"2022-06-14T11:40:56+00:00","dateModified":"2022-12-07T16:22:08+00:00","description":"Transformez vos matins sans sacrifier la saveur ! LifeCell MYCO FUEL est une alternative \u00e0 base de caf\u00e9. Parcourez notre site web d\u00e8s aujourd'hui.","breadcrumb":{"@id":"https:\/\/wp.dev.sweetestsaffron.pirstack.com\/fr\/produit\/myco-fuel-alternative-au-cafe-a-base-de-champignons\/#breadcrumb"},"inLanguage":"fr-FR","potentialAction":[{"@type":"ReadAction","target":["https:\/\/wp.dev.sweetestsaffron.pirstack.com\/fr\/produit\/myco-fuel-alternative-au-cafe-a-base-de-champignons\/"]}]},{"@type":"ImageObject","inLanguage":"fr-FR","@id":"https:\/\/wp.dev.sweetestsaffron.pirstack.com\/fr\/produit\/myco-fuel-alternative-au-cafe-a-base-de-champignons\/#primaryimage","url":"https:\/\/wp.dev.sweetestsaffron.pirstack.com\/wp-content\/uploads\/2022\/06\/MYCO-FUEL-Mushroom-Based-Coffee-Alternative.png","contentUrl":"https:\/\/wp.dev.sweetestsaffron.pirstack.com\/wp-content\/uploads\/2022\/06\/MYCO-FUEL-Mushroom-Based-Coffee-Alternative.png","width":1000,"height":1000,"caption":"MYCO FUEL Mushroom-Based Coffee"},{"@type":"BreadcrumbList","@id":"https:\/\/wp.dev.sweetestsaffron.pirstack.com\/fr\/produit\/myco-fuel-alternative-au-cafe-a-base-de-champignons\/#breadcrumb","itemListElement":[{"@type":"ListItem","position":1,"name":"Home","item":"https:\/\/wp.dev.sweetestsaffron.pirstack.com\/fr\/"},{"@type":"ListItem","position":2,"name":"Boutique","item":"https:\/\/wp.dev.sweetestsaffron.pirstack.com\/fr\/boutique\/"},{"@type":"ListItem","position":3,"name":"MYCO FUEL Alternative au caf\u00e9 \u00e0 base de champignons"}]},{"@type":"WebSite","@id":"https:\/\/wp.dev.sweetestsaffron.pirstack.com\/fr\/#website","url":"https:\/\/wp.dev.sweetestsaffron.pirstack.com\/fr\/","name":"SweetestSaffron","description":"Skincare,, Health Supplements &amp; HYPO21","potentialAction":[{"@type":"SearchAction","target":{"@type":"EntryPoint","urlTemplate":"https:\/\/wp.dev.sweetestsaffron.pirstack.com\/fr\/?s={search_term_string}"},"query-input":{"@type":"PropertyValueSpecification","valueRequired":true,"valueName":"search_term_string"}}],"inLanguage":"fr-FR"}]}},"_links":{"self":[{"href":"https:\/\/wp.dev.sweetestsaffron.pirstack.com\/fr\/wp-json\/wp\/v2\/product\/1174","targetHints":{"allow":["GET"]}}],"collection":[{"href":"https:\/\/wp.dev.sweetestsaffron.pirstack.com\/fr\/wp-json\/wp\/v2\/product"}],"about":[{"href":"https:\/\/wp.dev.sweetestsaffron.pirstack.com\/fr\/wp-json\/wp\/v2\/types\/product"}],"replies":[{"embeddable":true,"href":"https:\/\/wp.dev.sweetestsaffron.pirstack.com\/fr\/wp-json\/wp\/v2\/comments?post=1174"}],"wp:featuredmedia":[{"embeddable":true,"href":"https:\/\/wp.dev.sweetestsaffron.pirstack.com\/fr\/wp-json\/wp\/v2\/media\/821"}],"wp:attachment":[{"href":"https:\/\/wp.dev.sweetestsaffron.pirstack.com\/fr\/wp-json\/wp\/v2\/media?parent=1174"}],"wp:term":[{"taxonomy":"product_brand","embeddable":true,"href":"https:\/\/wp.dev.sweetestsaffron.pirstack.com\/fr\/wp-json\/wp\/v2\/product_brand?post=1174"},{"taxonomy":"product_cat","embeddable":true,"href":"https:\/\/wp.dev.sweetestsaffron.pirstack.com\/fr\/wp-json\/wp\/v2\/product_cat?post=1174"},{"taxonomy":"product_tag","embeddable":true,"href":"https:\/\/wp.dev.sweetestsaffron.pirstack.com\/fr\/wp-json\/wp\/v2\/product_tag?post=1174"}],"curies":[{"name":"wp","href":"https:\/\/api.w.org\/{rel}","templated":true}]}}