{"id":1173,"date":"2022-06-09T16:40:09","date_gmt":"2022-06-09T15:40:09","guid":{"rendered":"https:\/\/www.sweetestsaffron.co.uk\/product\/serum-raffermissant-pour-le-cou-lifecell-45ml\/"},"modified":"2022-12-07T16:22:08","modified_gmt":"2022-12-07T16:22:08","slug":"serum-raffermissant-pour-le-cou-lifecell-45ml","status":"publish","type":"product","link":"https:\/\/wp.dev.sweetestsaffron.pirstack.com\/fr\/produit\/serum-raffermissant-pour-le-cou-lifecell-45ml\/","title":{"rendered":"S\u00e9rum raffermissant pour le cou LifeCell &#8211; 45ml"},"content":{"rendered":"<p><strong>Ce que c&rsquo;est :<\/strong><\/p>\n<p>Ce s\u00e9rum raffermissant ultra-rajeunissant pour le cou est con\u00e7u pour hydrater et raffermir votre peau. Sa formule l\u00e9g\u00e8re et rapidement absorb\u00e9e donnera instantan\u00e9ment \u00e0 votre cou un aspect plus ferme et lift\u00e9. Gr\u00e2ce \u00e0 des composants r\u00e9volutionnaires tels que le Fermiskin, votre cou retrouvera l&rsquo;\u00e9lasticit\u00e9 qu&rsquo;il m\u00e9rite. Ayant fait ses preuves en mati\u00e8re d&rsquo;\u00e9lasticit\u00e9 et de tonicit\u00e9, le s\u00e9rum raffermissant pour le cou de LifeCell offre des r\u00e9sultats durables. De plus, gr\u00e2ce \u00e0 des ingr\u00e9dients uniques comme l&rsquo;extrait de champignon Shiitake, il est rempli de nombreux avantages anti-inflammatoires et antioxydants provenant de la vitamine D et du s\u00e9l\u00e9nium. Il est prouv\u00e9 que ces propri\u00e9t\u00e9s aident votre peau \u00e0 lutter contre les rides et la d\u00e9coloration.<\/p>\n","protected":false},"excerpt":{"rendered":"<p><strong>Pourquoi votre peau a besoin d&rsquo;un s\u00e9rum raffermissant pour le cou :<\/strong><\/p>\n<p>Saviez-vous que le cou est l&rsquo;une des parties les plus sensibles de votre corps ? La peau de votre cou est fine et peut souvent montrer les premiers signes de vieillissement. Un cou vieillissant peut pr\u00e9senter des signes d&rsquo;affaissement, \u00e9galement connus sous le nom de \u00ab\u00a0cou de dinde\u00a0\u00bb. La plupart des gens oublient de prendre soin de leur cou pendant leur r\u00e9gime de soins de la peau. \u00c9vitez d&rsquo;avoir un cou de dinde et commencez \u00e0 pr\u00eater attention \u00e0 cette partie sensible de votre peau.<\/p>\n","protected":false},"featured_media":795,"comment_status":"open","ping_status":"closed","template":"","meta":[],"product_brand":[],"product_cat":[39],"product_tag":[],"class_list":{"0":"post-1173","1":"product","2":"type-product","3":"status-publish","4":"has-post-thumbnail","6":"product_cat-soins-de-la-peau","8":"first","9":"instock","10":"shipping-taxable","11":"purchasable","12":"product-type-simple"},"acf":[],"yoast_head":"<!-- This site is optimized with the Yoast SEO plugin v26.7 - https:\/\/yoast.com\/wordpress\/plugins\/seo\/ -->\n<title>S\u00e9rum raffermissant pour le cou LifeCell - 45ml - SweetestSaffron<\/title>\n<meta name=\"description\" content=\"R\u00e9duisez les signes de vieillissement avec le s\u00e9rum raffermissant pour le cou LifeCell, disponible \u00e0 l&#039;achat chez SweetestSaffron. Livraison GRATUITE sur toutes les commandes au Royaume-Uni.\" \/>\n<meta name=\"robots\" content=\"noindex, follow, max-snippet:-1, max-image-preview:large, max-video-preview:-1\" \/>\n<meta property=\"og:locale\" content=\"fr_FR\" \/>\n<meta property=\"og:type\" content=\"article\" \/>\n<meta property=\"og:title\" content=\"S\u00e9rum raffermissant pour le cou LifeCell - 45ml - SweetestSaffron\" \/>\n<meta property=\"og:description\" content=\"R\u00e9duisez les signes de vieillissement avec le s\u00e9rum raffermissant pour le cou LifeCell, disponible \u00e0 l&#039;achat chez SweetestSaffron. Livraison GRATUITE sur toutes les commandes au Royaume-Uni.\" \/>\n<meta property=\"og:url\" content=\"https:\/\/wp.dev.sweetestsaffron.pirstack.com\/fr\/produit\/serum-raffermissant-pour-le-cou-lifecell-45ml\/\" \/>\n<meta property=\"og:site_name\" content=\"SweetestSaffron\" \/>\n<meta property=\"article:modified_time\" content=\"2022-12-07T16:22:08+00:00\" \/>\n<meta property=\"og:image\" content=\"https:\/\/wp.dev.sweetestsaffron.pirstack.com\/wp-content\/uploads\/2022\/06\/LifeCell-Neck-Firming-Serum.jpg\" \/>\n\t<meta property=\"og:image:width\" content=\"800\" \/>\n\t<meta property=\"og:image:height\" content=\"800\" \/>\n\t<meta property=\"og:image:type\" content=\"image\/jpeg\" \/>\n<meta name=\"twitter:card\" content=\"summary_large_image\" \/>\n<meta name=\"twitter:label1\" content=\"Dur\u00e9e de lecture estim\u00e9e\" \/>\n\t<meta name=\"twitter:data1\" content=\"1 minute\" \/>\n<script type=\"application\/ld+json\" class=\"yoast-schema-graph\">{\"@context\":\"https:\/\/schema.org\",\"@graph\":[{\"@type\":\"WebPage\",\"@id\":\"https:\/\/wp.dev.sweetestsaffron.pirstack.com\/fr\/produit\/serum-raffermissant-pour-le-cou-lifecell-45ml\/\",\"url\":\"https:\/\/wp.dev.sweetestsaffron.pirstack.com\/fr\/produit\/serum-raffermissant-pour-le-cou-lifecell-45ml\/\",\"name\":\"S\u00e9rum raffermissant pour le cou LifeCell - 45ml - SweetestSaffron\",\"isPartOf\":{\"@id\":\"https:\/\/wp.dev.sweetestsaffron.pirstack.com\/fr\/#website\"},\"primaryImageOfPage\":{\"@id\":\"https:\/\/wp.dev.sweetestsaffron.pirstack.com\/fr\/produit\/serum-raffermissant-pour-le-cou-lifecell-45ml\/#primaryimage\"},\"image\":{\"@id\":\"https:\/\/wp.dev.sweetestsaffron.pirstack.com\/fr\/produit\/serum-raffermissant-pour-le-cou-lifecell-45ml\/#primaryimage\"},\"thumbnailUrl\":\"https:\/\/wp.dev.sweetestsaffron.pirstack.com\/wp-content\/uploads\/2022\/06\/LifeCell-Neck-Firming-Serum.jpg\",\"datePublished\":\"2022-06-09T15:40:09+00:00\",\"dateModified\":\"2022-12-07T16:22:08+00:00\",\"description\":\"R\u00e9duisez les signes de vieillissement avec le s\u00e9rum raffermissant pour le cou LifeCell, disponible \u00e0 l'achat chez SweetestSaffron. Livraison GRATUITE sur toutes les commandes au Royaume-Uni.\",\"breadcrumb\":{\"@id\":\"https:\/\/wp.dev.sweetestsaffron.pirstack.com\/fr\/produit\/serum-raffermissant-pour-le-cou-lifecell-45ml\/#breadcrumb\"},\"inLanguage\":\"fr-FR\",\"potentialAction\":[{\"@type\":\"ReadAction\",\"target\":[\"https:\/\/wp.dev.sweetestsaffron.pirstack.com\/fr\/produit\/serum-raffermissant-pour-le-cou-lifecell-45ml\/\"]}]},{\"@type\":\"ImageObject\",\"inLanguage\":\"fr-FR\",\"@id\":\"https:\/\/wp.dev.sweetestsaffron.pirstack.com\/fr\/produit\/serum-raffermissant-pour-le-cou-lifecell-45ml\/#primaryimage\",\"url\":\"https:\/\/wp.dev.sweetestsaffron.pirstack.com\/wp-content\/uploads\/2022\/06\/LifeCell-Neck-Firming-Serum.jpg\",\"contentUrl\":\"https:\/\/wp.dev.sweetestsaffron.pirstack.com\/wp-content\/uploads\/2022\/06\/LifeCell-Neck-Firming-Serum.jpg\",\"width\":800,\"height\":800},{\"@type\":\"BreadcrumbList\",\"@id\":\"https:\/\/wp.dev.sweetestsaffron.pirstack.com\/fr\/produit\/serum-raffermissant-pour-le-cou-lifecell-45ml\/#breadcrumb\",\"itemListElement\":[{\"@type\":\"ListItem\",\"position\":1,\"name\":\"Home\",\"item\":\"https:\/\/wp.dev.sweetestsaffron.pirstack.com\/fr\/\"},{\"@type\":\"ListItem\",\"position\":2,\"name\":\"Boutique\",\"item\":\"https:\/\/wp.dev.sweetestsaffron.pirstack.com\/fr\/boutique\/\"},{\"@type\":\"ListItem\",\"position\":3,\"name\":\"S\u00e9rum raffermissant pour le cou LifeCell &#8211; 45ml\"}]},{\"@type\":\"WebSite\",\"@id\":\"https:\/\/wp.dev.sweetestsaffron.pirstack.com\/fr\/#website\",\"url\":\"https:\/\/wp.dev.sweetestsaffron.pirstack.com\/fr\/\",\"name\":\"SweetestSaffron\",\"description\":\"Skincare,, Health Supplements &amp; HYPO21\",\"potentialAction\":[{\"@type\":\"SearchAction\",\"target\":{\"@type\":\"EntryPoint\",\"urlTemplate\":\"https:\/\/wp.dev.sweetestsaffron.pirstack.com\/fr\/?s={search_term_string}\"},\"query-input\":{\"@type\":\"PropertyValueSpecification\",\"valueRequired\":true,\"valueName\":\"search_term_string\"}}],\"inLanguage\":\"fr-FR\"}]}<\/script>\n<!-- \/ Yoast SEO plugin. -->","yoast_head_json":{"title":"S\u00e9rum raffermissant pour le cou LifeCell - 45ml - SweetestSaffron","description":"R\u00e9duisez les signes de vieillissement avec le s\u00e9rum raffermissant pour le cou LifeCell, disponible \u00e0 l'achat chez SweetestSaffron. Livraison GRATUITE sur toutes les commandes au Royaume-Uni.","robots":{"index":"noindex","follow":"follow","max-snippet":"max-snippet:-1","max-image-preview":"max-image-preview:large","max-video-preview":"max-video-preview:-1"},"og_locale":"fr_FR","og_type":"article","og_title":"S\u00e9rum raffermissant pour le cou LifeCell - 45ml - SweetestSaffron","og_description":"R\u00e9duisez les signes de vieillissement avec le s\u00e9rum raffermissant pour le cou LifeCell, disponible \u00e0 l'achat chez SweetestSaffron. Livraison GRATUITE sur toutes les commandes au Royaume-Uni.","og_url":"https:\/\/wp.dev.sweetestsaffron.pirstack.com\/fr\/produit\/serum-raffermissant-pour-le-cou-lifecell-45ml\/","og_site_name":"SweetestSaffron","article_modified_time":"2022-12-07T16:22:08+00:00","og_image":[{"width":800,"height":800,"url":"https:\/\/wp.dev.sweetestsaffron.pirstack.com\/wp-content\/uploads\/2022\/06\/LifeCell-Neck-Firming-Serum.jpg","type":"image\/jpeg"}],"twitter_card":"summary_large_image","twitter_misc":{"Dur\u00e9e de lecture estim\u00e9e":"1 minute"},"schema":{"@context":"https:\/\/schema.org","@graph":[{"@type":"WebPage","@id":"https:\/\/wp.dev.sweetestsaffron.pirstack.com\/fr\/produit\/serum-raffermissant-pour-le-cou-lifecell-45ml\/","url":"https:\/\/wp.dev.sweetestsaffron.pirstack.com\/fr\/produit\/serum-raffermissant-pour-le-cou-lifecell-45ml\/","name":"S\u00e9rum raffermissant pour le cou LifeCell - 45ml - SweetestSaffron","isPartOf":{"@id":"https:\/\/wp.dev.sweetestsaffron.pirstack.com\/fr\/#website"},"primaryImageOfPage":{"@id":"https:\/\/wp.dev.sweetestsaffron.pirstack.com\/fr\/produit\/serum-raffermissant-pour-le-cou-lifecell-45ml\/#primaryimage"},"image":{"@id":"https:\/\/wp.dev.sweetestsaffron.pirstack.com\/fr\/produit\/serum-raffermissant-pour-le-cou-lifecell-45ml\/#primaryimage"},"thumbnailUrl":"https:\/\/wp.dev.sweetestsaffron.pirstack.com\/wp-content\/uploads\/2022\/06\/LifeCell-Neck-Firming-Serum.jpg","datePublished":"2022-06-09T15:40:09+00:00","dateModified":"2022-12-07T16:22:08+00:00","description":"R\u00e9duisez les signes de vieillissement avec le s\u00e9rum raffermissant pour le cou LifeCell, disponible \u00e0 l'achat chez SweetestSaffron. Livraison GRATUITE sur toutes les commandes au Royaume-Uni.","breadcrumb":{"@id":"https:\/\/wp.dev.sweetestsaffron.pirstack.com\/fr\/produit\/serum-raffermissant-pour-le-cou-lifecell-45ml\/#breadcrumb"},"inLanguage":"fr-FR","potentialAction":[{"@type":"ReadAction","target":["https:\/\/wp.dev.sweetestsaffron.pirstack.com\/fr\/produit\/serum-raffermissant-pour-le-cou-lifecell-45ml\/"]}]},{"@type":"ImageObject","inLanguage":"fr-FR","@id":"https:\/\/wp.dev.sweetestsaffron.pirstack.com\/fr\/produit\/serum-raffermissant-pour-le-cou-lifecell-45ml\/#primaryimage","url":"https:\/\/wp.dev.sweetestsaffron.pirstack.com\/wp-content\/uploads\/2022\/06\/LifeCell-Neck-Firming-Serum.jpg","contentUrl":"https:\/\/wp.dev.sweetestsaffron.pirstack.com\/wp-content\/uploads\/2022\/06\/LifeCell-Neck-Firming-Serum.jpg","width":800,"height":800},{"@type":"BreadcrumbList","@id":"https:\/\/wp.dev.sweetestsaffron.pirstack.com\/fr\/produit\/serum-raffermissant-pour-le-cou-lifecell-45ml\/#breadcrumb","itemListElement":[{"@type":"ListItem","position":1,"name":"Home","item":"https:\/\/wp.dev.sweetestsaffron.pirstack.com\/fr\/"},{"@type":"ListItem","position":2,"name":"Boutique","item":"https:\/\/wp.dev.sweetestsaffron.pirstack.com\/fr\/boutique\/"},{"@type":"ListItem","position":3,"name":"S\u00e9rum raffermissant pour le cou LifeCell &#8211; 45ml"}]},{"@type":"WebSite","@id":"https:\/\/wp.dev.sweetestsaffron.pirstack.com\/fr\/#website","url":"https:\/\/wp.dev.sweetestsaffron.pirstack.com\/fr\/","name":"SweetestSaffron","description":"Skincare,, Health Supplements &amp; HYPO21","potentialAction":[{"@type":"SearchAction","target":{"@type":"EntryPoint","urlTemplate":"https:\/\/wp.dev.sweetestsaffron.pirstack.com\/fr\/?s={search_term_string}"},"query-input":{"@type":"PropertyValueSpecification","valueRequired":true,"valueName":"search_term_string"}}],"inLanguage":"fr-FR"}]}},"_links":{"self":[{"href":"https:\/\/wp.dev.sweetestsaffron.pirstack.com\/fr\/wp-json\/wp\/v2\/product\/1173","targetHints":{"allow":["GET"]}}],"collection":[{"href":"https:\/\/wp.dev.sweetestsaffron.pirstack.com\/fr\/wp-json\/wp\/v2\/product"}],"about":[{"href":"https:\/\/wp.dev.sweetestsaffron.pirstack.com\/fr\/wp-json\/wp\/v2\/types\/product"}],"replies":[{"embeddable":true,"href":"https:\/\/wp.dev.sweetestsaffron.pirstack.com\/fr\/wp-json\/wp\/v2\/comments?post=1173"}],"wp:featuredmedia":[{"embeddable":true,"href":"https:\/\/wp.dev.sweetestsaffron.pirstack.com\/fr\/wp-json\/wp\/v2\/media\/795"}],"wp:attachment":[{"href":"https:\/\/wp.dev.sweetestsaffron.pirstack.com\/fr\/wp-json\/wp\/v2\/media?parent=1173"}],"wp:term":[{"taxonomy":"product_brand","embeddable":true,"href":"https:\/\/wp.dev.sweetestsaffron.pirstack.com\/fr\/wp-json\/wp\/v2\/product_brand?post=1173"},{"taxonomy":"product_cat","embeddable":true,"href":"https:\/\/wp.dev.sweetestsaffron.pirstack.com\/fr\/wp-json\/wp\/v2\/product_cat?post=1173"},{"taxonomy":"product_tag","embeddable":true,"href":"https:\/\/wp.dev.sweetestsaffron.pirstack.com\/fr\/wp-json\/wp\/v2\/product_tag?post=1173"}],"curies":[{"name":"wp","href":"https:\/\/api.w.org\/{rel}","templated":true}]}}