{"id":1157,"date":"2022-06-22T09:49:00","date_gmt":"2022-06-22T08:49:00","guid":{"rendered":"https:\/\/www.sweetestsaffron.co.uk\/product\/lifecell-acidophilus-probiotic\/"},"modified":"2022-12-07T16:22:05","modified_gmt":"2022-12-07T16:22:05","slug":"lifecell-acidophilus-probiotic","status":"publish","type":"product","link":"https:\/\/wp.dev.sweetestsaffron.pirstack.com\/fr\/produit\/lifecell-acidophilus-probiotic\/","title":{"rendered":"LifeCell Acidophilus Probiotic"},"content":{"rendered":"<p><strong>TRIPES HEUREUSES, VIE HEUREUSE<\/strong><\/p>\n<p>L&rsquo;importance de l&rsquo;intestin dans les fonctions \u00e9motionnelles et cognitives est si forte qu&rsquo;il est souvent appel\u00e9 \u00ab\u00a0le deuxi\u00e8me cerveau\u00a0\u00bb. Les recherches montrent que l&rsquo;intestin et le cerveau sont reli\u00e9s par un m\u00e9canisme appel\u00e9 \u00ab\u00a0axe intestin-cerveau\u00a0\u00bb.<\/p>\n<p>L&rsquo;intestin a \u00e9t\u00e9 qualifi\u00e9 de \u00ab\u00a0deuxi\u00e8me cerveau\u00a0\u00bb, car il produit un grand nombre des m\u00eames neurotransmetteurs que le cerveau, comme la s\u00e9rotonine, la dopamine et l&rsquo;acide gamma-aminobutyrique, qui jouent tous un r\u00f4le cl\u00e9 dans la r\u00e9gulation de l&rsquo;humeur. En fait, on estime que 90 % de la s\u00e9rotonine est fabriqu\u00e9e dans le tube digestif.<\/p>\n<p>LifeCell Acidophilus Probiotic est :<\/p>\n<ul>\n<li>Nettoyer<\/li>\n<li>Vegan<\/li>\n<li>Keto<\/li>\n<li>Sans gluten<\/li>\n<li>Halal<\/li>\n<li>Casher<\/li>\n<\/ul>\n","protected":false},"excerpt":{"rendered":"<p>Les probiotiques de LifeCell aident \u00e0 :<\/p>\n<ul>\n<li>\u00e9quilibrer le microbiome intestinal<\/li>\n<li>stimuler l&rsquo;humeur et les fonctions cognitives<\/li>\n<li>r\u00e9duire le stress et l&rsquo;anxi\u00e9t\u00e9<\/li>\n<li>r\u00e9guler la production de s\u00e9rotonine et de dopamine<\/li>\n<li>\u00e9liminer les toxines<\/li>\n<li>am\u00e9liorer la fonction digestive globale.<\/li>\n<\/ul>\n","protected":false},"featured_media":829,"comment_status":"open","ping_status":"closed","template":"","meta":[],"product_brand":[],"product_cat":[40],"product_tag":[],"class_list":{"0":"post-1157","1":"product","2":"type-product","3":"status-publish","4":"has-post-thumbnail","6":"product_cat-supplements-de-sante","8":"first","9":"instock","10":"shipping-taxable","11":"purchasable","12":"product-type-simple"},"acf":[],"yoast_head":"<!-- This site is optimized with the Yoast SEO plugin v26.7 - https:\/\/yoast.com\/wordpress\/plugins\/seo\/ -->\n<title>LifeCell Acidophilus Probiotic - SweetestSaffron<\/title>\n<meta name=\"description\" content=\"LifeCell Acidophilus Probiotique pour un intestin \u00e9quilibr\u00e9 et sain. Consultez la gamme de compl\u00e9ments alimentaires de LifeCell sur notre site Web d\u00e8s aujourd&#039;hui.\" \/>\n<meta name=\"robots\" content=\"noindex, follow, max-snippet:-1, max-image-preview:large, max-video-preview:-1\" \/>\n<meta property=\"og:locale\" content=\"fr_FR\" \/>\n<meta property=\"og:type\" content=\"article\" \/>\n<meta property=\"og:title\" content=\"LifeCell Acidophilus Probiotic - SweetestSaffron\" \/>\n<meta property=\"og:description\" content=\"LifeCell Acidophilus Probiotique pour un intestin \u00e9quilibr\u00e9 et sain. Consultez la gamme de compl\u00e9ments alimentaires de LifeCell sur notre site Web d\u00e8s aujourd&#039;hui.\" \/>\n<meta property=\"og:url\" content=\"https:\/\/wp.dev.sweetestsaffron.pirstack.com\/fr\/produit\/lifecell-acidophilus-probiotic\/\" \/>\n<meta property=\"og:site_name\" content=\"SweetestSaffron\" \/>\n<meta property=\"article:modified_time\" content=\"2022-12-07T16:22:05+00:00\" \/>\n<meta property=\"og:image\" content=\"https:\/\/wp.dev.sweetestsaffron.pirstack.com\/wp-content\/uploads\/2022\/06\/Life-Cell-Acidophilus-Probiotic.png\" \/>\n\t<meta property=\"og:image:width\" content=\"800\" \/>\n\t<meta property=\"og:image:height\" content=\"800\" \/>\n\t<meta property=\"og:image:type\" content=\"image\/png\" \/>\n<meta name=\"twitter:card\" content=\"summary_large_image\" \/>\n<meta name=\"twitter:label1\" content=\"Dur\u00e9e de lecture estim\u00e9e\" \/>\n\t<meta name=\"twitter:data1\" content=\"1 minute\" \/>\n<script type=\"application\/ld+json\" class=\"yoast-schema-graph\">{\"@context\":\"https:\/\/schema.org\",\"@graph\":[{\"@type\":\"WebPage\",\"@id\":\"https:\/\/wp.dev.sweetestsaffron.pirstack.com\/fr\/produit\/lifecell-acidophilus-probiotic\/\",\"url\":\"https:\/\/wp.dev.sweetestsaffron.pirstack.com\/fr\/produit\/lifecell-acidophilus-probiotic\/\",\"name\":\"LifeCell Acidophilus Probiotic - SweetestSaffron\",\"isPartOf\":{\"@id\":\"https:\/\/wp.dev.sweetestsaffron.pirstack.com\/fr\/#website\"},\"primaryImageOfPage\":{\"@id\":\"https:\/\/wp.dev.sweetestsaffron.pirstack.com\/fr\/produit\/lifecell-acidophilus-probiotic\/#primaryimage\"},\"image\":{\"@id\":\"https:\/\/wp.dev.sweetestsaffron.pirstack.com\/fr\/produit\/lifecell-acidophilus-probiotic\/#primaryimage\"},\"thumbnailUrl\":\"https:\/\/wp.dev.sweetestsaffron.pirstack.com\/wp-content\/uploads\/2022\/06\/Life-Cell-Acidophilus-Probiotic.png\",\"datePublished\":\"2022-06-22T08:49:00+00:00\",\"dateModified\":\"2022-12-07T16:22:05+00:00\",\"description\":\"LifeCell Acidophilus Probiotique pour un intestin \u00e9quilibr\u00e9 et sain. Consultez la gamme de compl\u00e9ments alimentaires de LifeCell sur notre site Web d\u00e8s aujourd'hui.\",\"breadcrumb\":{\"@id\":\"https:\/\/wp.dev.sweetestsaffron.pirstack.com\/fr\/produit\/lifecell-acidophilus-probiotic\/#breadcrumb\"},\"inLanguage\":\"fr-FR\",\"potentialAction\":[{\"@type\":\"ReadAction\",\"target\":[\"https:\/\/wp.dev.sweetestsaffron.pirstack.com\/fr\/produit\/lifecell-acidophilus-probiotic\/\"]}]},{\"@type\":\"ImageObject\",\"inLanguage\":\"fr-FR\",\"@id\":\"https:\/\/wp.dev.sweetestsaffron.pirstack.com\/fr\/produit\/lifecell-acidophilus-probiotic\/#primaryimage\",\"url\":\"https:\/\/wp.dev.sweetestsaffron.pirstack.com\/wp-content\/uploads\/2022\/06\/Life-Cell-Acidophilus-Probiotic.png\",\"contentUrl\":\"https:\/\/wp.dev.sweetestsaffron.pirstack.com\/wp-content\/uploads\/2022\/06\/Life-Cell-Acidophilus-Probiotic.png\",\"width\":800,\"height\":800},{\"@type\":\"BreadcrumbList\",\"@id\":\"https:\/\/wp.dev.sweetestsaffron.pirstack.com\/fr\/produit\/lifecell-acidophilus-probiotic\/#breadcrumb\",\"itemListElement\":[{\"@type\":\"ListItem\",\"position\":1,\"name\":\"Home\",\"item\":\"https:\/\/wp.dev.sweetestsaffron.pirstack.com\/fr\/\"},{\"@type\":\"ListItem\",\"position\":2,\"name\":\"Boutique\",\"item\":\"https:\/\/wp.dev.sweetestsaffron.pirstack.com\/fr\/boutique\/\"},{\"@type\":\"ListItem\",\"position\":3,\"name\":\"LifeCell Acidophilus Probiotic\"}]},{\"@type\":\"WebSite\",\"@id\":\"https:\/\/wp.dev.sweetestsaffron.pirstack.com\/fr\/#website\",\"url\":\"https:\/\/wp.dev.sweetestsaffron.pirstack.com\/fr\/\",\"name\":\"SweetestSaffron\",\"description\":\"Skincare,, Health Supplements &amp; HYPO21\",\"potentialAction\":[{\"@type\":\"SearchAction\",\"target\":{\"@type\":\"EntryPoint\",\"urlTemplate\":\"https:\/\/wp.dev.sweetestsaffron.pirstack.com\/fr\/?s={search_term_string}\"},\"query-input\":{\"@type\":\"PropertyValueSpecification\",\"valueRequired\":true,\"valueName\":\"search_term_string\"}}],\"inLanguage\":\"fr-FR\"}]}<\/script>\n<!-- \/ Yoast SEO plugin. -->","yoast_head_json":{"title":"LifeCell Acidophilus Probiotic - SweetestSaffron","description":"LifeCell Acidophilus Probiotique pour un intestin \u00e9quilibr\u00e9 et sain. Consultez la gamme de compl\u00e9ments alimentaires de LifeCell sur notre site Web d\u00e8s aujourd'hui.","robots":{"index":"noindex","follow":"follow","max-snippet":"max-snippet:-1","max-image-preview":"max-image-preview:large","max-video-preview":"max-video-preview:-1"},"og_locale":"fr_FR","og_type":"article","og_title":"LifeCell Acidophilus Probiotic - SweetestSaffron","og_description":"LifeCell Acidophilus Probiotique pour un intestin \u00e9quilibr\u00e9 et sain. Consultez la gamme de compl\u00e9ments alimentaires de LifeCell sur notre site Web d\u00e8s aujourd'hui.","og_url":"https:\/\/wp.dev.sweetestsaffron.pirstack.com\/fr\/produit\/lifecell-acidophilus-probiotic\/","og_site_name":"SweetestSaffron","article_modified_time":"2022-12-07T16:22:05+00:00","og_image":[{"width":800,"height":800,"url":"https:\/\/wp.dev.sweetestsaffron.pirstack.com\/wp-content\/uploads\/2022\/06\/Life-Cell-Acidophilus-Probiotic.png","type":"image\/png"}],"twitter_card":"summary_large_image","twitter_misc":{"Dur\u00e9e de lecture estim\u00e9e":"1 minute"},"schema":{"@context":"https:\/\/schema.org","@graph":[{"@type":"WebPage","@id":"https:\/\/wp.dev.sweetestsaffron.pirstack.com\/fr\/produit\/lifecell-acidophilus-probiotic\/","url":"https:\/\/wp.dev.sweetestsaffron.pirstack.com\/fr\/produit\/lifecell-acidophilus-probiotic\/","name":"LifeCell Acidophilus Probiotic - SweetestSaffron","isPartOf":{"@id":"https:\/\/wp.dev.sweetestsaffron.pirstack.com\/fr\/#website"},"primaryImageOfPage":{"@id":"https:\/\/wp.dev.sweetestsaffron.pirstack.com\/fr\/produit\/lifecell-acidophilus-probiotic\/#primaryimage"},"image":{"@id":"https:\/\/wp.dev.sweetestsaffron.pirstack.com\/fr\/produit\/lifecell-acidophilus-probiotic\/#primaryimage"},"thumbnailUrl":"https:\/\/wp.dev.sweetestsaffron.pirstack.com\/wp-content\/uploads\/2022\/06\/Life-Cell-Acidophilus-Probiotic.png","datePublished":"2022-06-22T08:49:00+00:00","dateModified":"2022-12-07T16:22:05+00:00","description":"LifeCell Acidophilus Probiotique pour un intestin \u00e9quilibr\u00e9 et sain. Consultez la gamme de compl\u00e9ments alimentaires de LifeCell sur notre site Web d\u00e8s aujourd'hui.","breadcrumb":{"@id":"https:\/\/wp.dev.sweetestsaffron.pirstack.com\/fr\/produit\/lifecell-acidophilus-probiotic\/#breadcrumb"},"inLanguage":"fr-FR","potentialAction":[{"@type":"ReadAction","target":["https:\/\/wp.dev.sweetestsaffron.pirstack.com\/fr\/produit\/lifecell-acidophilus-probiotic\/"]}]},{"@type":"ImageObject","inLanguage":"fr-FR","@id":"https:\/\/wp.dev.sweetestsaffron.pirstack.com\/fr\/produit\/lifecell-acidophilus-probiotic\/#primaryimage","url":"https:\/\/wp.dev.sweetestsaffron.pirstack.com\/wp-content\/uploads\/2022\/06\/Life-Cell-Acidophilus-Probiotic.png","contentUrl":"https:\/\/wp.dev.sweetestsaffron.pirstack.com\/wp-content\/uploads\/2022\/06\/Life-Cell-Acidophilus-Probiotic.png","width":800,"height":800},{"@type":"BreadcrumbList","@id":"https:\/\/wp.dev.sweetestsaffron.pirstack.com\/fr\/produit\/lifecell-acidophilus-probiotic\/#breadcrumb","itemListElement":[{"@type":"ListItem","position":1,"name":"Home","item":"https:\/\/wp.dev.sweetestsaffron.pirstack.com\/fr\/"},{"@type":"ListItem","position":2,"name":"Boutique","item":"https:\/\/wp.dev.sweetestsaffron.pirstack.com\/fr\/boutique\/"},{"@type":"ListItem","position":3,"name":"LifeCell Acidophilus Probiotic"}]},{"@type":"WebSite","@id":"https:\/\/wp.dev.sweetestsaffron.pirstack.com\/fr\/#website","url":"https:\/\/wp.dev.sweetestsaffron.pirstack.com\/fr\/","name":"SweetestSaffron","description":"Skincare,, Health Supplements &amp; HYPO21","potentialAction":[{"@type":"SearchAction","target":{"@type":"EntryPoint","urlTemplate":"https:\/\/wp.dev.sweetestsaffron.pirstack.com\/fr\/?s={search_term_string}"},"query-input":{"@type":"PropertyValueSpecification","valueRequired":true,"valueName":"search_term_string"}}],"inLanguage":"fr-FR"}]}},"_links":{"self":[{"href":"https:\/\/wp.dev.sweetestsaffron.pirstack.com\/fr\/wp-json\/wp\/v2\/product\/1157","targetHints":{"allow":["GET"]}}],"collection":[{"href":"https:\/\/wp.dev.sweetestsaffron.pirstack.com\/fr\/wp-json\/wp\/v2\/product"}],"about":[{"href":"https:\/\/wp.dev.sweetestsaffron.pirstack.com\/fr\/wp-json\/wp\/v2\/types\/product"}],"replies":[{"embeddable":true,"href":"https:\/\/wp.dev.sweetestsaffron.pirstack.com\/fr\/wp-json\/wp\/v2\/comments?post=1157"}],"wp:featuredmedia":[{"embeddable":true,"href":"https:\/\/wp.dev.sweetestsaffron.pirstack.com\/fr\/wp-json\/wp\/v2\/media\/829"}],"wp:attachment":[{"href":"https:\/\/wp.dev.sweetestsaffron.pirstack.com\/fr\/wp-json\/wp\/v2\/media?parent=1157"}],"wp:term":[{"taxonomy":"product_brand","embeddable":true,"href":"https:\/\/wp.dev.sweetestsaffron.pirstack.com\/fr\/wp-json\/wp\/v2\/product_brand?post=1157"},{"taxonomy":"product_cat","embeddable":true,"href":"https:\/\/wp.dev.sweetestsaffron.pirstack.com\/fr\/wp-json\/wp\/v2\/product_cat?post=1157"},{"taxonomy":"product_tag","embeddable":true,"href":"https:\/\/wp.dev.sweetestsaffron.pirstack.com\/fr\/wp-json\/wp\/v2\/product_tag?post=1157"}],"curies":[{"name":"wp","href":"https:\/\/api.w.org\/{rel}","templated":true}]}}