{"id":1140,"date":"2022-06-22T10:49:47","date_gmt":"2022-06-22T09:49:47","guid":{"rendered":"https:\/\/www.sweetestsaffron.co.uk\/product\/lifecell-ph-balanced-cleanser-60ml\/"},"modified":"2022-12-07T16:21:41","modified_gmt":"2022-12-07T16:21:41","slug":"lifecell-ph-balanced-cleanser-60ml","status":"publish","type":"product","link":"https:\/\/wp.dev.sweetestsaffron.pirstack.com\/fr\/produit\/lifecell-ph-balanced-cleanser-60ml\/","title":{"rendered":"LifeCell pH-Balanced Cleanser &#8211; 60ml"},"content":{"rendered":"<p><strong>Ce que c&rsquo;est : <\/strong><\/p>\n<p>Le nettoyant anti-\u00e2ge \u00e0 pH \u00e9quilibr\u00e9 de LifeCell est notre solution unique pour nettoyer en toute s\u00e9curit\u00e9 votre peau du maquillage et des impuret\u00e9s sans la priver de ses huiles naturelles. Non seulement il maintient l&rsquo;\u00e9quilibre naturel du pH de la peau, mais il apporte des bienfaits anti-\u00e2ge tout en restant suffisamment doux pour \u00eatre utilis\u00e9 matin et soir.<\/p>\n<p>Le nettoyant de LifeCell contient uniquement les meilleurs ingr\u00e9dients naturels connus pour aider \u00e0 nettoyer et \u00e0 assainir la peau.<\/p>\n<p>Le th\u00e9 vert et le concombre pour aider l&rsquo;aspect inflammatoire de la rosac\u00e9e. Les propri\u00e9t\u00e9s rafra\u00eechissantes et hydratantes du concombre contiennent des vitamines A, C et E, qui aident \u00e0 apaiser la peau irrit\u00e9e et les gonflements. Les astringents sans alcool (camomille, huile d&rsquo;arbre \u00e0 th\u00e9 et romarin) \u00e9liminent et pr\u00e9viennent les imperfections en \u00e9liminant les graisses et en resserrant les pores pour emp\u00eacher les impuret\u00e9s de p\u00e9n\u00e9trer dans la peau. Et du resv\u00e9ratrol pour combattre les radicaux libres qui nuisent \u00e0 la peau. Il est parfait pour pr\u00e9parer la peau au Traitement anti-\u00e2ge tout-en-un.<\/p>\n","protected":false},"excerpt":{"rendered":"<p>Une fa\u00e7on rafra\u00eechissante et hydratante de nettoyer votre peau des impuret\u00e9s.<\/p>\n","protected":false},"featured_media":849,"comment_status":"open","ping_status":"closed","template":"","meta":[],"product_brand":[],"product_cat":[39],"product_tag":[],"class_list":{"0":"post-1140","1":"product","2":"type-product","3":"status-publish","4":"has-post-thumbnail","6":"product_cat-soins-de-la-peau","8":"first","9":"instock","10":"shipping-taxable","11":"purchasable","12":"product-type-simple"},"acf":[],"yoast_head":"<!-- This site is optimized with the Yoast SEO plugin v26.7 - https:\/\/yoast.com\/wordpress\/plugins\/seo\/ -->\n<title>LifeCell pH-Balanced Cleanser - 60ml - SweetestSaffron<\/title>\n<meta name=\"description\" content=\"Rafra\u00eechissez et hydratez votre peau avec LifeCell pH-Balanced Cleanser, en 60ml. SweetestSaffron offre une livraison GRATUITE pour toutes les commandes pass\u00e9es au Royaume-Uni.\" \/>\n<meta name=\"robots\" content=\"noindex, follow, max-snippet:-1, max-image-preview:large, max-video-preview:-1\" \/>\n<meta property=\"og:locale\" content=\"fr_FR\" \/>\n<meta property=\"og:type\" content=\"article\" \/>\n<meta property=\"og:title\" content=\"LifeCell pH-Balanced Cleanser - 60ml - SweetestSaffron\" \/>\n<meta property=\"og:description\" content=\"Rafra\u00eechissez et hydratez votre peau avec LifeCell pH-Balanced Cleanser, en 60ml. SweetestSaffron offre une livraison GRATUITE pour toutes les commandes pass\u00e9es au Royaume-Uni.\" \/>\n<meta property=\"og:url\" content=\"https:\/\/wp.dev.sweetestsaffron.pirstack.com\/fr\/produit\/lifecell-ph-balanced-cleanser-60ml\/\" \/>\n<meta property=\"og:site_name\" content=\"SweetestSaffron\" \/>\n<meta property=\"article:modified_time\" content=\"2022-12-07T16:21:41+00:00\" \/>\n<meta property=\"og:image\" content=\"https:\/\/wp.dev.sweetestsaffron.pirstack.com\/wp-content\/uploads\/2022\/06\/LifeCell-pH-Balanced-Cleanser-1.jpg\" \/>\n\t<meta property=\"og:image:width\" content=\"800\" \/>\n\t<meta property=\"og:image:height\" content=\"800\" \/>\n\t<meta property=\"og:image:type\" content=\"image\/jpeg\" \/>\n<meta name=\"twitter:card\" content=\"summary_large_image\" \/>\n<meta name=\"twitter:label1\" content=\"Dur\u00e9e de lecture estim\u00e9e\" \/>\n\t<meta name=\"twitter:data1\" content=\"1 minute\" \/>\n<script type=\"application\/ld+json\" class=\"yoast-schema-graph\">{\"@context\":\"https:\/\/schema.org\",\"@graph\":[{\"@type\":\"WebPage\",\"@id\":\"https:\/\/wp.dev.sweetestsaffron.pirstack.com\/fr\/produit\/lifecell-ph-balanced-cleanser-60ml\/\",\"url\":\"https:\/\/wp.dev.sweetestsaffron.pirstack.com\/fr\/produit\/lifecell-ph-balanced-cleanser-60ml\/\",\"name\":\"LifeCell pH-Balanced Cleanser - 60ml - SweetestSaffron\",\"isPartOf\":{\"@id\":\"https:\/\/wp.dev.sweetestsaffron.pirstack.com\/fr\/#website\"},\"primaryImageOfPage\":{\"@id\":\"https:\/\/wp.dev.sweetestsaffron.pirstack.com\/fr\/produit\/lifecell-ph-balanced-cleanser-60ml\/#primaryimage\"},\"image\":{\"@id\":\"https:\/\/wp.dev.sweetestsaffron.pirstack.com\/fr\/produit\/lifecell-ph-balanced-cleanser-60ml\/#primaryimage\"},\"thumbnailUrl\":\"https:\/\/wp.dev.sweetestsaffron.pirstack.com\/wp-content\/uploads\/2022\/06\/LifeCell-pH-Balanced-Cleanser-1.jpg\",\"datePublished\":\"2022-06-22T09:49:47+00:00\",\"dateModified\":\"2022-12-07T16:21:41+00:00\",\"description\":\"Rafra\u00eechissez et hydratez votre peau avec LifeCell pH-Balanced Cleanser, en 60ml. SweetestSaffron offre une livraison GRATUITE pour toutes les commandes pass\u00e9es au Royaume-Uni.\",\"breadcrumb\":{\"@id\":\"https:\/\/wp.dev.sweetestsaffron.pirstack.com\/fr\/produit\/lifecell-ph-balanced-cleanser-60ml\/#breadcrumb\"},\"inLanguage\":\"fr-FR\",\"potentialAction\":[{\"@type\":\"ReadAction\",\"target\":[\"https:\/\/wp.dev.sweetestsaffron.pirstack.com\/fr\/produit\/lifecell-ph-balanced-cleanser-60ml\/\"]}]},{\"@type\":\"ImageObject\",\"inLanguage\":\"fr-FR\",\"@id\":\"https:\/\/wp.dev.sweetestsaffron.pirstack.com\/fr\/produit\/lifecell-ph-balanced-cleanser-60ml\/#primaryimage\",\"url\":\"https:\/\/wp.dev.sweetestsaffron.pirstack.com\/wp-content\/uploads\/2022\/06\/LifeCell-pH-Balanced-Cleanser-1.jpg\",\"contentUrl\":\"https:\/\/wp.dev.sweetestsaffron.pirstack.com\/wp-content\/uploads\/2022\/06\/LifeCell-pH-Balanced-Cleanser-1.jpg\",\"width\":800,\"height\":800},{\"@type\":\"BreadcrumbList\",\"@id\":\"https:\/\/wp.dev.sweetestsaffron.pirstack.com\/fr\/produit\/lifecell-ph-balanced-cleanser-60ml\/#breadcrumb\",\"itemListElement\":[{\"@type\":\"ListItem\",\"position\":1,\"name\":\"Home\",\"item\":\"https:\/\/wp.dev.sweetestsaffron.pirstack.com\/fr\/\"},{\"@type\":\"ListItem\",\"position\":2,\"name\":\"Boutique\",\"item\":\"https:\/\/wp.dev.sweetestsaffron.pirstack.com\/fr\/boutique\/\"},{\"@type\":\"ListItem\",\"position\":3,\"name\":\"LifeCell pH-Balanced Cleanser &#8211; 60ml\"}]},{\"@type\":\"WebSite\",\"@id\":\"https:\/\/wp.dev.sweetestsaffron.pirstack.com\/fr\/#website\",\"url\":\"https:\/\/wp.dev.sweetestsaffron.pirstack.com\/fr\/\",\"name\":\"SweetestSaffron\",\"description\":\"Skincare,, Health Supplements &amp; HYPO21\",\"potentialAction\":[{\"@type\":\"SearchAction\",\"target\":{\"@type\":\"EntryPoint\",\"urlTemplate\":\"https:\/\/wp.dev.sweetestsaffron.pirstack.com\/fr\/?s={search_term_string}\"},\"query-input\":{\"@type\":\"PropertyValueSpecification\",\"valueRequired\":true,\"valueName\":\"search_term_string\"}}],\"inLanguage\":\"fr-FR\"}]}<\/script>\n<!-- \/ Yoast SEO plugin. -->","yoast_head_json":{"title":"LifeCell pH-Balanced Cleanser - 60ml - SweetestSaffron","description":"Rafra\u00eechissez et hydratez votre peau avec LifeCell pH-Balanced Cleanser, en 60ml. SweetestSaffron offre une livraison GRATUITE pour toutes les commandes pass\u00e9es au Royaume-Uni.","robots":{"index":"noindex","follow":"follow","max-snippet":"max-snippet:-1","max-image-preview":"max-image-preview:large","max-video-preview":"max-video-preview:-1"},"og_locale":"fr_FR","og_type":"article","og_title":"LifeCell pH-Balanced Cleanser - 60ml - SweetestSaffron","og_description":"Rafra\u00eechissez et hydratez votre peau avec LifeCell pH-Balanced Cleanser, en 60ml. SweetestSaffron offre une livraison GRATUITE pour toutes les commandes pass\u00e9es au Royaume-Uni.","og_url":"https:\/\/wp.dev.sweetestsaffron.pirstack.com\/fr\/produit\/lifecell-ph-balanced-cleanser-60ml\/","og_site_name":"SweetestSaffron","article_modified_time":"2022-12-07T16:21:41+00:00","og_image":[{"width":800,"height":800,"url":"https:\/\/wp.dev.sweetestsaffron.pirstack.com\/wp-content\/uploads\/2022\/06\/LifeCell-pH-Balanced-Cleanser-1.jpg","type":"image\/jpeg"}],"twitter_card":"summary_large_image","twitter_misc":{"Dur\u00e9e de lecture estim\u00e9e":"1 minute"},"schema":{"@context":"https:\/\/schema.org","@graph":[{"@type":"WebPage","@id":"https:\/\/wp.dev.sweetestsaffron.pirstack.com\/fr\/produit\/lifecell-ph-balanced-cleanser-60ml\/","url":"https:\/\/wp.dev.sweetestsaffron.pirstack.com\/fr\/produit\/lifecell-ph-balanced-cleanser-60ml\/","name":"LifeCell pH-Balanced Cleanser - 60ml - SweetestSaffron","isPartOf":{"@id":"https:\/\/wp.dev.sweetestsaffron.pirstack.com\/fr\/#website"},"primaryImageOfPage":{"@id":"https:\/\/wp.dev.sweetestsaffron.pirstack.com\/fr\/produit\/lifecell-ph-balanced-cleanser-60ml\/#primaryimage"},"image":{"@id":"https:\/\/wp.dev.sweetestsaffron.pirstack.com\/fr\/produit\/lifecell-ph-balanced-cleanser-60ml\/#primaryimage"},"thumbnailUrl":"https:\/\/wp.dev.sweetestsaffron.pirstack.com\/wp-content\/uploads\/2022\/06\/LifeCell-pH-Balanced-Cleanser-1.jpg","datePublished":"2022-06-22T09:49:47+00:00","dateModified":"2022-12-07T16:21:41+00:00","description":"Rafra\u00eechissez et hydratez votre peau avec LifeCell pH-Balanced Cleanser, en 60ml. SweetestSaffron offre une livraison GRATUITE pour toutes les commandes pass\u00e9es au Royaume-Uni.","breadcrumb":{"@id":"https:\/\/wp.dev.sweetestsaffron.pirstack.com\/fr\/produit\/lifecell-ph-balanced-cleanser-60ml\/#breadcrumb"},"inLanguage":"fr-FR","potentialAction":[{"@type":"ReadAction","target":["https:\/\/wp.dev.sweetestsaffron.pirstack.com\/fr\/produit\/lifecell-ph-balanced-cleanser-60ml\/"]}]},{"@type":"ImageObject","inLanguage":"fr-FR","@id":"https:\/\/wp.dev.sweetestsaffron.pirstack.com\/fr\/produit\/lifecell-ph-balanced-cleanser-60ml\/#primaryimage","url":"https:\/\/wp.dev.sweetestsaffron.pirstack.com\/wp-content\/uploads\/2022\/06\/LifeCell-pH-Balanced-Cleanser-1.jpg","contentUrl":"https:\/\/wp.dev.sweetestsaffron.pirstack.com\/wp-content\/uploads\/2022\/06\/LifeCell-pH-Balanced-Cleanser-1.jpg","width":800,"height":800},{"@type":"BreadcrumbList","@id":"https:\/\/wp.dev.sweetestsaffron.pirstack.com\/fr\/produit\/lifecell-ph-balanced-cleanser-60ml\/#breadcrumb","itemListElement":[{"@type":"ListItem","position":1,"name":"Home","item":"https:\/\/wp.dev.sweetestsaffron.pirstack.com\/fr\/"},{"@type":"ListItem","position":2,"name":"Boutique","item":"https:\/\/wp.dev.sweetestsaffron.pirstack.com\/fr\/boutique\/"},{"@type":"ListItem","position":3,"name":"LifeCell pH-Balanced Cleanser &#8211; 60ml"}]},{"@type":"WebSite","@id":"https:\/\/wp.dev.sweetestsaffron.pirstack.com\/fr\/#website","url":"https:\/\/wp.dev.sweetestsaffron.pirstack.com\/fr\/","name":"SweetestSaffron","description":"Skincare,, Health Supplements &amp; HYPO21","potentialAction":[{"@type":"SearchAction","target":{"@type":"EntryPoint","urlTemplate":"https:\/\/wp.dev.sweetestsaffron.pirstack.com\/fr\/?s={search_term_string}"},"query-input":{"@type":"PropertyValueSpecification","valueRequired":true,"valueName":"search_term_string"}}],"inLanguage":"fr-FR"}]}},"_links":{"self":[{"href":"https:\/\/wp.dev.sweetestsaffron.pirstack.com\/fr\/wp-json\/wp\/v2\/product\/1140","targetHints":{"allow":["GET"]}}],"collection":[{"href":"https:\/\/wp.dev.sweetestsaffron.pirstack.com\/fr\/wp-json\/wp\/v2\/product"}],"about":[{"href":"https:\/\/wp.dev.sweetestsaffron.pirstack.com\/fr\/wp-json\/wp\/v2\/types\/product"}],"replies":[{"embeddable":true,"href":"https:\/\/wp.dev.sweetestsaffron.pirstack.com\/fr\/wp-json\/wp\/v2\/comments?post=1140"}],"wp:featuredmedia":[{"embeddable":true,"href":"https:\/\/wp.dev.sweetestsaffron.pirstack.com\/fr\/wp-json\/wp\/v2\/media\/849"}],"wp:attachment":[{"href":"https:\/\/wp.dev.sweetestsaffron.pirstack.com\/fr\/wp-json\/wp\/v2\/media?parent=1140"}],"wp:term":[{"taxonomy":"product_brand","embeddable":true,"href":"https:\/\/wp.dev.sweetestsaffron.pirstack.com\/fr\/wp-json\/wp\/v2\/product_brand?post=1140"},{"taxonomy":"product_cat","embeddable":true,"href":"https:\/\/wp.dev.sweetestsaffron.pirstack.com\/fr\/wp-json\/wp\/v2\/product_cat?post=1140"},{"taxonomy":"product_tag","embeddable":true,"href":"https:\/\/wp.dev.sweetestsaffron.pirstack.com\/fr\/wp-json\/wp\/v2\/product_tag?post=1140"}],"curies":[{"name":"wp","href":"https:\/\/api.w.org\/{rel}","templated":true}]}}