{"id":1131,"date":"2022-06-22T09:45:28","date_gmt":"2022-06-22T08:45:28","guid":{"rendered":"https:\/\/www.sweetestsaffron.co.uk\/product\/cellule-de-vie-resv\/"},"modified":"2022-12-07T16:21:39","modified_gmt":"2022-12-07T16:21:39","slug":"cellule-de-vie-resv","status":"publish","type":"product","link":"https:\/\/wp.dev.sweetestsaffron.pirstack.com\/fr\/produit\/cellule-de-vie-resv\/","title":{"rendered":"Cellule de vie ResV+"},"content":{"rendered":"<p>ResV+ est un m\u00e9lange multit\u00e2che de vitamines essentielles pour :<\/p>\n<ul>\n<li>am\u00e9liorer l&rsquo;immunit\u00e9<\/li>\n<li>la sant\u00e9 du c\u0153ur et des articulations<\/li>\n<li>stimuler la croissance des cheveux<\/li>\n<li>hydrater la peau.<\/li>\n<\/ul>\n<p>Le resv\u00e9ratrol est un compos\u00e9 que diverses plantes fabriquent pour lutter contre les bact\u00e9ries, les champignons et autres agresseurs microbiens, ou pour r\u00e9sister \u00e0 la s\u00e9cheresse ou au manque de nutriments. Il a \u00e9t\u00e9 trouv\u00e9 dans les raisins rouges et violets, les myrtilles, les canneberges, les m\u00fbres, les airelles, les cacahu\u00e8tes et les pistaches.<\/p>\n","protected":false},"excerpt":{"rendered":"<p>Life Cell ResV+ est une dose quotidienne concentr\u00e9e de resv\u00e9ratrol pur. G\u00e9n\u00e9ralement extrait de la peau du raisin rouge et de la renou\u00e9e du Japon, le resv\u00e9ratrol pr\u00e9sente des avantages \u00e9tonnants pour la sant\u00e9.<\/p>\n","protected":false},"featured_media":827,"comment_status":"open","ping_status":"closed","template":"","meta":[],"product_brand":[],"product_cat":[40],"product_tag":[],"class_list":{"0":"post-1131","1":"product","2":"type-product","3":"status-publish","4":"has-post-thumbnail","6":"product_cat-supplements-de-sante","8":"first","9":"instock","10":"shipping-taxable","11":"purchasable","12":"product-type-simple"},"acf":[],"yoast_head":"<!-- This site is optimized with the Yoast SEO plugin v26.7 - https:\/\/yoast.com\/wordpress\/plugins\/seo\/ -->\n<title>Cellule de vie ResV+ - SweetestSaffron<\/title>\n<meta name=\"description\" content=\"LifeCell ResV+ est une dose quotidienne concentr\u00e9e de Resveratrol pur, pour des bienfaits g\u00e9n\u00e9raux sur la sant\u00e9. Visitez notre site web ou contactez-nous d\u00e8s aujourd&#039;hui.\" \/>\n<meta name=\"robots\" content=\"noindex, follow, max-snippet:-1, max-image-preview:large, max-video-preview:-1\" \/>\n<meta property=\"og:locale\" content=\"fr_FR\" \/>\n<meta property=\"og:type\" content=\"article\" \/>\n<meta property=\"og:title\" content=\"Cellule de vie ResV+ - SweetestSaffron\" \/>\n<meta property=\"og:description\" content=\"LifeCell ResV+ est une dose quotidienne concentr\u00e9e de Resveratrol pur, pour des bienfaits g\u00e9n\u00e9raux sur la sant\u00e9. Visitez notre site web ou contactez-nous d\u00e8s aujourd&#039;hui.\" \/>\n<meta property=\"og:url\" content=\"https:\/\/wp.dev.sweetestsaffron.pirstack.com\/fr\/produit\/cellule-de-vie-resv\/\" \/>\n<meta property=\"og:site_name\" content=\"SweetestSaffron\" \/>\n<meta property=\"article:modified_time\" content=\"2022-12-07T16:21:39+00:00\" \/>\n<meta property=\"og:image\" content=\"https:\/\/wp.dev.sweetestsaffron.pirstack.com\/wp-content\/uploads\/2022\/06\/Life-Cell-ResV.png\" \/>\n\t<meta property=\"og:image:width\" content=\"800\" \/>\n\t<meta property=\"og:image:height\" content=\"800\" \/>\n\t<meta property=\"og:image:type\" content=\"image\/png\" \/>\n<meta name=\"twitter:card\" content=\"summary_large_image\" \/>\n<script type=\"application\/ld+json\" class=\"yoast-schema-graph\">{\"@context\":\"https:\/\/schema.org\",\"@graph\":[{\"@type\":\"WebPage\",\"@id\":\"https:\/\/wp.dev.sweetestsaffron.pirstack.com\/fr\/produit\/cellule-de-vie-resv\/\",\"url\":\"https:\/\/wp.dev.sweetestsaffron.pirstack.com\/fr\/produit\/cellule-de-vie-resv\/\",\"name\":\"Cellule de vie ResV+ - SweetestSaffron\",\"isPartOf\":{\"@id\":\"https:\/\/wp.dev.sweetestsaffron.pirstack.com\/fr\/#website\"},\"primaryImageOfPage\":{\"@id\":\"https:\/\/wp.dev.sweetestsaffron.pirstack.com\/fr\/produit\/cellule-de-vie-resv\/#primaryimage\"},\"image\":{\"@id\":\"https:\/\/wp.dev.sweetestsaffron.pirstack.com\/fr\/produit\/cellule-de-vie-resv\/#primaryimage\"},\"thumbnailUrl\":\"https:\/\/wp.dev.sweetestsaffron.pirstack.com\/wp-content\/uploads\/2022\/06\/Life-Cell-ResV.png\",\"datePublished\":\"2022-06-22T08:45:28+00:00\",\"dateModified\":\"2022-12-07T16:21:39+00:00\",\"description\":\"LifeCell ResV+ est une dose quotidienne concentr\u00e9e de Resveratrol pur, pour des bienfaits g\u00e9n\u00e9raux sur la sant\u00e9. Visitez notre site web ou contactez-nous d\u00e8s aujourd'hui.\",\"breadcrumb\":{\"@id\":\"https:\/\/wp.dev.sweetestsaffron.pirstack.com\/fr\/produit\/cellule-de-vie-resv\/#breadcrumb\"},\"inLanguage\":\"fr-FR\",\"potentialAction\":[{\"@type\":\"ReadAction\",\"target\":[\"https:\/\/wp.dev.sweetestsaffron.pirstack.com\/fr\/produit\/cellule-de-vie-resv\/\"]}]},{\"@type\":\"ImageObject\",\"inLanguage\":\"fr-FR\",\"@id\":\"https:\/\/wp.dev.sweetestsaffron.pirstack.com\/fr\/produit\/cellule-de-vie-resv\/#primaryimage\",\"url\":\"https:\/\/wp.dev.sweetestsaffron.pirstack.com\/wp-content\/uploads\/2022\/06\/Life-Cell-ResV.png\",\"contentUrl\":\"https:\/\/wp.dev.sweetestsaffron.pirstack.com\/wp-content\/uploads\/2022\/06\/Life-Cell-ResV.png\",\"width\":800,\"height\":800,\"caption\":\"Life Cell ResV+\"},{\"@type\":\"BreadcrumbList\",\"@id\":\"https:\/\/wp.dev.sweetestsaffron.pirstack.com\/fr\/produit\/cellule-de-vie-resv\/#breadcrumb\",\"itemListElement\":[{\"@type\":\"ListItem\",\"position\":1,\"name\":\"Home\",\"item\":\"https:\/\/wp.dev.sweetestsaffron.pirstack.com\/fr\/\"},{\"@type\":\"ListItem\",\"position\":2,\"name\":\"Boutique\",\"item\":\"https:\/\/wp.dev.sweetestsaffron.pirstack.com\/fr\/boutique\/\"},{\"@type\":\"ListItem\",\"position\":3,\"name\":\"Cellule de vie ResV+\"}]},{\"@type\":\"WebSite\",\"@id\":\"https:\/\/wp.dev.sweetestsaffron.pirstack.com\/fr\/#website\",\"url\":\"https:\/\/wp.dev.sweetestsaffron.pirstack.com\/fr\/\",\"name\":\"SweetestSaffron\",\"description\":\"Skincare,, Health Supplements &amp; HYPO21\",\"potentialAction\":[{\"@type\":\"SearchAction\",\"target\":{\"@type\":\"EntryPoint\",\"urlTemplate\":\"https:\/\/wp.dev.sweetestsaffron.pirstack.com\/fr\/?s={search_term_string}\"},\"query-input\":{\"@type\":\"PropertyValueSpecification\",\"valueRequired\":true,\"valueName\":\"search_term_string\"}}],\"inLanguage\":\"fr-FR\"}]}<\/script>\n<!-- \/ Yoast SEO plugin. -->","yoast_head_json":{"title":"Cellule de vie ResV+ - SweetestSaffron","description":"LifeCell ResV+ est une dose quotidienne concentr\u00e9e de Resveratrol pur, pour des bienfaits g\u00e9n\u00e9raux sur la sant\u00e9. Visitez notre site web ou contactez-nous d\u00e8s aujourd'hui.","robots":{"index":"noindex","follow":"follow","max-snippet":"max-snippet:-1","max-image-preview":"max-image-preview:large","max-video-preview":"max-video-preview:-1"},"og_locale":"fr_FR","og_type":"article","og_title":"Cellule de vie ResV+ - SweetestSaffron","og_description":"LifeCell ResV+ est une dose quotidienne concentr\u00e9e de Resveratrol pur, pour des bienfaits g\u00e9n\u00e9raux sur la sant\u00e9. Visitez notre site web ou contactez-nous d\u00e8s aujourd'hui.","og_url":"https:\/\/wp.dev.sweetestsaffron.pirstack.com\/fr\/produit\/cellule-de-vie-resv\/","og_site_name":"SweetestSaffron","article_modified_time":"2022-12-07T16:21:39+00:00","og_image":[{"width":800,"height":800,"url":"https:\/\/wp.dev.sweetestsaffron.pirstack.com\/wp-content\/uploads\/2022\/06\/Life-Cell-ResV.png","type":"image\/png"}],"twitter_card":"summary_large_image","schema":{"@context":"https:\/\/schema.org","@graph":[{"@type":"WebPage","@id":"https:\/\/wp.dev.sweetestsaffron.pirstack.com\/fr\/produit\/cellule-de-vie-resv\/","url":"https:\/\/wp.dev.sweetestsaffron.pirstack.com\/fr\/produit\/cellule-de-vie-resv\/","name":"Cellule de vie ResV+ - SweetestSaffron","isPartOf":{"@id":"https:\/\/wp.dev.sweetestsaffron.pirstack.com\/fr\/#website"},"primaryImageOfPage":{"@id":"https:\/\/wp.dev.sweetestsaffron.pirstack.com\/fr\/produit\/cellule-de-vie-resv\/#primaryimage"},"image":{"@id":"https:\/\/wp.dev.sweetestsaffron.pirstack.com\/fr\/produit\/cellule-de-vie-resv\/#primaryimage"},"thumbnailUrl":"https:\/\/wp.dev.sweetestsaffron.pirstack.com\/wp-content\/uploads\/2022\/06\/Life-Cell-ResV.png","datePublished":"2022-06-22T08:45:28+00:00","dateModified":"2022-12-07T16:21:39+00:00","description":"LifeCell ResV+ est une dose quotidienne concentr\u00e9e de Resveratrol pur, pour des bienfaits g\u00e9n\u00e9raux sur la sant\u00e9. Visitez notre site web ou contactez-nous d\u00e8s aujourd'hui.","breadcrumb":{"@id":"https:\/\/wp.dev.sweetestsaffron.pirstack.com\/fr\/produit\/cellule-de-vie-resv\/#breadcrumb"},"inLanguage":"fr-FR","potentialAction":[{"@type":"ReadAction","target":["https:\/\/wp.dev.sweetestsaffron.pirstack.com\/fr\/produit\/cellule-de-vie-resv\/"]}]},{"@type":"ImageObject","inLanguage":"fr-FR","@id":"https:\/\/wp.dev.sweetestsaffron.pirstack.com\/fr\/produit\/cellule-de-vie-resv\/#primaryimage","url":"https:\/\/wp.dev.sweetestsaffron.pirstack.com\/wp-content\/uploads\/2022\/06\/Life-Cell-ResV.png","contentUrl":"https:\/\/wp.dev.sweetestsaffron.pirstack.com\/wp-content\/uploads\/2022\/06\/Life-Cell-ResV.png","width":800,"height":800,"caption":"Life Cell ResV+"},{"@type":"BreadcrumbList","@id":"https:\/\/wp.dev.sweetestsaffron.pirstack.com\/fr\/produit\/cellule-de-vie-resv\/#breadcrumb","itemListElement":[{"@type":"ListItem","position":1,"name":"Home","item":"https:\/\/wp.dev.sweetestsaffron.pirstack.com\/fr\/"},{"@type":"ListItem","position":2,"name":"Boutique","item":"https:\/\/wp.dev.sweetestsaffron.pirstack.com\/fr\/boutique\/"},{"@type":"ListItem","position":3,"name":"Cellule de vie ResV+"}]},{"@type":"WebSite","@id":"https:\/\/wp.dev.sweetestsaffron.pirstack.com\/fr\/#website","url":"https:\/\/wp.dev.sweetestsaffron.pirstack.com\/fr\/","name":"SweetestSaffron","description":"Skincare,, Health Supplements &amp; HYPO21","potentialAction":[{"@type":"SearchAction","target":{"@type":"EntryPoint","urlTemplate":"https:\/\/wp.dev.sweetestsaffron.pirstack.com\/fr\/?s={search_term_string}"},"query-input":{"@type":"PropertyValueSpecification","valueRequired":true,"valueName":"search_term_string"}}],"inLanguage":"fr-FR"}]}},"_links":{"self":[{"href":"https:\/\/wp.dev.sweetestsaffron.pirstack.com\/fr\/wp-json\/wp\/v2\/product\/1131","targetHints":{"allow":["GET"]}}],"collection":[{"href":"https:\/\/wp.dev.sweetestsaffron.pirstack.com\/fr\/wp-json\/wp\/v2\/product"}],"about":[{"href":"https:\/\/wp.dev.sweetestsaffron.pirstack.com\/fr\/wp-json\/wp\/v2\/types\/product"}],"replies":[{"embeddable":true,"href":"https:\/\/wp.dev.sweetestsaffron.pirstack.com\/fr\/wp-json\/wp\/v2\/comments?post=1131"}],"wp:featuredmedia":[{"embeddable":true,"href":"https:\/\/wp.dev.sweetestsaffron.pirstack.com\/fr\/wp-json\/wp\/v2\/media\/827"}],"wp:attachment":[{"href":"https:\/\/wp.dev.sweetestsaffron.pirstack.com\/fr\/wp-json\/wp\/v2\/media?parent=1131"}],"wp:term":[{"taxonomy":"product_brand","embeddable":true,"href":"https:\/\/wp.dev.sweetestsaffron.pirstack.com\/fr\/wp-json\/wp\/v2\/product_brand?post=1131"},{"taxonomy":"product_cat","embeddable":true,"href":"https:\/\/wp.dev.sweetestsaffron.pirstack.com\/fr\/wp-json\/wp\/v2\/product_cat?post=1131"},{"taxonomy":"product_tag","embeddable":true,"href":"https:\/\/wp.dev.sweetestsaffron.pirstack.com\/fr\/wp-json\/wp\/v2\/product_tag?post=1131"}],"curies":[{"name":"wp","href":"https:\/\/api.w.org\/{rel}","templated":true}]}}