{"id":1127,"date":"2022-06-22T10:42:19","date_gmt":"2022-06-22T09:42:19","guid":{"rendered":"https:\/\/www.sweetestsaffron.co.uk\/product\/serum-pour-cicatrices-lifecell-30ml\/"},"modified":"2022-12-07T16:21:39","modified_gmt":"2022-12-07T16:21:39","slug":"serum-pour-cicatrices-lifecell-30ml","status":"publish","type":"product","link":"https:\/\/wp.dev.sweetestsaffron.pirstack.com\/fr\/produit\/serum-pour-cicatrices-lifecell-30ml\/","title":{"rendered":"S\u00e9rum pour cicatrices LifeCell &#8211; 30ml"},"content":{"rendered":"<p><strong>Ce que c&rsquo;est :<\/strong><\/p>\n<p>La niacinamide (vitamine B3) est un ingr\u00e9dient intelligent aux multiples facettes qui p\u00e9n\u00e8tre de fa\u00e7on unique la surface de la peau pour am\u00e9liorer l&rsquo;aspect du rel\u00e2chement et des pores dilat\u00e9s. Il normalise la fonction des pores et les prot\u00e8ge de l&rsquo;\u00e9tirement suppl\u00e9mentaire lorsqu&rsquo;ils sont expos\u00e9s aux rayons UV nocifs, pour un aspect radicalement plus lisse et plus jeune.<\/p>\n<p>Il lisse progressivement la texture rugueuse de la peau d&rsquo;orange et les bosses tenaces.<\/p>\n","protected":false},"excerpt":{"rendered":"<p>Notre s\u00e9rum concentr\u00e9 de niacinamide (vitamine B3) estompe efficacement l&rsquo;apparence de l&rsquo;hyperpigmentation, des cicatrices d&rsquo;acn\u00e9 et des dommages caus\u00e9s par le soleil, tout en lissant et en minimisant l&rsquo;apparence des pores dilat\u00e9s.<\/p>\n<ul>\n<li>Att\u00e9nue l&rsquo;apparence des taches brunes, des cicatrices et des cicatrices post-acn\u00e9iques.<\/li>\n<li>Am\u00e9liore visiblement le teint irr\u00e9gulier et d\u00e9color\u00e9 de la peau.<\/li>\n<li>R\u00e9duit consid\u00e9rablement l&rsquo;apparence des pores dilat\u00e9s.<\/li>\n<\/ul>\n","protected":false},"featured_media":839,"comment_status":"open","ping_status":"closed","template":"","meta":[],"product_brand":[],"product_cat":[39],"product_tag":[],"class_list":{"0":"post-1127","1":"product","2":"type-product","3":"status-publish","4":"has-post-thumbnail","6":"product_cat-soins-de-la-peau","8":"first","9":"instock","10":"shipping-taxable","11":"purchasable","12":"product-type-simple"},"acf":[],"yoast_head":"<!-- This site is optimized with the Yoast SEO plugin v26.7 - https:\/\/yoast.com\/wordpress\/plugins\/seo\/ -->\n<title>S\u00e9rum pour cicatrices LifeCell - 30ml - SweetestSaffron<\/title>\n<meta name=\"description\" content=\"R\u00e9duisez l&#039;apparence de l&#039;hyperpigmentation, des cicatrices d&#039;acn\u00e9 et des dommages caus\u00e9s par le soleil gr\u00e2ce au s\u00e9rum pour cicatrices LifeCell. Parcourez notre site web ou achetez aujourd&#039;hui !\" \/>\n<meta name=\"robots\" content=\"noindex, follow, max-snippet:-1, max-image-preview:large, max-video-preview:-1\" \/>\n<meta property=\"og:locale\" content=\"fr_FR\" \/>\n<meta property=\"og:type\" content=\"article\" \/>\n<meta property=\"og:title\" content=\"S\u00e9rum pour cicatrices LifeCell - 30ml - SweetestSaffron\" \/>\n<meta property=\"og:description\" content=\"R\u00e9duisez l&#039;apparence de l&#039;hyperpigmentation, des cicatrices d&#039;acn\u00e9 et des dommages caus\u00e9s par le soleil gr\u00e2ce au s\u00e9rum pour cicatrices LifeCell. Parcourez notre site web ou achetez aujourd&#039;hui !\" \/>\n<meta property=\"og:url\" content=\"https:\/\/wp.dev.sweetestsaffron.pirstack.com\/fr\/produit\/serum-pour-cicatrices-lifecell-30ml\/\" \/>\n<meta property=\"og:site_name\" content=\"SweetestSaffron\" \/>\n<meta property=\"article:modified_time\" content=\"2022-12-07T16:21:39+00:00\" \/>\n<meta property=\"og:image\" content=\"https:\/\/wp.dev.sweetestsaffron.pirstack.com\/wp-content\/uploads\/2022\/06\/LifeCell-Scar-Serum.png\" \/>\n\t<meta property=\"og:image:width\" content=\"800\" \/>\n\t<meta property=\"og:image:height\" content=\"800\" \/>\n\t<meta property=\"og:image:type\" content=\"image\/png\" \/>\n<meta name=\"twitter:card\" content=\"summary_large_image\" \/>\n<script type=\"application\/ld+json\" class=\"yoast-schema-graph\">{\"@context\":\"https:\/\/schema.org\",\"@graph\":[{\"@type\":\"WebPage\",\"@id\":\"https:\/\/wp.dev.sweetestsaffron.pirstack.com\/fr\/produit\/serum-pour-cicatrices-lifecell-30ml\/\",\"url\":\"https:\/\/wp.dev.sweetestsaffron.pirstack.com\/fr\/produit\/serum-pour-cicatrices-lifecell-30ml\/\",\"name\":\"S\u00e9rum pour cicatrices LifeCell - 30ml - SweetestSaffron\",\"isPartOf\":{\"@id\":\"https:\/\/wp.dev.sweetestsaffron.pirstack.com\/fr\/#website\"},\"primaryImageOfPage\":{\"@id\":\"https:\/\/wp.dev.sweetestsaffron.pirstack.com\/fr\/produit\/serum-pour-cicatrices-lifecell-30ml\/#primaryimage\"},\"image\":{\"@id\":\"https:\/\/wp.dev.sweetestsaffron.pirstack.com\/fr\/produit\/serum-pour-cicatrices-lifecell-30ml\/#primaryimage\"},\"thumbnailUrl\":\"https:\/\/wp.dev.sweetestsaffron.pirstack.com\/wp-content\/uploads\/2022\/06\/LifeCell-Scar-Serum.png\",\"datePublished\":\"2022-06-22T09:42:19+00:00\",\"dateModified\":\"2022-12-07T16:21:39+00:00\",\"description\":\"R\u00e9duisez l'apparence de l'hyperpigmentation, des cicatrices d'acn\u00e9 et des dommages caus\u00e9s par le soleil gr\u00e2ce au s\u00e9rum pour cicatrices LifeCell. Parcourez notre site web ou achetez aujourd'hui !\",\"breadcrumb\":{\"@id\":\"https:\/\/wp.dev.sweetestsaffron.pirstack.com\/fr\/produit\/serum-pour-cicatrices-lifecell-30ml\/#breadcrumb\"},\"inLanguage\":\"fr-FR\",\"potentialAction\":[{\"@type\":\"ReadAction\",\"target\":[\"https:\/\/wp.dev.sweetestsaffron.pirstack.com\/fr\/produit\/serum-pour-cicatrices-lifecell-30ml\/\"]}]},{\"@type\":\"ImageObject\",\"inLanguage\":\"fr-FR\",\"@id\":\"https:\/\/wp.dev.sweetestsaffron.pirstack.com\/fr\/produit\/serum-pour-cicatrices-lifecell-30ml\/#primaryimage\",\"url\":\"https:\/\/wp.dev.sweetestsaffron.pirstack.com\/wp-content\/uploads\/2022\/06\/LifeCell-Scar-Serum.png\",\"contentUrl\":\"https:\/\/wp.dev.sweetestsaffron.pirstack.com\/wp-content\/uploads\/2022\/06\/LifeCell-Scar-Serum.png\",\"width\":800,\"height\":800},{\"@type\":\"BreadcrumbList\",\"@id\":\"https:\/\/wp.dev.sweetestsaffron.pirstack.com\/fr\/produit\/serum-pour-cicatrices-lifecell-30ml\/#breadcrumb\",\"itemListElement\":[{\"@type\":\"ListItem\",\"position\":1,\"name\":\"Home\",\"item\":\"https:\/\/wp.dev.sweetestsaffron.pirstack.com\/fr\/\"},{\"@type\":\"ListItem\",\"position\":2,\"name\":\"Boutique\",\"item\":\"https:\/\/wp.dev.sweetestsaffron.pirstack.com\/fr\/boutique\/\"},{\"@type\":\"ListItem\",\"position\":3,\"name\":\"S\u00e9rum pour cicatrices LifeCell &#8211; 30ml\"}]},{\"@type\":\"WebSite\",\"@id\":\"https:\/\/wp.dev.sweetestsaffron.pirstack.com\/fr\/#website\",\"url\":\"https:\/\/wp.dev.sweetestsaffron.pirstack.com\/fr\/\",\"name\":\"SweetestSaffron\",\"description\":\"Skincare,, Health Supplements &amp; HYPO21\",\"potentialAction\":[{\"@type\":\"SearchAction\",\"target\":{\"@type\":\"EntryPoint\",\"urlTemplate\":\"https:\/\/wp.dev.sweetestsaffron.pirstack.com\/fr\/?s={search_term_string}\"},\"query-input\":{\"@type\":\"PropertyValueSpecification\",\"valueRequired\":true,\"valueName\":\"search_term_string\"}}],\"inLanguage\":\"fr-FR\"}]}<\/script>\n<!-- \/ Yoast SEO plugin. -->","yoast_head_json":{"title":"S\u00e9rum pour cicatrices LifeCell - 30ml - SweetestSaffron","description":"R\u00e9duisez l'apparence de l'hyperpigmentation, des cicatrices d'acn\u00e9 et des dommages caus\u00e9s par le soleil gr\u00e2ce au s\u00e9rum pour cicatrices LifeCell. Parcourez notre site web ou achetez aujourd'hui !","robots":{"index":"noindex","follow":"follow","max-snippet":"max-snippet:-1","max-image-preview":"max-image-preview:large","max-video-preview":"max-video-preview:-1"},"og_locale":"fr_FR","og_type":"article","og_title":"S\u00e9rum pour cicatrices LifeCell - 30ml - SweetestSaffron","og_description":"R\u00e9duisez l'apparence de l'hyperpigmentation, des cicatrices d'acn\u00e9 et des dommages caus\u00e9s par le soleil gr\u00e2ce au s\u00e9rum pour cicatrices LifeCell. Parcourez notre site web ou achetez aujourd'hui !","og_url":"https:\/\/wp.dev.sweetestsaffron.pirstack.com\/fr\/produit\/serum-pour-cicatrices-lifecell-30ml\/","og_site_name":"SweetestSaffron","article_modified_time":"2022-12-07T16:21:39+00:00","og_image":[{"width":800,"height":800,"url":"https:\/\/wp.dev.sweetestsaffron.pirstack.com\/wp-content\/uploads\/2022\/06\/LifeCell-Scar-Serum.png","type":"image\/png"}],"twitter_card":"summary_large_image","schema":{"@context":"https:\/\/schema.org","@graph":[{"@type":"WebPage","@id":"https:\/\/wp.dev.sweetestsaffron.pirstack.com\/fr\/produit\/serum-pour-cicatrices-lifecell-30ml\/","url":"https:\/\/wp.dev.sweetestsaffron.pirstack.com\/fr\/produit\/serum-pour-cicatrices-lifecell-30ml\/","name":"S\u00e9rum pour cicatrices LifeCell - 30ml - SweetestSaffron","isPartOf":{"@id":"https:\/\/wp.dev.sweetestsaffron.pirstack.com\/fr\/#website"},"primaryImageOfPage":{"@id":"https:\/\/wp.dev.sweetestsaffron.pirstack.com\/fr\/produit\/serum-pour-cicatrices-lifecell-30ml\/#primaryimage"},"image":{"@id":"https:\/\/wp.dev.sweetestsaffron.pirstack.com\/fr\/produit\/serum-pour-cicatrices-lifecell-30ml\/#primaryimage"},"thumbnailUrl":"https:\/\/wp.dev.sweetestsaffron.pirstack.com\/wp-content\/uploads\/2022\/06\/LifeCell-Scar-Serum.png","datePublished":"2022-06-22T09:42:19+00:00","dateModified":"2022-12-07T16:21:39+00:00","description":"R\u00e9duisez l'apparence de l'hyperpigmentation, des cicatrices d'acn\u00e9 et des dommages caus\u00e9s par le soleil gr\u00e2ce au s\u00e9rum pour cicatrices LifeCell. Parcourez notre site web ou achetez aujourd'hui !","breadcrumb":{"@id":"https:\/\/wp.dev.sweetestsaffron.pirstack.com\/fr\/produit\/serum-pour-cicatrices-lifecell-30ml\/#breadcrumb"},"inLanguage":"fr-FR","potentialAction":[{"@type":"ReadAction","target":["https:\/\/wp.dev.sweetestsaffron.pirstack.com\/fr\/produit\/serum-pour-cicatrices-lifecell-30ml\/"]}]},{"@type":"ImageObject","inLanguage":"fr-FR","@id":"https:\/\/wp.dev.sweetestsaffron.pirstack.com\/fr\/produit\/serum-pour-cicatrices-lifecell-30ml\/#primaryimage","url":"https:\/\/wp.dev.sweetestsaffron.pirstack.com\/wp-content\/uploads\/2022\/06\/LifeCell-Scar-Serum.png","contentUrl":"https:\/\/wp.dev.sweetestsaffron.pirstack.com\/wp-content\/uploads\/2022\/06\/LifeCell-Scar-Serum.png","width":800,"height":800},{"@type":"BreadcrumbList","@id":"https:\/\/wp.dev.sweetestsaffron.pirstack.com\/fr\/produit\/serum-pour-cicatrices-lifecell-30ml\/#breadcrumb","itemListElement":[{"@type":"ListItem","position":1,"name":"Home","item":"https:\/\/wp.dev.sweetestsaffron.pirstack.com\/fr\/"},{"@type":"ListItem","position":2,"name":"Boutique","item":"https:\/\/wp.dev.sweetestsaffron.pirstack.com\/fr\/boutique\/"},{"@type":"ListItem","position":3,"name":"S\u00e9rum pour cicatrices LifeCell &#8211; 30ml"}]},{"@type":"WebSite","@id":"https:\/\/wp.dev.sweetestsaffron.pirstack.com\/fr\/#website","url":"https:\/\/wp.dev.sweetestsaffron.pirstack.com\/fr\/","name":"SweetestSaffron","description":"Skincare,, Health Supplements &amp; HYPO21","potentialAction":[{"@type":"SearchAction","target":{"@type":"EntryPoint","urlTemplate":"https:\/\/wp.dev.sweetestsaffron.pirstack.com\/fr\/?s={search_term_string}"},"query-input":{"@type":"PropertyValueSpecification","valueRequired":true,"valueName":"search_term_string"}}],"inLanguage":"fr-FR"}]}},"_links":{"self":[{"href":"https:\/\/wp.dev.sweetestsaffron.pirstack.com\/fr\/wp-json\/wp\/v2\/product\/1127","targetHints":{"allow":["GET"]}}],"collection":[{"href":"https:\/\/wp.dev.sweetestsaffron.pirstack.com\/fr\/wp-json\/wp\/v2\/product"}],"about":[{"href":"https:\/\/wp.dev.sweetestsaffron.pirstack.com\/fr\/wp-json\/wp\/v2\/types\/product"}],"replies":[{"embeddable":true,"href":"https:\/\/wp.dev.sweetestsaffron.pirstack.com\/fr\/wp-json\/wp\/v2\/comments?post=1127"}],"wp:featuredmedia":[{"embeddable":true,"href":"https:\/\/wp.dev.sweetestsaffron.pirstack.com\/fr\/wp-json\/wp\/v2\/media\/839"}],"wp:attachment":[{"href":"https:\/\/wp.dev.sweetestsaffron.pirstack.com\/fr\/wp-json\/wp\/v2\/media?parent=1127"}],"wp:term":[{"taxonomy":"product_brand","embeddable":true,"href":"https:\/\/wp.dev.sweetestsaffron.pirstack.com\/fr\/wp-json\/wp\/v2\/product_brand?post=1127"},{"taxonomy":"product_cat","embeddable":true,"href":"https:\/\/wp.dev.sweetestsaffron.pirstack.com\/fr\/wp-json\/wp\/v2\/product_cat?post=1127"},{"taxonomy":"product_tag","embeddable":true,"href":"https:\/\/wp.dev.sweetestsaffron.pirstack.com\/fr\/wp-json\/wp\/v2\/product_tag?post=1127"}],"curies":[{"name":"wp","href":"https:\/\/api.w.org\/{rel}","templated":true}]}}