{"id":1126,"date":"2022-06-22T11:02:44","date_gmt":"2022-06-22T10:02:44","guid":{"rendered":"https:\/\/www.sweetestsaffron.co.uk\/product\/masque-de-sommeil-lifecell-100ml\/"},"modified":"2024-07-12T20:22:07","modified_gmt":"2024-07-12T19:22:07","slug":"masque-de-sommeil-lifecell-100ml","status":"publish","type":"product","link":"https:\/\/wp.dev.sweetestsaffron.pirstack.com\/fr\/produit\/masque-de-sommeil-lifecell-100ml\/","title":{"rendered":"Masque de sommeil LifeCell &#8211; 100ml"},"content":{"rendered":"<p><strong>Comment fonctionne le masque raffermissant LifeCell Overnight ?<\/strong><\/p>\n<p>Notre formule innovante hydrate et aide les ingr\u00e9dients anti-\u00e2ge \u00e0 p\u00e9n\u00e9trer dans la peau. Le masque raffermissant de nuit est la derni\u00e8re \u00e9tape de votre programme de soins du soir. La formule hydratante et repulpante scelle les ingr\u00e9dients actifs de votre soin, apporte de l&rsquo;humidit\u00e9, calme la peau et favorise un aspect plus ferme, plus lumineux et plus sculpt\u00e9.<\/p>\n","protected":false},"excerpt":{"rendered":"<p>Les masques de nuit agissent en profondeur<\/p>\n","protected":false},"featured_media":2434,"comment_status":"open","ping_status":"closed","template":"","meta":[],"product_brand":[],"product_cat":[39],"product_tag":[],"class_list":{"0":"post-1126","1":"product","2":"type-product","3":"status-publish","4":"has-post-thumbnail","6":"product_cat-soins-de-la-peau","8":"first","9":"instock","10":"shipping-taxable","11":"purchasable","12":"product-type-simple"},"acf":[],"yoast_head":"<!-- This site is optimized with the Yoast SEO plugin v26.7 - https:\/\/yoast.com\/wordpress\/plugins\/seo\/ -->\n<title>Masque de sommeil LifeCell - 100ml - SweetestSaffron<\/title>\n<meta name=\"description\" content=\"Masque de sommeil LifeCell pour r\u00e9duire les signes du vieillissement, disponible \u00e0 l&#039;achat sur SweetestSaffron. Livraison GRATUITE sur toutes les commandes au Royaume-Uni.\" \/>\n<meta name=\"robots\" content=\"noindex, follow, max-snippet:-1, max-image-preview:large, max-video-preview:-1\" \/>\n<meta property=\"og:locale\" content=\"fr_FR\" \/>\n<meta property=\"og:type\" content=\"article\" \/>\n<meta property=\"og:title\" content=\"Masque de sommeil LifeCell - 100ml - SweetestSaffron\" \/>\n<meta property=\"og:description\" content=\"Masque de sommeil LifeCell pour r\u00e9duire les signes du vieillissement, disponible \u00e0 l&#039;achat sur SweetestSaffron. Livraison GRATUITE sur toutes les commandes au Royaume-Uni.\" \/>\n<meta property=\"og:url\" content=\"https:\/\/wp.dev.sweetestsaffron.pirstack.com\/fr\/produit\/masque-de-sommeil-lifecell-100ml\/\" \/>\n<meta property=\"og:site_name\" content=\"SweetestSaffron\" \/>\n<meta property=\"article:modified_time\" content=\"2024-07-12T19:22:07+00:00\" \/>\n<meta property=\"og:image\" content=\"https:\/\/wp.dev.sweetestsaffron.pirstack.com\/wp-content\/uploads\/2022\/06\/A7301985-scaled.jpg\" \/>\n\t<meta property=\"og:image:width\" content=\"1707\" \/>\n\t<meta property=\"og:image:height\" content=\"2560\" \/>\n\t<meta property=\"og:image:type\" content=\"image\/jpeg\" \/>\n<meta name=\"twitter:card\" content=\"summary_large_image\" \/>\n<script type=\"application\/ld+json\" class=\"yoast-schema-graph\">{\"@context\":\"https:\/\/schema.org\",\"@graph\":[{\"@type\":\"WebPage\",\"@id\":\"https:\/\/wp.dev.sweetestsaffron.pirstack.com\/fr\/produit\/masque-de-sommeil-lifecell-100ml\/\",\"url\":\"https:\/\/wp.dev.sweetestsaffron.pirstack.com\/fr\/produit\/masque-de-sommeil-lifecell-100ml\/\",\"name\":\"Masque de sommeil LifeCell - 100ml - SweetestSaffron\",\"isPartOf\":{\"@id\":\"https:\/\/wp.dev.sweetestsaffron.pirstack.com\/fr\/#website\"},\"primaryImageOfPage\":{\"@id\":\"https:\/\/wp.dev.sweetestsaffron.pirstack.com\/fr\/produit\/masque-de-sommeil-lifecell-100ml\/#primaryimage\"},\"image\":{\"@id\":\"https:\/\/wp.dev.sweetestsaffron.pirstack.com\/fr\/produit\/masque-de-sommeil-lifecell-100ml\/#primaryimage\"},\"thumbnailUrl\":\"https:\/\/wp.dev.sweetestsaffron.pirstack.com\/wp-content\/uploads\/2022\/06\/A7301985-scaled.jpg\",\"datePublished\":\"2022-06-22T10:02:44+00:00\",\"dateModified\":\"2024-07-12T19:22:07+00:00\",\"description\":\"Masque de sommeil LifeCell pour r\u00e9duire les signes du vieillissement, disponible \u00e0 l'achat sur SweetestSaffron. Livraison GRATUITE sur toutes les commandes au Royaume-Uni.\",\"breadcrumb\":{\"@id\":\"https:\/\/wp.dev.sweetestsaffron.pirstack.com\/fr\/produit\/masque-de-sommeil-lifecell-100ml\/#breadcrumb\"},\"inLanguage\":\"fr-FR\",\"potentialAction\":[{\"@type\":\"ReadAction\",\"target\":[\"https:\/\/wp.dev.sweetestsaffron.pirstack.com\/fr\/produit\/masque-de-sommeil-lifecell-100ml\/\"]}]},{\"@type\":\"ImageObject\",\"inLanguage\":\"fr-FR\",\"@id\":\"https:\/\/wp.dev.sweetestsaffron.pirstack.com\/fr\/produit\/masque-de-sommeil-lifecell-100ml\/#primaryimage\",\"url\":\"https:\/\/wp.dev.sweetestsaffron.pirstack.com\/wp-content\/uploads\/2022\/06\/A7301985-scaled.jpg\",\"contentUrl\":\"https:\/\/wp.dev.sweetestsaffron.pirstack.com\/wp-content\/uploads\/2022\/06\/A7301985-scaled.jpg\",\"width\":1707,\"height\":2560,\"caption\":\"LifeCell Sleeping Mask\"},{\"@type\":\"BreadcrumbList\",\"@id\":\"https:\/\/wp.dev.sweetestsaffron.pirstack.com\/fr\/produit\/masque-de-sommeil-lifecell-100ml\/#breadcrumb\",\"itemListElement\":[{\"@type\":\"ListItem\",\"position\":1,\"name\":\"Home\",\"item\":\"https:\/\/wp.dev.sweetestsaffron.pirstack.com\/fr\/\"},{\"@type\":\"ListItem\",\"position\":2,\"name\":\"Boutique\",\"item\":\"https:\/\/wp.dev.sweetestsaffron.pirstack.com\/fr\/boutique\/\"},{\"@type\":\"ListItem\",\"position\":3,\"name\":\"Masque de sommeil LifeCell &#8211; 100ml\"}]},{\"@type\":\"WebSite\",\"@id\":\"https:\/\/wp.dev.sweetestsaffron.pirstack.com\/fr\/#website\",\"url\":\"https:\/\/wp.dev.sweetestsaffron.pirstack.com\/fr\/\",\"name\":\"SweetestSaffron\",\"description\":\"Skincare,, Health Supplements &amp; HYPO21\",\"potentialAction\":[{\"@type\":\"SearchAction\",\"target\":{\"@type\":\"EntryPoint\",\"urlTemplate\":\"https:\/\/wp.dev.sweetestsaffron.pirstack.com\/fr\/?s={search_term_string}\"},\"query-input\":{\"@type\":\"PropertyValueSpecification\",\"valueRequired\":true,\"valueName\":\"search_term_string\"}}],\"inLanguage\":\"fr-FR\"}]}<\/script>\n<!-- \/ Yoast SEO plugin. -->","yoast_head_json":{"title":"Masque de sommeil LifeCell - 100ml - SweetestSaffron","description":"Masque de sommeil LifeCell pour r\u00e9duire les signes du vieillissement, disponible \u00e0 l'achat sur SweetestSaffron. Livraison GRATUITE sur toutes les commandes au Royaume-Uni.","robots":{"index":"noindex","follow":"follow","max-snippet":"max-snippet:-1","max-image-preview":"max-image-preview:large","max-video-preview":"max-video-preview:-1"},"og_locale":"fr_FR","og_type":"article","og_title":"Masque de sommeil LifeCell - 100ml - SweetestSaffron","og_description":"Masque de sommeil LifeCell pour r\u00e9duire les signes du vieillissement, disponible \u00e0 l'achat sur SweetestSaffron. Livraison GRATUITE sur toutes les commandes au Royaume-Uni.","og_url":"https:\/\/wp.dev.sweetestsaffron.pirstack.com\/fr\/produit\/masque-de-sommeil-lifecell-100ml\/","og_site_name":"SweetestSaffron","article_modified_time":"2024-07-12T19:22:07+00:00","og_image":[{"width":1707,"height":2560,"url":"https:\/\/wp.dev.sweetestsaffron.pirstack.com\/wp-content\/uploads\/2022\/06\/A7301985-scaled.jpg","type":"image\/jpeg"}],"twitter_card":"summary_large_image","schema":{"@context":"https:\/\/schema.org","@graph":[{"@type":"WebPage","@id":"https:\/\/wp.dev.sweetestsaffron.pirstack.com\/fr\/produit\/masque-de-sommeil-lifecell-100ml\/","url":"https:\/\/wp.dev.sweetestsaffron.pirstack.com\/fr\/produit\/masque-de-sommeil-lifecell-100ml\/","name":"Masque de sommeil LifeCell - 100ml - SweetestSaffron","isPartOf":{"@id":"https:\/\/wp.dev.sweetestsaffron.pirstack.com\/fr\/#website"},"primaryImageOfPage":{"@id":"https:\/\/wp.dev.sweetestsaffron.pirstack.com\/fr\/produit\/masque-de-sommeil-lifecell-100ml\/#primaryimage"},"image":{"@id":"https:\/\/wp.dev.sweetestsaffron.pirstack.com\/fr\/produit\/masque-de-sommeil-lifecell-100ml\/#primaryimage"},"thumbnailUrl":"https:\/\/wp.dev.sweetestsaffron.pirstack.com\/wp-content\/uploads\/2022\/06\/A7301985-scaled.jpg","datePublished":"2022-06-22T10:02:44+00:00","dateModified":"2024-07-12T19:22:07+00:00","description":"Masque de sommeil LifeCell pour r\u00e9duire les signes du vieillissement, disponible \u00e0 l'achat sur SweetestSaffron. Livraison GRATUITE sur toutes les commandes au Royaume-Uni.","breadcrumb":{"@id":"https:\/\/wp.dev.sweetestsaffron.pirstack.com\/fr\/produit\/masque-de-sommeil-lifecell-100ml\/#breadcrumb"},"inLanguage":"fr-FR","potentialAction":[{"@type":"ReadAction","target":["https:\/\/wp.dev.sweetestsaffron.pirstack.com\/fr\/produit\/masque-de-sommeil-lifecell-100ml\/"]}]},{"@type":"ImageObject","inLanguage":"fr-FR","@id":"https:\/\/wp.dev.sweetestsaffron.pirstack.com\/fr\/produit\/masque-de-sommeil-lifecell-100ml\/#primaryimage","url":"https:\/\/wp.dev.sweetestsaffron.pirstack.com\/wp-content\/uploads\/2022\/06\/A7301985-scaled.jpg","contentUrl":"https:\/\/wp.dev.sweetestsaffron.pirstack.com\/wp-content\/uploads\/2022\/06\/A7301985-scaled.jpg","width":1707,"height":2560,"caption":"LifeCell Sleeping Mask"},{"@type":"BreadcrumbList","@id":"https:\/\/wp.dev.sweetestsaffron.pirstack.com\/fr\/produit\/masque-de-sommeil-lifecell-100ml\/#breadcrumb","itemListElement":[{"@type":"ListItem","position":1,"name":"Home","item":"https:\/\/wp.dev.sweetestsaffron.pirstack.com\/fr\/"},{"@type":"ListItem","position":2,"name":"Boutique","item":"https:\/\/wp.dev.sweetestsaffron.pirstack.com\/fr\/boutique\/"},{"@type":"ListItem","position":3,"name":"Masque de sommeil LifeCell &#8211; 100ml"}]},{"@type":"WebSite","@id":"https:\/\/wp.dev.sweetestsaffron.pirstack.com\/fr\/#website","url":"https:\/\/wp.dev.sweetestsaffron.pirstack.com\/fr\/","name":"SweetestSaffron","description":"Skincare,, Health Supplements &amp; HYPO21","potentialAction":[{"@type":"SearchAction","target":{"@type":"EntryPoint","urlTemplate":"https:\/\/wp.dev.sweetestsaffron.pirstack.com\/fr\/?s={search_term_string}"},"query-input":{"@type":"PropertyValueSpecification","valueRequired":true,"valueName":"search_term_string"}}],"inLanguage":"fr-FR"}]}},"_links":{"self":[{"href":"https:\/\/wp.dev.sweetestsaffron.pirstack.com\/fr\/wp-json\/wp\/v2\/product\/1126","targetHints":{"allow":["GET"]}}],"collection":[{"href":"https:\/\/wp.dev.sweetestsaffron.pirstack.com\/fr\/wp-json\/wp\/v2\/product"}],"about":[{"href":"https:\/\/wp.dev.sweetestsaffron.pirstack.com\/fr\/wp-json\/wp\/v2\/types\/product"}],"replies":[{"embeddable":true,"href":"https:\/\/wp.dev.sweetestsaffron.pirstack.com\/fr\/wp-json\/wp\/v2\/comments?post=1126"}],"wp:featuredmedia":[{"embeddable":true,"href":"https:\/\/wp.dev.sweetestsaffron.pirstack.com\/fr\/wp-json\/wp\/v2\/media\/2434"}],"wp:attachment":[{"href":"https:\/\/wp.dev.sweetestsaffron.pirstack.com\/fr\/wp-json\/wp\/v2\/media?parent=1126"}],"wp:term":[{"taxonomy":"product_brand","embeddable":true,"href":"https:\/\/wp.dev.sweetestsaffron.pirstack.com\/fr\/wp-json\/wp\/v2\/product_brand?post=1126"},{"taxonomy":"product_cat","embeddable":true,"href":"https:\/\/wp.dev.sweetestsaffron.pirstack.com\/fr\/wp-json\/wp\/v2\/product_cat?post=1126"},{"taxonomy":"product_tag","embeddable":true,"href":"https:\/\/wp.dev.sweetestsaffron.pirstack.com\/fr\/wp-json\/wp\/v2\/product_tag?post=1126"}],"curies":[{"name":"wp","href":"https:\/\/api.w.org\/{rel}","templated":true}]}}