{"id":1121,"date":"2022-06-14T12:43:26","date_gmt":"2022-06-14T11:43:26","guid":{"rendered":"https:\/\/www.sweetestsaffron.co.uk\/product\/lifecell-myco-produit-dietetique-a-base-de-champignons\/"},"modified":"2022-12-07T16:21:32","modified_gmt":"2022-12-07T16:21:32","slug":"lifecell-myco-produit-dietetique-a-base-de-champignons","status":"publish","type":"product","link":"https:\/\/wp.dev.sweetestsaffron.pirstack.com\/fr\/produit\/lifecell-myco-produit-dietetique-a-base-de-champignons\/","title":{"rendered":"LifeCell Myco + Produit di\u00e9t\u00e9tique \u00e0 base de champignons"},"content":{"rendered":"<p>En combinant 3 des esp\u00e8ces mycologiques les plus \u00e9tudi\u00e9es de la plan\u00e8te, LifeCell Myco+ offre une formule de bien-\u00eatre \u00e0 nulle autre pareille. Am\u00e9liorez la sant\u00e9 intestinale, acc\u00e9l\u00e9rez la perte de poids, renforcez la fonction immunitaire, l&rsquo;\u00e9nergie naturelle et plus encore avec notre m\u00e9lange de champignons Reishi, Turkey Tail et Shiitake.<\/p>\n<p>Le maintien d&rsquo;un \u00e9quilibre sain des bact\u00e9ries b\u00e9n\u00e9fiques dans votre intestin est essentiel pour conserver un syst\u00e8me immunitaire fort. Vos bact\u00e9ries intestinales interagissent avec les cellules immunitaires et ont un impact direct sur votre r\u00e9ponse immunitaire. Les champignons de la queue de dinde contiennent des pr\u00e9biotiques, qui contribuent \u00e0 nourrir ces bact\u00e9ries utiles. Une \u00e9tude de 8 semaines men\u00e9e sur 24 personnes en bonne sant\u00e9 a r\u00e9v\u00e9l\u00e9 que la consommation quotidienne de 3 600 mg de PSP extrait de champignons de la queue de dinde entra\u00eenait des modifications b\u00e9n\u00e9fiques des bact\u00e9ries intestinales et supprimait la croissance des bact\u00e9ries E. coli et Shigella, potentiellement probl\u00e9matiques.<\/p>\n","protected":false},"excerpt":{"rendered":"<p>LifeCell Myco+ est un m\u00e9lange s\u00fbr et naturel de champignons pr\u00e9biotiques formul\u00e9 pour la perte de poids et une digestion saine.<\/p>\n","protected":false},"featured_media":823,"comment_status":"open","ping_status":"closed","template":"","meta":[],"product_brand":[],"product_cat":[40],"product_tag":[],"class_list":{"0":"post-1121","1":"product","2":"type-product","3":"status-publish","4":"has-post-thumbnail","6":"product_cat-supplements-de-sante","8":"first","9":"instock","10":"shipping-taxable","11":"purchasable","12":"product-type-simple"},"acf":[],"yoast_head":"<!-- This site is optimized with the Yoast SEO plugin v26.7 - https:\/\/yoast.com\/wordpress\/plugins\/seo\/ -->\n<title>LifeCell Myco + Produit di\u00e9t\u00e9tique \u00e0 base de champignons - SweetestSaffron<\/title>\n<meta name=\"description\" content=\"LifeCell Myco+ est un m\u00e9lange s\u00fbr et naturel de champignons pr\u00e9biotiques pour am\u00e9liorer la digestion et favoriser la perte de poids. Achetez aujourd&#039;hui !\" \/>\n<meta name=\"robots\" content=\"noindex, follow, max-snippet:-1, max-image-preview:large, max-video-preview:-1\" \/>\n<meta property=\"og:locale\" content=\"fr_FR\" \/>\n<meta property=\"og:type\" content=\"article\" \/>\n<meta property=\"og:title\" content=\"LifeCell Myco + Produit di\u00e9t\u00e9tique \u00e0 base de champignons - SweetestSaffron\" \/>\n<meta property=\"og:description\" content=\"LifeCell Myco+ est un m\u00e9lange s\u00fbr et naturel de champignons pr\u00e9biotiques pour am\u00e9liorer la digestion et favoriser la perte de poids. Achetez aujourd&#039;hui !\" \/>\n<meta property=\"og:url\" content=\"https:\/\/wp.dev.sweetestsaffron.pirstack.com\/fr\/produit\/lifecell-myco-produit-dietetique-a-base-de-champignons\/\" \/>\n<meta property=\"og:site_name\" content=\"SweetestSaffron\" \/>\n<meta property=\"article:modified_time\" content=\"2022-12-07T16:21:32+00:00\" \/>\n<meta property=\"og:image\" content=\"https:\/\/wp.dev.sweetestsaffron.pirstack.com\/wp-content\/uploads\/2022\/06\/LifeCell-Myco-.png\" \/>\n\t<meta property=\"og:image:width\" content=\"1000\" \/>\n\t<meta property=\"og:image:height\" content=\"1000\" \/>\n\t<meta property=\"og:image:type\" content=\"image\/png\" \/>\n<meta name=\"twitter:card\" content=\"summary_large_image\" \/>\n<meta name=\"twitter:label1\" content=\"Dur\u00e9e de lecture estim\u00e9e\" \/>\n\t<meta name=\"twitter:data1\" content=\"1 minute\" \/>\n<script type=\"application\/ld+json\" class=\"yoast-schema-graph\">{\"@context\":\"https:\/\/schema.org\",\"@graph\":[{\"@type\":\"WebPage\",\"@id\":\"https:\/\/wp.dev.sweetestsaffron.pirstack.com\/fr\/produit\/lifecell-myco-produit-dietetique-a-base-de-champignons\/\",\"url\":\"https:\/\/wp.dev.sweetestsaffron.pirstack.com\/fr\/produit\/lifecell-myco-produit-dietetique-a-base-de-champignons\/\",\"name\":\"LifeCell Myco + Produit di\u00e9t\u00e9tique \u00e0 base de champignons - SweetestSaffron\",\"isPartOf\":{\"@id\":\"https:\/\/wp.dev.sweetestsaffron.pirstack.com\/fr\/#website\"},\"primaryImageOfPage\":{\"@id\":\"https:\/\/wp.dev.sweetestsaffron.pirstack.com\/fr\/produit\/lifecell-myco-produit-dietetique-a-base-de-champignons\/#primaryimage\"},\"image\":{\"@id\":\"https:\/\/wp.dev.sweetestsaffron.pirstack.com\/fr\/produit\/lifecell-myco-produit-dietetique-a-base-de-champignons\/#primaryimage\"},\"thumbnailUrl\":\"https:\/\/wp.dev.sweetestsaffron.pirstack.com\/wp-content\/uploads\/2022\/06\/LifeCell-Myco-.png\",\"datePublished\":\"2022-06-14T11:43:26+00:00\",\"dateModified\":\"2022-12-07T16:21:32+00:00\",\"description\":\"LifeCell Myco+ est un m\u00e9lange s\u00fbr et naturel de champignons pr\u00e9biotiques pour am\u00e9liorer la digestion et favoriser la perte de poids. Achetez aujourd'hui !\",\"breadcrumb\":{\"@id\":\"https:\/\/wp.dev.sweetestsaffron.pirstack.com\/fr\/produit\/lifecell-myco-produit-dietetique-a-base-de-champignons\/#breadcrumb\"},\"inLanguage\":\"fr-FR\",\"potentialAction\":[{\"@type\":\"ReadAction\",\"target\":[\"https:\/\/wp.dev.sweetestsaffron.pirstack.com\/fr\/produit\/lifecell-myco-produit-dietetique-a-base-de-champignons\/\"]}]},{\"@type\":\"ImageObject\",\"inLanguage\":\"fr-FR\",\"@id\":\"https:\/\/wp.dev.sweetestsaffron.pirstack.com\/fr\/produit\/lifecell-myco-produit-dietetique-a-base-de-champignons\/#primaryimage\",\"url\":\"https:\/\/wp.dev.sweetestsaffron.pirstack.com\/wp-content\/uploads\/2022\/06\/LifeCell-Myco-.png\",\"contentUrl\":\"https:\/\/wp.dev.sweetestsaffron.pirstack.com\/wp-content\/uploads\/2022\/06\/LifeCell-Myco-.png\",\"width\":1000,\"height\":1000,\"caption\":\"LifeCell Myco+ Mushroom Supplement\"},{\"@type\":\"BreadcrumbList\",\"@id\":\"https:\/\/wp.dev.sweetestsaffron.pirstack.com\/fr\/produit\/lifecell-myco-produit-dietetique-a-base-de-champignons\/#breadcrumb\",\"itemListElement\":[{\"@type\":\"ListItem\",\"position\":1,\"name\":\"Home\",\"item\":\"https:\/\/wp.dev.sweetestsaffron.pirstack.com\/fr\/\"},{\"@type\":\"ListItem\",\"position\":2,\"name\":\"Boutique\",\"item\":\"https:\/\/wp.dev.sweetestsaffron.pirstack.com\/fr\/boutique\/\"},{\"@type\":\"ListItem\",\"position\":3,\"name\":\"LifeCell Myco + Produit di\u00e9t\u00e9tique \u00e0 base de champignons\"}]},{\"@type\":\"WebSite\",\"@id\":\"https:\/\/wp.dev.sweetestsaffron.pirstack.com\/fr\/#website\",\"url\":\"https:\/\/wp.dev.sweetestsaffron.pirstack.com\/fr\/\",\"name\":\"SweetestSaffron\",\"description\":\"Skincare,, Health Supplements &amp; HYPO21\",\"potentialAction\":[{\"@type\":\"SearchAction\",\"target\":{\"@type\":\"EntryPoint\",\"urlTemplate\":\"https:\/\/wp.dev.sweetestsaffron.pirstack.com\/fr\/?s={search_term_string}\"},\"query-input\":{\"@type\":\"PropertyValueSpecification\",\"valueRequired\":true,\"valueName\":\"search_term_string\"}}],\"inLanguage\":\"fr-FR\"}]}<\/script>\n<!-- \/ Yoast SEO plugin. -->","yoast_head_json":{"title":"LifeCell Myco + Produit di\u00e9t\u00e9tique \u00e0 base de champignons - SweetestSaffron","description":"LifeCell Myco+ est un m\u00e9lange s\u00fbr et naturel de champignons pr\u00e9biotiques pour am\u00e9liorer la digestion et favoriser la perte de poids. Achetez aujourd'hui !","robots":{"index":"noindex","follow":"follow","max-snippet":"max-snippet:-1","max-image-preview":"max-image-preview:large","max-video-preview":"max-video-preview:-1"},"og_locale":"fr_FR","og_type":"article","og_title":"LifeCell Myco + Produit di\u00e9t\u00e9tique \u00e0 base de champignons - SweetestSaffron","og_description":"LifeCell Myco+ est un m\u00e9lange s\u00fbr et naturel de champignons pr\u00e9biotiques pour am\u00e9liorer la digestion et favoriser la perte de poids. Achetez aujourd'hui !","og_url":"https:\/\/wp.dev.sweetestsaffron.pirstack.com\/fr\/produit\/lifecell-myco-produit-dietetique-a-base-de-champignons\/","og_site_name":"SweetestSaffron","article_modified_time":"2022-12-07T16:21:32+00:00","og_image":[{"width":1000,"height":1000,"url":"https:\/\/wp.dev.sweetestsaffron.pirstack.com\/wp-content\/uploads\/2022\/06\/LifeCell-Myco-.png","type":"image\/png"}],"twitter_card":"summary_large_image","twitter_misc":{"Dur\u00e9e de lecture estim\u00e9e":"1 minute"},"schema":{"@context":"https:\/\/schema.org","@graph":[{"@type":"WebPage","@id":"https:\/\/wp.dev.sweetestsaffron.pirstack.com\/fr\/produit\/lifecell-myco-produit-dietetique-a-base-de-champignons\/","url":"https:\/\/wp.dev.sweetestsaffron.pirstack.com\/fr\/produit\/lifecell-myco-produit-dietetique-a-base-de-champignons\/","name":"LifeCell Myco + Produit di\u00e9t\u00e9tique \u00e0 base de champignons - SweetestSaffron","isPartOf":{"@id":"https:\/\/wp.dev.sweetestsaffron.pirstack.com\/fr\/#website"},"primaryImageOfPage":{"@id":"https:\/\/wp.dev.sweetestsaffron.pirstack.com\/fr\/produit\/lifecell-myco-produit-dietetique-a-base-de-champignons\/#primaryimage"},"image":{"@id":"https:\/\/wp.dev.sweetestsaffron.pirstack.com\/fr\/produit\/lifecell-myco-produit-dietetique-a-base-de-champignons\/#primaryimage"},"thumbnailUrl":"https:\/\/wp.dev.sweetestsaffron.pirstack.com\/wp-content\/uploads\/2022\/06\/LifeCell-Myco-.png","datePublished":"2022-06-14T11:43:26+00:00","dateModified":"2022-12-07T16:21:32+00:00","description":"LifeCell Myco+ est un m\u00e9lange s\u00fbr et naturel de champignons pr\u00e9biotiques pour am\u00e9liorer la digestion et favoriser la perte de poids. Achetez aujourd'hui !","breadcrumb":{"@id":"https:\/\/wp.dev.sweetestsaffron.pirstack.com\/fr\/produit\/lifecell-myco-produit-dietetique-a-base-de-champignons\/#breadcrumb"},"inLanguage":"fr-FR","potentialAction":[{"@type":"ReadAction","target":["https:\/\/wp.dev.sweetestsaffron.pirstack.com\/fr\/produit\/lifecell-myco-produit-dietetique-a-base-de-champignons\/"]}]},{"@type":"ImageObject","inLanguage":"fr-FR","@id":"https:\/\/wp.dev.sweetestsaffron.pirstack.com\/fr\/produit\/lifecell-myco-produit-dietetique-a-base-de-champignons\/#primaryimage","url":"https:\/\/wp.dev.sweetestsaffron.pirstack.com\/wp-content\/uploads\/2022\/06\/LifeCell-Myco-.png","contentUrl":"https:\/\/wp.dev.sweetestsaffron.pirstack.com\/wp-content\/uploads\/2022\/06\/LifeCell-Myco-.png","width":1000,"height":1000,"caption":"LifeCell Myco+ Mushroom Supplement"},{"@type":"BreadcrumbList","@id":"https:\/\/wp.dev.sweetestsaffron.pirstack.com\/fr\/produit\/lifecell-myco-produit-dietetique-a-base-de-champignons\/#breadcrumb","itemListElement":[{"@type":"ListItem","position":1,"name":"Home","item":"https:\/\/wp.dev.sweetestsaffron.pirstack.com\/fr\/"},{"@type":"ListItem","position":2,"name":"Boutique","item":"https:\/\/wp.dev.sweetestsaffron.pirstack.com\/fr\/boutique\/"},{"@type":"ListItem","position":3,"name":"LifeCell Myco + Produit di\u00e9t\u00e9tique \u00e0 base de champignons"}]},{"@type":"WebSite","@id":"https:\/\/wp.dev.sweetestsaffron.pirstack.com\/fr\/#website","url":"https:\/\/wp.dev.sweetestsaffron.pirstack.com\/fr\/","name":"SweetestSaffron","description":"Skincare,, Health Supplements &amp; HYPO21","potentialAction":[{"@type":"SearchAction","target":{"@type":"EntryPoint","urlTemplate":"https:\/\/wp.dev.sweetestsaffron.pirstack.com\/fr\/?s={search_term_string}"},"query-input":{"@type":"PropertyValueSpecification","valueRequired":true,"valueName":"search_term_string"}}],"inLanguage":"fr-FR"}]}},"_links":{"self":[{"href":"https:\/\/wp.dev.sweetestsaffron.pirstack.com\/fr\/wp-json\/wp\/v2\/product\/1121","targetHints":{"allow":["GET"]}}],"collection":[{"href":"https:\/\/wp.dev.sweetestsaffron.pirstack.com\/fr\/wp-json\/wp\/v2\/product"}],"about":[{"href":"https:\/\/wp.dev.sweetestsaffron.pirstack.com\/fr\/wp-json\/wp\/v2\/types\/product"}],"replies":[{"embeddable":true,"href":"https:\/\/wp.dev.sweetestsaffron.pirstack.com\/fr\/wp-json\/wp\/v2\/comments?post=1121"}],"wp:featuredmedia":[{"embeddable":true,"href":"https:\/\/wp.dev.sweetestsaffron.pirstack.com\/fr\/wp-json\/wp\/v2\/media\/823"}],"wp:attachment":[{"href":"https:\/\/wp.dev.sweetestsaffron.pirstack.com\/fr\/wp-json\/wp\/v2\/media?parent=1121"}],"wp:term":[{"taxonomy":"product_brand","embeddable":true,"href":"https:\/\/wp.dev.sweetestsaffron.pirstack.com\/fr\/wp-json\/wp\/v2\/product_brand?post=1121"},{"taxonomy":"product_cat","embeddable":true,"href":"https:\/\/wp.dev.sweetestsaffron.pirstack.com\/fr\/wp-json\/wp\/v2\/product_cat?post=1121"},{"taxonomy":"product_tag","embeddable":true,"href":"https:\/\/wp.dev.sweetestsaffron.pirstack.com\/fr\/wp-json\/wp\/v2\/product_tag?post=1121"}],"curies":[{"name":"wp","href":"https:\/\/api.w.org\/{rel}","templated":true}]}}