{"id":1113,"date":"2022-06-10T15:26:31","date_gmt":"2022-06-10T14:26:31","guid":{"rendered":"https:\/\/www.sweetestsaffron.co.uk\/product\/glucosamine-joint-support-dietary-product-lifecell-joint-support\/"},"modified":"2022-12-07T16:21:24","modified_gmt":"2022-12-07T16:21:24","slug":"glucosamine-joint-support-dietary-product-lifecell-joint-support","status":"publish","type":"product","link":"https:\/\/wp.dev.sweetestsaffron.pirstack.com\/fr\/produit\/glucosamine-joint-support-dietary-product-lifecell-joint-support\/","title":{"rendered":"Glucosamine Joint Support Dietary Product &#8211; LifeCell Joint Support"},"content":{"rendered":"","protected":false},"excerpt":{"rendered":"<p>LifeCell Joint Support est un m\u00e9lange puissant d&rsquo;ingr\u00e9dients qui aide :<\/p>\n<ul>\n<li>R\u00e9parer le cartilage<\/li>\n<li>Favorise la mobilit\u00e9<\/li>\n<li>Augmente la flexibilit\u00e9<\/li>\n<li>Supports de la structure<\/li>\n<li>Prot\u00e8ge les tissus<\/li>\n<\/ul>\n<p>Avec des doses extra fortes de Glucosamine, de Calcium, d&rsquo;Acide Hyaluronique et de Curcuma, cette formule concentr\u00e9e a \u00e9t\u00e9 cr\u00e9\u00e9e pour cibler chaque aspect de la sant\u00e9 des articulations. Chaque ingr\u00e9dient aide \u00e0 reconstruire et \u00e0 maintenir la souplesse des articulations et \u00e0 soulager les d\u00e9sagr\u00e9ments li\u00e9s \u00e0 l&rsquo;\u00e2ge, au poids ou au stress li\u00e9 au sport.<\/p>\n","protected":false},"featured_media":817,"comment_status":"open","ping_status":"closed","template":"","meta":[],"product_brand":[],"product_cat":[40],"product_tag":[],"class_list":{"0":"post-1113","1":"product","2":"type-product","3":"status-publish","4":"has-post-thumbnail","6":"product_cat-supplements-de-sante","8":"first","9":"instock","10":"shipping-taxable","11":"purchasable","12":"product-type-simple"},"acf":[],"yoast_head":"<!-- This site is optimized with the Yoast SEO plugin v26.7 - https:\/\/yoast.com\/wordpress\/plugins\/seo\/ -->\n<title>LifeCell Joint Support - SweetestSaffron<\/title>\n<meta name=\"description\" content=\"LifeCell Joint Support contient un m\u00e9lange d&#039;ingr\u00e9dients, dont la glucosamine, pour cibler la sant\u00e9 des articulations. Disponible \u00e0 l&#039;achat sur SweetestSaffron.\" \/>\n<meta name=\"robots\" content=\"noindex, follow, max-snippet:-1, max-image-preview:large, max-video-preview:-1\" \/>\n<meta property=\"og:locale\" content=\"fr_FR\" \/>\n<meta property=\"og:type\" content=\"article\" \/>\n<meta property=\"og:title\" content=\"LifeCell Joint Support - SweetestSaffron\" \/>\n<meta property=\"og:description\" content=\"LifeCell Joint Support contient un m\u00e9lange d&#039;ingr\u00e9dients, dont la glucosamine, pour cibler la sant\u00e9 des articulations. Disponible \u00e0 l&#039;achat sur SweetestSaffron.\" \/>\n<meta property=\"og:url\" content=\"https:\/\/wp.dev.sweetestsaffron.pirstack.com\/fr\/produit\/glucosamine-joint-support-dietary-product-lifecell-joint-support\/\" \/>\n<meta property=\"og:site_name\" content=\"SweetestSaffron\" \/>\n<meta property=\"article:modified_time\" content=\"2022-12-07T16:21:24+00:00\" \/>\n<meta property=\"og:image\" content=\"https:\/\/wp.dev.sweetestsaffron.pirstack.com\/wp-content\/uploads\/2022\/06\/LifeCell-Joint-Support.png\" \/>\n\t<meta property=\"og:image:width\" content=\"800\" \/>\n\t<meta property=\"og:image:height\" content=\"800\" \/>\n\t<meta property=\"og:image:type\" content=\"image\/png\" \/>\n<meta name=\"twitter:card\" content=\"summary_large_image\" \/>\n<script type=\"application\/ld+json\" class=\"yoast-schema-graph\">{\"@context\":\"https:\/\/schema.org\",\"@graph\":[{\"@type\":\"WebPage\",\"@id\":\"https:\/\/wp.dev.sweetestsaffron.pirstack.com\/fr\/produit\/glucosamine-joint-support-dietary-product-lifecell-joint-support\/\",\"url\":\"https:\/\/wp.dev.sweetestsaffron.pirstack.com\/fr\/produit\/glucosamine-joint-support-dietary-product-lifecell-joint-support\/\",\"name\":\"LifeCell Joint Support - SweetestSaffron\",\"isPartOf\":{\"@id\":\"https:\/\/wp.dev.sweetestsaffron.pirstack.com\/fr\/#website\"},\"primaryImageOfPage\":{\"@id\":\"https:\/\/wp.dev.sweetestsaffron.pirstack.com\/fr\/produit\/glucosamine-joint-support-dietary-product-lifecell-joint-support\/#primaryimage\"},\"image\":{\"@id\":\"https:\/\/wp.dev.sweetestsaffron.pirstack.com\/fr\/produit\/glucosamine-joint-support-dietary-product-lifecell-joint-support\/#primaryimage\"},\"thumbnailUrl\":\"https:\/\/wp.dev.sweetestsaffron.pirstack.com\/wp-content\/uploads\/2022\/06\/LifeCell-Joint-Support.png\",\"datePublished\":\"2022-06-10T14:26:31+00:00\",\"dateModified\":\"2022-12-07T16:21:24+00:00\",\"description\":\"LifeCell Joint Support contient un m\u00e9lange d'ingr\u00e9dients, dont la glucosamine, pour cibler la sant\u00e9 des articulations. Disponible \u00e0 l'achat sur SweetestSaffron.\",\"breadcrumb\":{\"@id\":\"https:\/\/wp.dev.sweetestsaffron.pirstack.com\/fr\/produit\/glucosamine-joint-support-dietary-product-lifecell-joint-support\/#breadcrumb\"},\"inLanguage\":\"fr-FR\",\"potentialAction\":[{\"@type\":\"ReadAction\",\"target\":[\"https:\/\/wp.dev.sweetestsaffron.pirstack.com\/fr\/produit\/glucosamine-joint-support-dietary-product-lifecell-joint-support\/\"]}]},{\"@type\":\"ImageObject\",\"inLanguage\":\"fr-FR\",\"@id\":\"https:\/\/wp.dev.sweetestsaffron.pirstack.com\/fr\/produit\/glucosamine-joint-support-dietary-product-lifecell-joint-support\/#primaryimage\",\"url\":\"https:\/\/wp.dev.sweetestsaffron.pirstack.com\/wp-content\/uploads\/2022\/06\/LifeCell-Joint-Support.png\",\"contentUrl\":\"https:\/\/wp.dev.sweetestsaffron.pirstack.com\/wp-content\/uploads\/2022\/06\/LifeCell-Joint-Support.png\",\"width\":800,\"height\":800},{\"@type\":\"BreadcrumbList\",\"@id\":\"https:\/\/wp.dev.sweetestsaffron.pirstack.com\/fr\/produit\/glucosamine-joint-support-dietary-product-lifecell-joint-support\/#breadcrumb\",\"itemListElement\":[{\"@type\":\"ListItem\",\"position\":1,\"name\":\"Home\",\"item\":\"https:\/\/wp.dev.sweetestsaffron.pirstack.com\/fr\/\"},{\"@type\":\"ListItem\",\"position\":2,\"name\":\"Boutique\",\"item\":\"https:\/\/wp.dev.sweetestsaffron.pirstack.com\/fr\/boutique\/\"},{\"@type\":\"ListItem\",\"position\":3,\"name\":\"Glucosamine Joint Support Dietary Product &#8211; LifeCell Joint Support\"}]},{\"@type\":\"WebSite\",\"@id\":\"https:\/\/wp.dev.sweetestsaffron.pirstack.com\/fr\/#website\",\"url\":\"https:\/\/wp.dev.sweetestsaffron.pirstack.com\/fr\/\",\"name\":\"SweetestSaffron\",\"description\":\"Skincare,, Health Supplements &amp; HYPO21\",\"potentialAction\":[{\"@type\":\"SearchAction\",\"target\":{\"@type\":\"EntryPoint\",\"urlTemplate\":\"https:\/\/wp.dev.sweetestsaffron.pirstack.com\/fr\/?s={search_term_string}\"},\"query-input\":{\"@type\":\"PropertyValueSpecification\",\"valueRequired\":true,\"valueName\":\"search_term_string\"}}],\"inLanguage\":\"fr-FR\"}]}<\/script>\n<!-- \/ Yoast SEO plugin. -->","yoast_head_json":{"title":"LifeCell Joint Support - SweetestSaffron","description":"LifeCell Joint Support contient un m\u00e9lange d'ingr\u00e9dients, dont la glucosamine, pour cibler la sant\u00e9 des articulations. Disponible \u00e0 l'achat sur SweetestSaffron.","robots":{"index":"noindex","follow":"follow","max-snippet":"max-snippet:-1","max-image-preview":"max-image-preview:large","max-video-preview":"max-video-preview:-1"},"og_locale":"fr_FR","og_type":"article","og_title":"LifeCell Joint Support - SweetestSaffron","og_description":"LifeCell Joint Support contient un m\u00e9lange d'ingr\u00e9dients, dont la glucosamine, pour cibler la sant\u00e9 des articulations. Disponible \u00e0 l'achat sur SweetestSaffron.","og_url":"https:\/\/wp.dev.sweetestsaffron.pirstack.com\/fr\/produit\/glucosamine-joint-support-dietary-product-lifecell-joint-support\/","og_site_name":"SweetestSaffron","article_modified_time":"2022-12-07T16:21:24+00:00","og_image":[{"width":800,"height":800,"url":"https:\/\/wp.dev.sweetestsaffron.pirstack.com\/wp-content\/uploads\/2022\/06\/LifeCell-Joint-Support.png","type":"image\/png"}],"twitter_card":"summary_large_image","schema":{"@context":"https:\/\/schema.org","@graph":[{"@type":"WebPage","@id":"https:\/\/wp.dev.sweetestsaffron.pirstack.com\/fr\/produit\/glucosamine-joint-support-dietary-product-lifecell-joint-support\/","url":"https:\/\/wp.dev.sweetestsaffron.pirstack.com\/fr\/produit\/glucosamine-joint-support-dietary-product-lifecell-joint-support\/","name":"LifeCell Joint Support - SweetestSaffron","isPartOf":{"@id":"https:\/\/wp.dev.sweetestsaffron.pirstack.com\/fr\/#website"},"primaryImageOfPage":{"@id":"https:\/\/wp.dev.sweetestsaffron.pirstack.com\/fr\/produit\/glucosamine-joint-support-dietary-product-lifecell-joint-support\/#primaryimage"},"image":{"@id":"https:\/\/wp.dev.sweetestsaffron.pirstack.com\/fr\/produit\/glucosamine-joint-support-dietary-product-lifecell-joint-support\/#primaryimage"},"thumbnailUrl":"https:\/\/wp.dev.sweetestsaffron.pirstack.com\/wp-content\/uploads\/2022\/06\/LifeCell-Joint-Support.png","datePublished":"2022-06-10T14:26:31+00:00","dateModified":"2022-12-07T16:21:24+00:00","description":"LifeCell Joint Support contient un m\u00e9lange d'ingr\u00e9dients, dont la glucosamine, pour cibler la sant\u00e9 des articulations. Disponible \u00e0 l'achat sur SweetestSaffron.","breadcrumb":{"@id":"https:\/\/wp.dev.sweetestsaffron.pirstack.com\/fr\/produit\/glucosamine-joint-support-dietary-product-lifecell-joint-support\/#breadcrumb"},"inLanguage":"fr-FR","potentialAction":[{"@type":"ReadAction","target":["https:\/\/wp.dev.sweetestsaffron.pirstack.com\/fr\/produit\/glucosamine-joint-support-dietary-product-lifecell-joint-support\/"]}]},{"@type":"ImageObject","inLanguage":"fr-FR","@id":"https:\/\/wp.dev.sweetestsaffron.pirstack.com\/fr\/produit\/glucosamine-joint-support-dietary-product-lifecell-joint-support\/#primaryimage","url":"https:\/\/wp.dev.sweetestsaffron.pirstack.com\/wp-content\/uploads\/2022\/06\/LifeCell-Joint-Support.png","contentUrl":"https:\/\/wp.dev.sweetestsaffron.pirstack.com\/wp-content\/uploads\/2022\/06\/LifeCell-Joint-Support.png","width":800,"height":800},{"@type":"BreadcrumbList","@id":"https:\/\/wp.dev.sweetestsaffron.pirstack.com\/fr\/produit\/glucosamine-joint-support-dietary-product-lifecell-joint-support\/#breadcrumb","itemListElement":[{"@type":"ListItem","position":1,"name":"Home","item":"https:\/\/wp.dev.sweetestsaffron.pirstack.com\/fr\/"},{"@type":"ListItem","position":2,"name":"Boutique","item":"https:\/\/wp.dev.sweetestsaffron.pirstack.com\/fr\/boutique\/"},{"@type":"ListItem","position":3,"name":"Glucosamine Joint Support Dietary Product &#8211; LifeCell Joint Support"}]},{"@type":"WebSite","@id":"https:\/\/wp.dev.sweetestsaffron.pirstack.com\/fr\/#website","url":"https:\/\/wp.dev.sweetestsaffron.pirstack.com\/fr\/","name":"SweetestSaffron","description":"Skincare,, Health Supplements &amp; HYPO21","potentialAction":[{"@type":"SearchAction","target":{"@type":"EntryPoint","urlTemplate":"https:\/\/wp.dev.sweetestsaffron.pirstack.com\/fr\/?s={search_term_string}"},"query-input":{"@type":"PropertyValueSpecification","valueRequired":true,"valueName":"search_term_string"}}],"inLanguage":"fr-FR"}]}},"_links":{"self":[{"href":"https:\/\/wp.dev.sweetestsaffron.pirstack.com\/fr\/wp-json\/wp\/v2\/product\/1113","targetHints":{"allow":["GET"]}}],"collection":[{"href":"https:\/\/wp.dev.sweetestsaffron.pirstack.com\/fr\/wp-json\/wp\/v2\/product"}],"about":[{"href":"https:\/\/wp.dev.sweetestsaffron.pirstack.com\/fr\/wp-json\/wp\/v2\/types\/product"}],"replies":[{"embeddable":true,"href":"https:\/\/wp.dev.sweetestsaffron.pirstack.com\/fr\/wp-json\/wp\/v2\/comments?post=1113"}],"wp:featuredmedia":[{"embeddable":true,"href":"https:\/\/wp.dev.sweetestsaffron.pirstack.com\/fr\/wp-json\/wp\/v2\/media\/817"}],"wp:attachment":[{"href":"https:\/\/wp.dev.sweetestsaffron.pirstack.com\/fr\/wp-json\/wp\/v2\/media?parent=1113"}],"wp:term":[{"taxonomy":"product_brand","embeddable":true,"href":"https:\/\/wp.dev.sweetestsaffron.pirstack.com\/fr\/wp-json\/wp\/v2\/product_brand?post=1113"},{"taxonomy":"product_cat","embeddable":true,"href":"https:\/\/wp.dev.sweetestsaffron.pirstack.com\/fr\/wp-json\/wp\/v2\/product_cat?post=1113"},{"taxonomy":"product_tag","embeddable":true,"href":"https:\/\/wp.dev.sweetestsaffron.pirstack.com\/fr\/wp-json\/wp\/v2\/product_tag?post=1113"}],"curies":[{"name":"wp","href":"https:\/\/api.w.org\/{rel}","templated":true}]}}