{"id":1103,"date":"2022-06-09T16:29:56","date_gmt":"2022-06-09T15:29:56","guid":{"rendered":"https:\/\/www.sweetestsaffron.co.uk\/product\/beurre-corporel-raffermissant-lifecell-210ml\/"},"modified":"2022-12-07T16:21:21","modified_gmt":"2022-12-07T16:21:21","slug":"beurre-corporel-raffermissant-lifecell-210ml","status":"publish","type":"product","link":"https:\/\/wp.dev.sweetestsaffron.pirstack.com\/fr\/produit\/beurre-corporel-raffermissant-lifecell-210ml\/","title":{"rendered":"Beurre corporel raffermissant LifeCell &#8211; 210ml"},"content":{"rendered":"<p><strong>Ce que c&rsquo;est :<\/strong><\/p>\n<p>Ce beurre corporel ultra-cr\u00e9meux aide \u00e0 lutter contre la s\u00e9cheresse de la peau gr\u00e2ce \u00e0 sa consistance fouett\u00e9e \u00e0 la perfection. Le beurre corporel raffermissant LifeCell contient des ingr\u00e9dients essentiels pour embrasser et nourrir votre peau tout en aidant l&rsquo;apparence de la cellulite tenace et de la peau s\u00e8che. La caf\u00e9ine et l&rsquo;extrait de ginseng agissent pour lisser et masquer les imperfections, tandis que l&rsquo;huile d&rsquo;argan hydrate et pr\u00e9vient les nouveaux signes de vieillissement.<\/p>\n<p><strong>Ingr\u00e9dients cl\u00e9s :<\/strong><\/p>\n<ul>\n<li>Huile d&rsquo;argan :<br \/>\nGr\u00e2ce \u00e0 sa forte teneur en vitamine E et en acides gras, l&rsquo;huile d&rsquo;argan est le produit id\u00e9al pour donner \u00e0 votre peau un coup de fouet naturel. Il s&rsquo;absorbe facilement et n&rsquo;est ni gras ni irritant, ce qui en fait un excellent hydratant naturel.<\/li>\n<\/ul>\n<ul>\n<li>De la caf\u00e9ine :<br \/>\nEn application locale, la caf\u00e9ine peut att\u00e9nuer l&rsquo;apparence de la cellulite en resserrant les cellules \u00e0 l&rsquo;origine de cette apparence de fossette que nous essayons tous de cacher.<\/li>\n<\/ul>\n","protected":false},"excerpt":{"rendered":"<p><strong>Pourquoi votre peau en a besoin :<\/strong><\/p>\n<p>Vos jambes, vos cuisses et vos hanches ont aussi besoin d&rsquo;amour ! Avec l&rsquo;\u00e2ge, nous nous retrouvons avec des bras et des jambes moins souples. Ne n\u00e9gligez pas ces zones !<\/p>\n","protected":false},"featured_media":803,"comment_status":"open","ping_status":"closed","template":"","meta":[],"product_brand":[],"product_cat":[39],"product_tag":[],"class_list":{"0":"post-1103","1":"product","2":"type-product","3":"status-publish","4":"has-post-thumbnail","6":"product_cat-soins-de-la-peau","8":"first","9":"instock","10":"shipping-taxable","11":"purchasable","12":"product-type-simple"},"acf":[],"yoast_head":"<!-- This site is optimized with the Yoast SEO plugin v26.7 - https:\/\/yoast.com\/wordpress\/plugins\/seo\/ -->\n<title>Beurre corporel raffermissant LifeCell - 210ml - SweetestSaffron<\/title>\n<meta name=\"description\" content=\"Combattez la peau s\u00e8che avec le beurre corporel raffermissant LifeCell, pour r\u00e9duire l&#039;apparence de la cellulite et des zones de peau s\u00e8che. Livraison GRATUITE sur toutes les commandes au Royaume-Uni.\" \/>\n<meta name=\"robots\" content=\"noindex, follow, max-snippet:-1, max-image-preview:large, max-video-preview:-1\" \/>\n<meta property=\"og:locale\" content=\"fr_FR\" \/>\n<meta property=\"og:type\" content=\"article\" \/>\n<meta property=\"og:title\" content=\"Beurre corporel raffermissant LifeCell - 210ml - SweetestSaffron\" \/>\n<meta property=\"og:description\" content=\"Combattez la peau s\u00e8che avec le beurre corporel raffermissant LifeCell, pour r\u00e9duire l&#039;apparence de la cellulite et des zones de peau s\u00e8che. Livraison GRATUITE sur toutes les commandes au Royaume-Uni.\" \/>\n<meta property=\"og:url\" content=\"https:\/\/wp.dev.sweetestsaffron.pirstack.com\/fr\/produit\/beurre-corporel-raffermissant-lifecell-210ml\/\" \/>\n<meta property=\"og:site_name\" content=\"SweetestSaffron\" \/>\n<meta property=\"article:modified_time\" content=\"2022-12-07T16:21:21+00:00\" \/>\n<meta property=\"og:image\" content=\"https:\/\/wp.dev.sweetestsaffron.pirstack.com\/wp-content\/uploads\/2022\/06\/LifeCell-Firming-Body-Butter.jpg\" \/>\n\t<meta property=\"og:image:width\" content=\"800\" \/>\n\t<meta property=\"og:image:height\" content=\"800\" \/>\n\t<meta property=\"og:image:type\" content=\"image\/jpeg\" \/>\n<meta name=\"twitter:card\" content=\"summary_large_image\" \/>\n<meta name=\"twitter:label1\" content=\"Dur\u00e9e de lecture estim\u00e9e\" \/>\n\t<meta name=\"twitter:data1\" content=\"1 minute\" \/>\n<script type=\"application\/ld+json\" class=\"yoast-schema-graph\">{\"@context\":\"https:\/\/schema.org\",\"@graph\":[{\"@type\":\"WebPage\",\"@id\":\"https:\/\/wp.dev.sweetestsaffron.pirstack.com\/fr\/produit\/beurre-corporel-raffermissant-lifecell-210ml\/\",\"url\":\"https:\/\/wp.dev.sweetestsaffron.pirstack.com\/fr\/produit\/beurre-corporel-raffermissant-lifecell-210ml\/\",\"name\":\"Beurre corporel raffermissant LifeCell - 210ml - SweetestSaffron\",\"isPartOf\":{\"@id\":\"https:\/\/wp.dev.sweetestsaffron.pirstack.com\/fr\/#website\"},\"primaryImageOfPage\":{\"@id\":\"https:\/\/wp.dev.sweetestsaffron.pirstack.com\/fr\/produit\/beurre-corporel-raffermissant-lifecell-210ml\/#primaryimage\"},\"image\":{\"@id\":\"https:\/\/wp.dev.sweetestsaffron.pirstack.com\/fr\/produit\/beurre-corporel-raffermissant-lifecell-210ml\/#primaryimage\"},\"thumbnailUrl\":\"https:\/\/wp.dev.sweetestsaffron.pirstack.com\/wp-content\/uploads\/2022\/06\/LifeCell-Firming-Body-Butter.jpg\",\"datePublished\":\"2022-06-09T15:29:56+00:00\",\"dateModified\":\"2022-12-07T16:21:21+00:00\",\"description\":\"Combattez la peau s\u00e8che avec le beurre corporel raffermissant LifeCell, pour r\u00e9duire l'apparence de la cellulite et des zones de peau s\u00e8che. Livraison GRATUITE sur toutes les commandes au Royaume-Uni.\",\"breadcrumb\":{\"@id\":\"https:\/\/wp.dev.sweetestsaffron.pirstack.com\/fr\/produit\/beurre-corporel-raffermissant-lifecell-210ml\/#breadcrumb\"},\"inLanguage\":\"fr-FR\",\"potentialAction\":[{\"@type\":\"ReadAction\",\"target\":[\"https:\/\/wp.dev.sweetestsaffron.pirstack.com\/fr\/produit\/beurre-corporel-raffermissant-lifecell-210ml\/\"]}]},{\"@type\":\"ImageObject\",\"inLanguage\":\"fr-FR\",\"@id\":\"https:\/\/wp.dev.sweetestsaffron.pirstack.com\/fr\/produit\/beurre-corporel-raffermissant-lifecell-210ml\/#primaryimage\",\"url\":\"https:\/\/wp.dev.sweetestsaffron.pirstack.com\/wp-content\/uploads\/2022\/06\/LifeCell-Firming-Body-Butter.jpg\",\"contentUrl\":\"https:\/\/wp.dev.sweetestsaffron.pirstack.com\/wp-content\/uploads\/2022\/06\/LifeCell-Firming-Body-Butter.jpg\",\"width\":800,\"height\":800},{\"@type\":\"BreadcrumbList\",\"@id\":\"https:\/\/wp.dev.sweetestsaffron.pirstack.com\/fr\/produit\/beurre-corporel-raffermissant-lifecell-210ml\/#breadcrumb\",\"itemListElement\":[{\"@type\":\"ListItem\",\"position\":1,\"name\":\"Home\",\"item\":\"https:\/\/wp.dev.sweetestsaffron.pirstack.com\/fr\/\"},{\"@type\":\"ListItem\",\"position\":2,\"name\":\"Boutique\",\"item\":\"https:\/\/wp.dev.sweetestsaffron.pirstack.com\/fr\/boutique\/\"},{\"@type\":\"ListItem\",\"position\":3,\"name\":\"Beurre corporel raffermissant LifeCell &#8211; 210ml\"}]},{\"@type\":\"WebSite\",\"@id\":\"https:\/\/wp.dev.sweetestsaffron.pirstack.com\/fr\/#website\",\"url\":\"https:\/\/wp.dev.sweetestsaffron.pirstack.com\/fr\/\",\"name\":\"SweetestSaffron\",\"description\":\"Skincare,, Health Supplements &amp; HYPO21\",\"potentialAction\":[{\"@type\":\"SearchAction\",\"target\":{\"@type\":\"EntryPoint\",\"urlTemplate\":\"https:\/\/wp.dev.sweetestsaffron.pirstack.com\/fr\/?s={search_term_string}\"},\"query-input\":{\"@type\":\"PropertyValueSpecification\",\"valueRequired\":true,\"valueName\":\"search_term_string\"}}],\"inLanguage\":\"fr-FR\"}]}<\/script>\n<!-- \/ Yoast SEO plugin. -->","yoast_head_json":{"title":"Beurre corporel raffermissant LifeCell - 210ml - SweetestSaffron","description":"Combattez la peau s\u00e8che avec le beurre corporel raffermissant LifeCell, pour r\u00e9duire l'apparence de la cellulite et des zones de peau s\u00e8che. Livraison GRATUITE sur toutes les commandes au Royaume-Uni.","robots":{"index":"noindex","follow":"follow","max-snippet":"max-snippet:-1","max-image-preview":"max-image-preview:large","max-video-preview":"max-video-preview:-1"},"og_locale":"fr_FR","og_type":"article","og_title":"Beurre corporel raffermissant LifeCell - 210ml - SweetestSaffron","og_description":"Combattez la peau s\u00e8che avec le beurre corporel raffermissant LifeCell, pour r\u00e9duire l'apparence de la cellulite et des zones de peau s\u00e8che. Livraison GRATUITE sur toutes les commandes au Royaume-Uni.","og_url":"https:\/\/wp.dev.sweetestsaffron.pirstack.com\/fr\/produit\/beurre-corporel-raffermissant-lifecell-210ml\/","og_site_name":"SweetestSaffron","article_modified_time":"2022-12-07T16:21:21+00:00","og_image":[{"width":800,"height":800,"url":"https:\/\/wp.dev.sweetestsaffron.pirstack.com\/wp-content\/uploads\/2022\/06\/LifeCell-Firming-Body-Butter.jpg","type":"image\/jpeg"}],"twitter_card":"summary_large_image","twitter_misc":{"Dur\u00e9e de lecture estim\u00e9e":"1 minute"},"schema":{"@context":"https:\/\/schema.org","@graph":[{"@type":"WebPage","@id":"https:\/\/wp.dev.sweetestsaffron.pirstack.com\/fr\/produit\/beurre-corporel-raffermissant-lifecell-210ml\/","url":"https:\/\/wp.dev.sweetestsaffron.pirstack.com\/fr\/produit\/beurre-corporel-raffermissant-lifecell-210ml\/","name":"Beurre corporel raffermissant LifeCell - 210ml - SweetestSaffron","isPartOf":{"@id":"https:\/\/wp.dev.sweetestsaffron.pirstack.com\/fr\/#website"},"primaryImageOfPage":{"@id":"https:\/\/wp.dev.sweetestsaffron.pirstack.com\/fr\/produit\/beurre-corporel-raffermissant-lifecell-210ml\/#primaryimage"},"image":{"@id":"https:\/\/wp.dev.sweetestsaffron.pirstack.com\/fr\/produit\/beurre-corporel-raffermissant-lifecell-210ml\/#primaryimage"},"thumbnailUrl":"https:\/\/wp.dev.sweetestsaffron.pirstack.com\/wp-content\/uploads\/2022\/06\/LifeCell-Firming-Body-Butter.jpg","datePublished":"2022-06-09T15:29:56+00:00","dateModified":"2022-12-07T16:21:21+00:00","description":"Combattez la peau s\u00e8che avec le beurre corporel raffermissant LifeCell, pour r\u00e9duire l'apparence de la cellulite et des zones de peau s\u00e8che. Livraison GRATUITE sur toutes les commandes au Royaume-Uni.","breadcrumb":{"@id":"https:\/\/wp.dev.sweetestsaffron.pirstack.com\/fr\/produit\/beurre-corporel-raffermissant-lifecell-210ml\/#breadcrumb"},"inLanguage":"fr-FR","potentialAction":[{"@type":"ReadAction","target":["https:\/\/wp.dev.sweetestsaffron.pirstack.com\/fr\/produit\/beurre-corporel-raffermissant-lifecell-210ml\/"]}]},{"@type":"ImageObject","inLanguage":"fr-FR","@id":"https:\/\/wp.dev.sweetestsaffron.pirstack.com\/fr\/produit\/beurre-corporel-raffermissant-lifecell-210ml\/#primaryimage","url":"https:\/\/wp.dev.sweetestsaffron.pirstack.com\/wp-content\/uploads\/2022\/06\/LifeCell-Firming-Body-Butter.jpg","contentUrl":"https:\/\/wp.dev.sweetestsaffron.pirstack.com\/wp-content\/uploads\/2022\/06\/LifeCell-Firming-Body-Butter.jpg","width":800,"height":800},{"@type":"BreadcrumbList","@id":"https:\/\/wp.dev.sweetestsaffron.pirstack.com\/fr\/produit\/beurre-corporel-raffermissant-lifecell-210ml\/#breadcrumb","itemListElement":[{"@type":"ListItem","position":1,"name":"Home","item":"https:\/\/wp.dev.sweetestsaffron.pirstack.com\/fr\/"},{"@type":"ListItem","position":2,"name":"Boutique","item":"https:\/\/wp.dev.sweetestsaffron.pirstack.com\/fr\/boutique\/"},{"@type":"ListItem","position":3,"name":"Beurre corporel raffermissant LifeCell &#8211; 210ml"}]},{"@type":"WebSite","@id":"https:\/\/wp.dev.sweetestsaffron.pirstack.com\/fr\/#website","url":"https:\/\/wp.dev.sweetestsaffron.pirstack.com\/fr\/","name":"SweetestSaffron","description":"Skincare,, Health Supplements &amp; HYPO21","potentialAction":[{"@type":"SearchAction","target":{"@type":"EntryPoint","urlTemplate":"https:\/\/wp.dev.sweetestsaffron.pirstack.com\/fr\/?s={search_term_string}"},"query-input":{"@type":"PropertyValueSpecification","valueRequired":true,"valueName":"search_term_string"}}],"inLanguage":"fr-FR"}]}},"_links":{"self":[{"href":"https:\/\/wp.dev.sweetestsaffron.pirstack.com\/fr\/wp-json\/wp\/v2\/product\/1103","targetHints":{"allow":["GET"]}}],"collection":[{"href":"https:\/\/wp.dev.sweetestsaffron.pirstack.com\/fr\/wp-json\/wp\/v2\/product"}],"about":[{"href":"https:\/\/wp.dev.sweetestsaffron.pirstack.com\/fr\/wp-json\/wp\/v2\/types\/product"}],"replies":[{"embeddable":true,"href":"https:\/\/wp.dev.sweetestsaffron.pirstack.com\/fr\/wp-json\/wp\/v2\/comments?post=1103"}],"wp:featuredmedia":[{"embeddable":true,"href":"https:\/\/wp.dev.sweetestsaffron.pirstack.com\/fr\/wp-json\/wp\/v2\/media\/803"}],"wp:attachment":[{"href":"https:\/\/wp.dev.sweetestsaffron.pirstack.com\/fr\/wp-json\/wp\/v2\/media?parent=1103"}],"wp:term":[{"taxonomy":"product_brand","embeddable":true,"href":"https:\/\/wp.dev.sweetestsaffron.pirstack.com\/fr\/wp-json\/wp\/v2\/product_brand?post=1103"},{"taxonomy":"product_cat","embeddable":true,"href":"https:\/\/wp.dev.sweetestsaffron.pirstack.com\/fr\/wp-json\/wp\/v2\/product_cat?post=1103"},{"taxonomy":"product_tag","embeddable":true,"href":"https:\/\/wp.dev.sweetestsaffron.pirstack.com\/fr\/wp-json\/wp\/v2\/product_tag?post=1103"}],"curies":[{"name":"wp","href":"https:\/\/api.w.org\/{rel}","templated":true}]}}