{"id":1101,"date":"2022-06-09T16:14:50","date_gmt":"2022-06-09T15:14:50","guid":{"rendered":"https:\/\/www.sweetestsaffron.co.uk\/product\/lifecell-bb-cream-light-30ml\/"},"modified":"2025-05-25T22:58:24","modified_gmt":"2025-05-25T21:58:24","slug":"lifecell-bb-cream-light-30ml","status":"publish","type":"product","link":"https:\/\/wp.dev.sweetestsaffron.pirstack.com\/fr\/produit\/lifecell-bb-cream-light-30ml\/","title":{"rendered":"LifeCell BB Cream Light &#8211; 30ml"},"content":{"rendered":"<p><strong>Ce que c&rsquo;est :  <\/strong><\/p>\n<p>Ce baume de beaut\u00e9 hydratant offre une hydratation tout au long de la journ\u00e9e, une protection SPF 30 et une couverture suffisante pour r\u00e9duire l&rsquo;apparence des imperfections. Gr\u00e2ce \u00e0 ses ingr\u00e9dients ultra-lissants, il cr\u00e9e une toile velout\u00e9e en att\u00e9nuant l&rsquo;apparence des pores, des ridules et du teint in\u00e9gal.<\/p>\n<p>Cette formule experte contient de l&rsquo;extrait de th\u00e9 vert qui aide \u00e0 r\u00e9duire et \u00e0 att\u00e9nuer les rougeurs pour un effet bonne mine suppl\u00e9mentaire. Les BB Cr\u00e8mes ont \u00e9t\u00e9 con\u00e7ues \u00e0 l&rsquo;origine comme une cr\u00e8me post-proc\u00e9dure parfaite utilis\u00e9e pour hydrater, appr\u00eater, prot\u00e9ger et lisser la peau.<\/p>\n<p>Id\u00e9ales pour tous les types de peau, y compris les peaux sensibles, ces formules innovantes sont con\u00e7ues pour tout faire :<\/p>\n<ul>\n<li>Traiter avec des niveaux \u00e9lev\u00e9s d&rsquo;ingr\u00e9dients actifs de soins de la peau<\/li>\n<li>Hydrater et lisser la peau d\u00e9shydrat\u00e9e<\/li>\n<li>Amorce et perfectionne la surface de la peau<\/li>\n<li>Cette cr\u00e8me de couleur<strong> claire<\/strong> camoufle et corrige le teint de la peau.<\/li>\n<li>Prot\u00e9gez votre peau du soleil avec un FPS.<\/li>\n<\/ul>\n<p>Peut \u00eatre utilis\u00e9 comme derni\u00e8re \u00e9tape pour b\u00e9n\u00e9ficier des bienfaits du soin de la peau ou utilis\u00e9 seul comme cachette instantan\u00e9e.<\/p>\n","protected":false},"excerpt":{"rendered":"<p>Ce baume de beaut\u00e9 hydratant offre une hydratation tout au long de la journ\u00e9e, une protection SPF 30 et une couverture pour r\u00e9duire l&rsquo;apparence des imperfections.<\/p>\n","protected":false},"featured_media":787,"comment_status":"open","ping_status":"closed","template":"","meta":[],"product_brand":[],"product_cat":[39],"product_tag":[],"class_list":{"0":"post-1101","1":"product","2":"type-product","3":"status-publish","4":"has-post-thumbnail","6":"product_cat-soins-de-la-peau","8":"first","9":"outofstock","10":"shipping-taxable","11":"purchasable","12":"product-type-simple"},"acf":[],"yoast_head":"<!-- This site is optimized with the Yoast SEO plugin v26.7 - https:\/\/yoast.com\/wordpress\/plugins\/seo\/ -->\n<title>LifeCell BB Cream Light - 30ml - SweetestSaffron<\/title>\n<meta name=\"description\" content=\"La cr\u00e8me BB LifeCell en Light est parfaite pour une couverture quotidienne, avec une l\u00e9g\u00e8re teinte et un FPS 30. Disponible \u00e0 l&#039;achat chez SweetestSaffron.\" \/>\n<meta name=\"robots\" content=\"noindex, follow, max-snippet:-1, max-image-preview:large, max-video-preview:-1\" \/>\n<meta property=\"og:locale\" content=\"fr_FR\" \/>\n<meta property=\"og:type\" content=\"article\" \/>\n<meta property=\"og:title\" content=\"LifeCell BB Cream Light - 30ml - SweetestSaffron\" \/>\n<meta property=\"og:description\" content=\"La cr\u00e8me BB LifeCell en Light est parfaite pour une couverture quotidienne, avec une l\u00e9g\u00e8re teinte et un FPS 30. Disponible \u00e0 l&#039;achat chez SweetestSaffron.\" \/>\n<meta property=\"og:url\" content=\"https:\/\/wp.dev.sweetestsaffron.pirstack.com\/fr\/produit\/lifecell-bb-cream-light-30ml\/\" \/>\n<meta property=\"og:site_name\" content=\"SweetestSaffron\" \/>\n<meta property=\"article:modified_time\" content=\"2025-05-25T21:58:24+00:00\" \/>\n<meta property=\"og:image\" content=\"https:\/\/wp.dev.sweetestsaffron.pirstack.com\/wp-content\/uploads\/2022\/06\/LifeCell-BB-Cream-Light.jpg\" \/>\n\t<meta property=\"og:image:width\" content=\"800\" \/>\n\t<meta property=\"og:image:height\" content=\"800\" \/>\n\t<meta property=\"og:image:type\" content=\"image\/jpeg\" \/>\n<meta name=\"twitter:card\" content=\"summary_large_image\" \/>\n<meta name=\"twitter:label1\" content=\"Dur\u00e9e de lecture estim\u00e9e\" \/>\n\t<meta name=\"twitter:data1\" content=\"1 minute\" \/>\n<script type=\"application\/ld+json\" class=\"yoast-schema-graph\">{\"@context\":\"https:\/\/schema.org\",\"@graph\":[{\"@type\":\"WebPage\",\"@id\":\"https:\/\/wp.dev.sweetestsaffron.pirstack.com\/fr\/produit\/lifecell-bb-cream-light-30ml\/\",\"url\":\"https:\/\/wp.dev.sweetestsaffron.pirstack.com\/fr\/produit\/lifecell-bb-cream-light-30ml\/\",\"name\":\"LifeCell BB Cream Light - 30ml - SweetestSaffron\",\"isPartOf\":{\"@id\":\"https:\/\/wp.dev.sweetestsaffron.pirstack.com\/fr\/#website\"},\"primaryImageOfPage\":{\"@id\":\"https:\/\/wp.dev.sweetestsaffron.pirstack.com\/fr\/produit\/lifecell-bb-cream-light-30ml\/#primaryimage\"},\"image\":{\"@id\":\"https:\/\/wp.dev.sweetestsaffron.pirstack.com\/fr\/produit\/lifecell-bb-cream-light-30ml\/#primaryimage\"},\"thumbnailUrl\":\"https:\/\/wp.dev.sweetestsaffron.pirstack.com\/wp-content\/uploads\/2022\/06\/LifeCell-BB-Cream-Light.jpg\",\"datePublished\":\"2022-06-09T15:14:50+00:00\",\"dateModified\":\"2025-05-25T21:58:24+00:00\",\"description\":\"La cr\u00e8me BB LifeCell en Light est parfaite pour une couverture quotidienne, avec une l\u00e9g\u00e8re teinte et un FPS 30. Disponible \u00e0 l'achat chez SweetestSaffron.\",\"breadcrumb\":{\"@id\":\"https:\/\/wp.dev.sweetestsaffron.pirstack.com\/fr\/produit\/lifecell-bb-cream-light-30ml\/#breadcrumb\"},\"inLanguage\":\"fr-FR\",\"potentialAction\":[{\"@type\":\"ReadAction\",\"target\":[\"https:\/\/wp.dev.sweetestsaffron.pirstack.com\/fr\/produit\/lifecell-bb-cream-light-30ml\/\"]}]},{\"@type\":\"ImageObject\",\"inLanguage\":\"fr-FR\",\"@id\":\"https:\/\/wp.dev.sweetestsaffron.pirstack.com\/fr\/produit\/lifecell-bb-cream-light-30ml\/#primaryimage\",\"url\":\"https:\/\/wp.dev.sweetestsaffron.pirstack.com\/wp-content\/uploads\/2022\/06\/LifeCell-BB-Cream-Light.jpg\",\"contentUrl\":\"https:\/\/wp.dev.sweetestsaffron.pirstack.com\/wp-content\/uploads\/2022\/06\/LifeCell-BB-Cream-Light.jpg\",\"width\":800,\"height\":800},{\"@type\":\"BreadcrumbList\",\"@id\":\"https:\/\/wp.dev.sweetestsaffron.pirstack.com\/fr\/produit\/lifecell-bb-cream-light-30ml\/#breadcrumb\",\"itemListElement\":[{\"@type\":\"ListItem\",\"position\":1,\"name\":\"Home\",\"item\":\"https:\/\/wp.dev.sweetestsaffron.pirstack.com\/fr\/\"},{\"@type\":\"ListItem\",\"position\":2,\"name\":\"Boutique\",\"item\":\"https:\/\/wp.dev.sweetestsaffron.pirstack.com\/fr\/boutique\/\"},{\"@type\":\"ListItem\",\"position\":3,\"name\":\"LifeCell BB Cream Light &#8211; 30ml\"}]},{\"@type\":\"WebSite\",\"@id\":\"https:\/\/wp.dev.sweetestsaffron.pirstack.com\/fr\/#website\",\"url\":\"https:\/\/wp.dev.sweetestsaffron.pirstack.com\/fr\/\",\"name\":\"SweetestSaffron\",\"description\":\"Skincare,, Health Supplements &amp; HYPO21\",\"potentialAction\":[{\"@type\":\"SearchAction\",\"target\":{\"@type\":\"EntryPoint\",\"urlTemplate\":\"https:\/\/wp.dev.sweetestsaffron.pirstack.com\/fr\/?s={search_term_string}\"},\"query-input\":{\"@type\":\"PropertyValueSpecification\",\"valueRequired\":true,\"valueName\":\"search_term_string\"}}],\"inLanguage\":\"fr-FR\"}]}<\/script>\n<!-- \/ Yoast SEO plugin. -->","yoast_head_json":{"title":"LifeCell BB Cream Light - 30ml - SweetestSaffron","description":"La cr\u00e8me BB LifeCell en Light est parfaite pour une couverture quotidienne, avec une l\u00e9g\u00e8re teinte et un FPS 30. Disponible \u00e0 l'achat chez SweetestSaffron.","robots":{"index":"noindex","follow":"follow","max-snippet":"max-snippet:-1","max-image-preview":"max-image-preview:large","max-video-preview":"max-video-preview:-1"},"og_locale":"fr_FR","og_type":"article","og_title":"LifeCell BB Cream Light - 30ml - SweetestSaffron","og_description":"La cr\u00e8me BB LifeCell en Light est parfaite pour une couverture quotidienne, avec une l\u00e9g\u00e8re teinte et un FPS 30. Disponible \u00e0 l'achat chez SweetestSaffron.","og_url":"https:\/\/wp.dev.sweetestsaffron.pirstack.com\/fr\/produit\/lifecell-bb-cream-light-30ml\/","og_site_name":"SweetestSaffron","article_modified_time":"2025-05-25T21:58:24+00:00","og_image":[{"width":800,"height":800,"url":"https:\/\/wp.dev.sweetestsaffron.pirstack.com\/wp-content\/uploads\/2022\/06\/LifeCell-BB-Cream-Light.jpg","type":"image\/jpeg"}],"twitter_card":"summary_large_image","twitter_misc":{"Dur\u00e9e de lecture estim\u00e9e":"1 minute"},"schema":{"@context":"https:\/\/schema.org","@graph":[{"@type":"WebPage","@id":"https:\/\/wp.dev.sweetestsaffron.pirstack.com\/fr\/produit\/lifecell-bb-cream-light-30ml\/","url":"https:\/\/wp.dev.sweetestsaffron.pirstack.com\/fr\/produit\/lifecell-bb-cream-light-30ml\/","name":"LifeCell BB Cream Light - 30ml - SweetestSaffron","isPartOf":{"@id":"https:\/\/wp.dev.sweetestsaffron.pirstack.com\/fr\/#website"},"primaryImageOfPage":{"@id":"https:\/\/wp.dev.sweetestsaffron.pirstack.com\/fr\/produit\/lifecell-bb-cream-light-30ml\/#primaryimage"},"image":{"@id":"https:\/\/wp.dev.sweetestsaffron.pirstack.com\/fr\/produit\/lifecell-bb-cream-light-30ml\/#primaryimage"},"thumbnailUrl":"https:\/\/wp.dev.sweetestsaffron.pirstack.com\/wp-content\/uploads\/2022\/06\/LifeCell-BB-Cream-Light.jpg","datePublished":"2022-06-09T15:14:50+00:00","dateModified":"2025-05-25T21:58:24+00:00","description":"La cr\u00e8me BB LifeCell en Light est parfaite pour une couverture quotidienne, avec une l\u00e9g\u00e8re teinte et un FPS 30. Disponible \u00e0 l'achat chez SweetestSaffron.","breadcrumb":{"@id":"https:\/\/wp.dev.sweetestsaffron.pirstack.com\/fr\/produit\/lifecell-bb-cream-light-30ml\/#breadcrumb"},"inLanguage":"fr-FR","potentialAction":[{"@type":"ReadAction","target":["https:\/\/wp.dev.sweetestsaffron.pirstack.com\/fr\/produit\/lifecell-bb-cream-light-30ml\/"]}]},{"@type":"ImageObject","inLanguage":"fr-FR","@id":"https:\/\/wp.dev.sweetestsaffron.pirstack.com\/fr\/produit\/lifecell-bb-cream-light-30ml\/#primaryimage","url":"https:\/\/wp.dev.sweetestsaffron.pirstack.com\/wp-content\/uploads\/2022\/06\/LifeCell-BB-Cream-Light.jpg","contentUrl":"https:\/\/wp.dev.sweetestsaffron.pirstack.com\/wp-content\/uploads\/2022\/06\/LifeCell-BB-Cream-Light.jpg","width":800,"height":800},{"@type":"BreadcrumbList","@id":"https:\/\/wp.dev.sweetestsaffron.pirstack.com\/fr\/produit\/lifecell-bb-cream-light-30ml\/#breadcrumb","itemListElement":[{"@type":"ListItem","position":1,"name":"Home","item":"https:\/\/wp.dev.sweetestsaffron.pirstack.com\/fr\/"},{"@type":"ListItem","position":2,"name":"Boutique","item":"https:\/\/wp.dev.sweetestsaffron.pirstack.com\/fr\/boutique\/"},{"@type":"ListItem","position":3,"name":"LifeCell BB Cream Light &#8211; 30ml"}]},{"@type":"WebSite","@id":"https:\/\/wp.dev.sweetestsaffron.pirstack.com\/fr\/#website","url":"https:\/\/wp.dev.sweetestsaffron.pirstack.com\/fr\/","name":"SweetestSaffron","description":"Skincare,, Health Supplements &amp; HYPO21","potentialAction":[{"@type":"SearchAction","target":{"@type":"EntryPoint","urlTemplate":"https:\/\/wp.dev.sweetestsaffron.pirstack.com\/fr\/?s={search_term_string}"},"query-input":{"@type":"PropertyValueSpecification","valueRequired":true,"valueName":"search_term_string"}}],"inLanguage":"fr-FR"}]}},"_links":{"self":[{"href":"https:\/\/wp.dev.sweetestsaffron.pirstack.com\/fr\/wp-json\/wp\/v2\/product\/1101","targetHints":{"allow":["GET"]}}],"collection":[{"href":"https:\/\/wp.dev.sweetestsaffron.pirstack.com\/fr\/wp-json\/wp\/v2\/product"}],"about":[{"href":"https:\/\/wp.dev.sweetestsaffron.pirstack.com\/fr\/wp-json\/wp\/v2\/types\/product"}],"replies":[{"embeddable":true,"href":"https:\/\/wp.dev.sweetestsaffron.pirstack.com\/fr\/wp-json\/wp\/v2\/comments?post=1101"}],"wp:featuredmedia":[{"embeddable":true,"href":"https:\/\/wp.dev.sweetestsaffron.pirstack.com\/fr\/wp-json\/wp\/v2\/media\/787"}],"wp:attachment":[{"href":"https:\/\/wp.dev.sweetestsaffron.pirstack.com\/fr\/wp-json\/wp\/v2\/media?parent=1101"}],"wp:term":[{"taxonomy":"product_brand","embeddable":true,"href":"https:\/\/wp.dev.sweetestsaffron.pirstack.com\/fr\/wp-json\/wp\/v2\/product_brand?post=1101"},{"taxonomy":"product_cat","embeddable":true,"href":"https:\/\/wp.dev.sweetestsaffron.pirstack.com\/fr\/wp-json\/wp\/v2\/product_cat?post=1101"},{"taxonomy":"product_tag","embeddable":true,"href":"https:\/\/wp.dev.sweetestsaffron.pirstack.com\/fr\/wp-json\/wp\/v2\/product_tag?post=1101"}],"curies":[{"name":"wp","href":"https:\/\/api.w.org\/{rel}","templated":true}]}}