{"id":1076,"date":"2022-06-09T15:04:04","date_gmt":"2022-06-09T14:04:04","guid":{"rendered":"https:\/\/www.sweetestsaffron.co.uk\/product\/lifecell-traitement-anti-rides-anti-age-75ml\/"},"modified":"2025-05-25T21:55:32","modified_gmt":"2025-05-25T20:55:32","slug":"lifecell-anti-age-traitement-rides-75ml","status":"publish","type":"product","link":"https:\/\/wp.dev.sweetestsaffron.pirstack.com\/fr\/produit\/lifecell-anti-age-traitement-rides-75ml\/","title":{"rendered":"LifeCell Traitement anti-rides anti-\u00e2ge &#8211; 75ml"},"content":{"rendered":"<p><strong>Ce que c&rsquo;est :<\/strong><\/p>\n<p>LifeCell est un traitement anti-\u00e2ge tout-en-un, hydratant et l\u00e9ger, con\u00e7u pour r\u00e9duire l&rsquo;apparence des rides. Ce produit contient certains des ingr\u00e9dients anti-\u00e2ge les plus r\u00e9put\u00e9s du march\u00e9.<\/p>\n<p>Le DMAE, le r\u00e9tinol, l&rsquo;acide hyaluronique et la vitamine C n&rsquo;ont re\u00e7u que des \u00e9loges de la part des consommateurs et des professionnels des soins de la peau. Ces quatre ingr\u00e9dients sont tous inclus dans notre essentiel anti-\u00e2ge.<\/p>\n<p>La formulation anti-\u00e2ge de LifeCell donne des r\u00e9sultats que vous pouvez voir instantan\u00e9ment dans les secondes qui suivent l&rsquo;application. Avec l&rsquo;aide de microfillers et l&rsquo;incorporation d&rsquo;une microtechnologie r\u00e9fl\u00e9chissant la lumi\u00e8re pour lisser et \u00e9liminer virtuellement l&rsquo;apparence des ridules sous vos yeux, tout en att\u00e9nuant l&rsquo;apparence des d\u00e9colorations de la peau.<\/p>\n<ul>\n<li>Sans parfum ni paraben.<\/li>\n<li>Hypoallerg\u00e9nique.<\/li>\n<li>Non com\u00e9dog\u00e8ne.<\/li>\n<li>Test\u00e9 par des dermatologues.<\/li>\n<li>Convient \u00e0 tous les types de peau.<\/li>\n<\/ul>\n","protected":false},"excerpt":{"rendered":"<p>LifeCell South Beach Skin Care est une cr\u00e8me antioxydante, hydratante et l\u00e9g\u00e8re, un traitement anti-\u00e2ge tout-en-un con\u00e7u pour :<\/p>\n<ul>\n<li>R\u00e9duction instantan\u00e9e des rides<\/li>\n<li>Raffermissement intensif<\/li>\n<li>Traitement des yeux<\/li>\n<li>Correcteur de taches brunes<\/li>\n<li>Une hydratation pure et simple<\/li>\n<\/ul>\n","protected":false},"featured_media":785,"comment_status":"open","ping_status":"closed","template":"","meta":[],"product_brand":[],"product_cat":[39],"product_tag":[],"class_list":{"0":"post-1076","1":"product","2":"type-product","3":"status-publish","4":"has-post-thumbnail","6":"product_cat-soins-de-la-peau","8":"first","9":"instock","10":"shipping-taxable","11":"purchasable","12":"product-type-simple"},"acf":[],"yoast_head":"<!-- This site is optimized with the Yoast SEO plugin v26.7 - https:\/\/yoast.com\/wordpress\/plugins\/seo\/ -->\n<title>LifeCell Traitement anti-rides anti-\u00e2ge - 75ml - SweetestSaffron<\/title>\n<meta name=\"description\" content=\"Le traitement anti-rides LifeCell Anti-Aging est la cr\u00e8me tout-en-un parfaite pour r\u00e9duire les signes du vieillissement. Nous offrons une livraison GRATUITE pour toutes les commandes pass\u00e9es au Royaume-Uni.\" \/>\n<meta name=\"robots\" content=\"noindex, follow, max-snippet:-1, max-image-preview:large, max-video-preview:-1\" \/>\n<meta property=\"og:locale\" content=\"fr_FR\" \/>\n<meta property=\"og:type\" content=\"article\" \/>\n<meta property=\"og:title\" content=\"LifeCell Traitement anti-rides anti-\u00e2ge - 75ml - SweetestSaffron\" \/>\n<meta property=\"og:description\" content=\"Le traitement anti-rides LifeCell Anti-Aging est la cr\u00e8me tout-en-un parfaite pour r\u00e9duire les signes du vieillissement. Nous offrons une livraison GRATUITE pour toutes les commandes pass\u00e9es au Royaume-Uni.\" \/>\n<meta property=\"og:url\" content=\"https:\/\/wp.dev.sweetestsaffron.pirstack.com\/fr\/produit\/lifecell-anti-age-traitement-rides-75ml\/\" \/>\n<meta property=\"og:site_name\" content=\"SweetestSaffron\" \/>\n<meta property=\"article:modified_time\" content=\"2025-05-25T20:55:32+00:00\" \/>\n<meta property=\"og:image\" content=\"https:\/\/wp.dev.sweetestsaffron.pirstack.com\/wp-content\/uploads\/2022\/06\/LifeCell-Anti-Aging-Wrinkle-Treatment-\u2013-75ml.jpg\" \/>\n\t<meta property=\"og:image:width\" content=\"800\" \/>\n\t<meta property=\"og:image:height\" content=\"800\" \/>\n\t<meta property=\"og:image:type\" content=\"image\/jpeg\" \/>\n<meta name=\"twitter:card\" content=\"summary_large_image\" \/>\n<meta name=\"twitter:label1\" content=\"Dur\u00e9e de lecture estim\u00e9e\" \/>\n\t<meta name=\"twitter:data1\" content=\"1 minute\" \/>\n<script type=\"application\/ld+json\" class=\"yoast-schema-graph\">{\"@context\":\"https:\/\/schema.org\",\"@graph\":[{\"@type\":\"WebPage\",\"@id\":\"https:\/\/wp.dev.sweetestsaffron.pirstack.com\/fr\/produit\/lifecell-anti-age-traitement-rides-75ml\/\",\"url\":\"https:\/\/wp.dev.sweetestsaffron.pirstack.com\/fr\/produit\/lifecell-anti-age-traitement-rides-75ml\/\",\"name\":\"LifeCell Traitement anti-rides anti-\u00e2ge - 75ml - SweetestSaffron\",\"isPartOf\":{\"@id\":\"https:\/\/wp.dev.sweetestsaffron.pirstack.com\/fr\/#website\"},\"primaryImageOfPage\":{\"@id\":\"https:\/\/wp.dev.sweetestsaffron.pirstack.com\/fr\/produit\/lifecell-anti-age-traitement-rides-75ml\/#primaryimage\"},\"image\":{\"@id\":\"https:\/\/wp.dev.sweetestsaffron.pirstack.com\/fr\/produit\/lifecell-anti-age-traitement-rides-75ml\/#primaryimage\"},\"thumbnailUrl\":\"https:\/\/wp.dev.sweetestsaffron.pirstack.com\/wp-content\/uploads\/2022\/06\/LifeCell-Anti-Aging-Wrinkle-Treatment-\u2013-75ml.jpg\",\"datePublished\":\"2022-06-09T14:04:04+00:00\",\"dateModified\":\"2025-05-25T20:55:32+00:00\",\"description\":\"Le traitement anti-rides LifeCell Anti-Aging est la cr\u00e8me tout-en-un parfaite pour r\u00e9duire les signes du vieillissement. Nous offrons une livraison GRATUITE pour toutes les commandes pass\u00e9es au Royaume-Uni.\",\"breadcrumb\":{\"@id\":\"https:\/\/wp.dev.sweetestsaffron.pirstack.com\/fr\/produit\/lifecell-anti-age-traitement-rides-75ml\/#breadcrumb\"},\"inLanguage\":\"fr-FR\",\"potentialAction\":[{\"@type\":\"ReadAction\",\"target\":[\"https:\/\/wp.dev.sweetestsaffron.pirstack.com\/fr\/produit\/lifecell-anti-age-traitement-rides-75ml\/\"]}]},{\"@type\":\"ImageObject\",\"inLanguage\":\"fr-FR\",\"@id\":\"https:\/\/wp.dev.sweetestsaffron.pirstack.com\/fr\/produit\/lifecell-anti-age-traitement-rides-75ml\/#primaryimage\",\"url\":\"https:\/\/wp.dev.sweetestsaffron.pirstack.com\/wp-content\/uploads\/2022\/06\/LifeCell-Anti-Aging-Wrinkle-Treatment-\u2013-75ml.jpg\",\"contentUrl\":\"https:\/\/wp.dev.sweetestsaffron.pirstack.com\/wp-content\/uploads\/2022\/06\/LifeCell-Anti-Aging-Wrinkle-Treatment-\u2013-75ml.jpg\",\"width\":800,\"height\":800,\"caption\":\"LifeCell Anti-Aging Wrinkle Treatment\"},{\"@type\":\"BreadcrumbList\",\"@id\":\"https:\/\/wp.dev.sweetestsaffron.pirstack.com\/fr\/produit\/lifecell-anti-age-traitement-rides-75ml\/#breadcrumb\",\"itemListElement\":[{\"@type\":\"ListItem\",\"position\":1,\"name\":\"Home\",\"item\":\"https:\/\/wp.dev.sweetestsaffron.pirstack.com\/fr\/\"},{\"@type\":\"ListItem\",\"position\":2,\"name\":\"Boutique\",\"item\":\"https:\/\/wp.dev.sweetestsaffron.pirstack.com\/fr\/boutique\/\"},{\"@type\":\"ListItem\",\"position\":3,\"name\":\"LifeCell Traitement anti-rides anti-\u00e2ge &#8211; 75ml\"}]},{\"@type\":\"WebSite\",\"@id\":\"https:\/\/wp.dev.sweetestsaffron.pirstack.com\/fr\/#website\",\"url\":\"https:\/\/wp.dev.sweetestsaffron.pirstack.com\/fr\/\",\"name\":\"SweetestSaffron\",\"description\":\"Skincare,, Health Supplements &amp; HYPO21\",\"potentialAction\":[{\"@type\":\"SearchAction\",\"target\":{\"@type\":\"EntryPoint\",\"urlTemplate\":\"https:\/\/wp.dev.sweetestsaffron.pirstack.com\/fr\/?s={search_term_string}\"},\"query-input\":{\"@type\":\"PropertyValueSpecification\",\"valueRequired\":true,\"valueName\":\"search_term_string\"}}],\"inLanguage\":\"fr-FR\"}]}<\/script>\n<!-- \/ Yoast SEO plugin. -->","yoast_head_json":{"title":"LifeCell Traitement anti-rides anti-\u00e2ge - 75ml - SweetestSaffron","description":"Le traitement anti-rides LifeCell Anti-Aging est la cr\u00e8me tout-en-un parfaite pour r\u00e9duire les signes du vieillissement. Nous offrons une livraison GRATUITE pour toutes les commandes pass\u00e9es au Royaume-Uni.","robots":{"index":"noindex","follow":"follow","max-snippet":"max-snippet:-1","max-image-preview":"max-image-preview:large","max-video-preview":"max-video-preview:-1"},"og_locale":"fr_FR","og_type":"article","og_title":"LifeCell Traitement anti-rides anti-\u00e2ge - 75ml - SweetestSaffron","og_description":"Le traitement anti-rides LifeCell Anti-Aging est la cr\u00e8me tout-en-un parfaite pour r\u00e9duire les signes du vieillissement. Nous offrons une livraison GRATUITE pour toutes les commandes pass\u00e9es au Royaume-Uni.","og_url":"https:\/\/wp.dev.sweetestsaffron.pirstack.com\/fr\/produit\/lifecell-anti-age-traitement-rides-75ml\/","og_site_name":"SweetestSaffron","article_modified_time":"2025-05-25T20:55:32+00:00","og_image":[{"width":800,"height":800,"url":"https:\/\/wp.dev.sweetestsaffron.pirstack.com\/wp-content\/uploads\/2022\/06\/LifeCell-Anti-Aging-Wrinkle-Treatment-\u2013-75ml.jpg","type":"image\/jpeg"}],"twitter_card":"summary_large_image","twitter_misc":{"Dur\u00e9e de lecture estim\u00e9e":"1 minute"},"schema":{"@context":"https:\/\/schema.org","@graph":[{"@type":"WebPage","@id":"https:\/\/wp.dev.sweetestsaffron.pirstack.com\/fr\/produit\/lifecell-anti-age-traitement-rides-75ml\/","url":"https:\/\/wp.dev.sweetestsaffron.pirstack.com\/fr\/produit\/lifecell-anti-age-traitement-rides-75ml\/","name":"LifeCell Traitement anti-rides anti-\u00e2ge - 75ml - SweetestSaffron","isPartOf":{"@id":"https:\/\/wp.dev.sweetestsaffron.pirstack.com\/fr\/#website"},"primaryImageOfPage":{"@id":"https:\/\/wp.dev.sweetestsaffron.pirstack.com\/fr\/produit\/lifecell-anti-age-traitement-rides-75ml\/#primaryimage"},"image":{"@id":"https:\/\/wp.dev.sweetestsaffron.pirstack.com\/fr\/produit\/lifecell-anti-age-traitement-rides-75ml\/#primaryimage"},"thumbnailUrl":"https:\/\/wp.dev.sweetestsaffron.pirstack.com\/wp-content\/uploads\/2022\/06\/LifeCell-Anti-Aging-Wrinkle-Treatment-\u2013-75ml.jpg","datePublished":"2022-06-09T14:04:04+00:00","dateModified":"2025-05-25T20:55:32+00:00","description":"Le traitement anti-rides LifeCell Anti-Aging est la cr\u00e8me tout-en-un parfaite pour r\u00e9duire les signes du vieillissement. Nous offrons une livraison GRATUITE pour toutes les commandes pass\u00e9es au Royaume-Uni.","breadcrumb":{"@id":"https:\/\/wp.dev.sweetestsaffron.pirstack.com\/fr\/produit\/lifecell-anti-age-traitement-rides-75ml\/#breadcrumb"},"inLanguage":"fr-FR","potentialAction":[{"@type":"ReadAction","target":["https:\/\/wp.dev.sweetestsaffron.pirstack.com\/fr\/produit\/lifecell-anti-age-traitement-rides-75ml\/"]}]},{"@type":"ImageObject","inLanguage":"fr-FR","@id":"https:\/\/wp.dev.sweetestsaffron.pirstack.com\/fr\/produit\/lifecell-anti-age-traitement-rides-75ml\/#primaryimage","url":"https:\/\/wp.dev.sweetestsaffron.pirstack.com\/wp-content\/uploads\/2022\/06\/LifeCell-Anti-Aging-Wrinkle-Treatment-\u2013-75ml.jpg","contentUrl":"https:\/\/wp.dev.sweetestsaffron.pirstack.com\/wp-content\/uploads\/2022\/06\/LifeCell-Anti-Aging-Wrinkle-Treatment-\u2013-75ml.jpg","width":800,"height":800,"caption":"LifeCell Anti-Aging Wrinkle Treatment"},{"@type":"BreadcrumbList","@id":"https:\/\/wp.dev.sweetestsaffron.pirstack.com\/fr\/produit\/lifecell-anti-age-traitement-rides-75ml\/#breadcrumb","itemListElement":[{"@type":"ListItem","position":1,"name":"Home","item":"https:\/\/wp.dev.sweetestsaffron.pirstack.com\/fr\/"},{"@type":"ListItem","position":2,"name":"Boutique","item":"https:\/\/wp.dev.sweetestsaffron.pirstack.com\/fr\/boutique\/"},{"@type":"ListItem","position":3,"name":"LifeCell Traitement anti-rides anti-\u00e2ge &#8211; 75ml"}]},{"@type":"WebSite","@id":"https:\/\/wp.dev.sweetestsaffron.pirstack.com\/fr\/#website","url":"https:\/\/wp.dev.sweetestsaffron.pirstack.com\/fr\/","name":"SweetestSaffron","description":"Skincare,, Health Supplements &amp; HYPO21","potentialAction":[{"@type":"SearchAction","target":{"@type":"EntryPoint","urlTemplate":"https:\/\/wp.dev.sweetestsaffron.pirstack.com\/fr\/?s={search_term_string}"},"query-input":{"@type":"PropertyValueSpecification","valueRequired":true,"valueName":"search_term_string"}}],"inLanguage":"fr-FR"}]}},"_links":{"self":[{"href":"https:\/\/wp.dev.sweetestsaffron.pirstack.com\/fr\/wp-json\/wp\/v2\/product\/1076","targetHints":{"allow":["GET"]}}],"collection":[{"href":"https:\/\/wp.dev.sweetestsaffron.pirstack.com\/fr\/wp-json\/wp\/v2\/product"}],"about":[{"href":"https:\/\/wp.dev.sweetestsaffron.pirstack.com\/fr\/wp-json\/wp\/v2\/types\/product"}],"replies":[{"embeddable":true,"href":"https:\/\/wp.dev.sweetestsaffron.pirstack.com\/fr\/wp-json\/wp\/v2\/comments?post=1076"}],"wp:featuredmedia":[{"embeddable":true,"href":"https:\/\/wp.dev.sweetestsaffron.pirstack.com\/fr\/wp-json\/wp\/v2\/media\/785"}],"wp:attachment":[{"href":"https:\/\/wp.dev.sweetestsaffron.pirstack.com\/fr\/wp-json\/wp\/v2\/media?parent=1076"}],"wp:term":[{"taxonomy":"product_brand","embeddable":true,"href":"https:\/\/wp.dev.sweetestsaffron.pirstack.com\/fr\/wp-json\/wp\/v2\/product_brand?post=1076"},{"taxonomy":"product_cat","embeddable":true,"href":"https:\/\/wp.dev.sweetestsaffron.pirstack.com\/fr\/wp-json\/wp\/v2\/product_cat?post=1076"},{"taxonomy":"product_tag","embeddable":true,"href":"https:\/\/wp.dev.sweetestsaffron.pirstack.com\/fr\/wp-json\/wp\/v2\/product_tag?post=1076"}],"curies":[{"name":"wp","href":"https:\/\/api.w.org\/{rel}","templated":true}]}}