{"id":1074,"date":"2022-06-09T16:43:06","date_gmt":"2022-06-09T15:43:06","guid":{"rendered":"https:\/\/www.sweetestsaffron.co.uk\/product\/masque-purifiant-lifecell-75ml\/"},"modified":"2023-06-03T20:20:14","modified_gmt":"2023-06-03T19:20:14","slug":"masque-purificateur-de-cellules-vivantes-75m","status":"publish","type":"product","link":"https:\/\/wp.dev.sweetestsaffron.pirstack.com\/fr\/produit\/masque-purificateur-de-cellules-vivantes-75m\/","title":{"rendered":"Masque purifiant LifeCell &#8211; 75ml"},"content":{"rendered":"<p><strong>Ce que c&rsquo;est :<\/strong><\/p>\n<p>Ce masque \u00e0 l&rsquo;argile riche laisse la peau visiblement radieuse et \u00e9clatante. Il agit en exfoliant doucement la peau, ce qui en am\u00e9liore la clart\u00e9 et l&rsquo;\u00e9lasticit\u00e9 en favorisant le renouvellement des cellules. Lisse et revitalise l&rsquo;aspect de votre peau en \u00e9liminant les impuret\u00e9s et en apaisant la peau gr\u00e2ce aux huiles essentielles. Permet de resserrer la texture de la peau et de resserrer les pores, donnant \u00e0 la peau un aspect plus jeune.<\/p>\n<ul>\n<li>Huile d&rsquo;argan<\/li>\n<li>Huile d&rsquo;eucalyptus<\/li>\n<li>Th\u00e9 vert<\/li>\n<li>Extrait de racine de r\u00e9glisse<\/li>\n<li>Camomille<\/li>\n<\/ul>\n<p><strong>Ce qu&rsquo;il est formul\u00e9 SANS :<\/strong><\/p>\n<ul>\n<li>Parabens<\/li>\n<li>Sulfates<\/li>\n<li>Phtalates<\/li>\n<\/ul>\n","protected":false},"excerpt":{"rendered":"<p>Ce que c&rsquo;est : Ce masque \u00e0 l&rsquo;argile riche laisse la peau visiblement radieuse et \u00e9clatante. Il agit en exfoliant doucement la peau, ce qui en am\u00e9liore la clart\u00e9 et l&rsquo;\u00e9lasticit\u00e9 en favorisant le renouvellement des cellules. Lisse et revitalise l&rsquo;aspect de votre peau en \u00e9liminant les impuret\u00e9s et en apaisant la peau gr\u00e2ce aux [&hellip;]<\/p>\n","protected":false},"featured_media":797,"comment_status":"open","ping_status":"closed","template":"","meta":[],"product_brand":[],"product_cat":[39],"product_tag":[],"class_list":{"0":"post-1074","1":"product","2":"type-product","3":"status-publish","4":"has-post-thumbnail","6":"product_cat-soins-de-la-peau","8":"first","9":"outofstock","10":"shipping-taxable","11":"purchasable","12":"product-type-simple"},"acf":[],"yoast_head":"<!-- This site is optimized with the Yoast SEO plugin v26.7 - https:\/\/yoast.com\/wordpress\/plugins\/seo\/ -->\n<title>Masque purifiant LifeCell - 75ml - SweetestSaffron<\/title>\n<meta name=\"description\" content=\"Masque purifiant LifeCell en 75ml disponible \u00e0 l&#039;achat chez SweetestSaffron. Nous offrons une livraison GRATUITE pour toutes les commandes pass\u00e9es au Royaume-Uni.\" \/>\n<meta name=\"robots\" content=\"noindex, follow, max-snippet:-1, max-image-preview:large, max-video-preview:-1\" \/>\n<meta property=\"og:locale\" content=\"fr_FR\" \/>\n<meta property=\"og:type\" content=\"article\" \/>\n<meta property=\"og:title\" content=\"Masque purifiant LifeCell - 75ml - SweetestSaffron\" \/>\n<meta property=\"og:description\" content=\"Masque purifiant LifeCell en 75ml disponible \u00e0 l&#039;achat chez SweetestSaffron. Nous offrons une livraison GRATUITE pour toutes les commandes pass\u00e9es au Royaume-Uni.\" \/>\n<meta property=\"og:url\" content=\"https:\/\/wp.dev.sweetestsaffron.pirstack.com\/fr\/produit\/masque-purificateur-de-cellules-vivantes-75m\/\" \/>\n<meta property=\"og:site_name\" content=\"SweetestSaffron\" \/>\n<meta property=\"article:modified_time\" content=\"2023-06-03T19:20:14+00:00\" \/>\n<meta property=\"og:image\" content=\"https:\/\/wp.dev.sweetestsaffron.pirstack.com\/wp-content\/uploads\/2022\/06\/LifeCell-Purifying-Mask.jpg\" \/>\n\t<meta property=\"og:image:width\" content=\"800\" \/>\n\t<meta property=\"og:image:height\" content=\"800\" \/>\n\t<meta property=\"og:image:type\" content=\"image\/jpeg\" \/>\n<meta name=\"twitter:card\" content=\"summary_large_image\" \/>\n<meta name=\"twitter:label1\" content=\"Dur\u00e9e de lecture estim\u00e9e\" \/>\n\t<meta name=\"twitter:data1\" content=\"1 minute\" \/>\n<script type=\"application\/ld+json\" class=\"yoast-schema-graph\">{\"@context\":\"https:\/\/schema.org\",\"@graph\":[{\"@type\":\"WebPage\",\"@id\":\"https:\/\/wp.dev.sweetestsaffron.pirstack.com\/fr\/produit\/masque-purificateur-de-cellules-vivantes-75m\/\",\"url\":\"https:\/\/wp.dev.sweetestsaffron.pirstack.com\/fr\/produit\/masque-purificateur-de-cellules-vivantes-75m\/\",\"name\":\"Masque purifiant LifeCell - 75ml - SweetestSaffron\",\"isPartOf\":{\"@id\":\"https:\/\/wp.dev.sweetestsaffron.pirstack.com\/fr\/#website\"},\"primaryImageOfPage\":{\"@id\":\"https:\/\/wp.dev.sweetestsaffron.pirstack.com\/fr\/produit\/masque-purificateur-de-cellules-vivantes-75m\/#primaryimage\"},\"image\":{\"@id\":\"https:\/\/wp.dev.sweetestsaffron.pirstack.com\/fr\/produit\/masque-purificateur-de-cellules-vivantes-75m\/#primaryimage\"},\"thumbnailUrl\":\"https:\/\/wp.dev.sweetestsaffron.pirstack.com\/wp-content\/uploads\/2022\/06\/LifeCell-Purifying-Mask.jpg\",\"datePublished\":\"2022-06-09T15:43:06+00:00\",\"dateModified\":\"2023-06-03T19:20:14+00:00\",\"description\":\"Masque purifiant LifeCell en 75ml disponible \u00e0 l'achat chez SweetestSaffron. Nous offrons une livraison GRATUITE pour toutes les commandes pass\u00e9es au Royaume-Uni.\",\"breadcrumb\":{\"@id\":\"https:\/\/wp.dev.sweetestsaffron.pirstack.com\/fr\/produit\/masque-purificateur-de-cellules-vivantes-75m\/#breadcrumb\"},\"inLanguage\":\"fr-FR\",\"potentialAction\":[{\"@type\":\"ReadAction\",\"target\":[\"https:\/\/wp.dev.sweetestsaffron.pirstack.com\/fr\/produit\/masque-purificateur-de-cellules-vivantes-75m\/\"]}]},{\"@type\":\"ImageObject\",\"inLanguage\":\"fr-FR\",\"@id\":\"https:\/\/wp.dev.sweetestsaffron.pirstack.com\/fr\/produit\/masque-purificateur-de-cellules-vivantes-75m\/#primaryimage\",\"url\":\"https:\/\/wp.dev.sweetestsaffron.pirstack.com\/wp-content\/uploads\/2022\/06\/LifeCell-Purifying-Mask.jpg\",\"contentUrl\":\"https:\/\/wp.dev.sweetestsaffron.pirstack.com\/wp-content\/uploads\/2022\/06\/LifeCell-Purifying-Mask.jpg\",\"width\":800,\"height\":800},{\"@type\":\"BreadcrumbList\",\"@id\":\"https:\/\/wp.dev.sweetestsaffron.pirstack.com\/fr\/produit\/masque-purificateur-de-cellules-vivantes-75m\/#breadcrumb\",\"itemListElement\":[{\"@type\":\"ListItem\",\"position\":1,\"name\":\"Home\",\"item\":\"https:\/\/wp.dev.sweetestsaffron.pirstack.com\/fr\/\"},{\"@type\":\"ListItem\",\"position\":2,\"name\":\"Boutique\",\"item\":\"https:\/\/wp.dev.sweetestsaffron.pirstack.com\/fr\/boutique\/\"},{\"@type\":\"ListItem\",\"position\":3,\"name\":\"Masque purifiant LifeCell &#8211; 75ml\"}]},{\"@type\":\"WebSite\",\"@id\":\"https:\/\/wp.dev.sweetestsaffron.pirstack.com\/fr\/#website\",\"url\":\"https:\/\/wp.dev.sweetestsaffron.pirstack.com\/fr\/\",\"name\":\"SweetestSaffron\",\"description\":\"Skincare,, Health Supplements &amp; HYPO21\",\"potentialAction\":[{\"@type\":\"SearchAction\",\"target\":{\"@type\":\"EntryPoint\",\"urlTemplate\":\"https:\/\/wp.dev.sweetestsaffron.pirstack.com\/fr\/?s={search_term_string}\"},\"query-input\":{\"@type\":\"PropertyValueSpecification\",\"valueRequired\":true,\"valueName\":\"search_term_string\"}}],\"inLanguage\":\"fr-FR\"}]}<\/script>\n<!-- \/ Yoast SEO plugin. -->","yoast_head_json":{"title":"Masque purifiant LifeCell - 75ml - SweetestSaffron","description":"Masque purifiant LifeCell en 75ml disponible \u00e0 l'achat chez SweetestSaffron. Nous offrons une livraison GRATUITE pour toutes les commandes pass\u00e9es au Royaume-Uni.","robots":{"index":"noindex","follow":"follow","max-snippet":"max-snippet:-1","max-image-preview":"max-image-preview:large","max-video-preview":"max-video-preview:-1"},"og_locale":"fr_FR","og_type":"article","og_title":"Masque purifiant LifeCell - 75ml - SweetestSaffron","og_description":"Masque purifiant LifeCell en 75ml disponible \u00e0 l'achat chez SweetestSaffron. Nous offrons une livraison GRATUITE pour toutes les commandes pass\u00e9es au Royaume-Uni.","og_url":"https:\/\/wp.dev.sweetestsaffron.pirstack.com\/fr\/produit\/masque-purificateur-de-cellules-vivantes-75m\/","og_site_name":"SweetestSaffron","article_modified_time":"2023-06-03T19:20:14+00:00","og_image":[{"width":800,"height":800,"url":"https:\/\/wp.dev.sweetestsaffron.pirstack.com\/wp-content\/uploads\/2022\/06\/LifeCell-Purifying-Mask.jpg","type":"image\/jpeg"}],"twitter_card":"summary_large_image","twitter_misc":{"Dur\u00e9e de lecture estim\u00e9e":"1 minute"},"schema":{"@context":"https:\/\/schema.org","@graph":[{"@type":"WebPage","@id":"https:\/\/wp.dev.sweetestsaffron.pirstack.com\/fr\/produit\/masque-purificateur-de-cellules-vivantes-75m\/","url":"https:\/\/wp.dev.sweetestsaffron.pirstack.com\/fr\/produit\/masque-purificateur-de-cellules-vivantes-75m\/","name":"Masque purifiant LifeCell - 75ml - SweetestSaffron","isPartOf":{"@id":"https:\/\/wp.dev.sweetestsaffron.pirstack.com\/fr\/#website"},"primaryImageOfPage":{"@id":"https:\/\/wp.dev.sweetestsaffron.pirstack.com\/fr\/produit\/masque-purificateur-de-cellules-vivantes-75m\/#primaryimage"},"image":{"@id":"https:\/\/wp.dev.sweetestsaffron.pirstack.com\/fr\/produit\/masque-purificateur-de-cellules-vivantes-75m\/#primaryimage"},"thumbnailUrl":"https:\/\/wp.dev.sweetestsaffron.pirstack.com\/wp-content\/uploads\/2022\/06\/LifeCell-Purifying-Mask.jpg","datePublished":"2022-06-09T15:43:06+00:00","dateModified":"2023-06-03T19:20:14+00:00","description":"Masque purifiant LifeCell en 75ml disponible \u00e0 l'achat chez SweetestSaffron. Nous offrons une livraison GRATUITE pour toutes les commandes pass\u00e9es au Royaume-Uni.","breadcrumb":{"@id":"https:\/\/wp.dev.sweetestsaffron.pirstack.com\/fr\/produit\/masque-purificateur-de-cellules-vivantes-75m\/#breadcrumb"},"inLanguage":"fr-FR","potentialAction":[{"@type":"ReadAction","target":["https:\/\/wp.dev.sweetestsaffron.pirstack.com\/fr\/produit\/masque-purificateur-de-cellules-vivantes-75m\/"]}]},{"@type":"ImageObject","inLanguage":"fr-FR","@id":"https:\/\/wp.dev.sweetestsaffron.pirstack.com\/fr\/produit\/masque-purificateur-de-cellules-vivantes-75m\/#primaryimage","url":"https:\/\/wp.dev.sweetestsaffron.pirstack.com\/wp-content\/uploads\/2022\/06\/LifeCell-Purifying-Mask.jpg","contentUrl":"https:\/\/wp.dev.sweetestsaffron.pirstack.com\/wp-content\/uploads\/2022\/06\/LifeCell-Purifying-Mask.jpg","width":800,"height":800},{"@type":"BreadcrumbList","@id":"https:\/\/wp.dev.sweetestsaffron.pirstack.com\/fr\/produit\/masque-purificateur-de-cellules-vivantes-75m\/#breadcrumb","itemListElement":[{"@type":"ListItem","position":1,"name":"Home","item":"https:\/\/wp.dev.sweetestsaffron.pirstack.com\/fr\/"},{"@type":"ListItem","position":2,"name":"Boutique","item":"https:\/\/wp.dev.sweetestsaffron.pirstack.com\/fr\/boutique\/"},{"@type":"ListItem","position":3,"name":"Masque purifiant LifeCell &#8211; 75ml"}]},{"@type":"WebSite","@id":"https:\/\/wp.dev.sweetestsaffron.pirstack.com\/fr\/#website","url":"https:\/\/wp.dev.sweetestsaffron.pirstack.com\/fr\/","name":"SweetestSaffron","description":"Skincare,, Health Supplements &amp; HYPO21","potentialAction":[{"@type":"SearchAction","target":{"@type":"EntryPoint","urlTemplate":"https:\/\/wp.dev.sweetestsaffron.pirstack.com\/fr\/?s={search_term_string}"},"query-input":{"@type":"PropertyValueSpecification","valueRequired":true,"valueName":"search_term_string"}}],"inLanguage":"fr-FR"}]}},"_links":{"self":[{"href":"https:\/\/wp.dev.sweetestsaffron.pirstack.com\/fr\/wp-json\/wp\/v2\/product\/1074","targetHints":{"allow":["GET"]}}],"collection":[{"href":"https:\/\/wp.dev.sweetestsaffron.pirstack.com\/fr\/wp-json\/wp\/v2\/product"}],"about":[{"href":"https:\/\/wp.dev.sweetestsaffron.pirstack.com\/fr\/wp-json\/wp\/v2\/types\/product"}],"replies":[{"embeddable":true,"href":"https:\/\/wp.dev.sweetestsaffron.pirstack.com\/fr\/wp-json\/wp\/v2\/comments?post=1074"}],"wp:featuredmedia":[{"embeddable":true,"href":"https:\/\/wp.dev.sweetestsaffron.pirstack.com\/fr\/wp-json\/wp\/v2\/media\/797"}],"wp:attachment":[{"href":"https:\/\/wp.dev.sweetestsaffron.pirstack.com\/fr\/wp-json\/wp\/v2\/media?parent=1074"}],"wp:term":[{"taxonomy":"product_brand","embeddable":true,"href":"https:\/\/wp.dev.sweetestsaffron.pirstack.com\/fr\/wp-json\/wp\/v2\/product_brand?post=1074"},{"taxonomy":"product_cat","embeddable":true,"href":"https:\/\/wp.dev.sweetestsaffron.pirstack.com\/fr\/wp-json\/wp\/v2\/product_cat?post=1074"},{"taxonomy":"product_tag","embeddable":true,"href":"https:\/\/wp.dev.sweetestsaffron.pirstack.com\/fr\/wp-json\/wp\/v2\/product_tag?post=1074"}],"curies":[{"name":"wp","href":"https:\/\/api.w.org\/{rel}","templated":true}]}}