{"id":899,"date":"2022-05-23T15:57:25","date_gmt":"2022-05-23T14:57:25","guid":{"rendered":"https:\/\/www.sweetestsaffron.co.uk\/a-propos-de-lifecell\/"},"modified":"2023-03-13T12:14:38","modified_gmt":"2023-03-13T12:14:38","slug":"a-propos-de-lifecell","status":"publish","type":"page","link":"https:\/\/wp.dev.sweetestsaffron.pirstack.com\/fr\/a-propos-de-lifecell\/","title":{"rendered":"\u00c0 propos de LifeCell"},"content":{"rendered":"","protected":false},"excerpt":{"rendered":"","protected":false},"author":1,"featured_media":0,"parent":0,"menu_order":0,"comment_status":"closed","ping_status":"open","template":"","meta":{"footnotes":""},"class_list":["post-899","page","type-page","status-publish","hentry"],"acf":[],"yoast_head":"<!-- This site is optimized with the Yoast SEO plugin v26.7 - https:\/\/yoast.com\/wordpress\/plugins\/seo\/ -->\n<title>\u00c0 propos de LifeCell - SweetestSaffron<\/title>\n<meta name=\"description\" content=\"LifeCell est le produit de soins de la peau par excellence, qui est \u00e0 la fois sans parab\u00e8ne et sans cruaut\u00e9. C&#039;est la solution naturelle anti-\u00e2ge parfaite. Cliquez maintenant.\" \/>\n<meta name=\"robots\" content=\"noindex, follow, max-snippet:-1, max-image-preview:large, max-video-preview:-1\" \/>\n<meta property=\"og:locale\" content=\"fr_FR\" \/>\n<meta property=\"og:type\" content=\"article\" \/>\n<meta property=\"og:title\" content=\"\u00c0 propos de LifeCell - SweetestSaffron\" \/>\n<meta property=\"og:description\" content=\"LifeCell est le produit de soins de la peau par excellence, qui est \u00e0 la fois sans parab\u00e8ne et sans cruaut\u00e9. C&#039;est la solution naturelle anti-\u00e2ge parfaite. Cliquez maintenant.\" \/>\n<meta property=\"og:url\" content=\"https:\/\/wp.dev.sweetestsaffron.pirstack.com\/fr\/a-propos-de-lifecell\/\" \/>\n<meta property=\"og:site_name\" content=\"SweetestSaffron\" \/>\n<meta property=\"article:modified_time\" content=\"2023-03-13T12:14:38+00:00\" \/>\n<meta name=\"twitter:card\" content=\"summary_large_image\" \/>\n<script type=\"application\/ld+json\" class=\"yoast-schema-graph\">{\"@context\":\"https:\/\/schema.org\",\"@graph\":[{\"@type\":\"WebPage\",\"@id\":\"https:\/\/wp.dev.sweetestsaffron.pirstack.com\/fr\/a-propos-de-lifecell\/\",\"url\":\"https:\/\/wp.dev.sweetestsaffron.pirstack.com\/fr\/a-propos-de-lifecell\/\",\"name\":\"\u00c0 propos de LifeCell - SweetestSaffron\",\"isPartOf\":{\"@id\":\"https:\/\/wp.dev.sweetestsaffron.pirstack.com\/fr\/#website\"},\"datePublished\":\"2022-05-23T14:57:25+00:00\",\"dateModified\":\"2023-03-13T12:14:38+00:00\",\"description\":\"LifeCell est le produit de soins de la peau par excellence, qui est \u00e0 la fois sans parab\u00e8ne et sans cruaut\u00e9. C'est la solution naturelle anti-\u00e2ge parfaite. Cliquez maintenant.\",\"breadcrumb\":{\"@id\":\"https:\/\/wp.dev.sweetestsaffron.pirstack.com\/fr\/a-propos-de-lifecell\/#breadcrumb\"},\"inLanguage\":\"fr-FR\",\"potentialAction\":[{\"@type\":\"ReadAction\",\"target\":[\"https:\/\/wp.dev.sweetestsaffron.pirstack.com\/fr\/a-propos-de-lifecell\/\"]}]},{\"@type\":\"BreadcrumbList\",\"@id\":\"https:\/\/wp.dev.sweetestsaffron.pirstack.com\/fr\/a-propos-de-lifecell\/#breadcrumb\",\"itemListElement\":[{\"@type\":\"ListItem\",\"position\":1,\"name\":\"Home\",\"item\":\"https:\/\/wp.dev.sweetestsaffron.pirstack.com\/fr\/\"},{\"@type\":\"ListItem\",\"position\":2,\"name\":\"\u00c0 propos de LifeCell\"}]},{\"@type\":\"WebSite\",\"@id\":\"https:\/\/wp.dev.sweetestsaffron.pirstack.com\/fr\/#website\",\"url\":\"https:\/\/wp.dev.sweetestsaffron.pirstack.com\/fr\/\",\"name\":\"SweetestSaffron\",\"description\":\"Skincare,, Health Supplements &amp; HYPO21\",\"potentialAction\":[{\"@type\":\"SearchAction\",\"target\":{\"@type\":\"EntryPoint\",\"urlTemplate\":\"https:\/\/wp.dev.sweetestsaffron.pirstack.com\/fr\/?s={search_term_string}\"},\"query-input\":{\"@type\":\"PropertyValueSpecification\",\"valueRequired\":true,\"valueName\":\"search_term_string\"}}],\"inLanguage\":\"fr-FR\"}]}<\/script>\n<!-- \/ Yoast SEO plugin. -->","yoast_head_json":{"title":"\u00c0 propos de LifeCell - SweetestSaffron","description":"LifeCell est le produit de soins de la peau par excellence, qui est \u00e0 la fois sans parab\u00e8ne et sans cruaut\u00e9. C'est la solution naturelle anti-\u00e2ge parfaite. Cliquez maintenant.","robots":{"index":"noindex","follow":"follow","max-snippet":"max-snippet:-1","max-image-preview":"max-image-preview:large","max-video-preview":"max-video-preview:-1"},"og_locale":"fr_FR","og_type":"article","og_title":"\u00c0 propos de LifeCell - SweetestSaffron","og_description":"LifeCell est le produit de soins de la peau par excellence, qui est \u00e0 la fois sans parab\u00e8ne et sans cruaut\u00e9. C'est la solution naturelle anti-\u00e2ge parfaite. Cliquez maintenant.","og_url":"https:\/\/wp.dev.sweetestsaffron.pirstack.com\/fr\/a-propos-de-lifecell\/","og_site_name":"SweetestSaffron","article_modified_time":"2023-03-13T12:14:38+00:00","twitter_card":"summary_large_image","schema":{"@context":"https:\/\/schema.org","@graph":[{"@type":"WebPage","@id":"https:\/\/wp.dev.sweetestsaffron.pirstack.com\/fr\/a-propos-de-lifecell\/","url":"https:\/\/wp.dev.sweetestsaffron.pirstack.com\/fr\/a-propos-de-lifecell\/","name":"\u00c0 propos de LifeCell - SweetestSaffron","isPartOf":{"@id":"https:\/\/wp.dev.sweetestsaffron.pirstack.com\/fr\/#website"},"datePublished":"2022-05-23T14:57:25+00:00","dateModified":"2023-03-13T12:14:38+00:00","description":"LifeCell est le produit de soins de la peau par excellence, qui est \u00e0 la fois sans parab\u00e8ne et sans cruaut\u00e9. C'est la solution naturelle anti-\u00e2ge parfaite. Cliquez maintenant.","breadcrumb":{"@id":"https:\/\/wp.dev.sweetestsaffron.pirstack.com\/fr\/a-propos-de-lifecell\/#breadcrumb"},"inLanguage":"fr-FR","potentialAction":[{"@type":"ReadAction","target":["https:\/\/wp.dev.sweetestsaffron.pirstack.com\/fr\/a-propos-de-lifecell\/"]}]},{"@type":"BreadcrumbList","@id":"https:\/\/wp.dev.sweetestsaffron.pirstack.com\/fr\/a-propos-de-lifecell\/#breadcrumb","itemListElement":[{"@type":"ListItem","position":1,"name":"Home","item":"https:\/\/wp.dev.sweetestsaffron.pirstack.com\/fr\/"},{"@type":"ListItem","position":2,"name":"\u00c0 propos de LifeCell"}]},{"@type":"WebSite","@id":"https:\/\/wp.dev.sweetestsaffron.pirstack.com\/fr\/#website","url":"https:\/\/wp.dev.sweetestsaffron.pirstack.com\/fr\/","name":"SweetestSaffron","description":"Skincare,, Health Supplements &amp; HYPO21","potentialAction":[{"@type":"SearchAction","target":{"@type":"EntryPoint","urlTemplate":"https:\/\/wp.dev.sweetestsaffron.pirstack.com\/fr\/?s={search_term_string}"},"query-input":{"@type":"PropertyValueSpecification","valueRequired":true,"valueName":"search_term_string"}}],"inLanguage":"fr-FR"}]}},"_links":{"self":[{"href":"https:\/\/wp.dev.sweetestsaffron.pirstack.com\/fr\/wp-json\/wp\/v2\/pages\/899","targetHints":{"allow":["GET"]}}],"collection":[{"href":"https:\/\/wp.dev.sweetestsaffron.pirstack.com\/fr\/wp-json\/wp\/v2\/pages"}],"about":[{"href":"https:\/\/wp.dev.sweetestsaffron.pirstack.com\/fr\/wp-json\/wp\/v2\/types\/page"}],"author":[{"embeddable":true,"href":"https:\/\/wp.dev.sweetestsaffron.pirstack.com\/fr\/wp-json\/wp\/v2\/users\/1"}],"replies":[{"embeddable":true,"href":"https:\/\/wp.dev.sweetestsaffron.pirstack.com\/fr\/wp-json\/wp\/v2\/comments?post=899"}],"version-history":[{"count":1,"href":"https:\/\/wp.dev.sweetestsaffron.pirstack.com\/fr\/wp-json\/wp\/v2\/pages\/899\/revisions"}],"predecessor-version":[{"id":902,"href":"https:\/\/wp.dev.sweetestsaffron.pirstack.com\/fr\/wp-json\/wp\/v2\/pages\/899\/revisions\/902"}],"wp:attachment":[{"href":"https:\/\/wp.dev.sweetestsaffron.pirstack.com\/fr\/wp-json\/wp\/v2\/media?parent=899"}],"curies":[{"name":"wp","href":"https:\/\/api.w.org\/{rel}","templated":true}]}}