{"id":1823,"date":"2023-08-06T16:05:56","date_gmt":"2023-08-06T15:05:56","guid":{"rendered":"https:\/\/www.sweetestsaffron.co.uk\/product\/hypo21-reinigendes-hautspray-100ml\/"},"modified":"2023-08-06T21:55:28","modified_gmt":"2023-08-06T20:55:28","slug":"hypo21","status":"publish","type":"product","link":"https:\/\/wp.dev.sweetestsaffron.pirstack.com\/de\/produkt\/hypo21\/","title":{"rendered":"HYPO21 Reinigendes Hautspray 100ml"},"content":{"rendered":"<p><strong>HOCHWIRKSAMES REINIGUNGSMITTEL UND REINIGENDES HAUTSPRAY.<\/strong><\/p>\n<p>Nachhaltiges, veganes, biologisches und grausamkeitsfreies Unisex-Hautreinigungsspray, das Teil Ihrer t\u00e4glichen Hautpflegeroutine sein kann.<\/p>\n<p>HYPO21 ist die perfekte kosmetische L\u00f6sung zur Beruhigung und Unterst\u00fctzung Ihrer Haut. Diese hochwirksame, elektrisch geladene Signall\u00f6sung basiert auf der Wissenschaft der Hypochlorigen Technologie (HOCl) und ahmt die Essenz des nat\u00fcrlichen Abwehrsystems Ihres K\u00f6rpers nach.<\/p>\n<p>HYPO21 Skin Purifying Spray besteht aus PURE HOCl. HOCl ist ein nat\u00fcrlicher Bestandteil unseres inneren Abwehrsystems, der von den wei\u00dfen Blutk\u00f6rperchen produziert wird.<\/p>\n<p>HYPO21 ist f\u00fcr Menschen geeignet, die zu Ekzemen, Schuppenflechte, Dermatitis, Rosazea, Akne und Pickeln neigen.<\/p>\n<p>Unsere einzigartige Pure HOCl-Formulierung reinigt, kl\u00e4rt und sch\u00fctzt die Haut und ist dabei so sanft wie Wasser. Speziell entwickelt f\u00fcr jede Person und jeden Hauttyp. Unsere sanfte Formel hat einen hautneutralen pH-Wert und kann \u00fcberall angewendet werden, selbst auf der empfindlichsten Haut, im Gesicht oder an anderen K\u00f6rperstellen.<\/p>\n<p><strong><u>HYPO21 enth\u00e4lt KEIN Natriumhypochlorit, keine Phosphors\u00e4ure und keinen Alkohol<\/u><\/strong><\/p>\n<ul>\n<li>Wirkt gegen Infektionen, kontrolliert Reaktionen auf Verletzungen und f\u00f6rdert die Heilung<\/li>\n<li>Bio<\/li>\n<li>Vegan<\/li>\n<li>Kein Absp\u00fclen erforderlich<\/li>\n<li>Hautneutraler pH-Wert<\/li>\n<li>T\u00e4glich anwenden, um die Haut zu verbessern, Hautunreinheiten zu beseitigen und R\u00f6tungen zu reduzieren<\/li>\n<li>Sicher f\u00fcr alle Hauttypen und jedes Alter<\/li>\n<li>Hypoallergen, nicht reizend<\/li>\n<li>Nicht gef\u00e4hrlich<\/li>\n<li>Rehydrierung der Haut<\/li>\n<li>Kontrolle von Hautinfektionen<\/li>\n<li>Sch\u00fctzt und unterst\u00fctzt Ihre Haut<\/li>\n<li>Reinigen Sie<\/li>\n<li>Reinigen<\/li>\n<li>Beruhigen Sie<\/li>\n<li>Bilanz<\/li>\n<li>Erholen Sie sich und beruhigen Sie Ihre Haut<\/li>\n<li>Es hilft, chronische Wunden wie diabetische Geschw\u00fcre, ven\u00f6se Beingeschw\u00fcre und Druckgeschw\u00fcre zu lindern.<\/li>\n<\/ul>\n<p><strong>Das ist es auch;<\/strong><\/p>\n<ul>\n<li>Nussfrei<\/li>\n<li>Parf\u00fcmfrei<\/li>\n<li>Silikonfrei<\/li>\n<li>Paraffinfrei<\/li>\n<li>Alkoholfrei<\/li>\n<li>Mikroplastikfrei<\/li>\n<li>Parabenfrei<\/li>\n<li>Ethanolaminfrei<\/li>\n<li>Formaldehydfrei<\/li>\n<li>Formaldehyd dissoziieren<\/li>\n<li>Pigmentfrei<\/li>\n<li>Tensidfrei<\/li>\n<li>Aluminiumfrei<\/li>\n<li>Sulfatfrei<\/li>\n<li>Siloxanfrei<\/li>\n<li>Phthalatfrei<\/li>\n<li>Farbstofffrei<\/li>\n<\/ul>\n<p>&nbsp;<\/p>\n<p>Jedes einzelne unserer Produkte wurde professionell entwickelt und kosmetisch getestet. Jedes unserer Produkte wird mit einem eigenen Sicherheitszertifikat f\u00fcr kosmetische Produkte geliefert.<\/p>\n","protected":false},"excerpt":{"rendered":"<p>HOCHWIRKSAMES REINIGUNGSMITTEL UND REINIGENDES HAUTSPRAY. Nachhaltiges, veganes, biologisches und grausamkeitsfreies Unisex-Hautreinigungsspray, das Teil Ihrer t\u00e4glichen Hautpflegeroutine sein kann. HYPO21 ist die perfekte kosmetische L\u00f6sung zur Beruhigung und Unterst\u00fctzung Ihrer Haut. Diese hochwirksame, elektrisch geladene Signall\u00f6sung basiert auf der Wissenschaft der Hypochlorigen Technologie (HOCl) und ahmt die Essenz des nat\u00fcrlichen Abwehrsystems Ihres K\u00f6rpers nach. HYPO21 Skin [&hellip;]<\/p>\n","protected":false},"featured_media":1816,"comment_status":"open","ping_status":"closed","template":"","meta":[],"product_brand":[],"product_cat":[115],"product_tag":[107,104,98,92,97,91,109,112,100,110,102,93,103,95,106,94,101,108,111,99,105,96],"class_list":{"0":"post-1823","1":"product","2":"type-product","3":"status-publish","4":"has-post-thumbnail","6":"product_cat-hypo21-de","7":"product_tag-alle","8":"product_tag-beseitigen","9":"product_tag-bio","10":"product_tag-haut","11":"product_tag-heilung","12":"product_tag-hypo21-de","13":"product_tag-hypoallergen","14":"product_tag-infektionskontrolle","15":"product_tag-neutrak-de","16":"product_tag-nicht-reizend","17":"product_tag-reduzieren","18":"product_tag-reinigung","19":"product_tag-rotung","20":"product_tag-sanft","21":"product_tag-sicher","22":"product_tag-spray-de","23":"product_tag-taglich","24":"product_tag-typen","25":"product_tag-ungefahrlich-hydratisierung","26":"product_tag-vegan-de","27":"product_tag-verunstaltungen","28":"product_tag-wasser","30":"first","31":"outofstock","32":"shipping-taxable","33":"purchasable","34":"product-type-simple"},"acf":[],"yoast_head":"<!-- This site is optimized with the Yoast SEO plugin v26.7 - https:\/\/yoast.com\/wordpress\/plugins\/seo\/ -->\n<title>HYPO21 Reinigendes Hautspray 100ml - SweetestSaffron<\/title>\n<meta name=\"description\" content=\"Wirkt gegen Infektionen, kontrolliert Reaktionen auf Verletzungen und f\u00f6rdert die Heilung.\" \/>\n<meta name=\"robots\" content=\"noindex, follow, max-snippet:-1, max-image-preview:large, max-video-preview:-1\" \/>\n<meta property=\"og:locale\" content=\"de_DE\" \/>\n<meta property=\"og:type\" content=\"article\" \/>\n<meta property=\"og:title\" content=\"HYPO21 Reinigendes Hautspray 100ml - SweetestSaffron\" \/>\n<meta property=\"og:description\" content=\"Wirkt gegen Infektionen, kontrolliert Reaktionen auf Verletzungen und f\u00f6rdert die Heilung.\" \/>\n<meta property=\"og:url\" content=\"https:\/\/wp.dev.sweetestsaffron.pirstack.com\/de\/produkt\/hypo21\/\" \/>\n<meta property=\"og:site_name\" content=\"SweetestSaffron\" \/>\n<meta property=\"article:modified_time\" content=\"2023-08-06T20:55:28+00:00\" \/>\n<meta property=\"og:image\" content=\"https:\/\/wp.dev.sweetestsaffron.pirstack.com\/wp-content\/uploads\/2023\/08\/HYPO21-Purifying-Skin-Spray-e1691355157743.webp\" \/>\n\t<meta property=\"og:image:width\" content=\"291\" \/>\n\t<meta property=\"og:image:height\" content=\"750\" \/>\n\t<meta property=\"og:image:type\" content=\"image\/webp\" \/>\n<meta name=\"twitter:card\" content=\"summary_large_image\" \/>\n<meta name=\"twitter:label1\" content=\"Gesch\u00e4tzte Lesezeit\" \/>\n\t<meta name=\"twitter:data1\" content=\"2\u00a0Minuten\" \/>\n<script type=\"application\/ld+json\" class=\"yoast-schema-graph\">{\"@context\":\"https:\/\/schema.org\",\"@graph\":[{\"@type\":\"WebPage\",\"@id\":\"https:\/\/wp.dev.sweetestsaffron.pirstack.com\/de\/produkt\/hypo21\/\",\"url\":\"https:\/\/wp.dev.sweetestsaffron.pirstack.com\/de\/produkt\/hypo21\/\",\"name\":\"HYPO21 Reinigendes Hautspray 100ml - SweetestSaffron\",\"isPartOf\":{\"@id\":\"https:\/\/wp.dev.sweetestsaffron.pirstack.com\/de\/#website\"},\"primaryImageOfPage\":{\"@id\":\"https:\/\/wp.dev.sweetestsaffron.pirstack.com\/de\/produkt\/hypo21\/#primaryimage\"},\"image\":{\"@id\":\"https:\/\/wp.dev.sweetestsaffron.pirstack.com\/de\/produkt\/hypo21\/#primaryimage\"},\"thumbnailUrl\":\"https:\/\/wp.dev.sweetestsaffron.pirstack.com\/wp-content\/uploads\/2023\/08\/HYPO21-Purifying-Skin-Spray-e1691355157743.webp\",\"datePublished\":\"2023-08-06T15:05:56+00:00\",\"dateModified\":\"2023-08-06T20:55:28+00:00\",\"description\":\"Wirkt gegen Infektionen, kontrolliert Reaktionen auf Verletzungen und f\u00f6rdert die Heilung.\",\"breadcrumb\":{\"@id\":\"https:\/\/wp.dev.sweetestsaffron.pirstack.com\/de\/produkt\/hypo21\/#breadcrumb\"},\"inLanguage\":\"de\",\"potentialAction\":[{\"@type\":\"ReadAction\",\"target\":[\"https:\/\/wp.dev.sweetestsaffron.pirstack.com\/de\/produkt\/hypo21\/\"]}]},{\"@type\":\"ImageObject\",\"inLanguage\":\"de\",\"@id\":\"https:\/\/wp.dev.sweetestsaffron.pirstack.com\/de\/produkt\/hypo21\/#primaryimage\",\"url\":\"https:\/\/wp.dev.sweetestsaffron.pirstack.com\/wp-content\/uploads\/2023\/08\/HYPO21-Purifying-Skin-Spray-e1691355157743.webp\",\"contentUrl\":\"https:\/\/wp.dev.sweetestsaffron.pirstack.com\/wp-content\/uploads\/2023\/08\/HYPO21-Purifying-Skin-Spray-e1691355157743.webp\",\"width\":291,\"height\":750},{\"@type\":\"BreadcrumbList\",\"@id\":\"https:\/\/wp.dev.sweetestsaffron.pirstack.com\/de\/produkt\/hypo21\/#breadcrumb\",\"itemListElement\":[{\"@type\":\"ListItem\",\"position\":1,\"name\":\"Home\",\"item\":\"https:\/\/wp.dev.sweetestsaffron.pirstack.com\/de\/\"},{\"@type\":\"ListItem\",\"position\":2,\"name\":\"Shop\",\"item\":\"https:\/\/wp.dev.sweetestsaffron.pirstack.com\/de\/shop-2\/\"},{\"@type\":\"ListItem\",\"position\":3,\"name\":\"HYPO21 Reinigendes Hautspray 100ml\"}]},{\"@type\":\"WebSite\",\"@id\":\"https:\/\/wp.dev.sweetestsaffron.pirstack.com\/de\/#website\",\"url\":\"https:\/\/wp.dev.sweetestsaffron.pirstack.com\/de\/\",\"name\":\"SweetestSaffron\",\"description\":\"Skincare,, Health Supplements &amp; HYPO21\",\"potentialAction\":[{\"@type\":\"SearchAction\",\"target\":{\"@type\":\"EntryPoint\",\"urlTemplate\":\"https:\/\/wp.dev.sweetestsaffron.pirstack.com\/de\/?s={search_term_string}\"},\"query-input\":{\"@type\":\"PropertyValueSpecification\",\"valueRequired\":true,\"valueName\":\"search_term_string\"}}],\"inLanguage\":\"de\"}]}<\/script>\n<!-- \/ Yoast SEO plugin. -->","yoast_head_json":{"title":"HYPO21 Reinigendes Hautspray 100ml - SweetestSaffron","description":"Wirkt gegen Infektionen, kontrolliert Reaktionen auf Verletzungen und f\u00f6rdert die Heilung.","robots":{"index":"noindex","follow":"follow","max-snippet":"max-snippet:-1","max-image-preview":"max-image-preview:large","max-video-preview":"max-video-preview:-1"},"og_locale":"de_DE","og_type":"article","og_title":"HYPO21 Reinigendes Hautspray 100ml - SweetestSaffron","og_description":"Wirkt gegen Infektionen, kontrolliert Reaktionen auf Verletzungen und f\u00f6rdert die Heilung.","og_url":"https:\/\/wp.dev.sweetestsaffron.pirstack.com\/de\/produkt\/hypo21\/","og_site_name":"SweetestSaffron","article_modified_time":"2023-08-06T20:55:28+00:00","og_image":[{"width":291,"height":750,"url":"https:\/\/wp.dev.sweetestsaffron.pirstack.com\/wp-content\/uploads\/2023\/08\/HYPO21-Purifying-Skin-Spray-e1691355157743.webp","type":"image\/webp"}],"twitter_card":"summary_large_image","twitter_misc":{"Gesch\u00e4tzte Lesezeit":"2\u00a0Minuten"},"schema":{"@context":"https:\/\/schema.org","@graph":[{"@type":"WebPage","@id":"https:\/\/wp.dev.sweetestsaffron.pirstack.com\/de\/produkt\/hypo21\/","url":"https:\/\/wp.dev.sweetestsaffron.pirstack.com\/de\/produkt\/hypo21\/","name":"HYPO21 Reinigendes Hautspray 100ml - SweetestSaffron","isPartOf":{"@id":"https:\/\/wp.dev.sweetestsaffron.pirstack.com\/de\/#website"},"primaryImageOfPage":{"@id":"https:\/\/wp.dev.sweetestsaffron.pirstack.com\/de\/produkt\/hypo21\/#primaryimage"},"image":{"@id":"https:\/\/wp.dev.sweetestsaffron.pirstack.com\/de\/produkt\/hypo21\/#primaryimage"},"thumbnailUrl":"https:\/\/wp.dev.sweetestsaffron.pirstack.com\/wp-content\/uploads\/2023\/08\/HYPO21-Purifying-Skin-Spray-e1691355157743.webp","datePublished":"2023-08-06T15:05:56+00:00","dateModified":"2023-08-06T20:55:28+00:00","description":"Wirkt gegen Infektionen, kontrolliert Reaktionen auf Verletzungen und f\u00f6rdert die Heilung.","breadcrumb":{"@id":"https:\/\/wp.dev.sweetestsaffron.pirstack.com\/de\/produkt\/hypo21\/#breadcrumb"},"inLanguage":"de","potentialAction":[{"@type":"ReadAction","target":["https:\/\/wp.dev.sweetestsaffron.pirstack.com\/de\/produkt\/hypo21\/"]}]},{"@type":"ImageObject","inLanguage":"de","@id":"https:\/\/wp.dev.sweetestsaffron.pirstack.com\/de\/produkt\/hypo21\/#primaryimage","url":"https:\/\/wp.dev.sweetestsaffron.pirstack.com\/wp-content\/uploads\/2023\/08\/HYPO21-Purifying-Skin-Spray-e1691355157743.webp","contentUrl":"https:\/\/wp.dev.sweetestsaffron.pirstack.com\/wp-content\/uploads\/2023\/08\/HYPO21-Purifying-Skin-Spray-e1691355157743.webp","width":291,"height":750},{"@type":"BreadcrumbList","@id":"https:\/\/wp.dev.sweetestsaffron.pirstack.com\/de\/produkt\/hypo21\/#breadcrumb","itemListElement":[{"@type":"ListItem","position":1,"name":"Home","item":"https:\/\/wp.dev.sweetestsaffron.pirstack.com\/de\/"},{"@type":"ListItem","position":2,"name":"Shop","item":"https:\/\/wp.dev.sweetestsaffron.pirstack.com\/de\/shop-2\/"},{"@type":"ListItem","position":3,"name":"HYPO21 Reinigendes Hautspray 100ml"}]},{"@type":"WebSite","@id":"https:\/\/wp.dev.sweetestsaffron.pirstack.com\/de\/#website","url":"https:\/\/wp.dev.sweetestsaffron.pirstack.com\/de\/","name":"SweetestSaffron","description":"Skincare,, Health Supplements &amp; HYPO21","potentialAction":[{"@type":"SearchAction","target":{"@type":"EntryPoint","urlTemplate":"https:\/\/wp.dev.sweetestsaffron.pirstack.com\/de\/?s={search_term_string}"},"query-input":{"@type":"PropertyValueSpecification","valueRequired":true,"valueName":"search_term_string"}}],"inLanguage":"de"}]}},"_links":{"self":[{"href":"https:\/\/wp.dev.sweetestsaffron.pirstack.com\/de\/wp-json\/wp\/v2\/product\/1823","targetHints":{"allow":["GET"]}}],"collection":[{"href":"https:\/\/wp.dev.sweetestsaffron.pirstack.com\/de\/wp-json\/wp\/v2\/product"}],"about":[{"href":"https:\/\/wp.dev.sweetestsaffron.pirstack.com\/de\/wp-json\/wp\/v2\/types\/product"}],"replies":[{"embeddable":true,"href":"https:\/\/wp.dev.sweetestsaffron.pirstack.com\/de\/wp-json\/wp\/v2\/comments?post=1823"}],"wp:featuredmedia":[{"embeddable":true,"href":"https:\/\/wp.dev.sweetestsaffron.pirstack.com\/de\/wp-json\/wp\/v2\/media\/1816"}],"wp:attachment":[{"href":"https:\/\/wp.dev.sweetestsaffron.pirstack.com\/de\/wp-json\/wp\/v2\/media?parent=1823"}],"wp:term":[{"taxonomy":"product_brand","embeddable":true,"href":"https:\/\/wp.dev.sweetestsaffron.pirstack.com\/de\/wp-json\/wp\/v2\/product_brand?post=1823"},{"taxonomy":"product_cat","embeddable":true,"href":"https:\/\/wp.dev.sweetestsaffron.pirstack.com\/de\/wp-json\/wp\/v2\/product_cat?post=1823"},{"taxonomy":"product_tag","embeddable":true,"href":"https:\/\/wp.dev.sweetestsaffron.pirstack.com\/de\/wp-json\/wp\/v2\/product_tag?post=1823"}],"curies":[{"name":"wp","href":"https:\/\/api.w.org\/{rel}","templated":true}]}}