{"id":1179,"date":"2022-06-22T09:38:12","date_gmt":"2022-06-22T08:38:12","guid":{"rendered":"https:\/\/www.sweetestsaffron.co.uk\/product\/baldrian-pilz-schlafhilfe-life-cell-schlafhilfe\/"},"modified":"2022-12-07T16:22:09","modified_gmt":"2022-12-07T16:22:09","slug":"baldrian-pilz-schlafhilfe-life-cell-schlafhilfe","status":"publish","type":"product","link":"https:\/\/wp.dev.sweetestsaffron.pirstack.com\/de\/produkt\/baldrian-pilz-schlafhilfe-life-cell-schlafhilfe\/","title":{"rendered":"Baldrian + Pilz Schlafhilfe &#8211; Life Cell Schlafhilfe"},"content":{"rendered":"<p>Stoppen Sie rasende Gedanken und beenden Sie unruhige N\u00e4chte mit LifeCell Sleep Aid. Unsere melatoninfreie Formel f\u00f6rdert einen tiefen und erholsamen Schlaf, ohne dass ein Rezept erforderlich ist. Es beruhigt den \u00fcberaktiven Geist und f\u00f6rdert die Entspannung. Unser Hauptinhaltsstoff Baldrianwurzel hilft Ihnen, schneller einzuschlafen, l\u00e4nger zu schlafen und mit einem Gef\u00fchl von Energie aufzuwachen. Schl\u00e4frigkeit wo? Hier nicht.<\/p>\n","protected":false},"excerpt":{"rendered":"<p>Die nat\u00fcrliche und melatoninfreie Formel von LifeCell Sleep Aid f\u00f6rdert einen tiefen und erholsamen Schlaf ohne morgendliche M\u00fcdigkeit.<\/p>\n","protected":false},"featured_media":826,"comment_status":"open","ping_status":"closed","template":"","meta":[],"product_brand":[],"product_cat":[41],"product_tag":[],"class_list":{"0":"post-1179","1":"product","2":"type-product","3":"status-publish","4":"has-post-thumbnail","6":"product_cat-gesundheit-erganzungen","8":"first","9":"instock","10":"shipping-taxable","11":"purchasable","12":"product-type-simple"},"acf":[],"yoast_head":"<!-- This site is optimized with the Yoast SEO plugin v26.7 - https:\/\/yoast.com\/wordpress\/plugins\/seo\/ -->\n<title>LifeCell Sleep Aid - SweetestSaffron<\/title>\n<meta name=\"description\" content=\"Verbessern Sie Ihr Schlafverhalten mit LifeCell Sleep Aid, einer nat\u00fcrlichen und melatoninfreien Formel zur F\u00f6rderung eines tiefen Schlafs. Kostenlose Lieferung in Gro\u00dfbritannien.\" \/>\n<meta name=\"robots\" content=\"noindex, follow, max-snippet:-1, max-image-preview:large, max-video-preview:-1\" \/>\n<meta property=\"og:locale\" content=\"de_DE\" \/>\n<meta property=\"og:type\" content=\"article\" \/>\n<meta property=\"og:title\" content=\"LifeCell Sleep Aid - SweetestSaffron\" \/>\n<meta property=\"og:description\" content=\"Verbessern Sie Ihr Schlafverhalten mit LifeCell Sleep Aid, einer nat\u00fcrlichen und melatoninfreien Formel zur F\u00f6rderung eines tiefen Schlafs. Kostenlose Lieferung in Gro\u00dfbritannien.\" \/>\n<meta property=\"og:url\" content=\"https:\/\/wp.dev.sweetestsaffron.pirstack.com\/de\/produkt\/baldrian-pilz-schlafhilfe-life-cell-schlafhilfe\/\" \/>\n<meta property=\"og:site_name\" content=\"SweetestSaffron\" \/>\n<meta property=\"article:modified_time\" content=\"2022-12-07T16:22:09+00:00\" \/>\n<meta property=\"og:image\" content=\"https:\/\/wp.dev.sweetestsaffron.pirstack.com\/wp-content\/uploads\/2022\/06\/Lifecell-Sleep-Aid.png\" \/>\n\t<meta property=\"og:image:width\" content=\"800\" \/>\n\t<meta property=\"og:image:height\" content=\"800\" \/>\n\t<meta property=\"og:image:type\" content=\"image\/png\" \/>\n<meta name=\"twitter:card\" content=\"summary_large_image\" \/>\n<script type=\"application\/ld+json\" class=\"yoast-schema-graph\">{\"@context\":\"https:\/\/schema.org\",\"@graph\":[{\"@type\":\"WebPage\",\"@id\":\"https:\/\/wp.dev.sweetestsaffron.pirstack.com\/de\/produkt\/baldrian-pilz-schlafhilfe-life-cell-schlafhilfe\/\",\"url\":\"https:\/\/wp.dev.sweetestsaffron.pirstack.com\/de\/produkt\/baldrian-pilz-schlafhilfe-life-cell-schlafhilfe\/\",\"name\":\"LifeCell Sleep Aid - SweetestSaffron\",\"isPartOf\":{\"@id\":\"https:\/\/wp.dev.sweetestsaffron.pirstack.com\/de\/#website\"},\"primaryImageOfPage\":{\"@id\":\"https:\/\/wp.dev.sweetestsaffron.pirstack.com\/de\/produkt\/baldrian-pilz-schlafhilfe-life-cell-schlafhilfe\/#primaryimage\"},\"image\":{\"@id\":\"https:\/\/wp.dev.sweetestsaffron.pirstack.com\/de\/produkt\/baldrian-pilz-schlafhilfe-life-cell-schlafhilfe\/#primaryimage\"},\"thumbnailUrl\":\"https:\/\/wp.dev.sweetestsaffron.pirstack.com\/wp-content\/uploads\/2022\/06\/Lifecell-Sleep-Aid.png\",\"datePublished\":\"2022-06-22T08:38:12+00:00\",\"dateModified\":\"2022-12-07T16:22:09+00:00\",\"description\":\"Verbessern Sie Ihr Schlafverhalten mit LifeCell Sleep Aid, einer nat\u00fcrlichen und melatoninfreien Formel zur F\u00f6rderung eines tiefen Schlafs. Kostenlose Lieferung in Gro\u00dfbritannien.\",\"breadcrumb\":{\"@id\":\"https:\/\/wp.dev.sweetestsaffron.pirstack.com\/de\/produkt\/baldrian-pilz-schlafhilfe-life-cell-schlafhilfe\/#breadcrumb\"},\"inLanguage\":\"de\",\"potentialAction\":[{\"@type\":\"ReadAction\",\"target\":[\"https:\/\/wp.dev.sweetestsaffron.pirstack.com\/de\/produkt\/baldrian-pilz-schlafhilfe-life-cell-schlafhilfe\/\"]}]},{\"@type\":\"ImageObject\",\"inLanguage\":\"de\",\"@id\":\"https:\/\/wp.dev.sweetestsaffron.pirstack.com\/de\/produkt\/baldrian-pilz-schlafhilfe-life-cell-schlafhilfe\/#primaryimage\",\"url\":\"https:\/\/wp.dev.sweetestsaffron.pirstack.com\/wp-content\/uploads\/2022\/06\/Lifecell-Sleep-Aid.png\",\"contentUrl\":\"https:\/\/wp.dev.sweetestsaffron.pirstack.com\/wp-content\/uploads\/2022\/06\/Lifecell-Sleep-Aid.png\",\"width\":800,\"height\":800},{\"@type\":\"BreadcrumbList\",\"@id\":\"https:\/\/wp.dev.sweetestsaffron.pirstack.com\/de\/produkt\/baldrian-pilz-schlafhilfe-life-cell-schlafhilfe\/#breadcrumb\",\"itemListElement\":[{\"@type\":\"ListItem\",\"position\":1,\"name\":\"Home\",\"item\":\"https:\/\/wp.dev.sweetestsaffron.pirstack.com\/de\/\"},{\"@type\":\"ListItem\",\"position\":2,\"name\":\"Shop\",\"item\":\"https:\/\/wp.dev.sweetestsaffron.pirstack.com\/de\/shop-2\/\"},{\"@type\":\"ListItem\",\"position\":3,\"name\":\"Baldrian + Pilz Schlafhilfe &#8211; Life Cell Schlafhilfe\"}]},{\"@type\":\"WebSite\",\"@id\":\"https:\/\/wp.dev.sweetestsaffron.pirstack.com\/de\/#website\",\"url\":\"https:\/\/wp.dev.sweetestsaffron.pirstack.com\/de\/\",\"name\":\"SweetestSaffron\",\"description\":\"Skincare,, Health Supplements &amp; HYPO21\",\"potentialAction\":[{\"@type\":\"SearchAction\",\"target\":{\"@type\":\"EntryPoint\",\"urlTemplate\":\"https:\/\/wp.dev.sweetestsaffron.pirstack.com\/de\/?s={search_term_string}\"},\"query-input\":{\"@type\":\"PropertyValueSpecification\",\"valueRequired\":true,\"valueName\":\"search_term_string\"}}],\"inLanguage\":\"de\"}]}<\/script>\n<!-- \/ Yoast SEO plugin. -->","yoast_head_json":{"title":"LifeCell Sleep Aid - SweetestSaffron","description":"Verbessern Sie Ihr Schlafverhalten mit LifeCell Sleep Aid, einer nat\u00fcrlichen und melatoninfreien Formel zur F\u00f6rderung eines tiefen Schlafs. Kostenlose Lieferung in Gro\u00dfbritannien.","robots":{"index":"noindex","follow":"follow","max-snippet":"max-snippet:-1","max-image-preview":"max-image-preview:large","max-video-preview":"max-video-preview:-1"},"og_locale":"de_DE","og_type":"article","og_title":"LifeCell Sleep Aid - SweetestSaffron","og_description":"Verbessern Sie Ihr Schlafverhalten mit LifeCell Sleep Aid, einer nat\u00fcrlichen und melatoninfreien Formel zur F\u00f6rderung eines tiefen Schlafs. Kostenlose Lieferung in Gro\u00dfbritannien.","og_url":"https:\/\/wp.dev.sweetestsaffron.pirstack.com\/de\/produkt\/baldrian-pilz-schlafhilfe-life-cell-schlafhilfe\/","og_site_name":"SweetestSaffron","article_modified_time":"2022-12-07T16:22:09+00:00","og_image":[{"width":800,"height":800,"url":"https:\/\/wp.dev.sweetestsaffron.pirstack.com\/wp-content\/uploads\/2022\/06\/Lifecell-Sleep-Aid.png","type":"image\/png"}],"twitter_card":"summary_large_image","schema":{"@context":"https:\/\/schema.org","@graph":[{"@type":"WebPage","@id":"https:\/\/wp.dev.sweetestsaffron.pirstack.com\/de\/produkt\/baldrian-pilz-schlafhilfe-life-cell-schlafhilfe\/","url":"https:\/\/wp.dev.sweetestsaffron.pirstack.com\/de\/produkt\/baldrian-pilz-schlafhilfe-life-cell-schlafhilfe\/","name":"LifeCell Sleep Aid - SweetestSaffron","isPartOf":{"@id":"https:\/\/wp.dev.sweetestsaffron.pirstack.com\/de\/#website"},"primaryImageOfPage":{"@id":"https:\/\/wp.dev.sweetestsaffron.pirstack.com\/de\/produkt\/baldrian-pilz-schlafhilfe-life-cell-schlafhilfe\/#primaryimage"},"image":{"@id":"https:\/\/wp.dev.sweetestsaffron.pirstack.com\/de\/produkt\/baldrian-pilz-schlafhilfe-life-cell-schlafhilfe\/#primaryimage"},"thumbnailUrl":"https:\/\/wp.dev.sweetestsaffron.pirstack.com\/wp-content\/uploads\/2022\/06\/Lifecell-Sleep-Aid.png","datePublished":"2022-06-22T08:38:12+00:00","dateModified":"2022-12-07T16:22:09+00:00","description":"Verbessern Sie Ihr Schlafverhalten mit LifeCell Sleep Aid, einer nat\u00fcrlichen und melatoninfreien Formel zur F\u00f6rderung eines tiefen Schlafs. Kostenlose Lieferung in Gro\u00dfbritannien.","breadcrumb":{"@id":"https:\/\/wp.dev.sweetestsaffron.pirstack.com\/de\/produkt\/baldrian-pilz-schlafhilfe-life-cell-schlafhilfe\/#breadcrumb"},"inLanguage":"de","potentialAction":[{"@type":"ReadAction","target":["https:\/\/wp.dev.sweetestsaffron.pirstack.com\/de\/produkt\/baldrian-pilz-schlafhilfe-life-cell-schlafhilfe\/"]}]},{"@type":"ImageObject","inLanguage":"de","@id":"https:\/\/wp.dev.sweetestsaffron.pirstack.com\/de\/produkt\/baldrian-pilz-schlafhilfe-life-cell-schlafhilfe\/#primaryimage","url":"https:\/\/wp.dev.sweetestsaffron.pirstack.com\/wp-content\/uploads\/2022\/06\/Lifecell-Sleep-Aid.png","contentUrl":"https:\/\/wp.dev.sweetestsaffron.pirstack.com\/wp-content\/uploads\/2022\/06\/Lifecell-Sleep-Aid.png","width":800,"height":800},{"@type":"BreadcrumbList","@id":"https:\/\/wp.dev.sweetestsaffron.pirstack.com\/de\/produkt\/baldrian-pilz-schlafhilfe-life-cell-schlafhilfe\/#breadcrumb","itemListElement":[{"@type":"ListItem","position":1,"name":"Home","item":"https:\/\/wp.dev.sweetestsaffron.pirstack.com\/de\/"},{"@type":"ListItem","position":2,"name":"Shop","item":"https:\/\/wp.dev.sweetestsaffron.pirstack.com\/de\/shop-2\/"},{"@type":"ListItem","position":3,"name":"Baldrian + Pilz Schlafhilfe &#8211; Life Cell Schlafhilfe"}]},{"@type":"WebSite","@id":"https:\/\/wp.dev.sweetestsaffron.pirstack.com\/de\/#website","url":"https:\/\/wp.dev.sweetestsaffron.pirstack.com\/de\/","name":"SweetestSaffron","description":"Skincare,, Health Supplements &amp; HYPO21","potentialAction":[{"@type":"SearchAction","target":{"@type":"EntryPoint","urlTemplate":"https:\/\/wp.dev.sweetestsaffron.pirstack.com\/de\/?s={search_term_string}"},"query-input":{"@type":"PropertyValueSpecification","valueRequired":true,"valueName":"search_term_string"}}],"inLanguage":"de"}]}},"_links":{"self":[{"href":"https:\/\/wp.dev.sweetestsaffron.pirstack.com\/de\/wp-json\/wp\/v2\/product\/1179","targetHints":{"allow":["GET"]}}],"collection":[{"href":"https:\/\/wp.dev.sweetestsaffron.pirstack.com\/de\/wp-json\/wp\/v2\/product"}],"about":[{"href":"https:\/\/wp.dev.sweetestsaffron.pirstack.com\/de\/wp-json\/wp\/v2\/types\/product"}],"replies":[{"embeddable":true,"href":"https:\/\/wp.dev.sweetestsaffron.pirstack.com\/de\/wp-json\/wp\/v2\/comments?post=1179"}],"wp:featuredmedia":[{"embeddable":true,"href":"https:\/\/wp.dev.sweetestsaffron.pirstack.com\/de\/wp-json\/wp\/v2\/media\/826"}],"wp:attachment":[{"href":"https:\/\/wp.dev.sweetestsaffron.pirstack.com\/de\/wp-json\/wp\/v2\/media?parent=1179"}],"wp:term":[{"taxonomy":"product_brand","embeddable":true,"href":"https:\/\/wp.dev.sweetestsaffron.pirstack.com\/de\/wp-json\/wp\/v2\/product_brand?post=1179"},{"taxonomy":"product_cat","embeddable":true,"href":"https:\/\/wp.dev.sweetestsaffron.pirstack.com\/de\/wp-json\/wp\/v2\/product_cat?post=1179"},{"taxonomy":"product_tag","embeddable":true,"href":"https:\/\/wp.dev.sweetestsaffron.pirstack.com\/de\/wp-json\/wp\/v2\/product_tag?post=1179"}],"curies":[{"name":"wp","href":"https:\/\/api.w.org\/{rel}","templated":true}]}}