{"id":1168,"date":"2022-06-14T12:40:56","date_gmt":"2022-06-14T11:40:56","guid":{"rendered":"https:\/\/www.sweetestsaffron.co.uk\/product\/myco-fuel-kaffee-alternative-auf-pilzbasis\/"},"modified":"2022-12-07T16:22:07","modified_gmt":"2022-12-07T16:22:07","slug":"myco-fuel-kaffee-alternative-auf-pilzbasis","status":"publish","type":"product","link":"https:\/\/wp.dev.sweetestsaffron.pirstack.com\/de\/produkt\/myco-fuel-kaffee-alternative-auf-pilzbasis\/","title":{"rendered":"MYCO FUEL Kaffee-Alternative auf Pilzbasis"},"content":{"rendered":"<p>Verwandeln Sie Ihren Morgen, ohne auf Geschmack zu verzichten. Die Mischung aus pr\u00e4biotischen, energief\u00f6rdernden Pilzen und immunst\u00e4rkenden Vitaminen und Mineralien wurde entwickelt, um das unglaubliche Wohlgef\u00fchl zu erzeugen, das eine Tasse Kaffee am Morgen immer ausl\u00f6st. Diese saubere und gesunde Formel enth\u00e4lt Chaga, Reishi, L\u00f6wenm\u00e4hne und Cordyceps-Pilze, Kurkuma, schwarzen Tee und Kakao, um das Immunsystem zu unterst\u00fctzen, Anti-Aging zu f\u00f6rdern und Ihre Energie ohne Nervosit\u00e4t zu steigern. Es ist die ges\u00fcndeste Version eines hei\u00dfen Mokkas. Gie\u00dfen Sie den besten Eismokka, den Sie je getrunken haben, mit Eis und Ihrer Lieblingsmilch oder -sahne.<\/p>\n","protected":false},"excerpt":{"rendered":"<p>Beginnen Sie den Morgen mit unserer innovativen Mischung aus pr\u00e4biotischen Pilzen in Kombination mit essenziellen Vitaminen und Mineralien, die auf Immunit\u00e4t, Darmgesundheit und Entz\u00fcndungen abzielen.<\/p>\n","protected":false},"featured_media":822,"comment_status":"open","ping_status":"closed","template":"","meta":[],"product_brand":[],"product_cat":[41],"product_tag":[],"class_list":{"0":"post-1168","1":"product","2":"type-product","3":"status-publish","4":"has-post-thumbnail","6":"product_cat-gesundheit-erganzungen","8":"first","9":"instock","10":"shipping-taxable","11":"purchasable","12":"product-type-simple"},"acf":[],"yoast_head":"<!-- This site is optimized with the Yoast SEO plugin v26.7 - https:\/\/yoast.com\/wordpress\/plugins\/seo\/ -->\n<title>MYCO FUEL Kaffee-Alternative auf Pilzbasis - SweetestSaffron<\/title>\n<meta name=\"description\" content=\"Verwandeln Sie Ihren Morgen, ohne auf Geschmack zu verzichten! LifeCell MYCO FUEL ist eine Alternative auf Kaffeebasis. St\u00f6bern Sie noch heute auf unserer Website.\" \/>\n<meta name=\"robots\" content=\"noindex, follow, max-snippet:-1, max-image-preview:large, max-video-preview:-1\" \/>\n<meta property=\"og:locale\" content=\"de_DE\" \/>\n<meta property=\"og:type\" content=\"article\" \/>\n<meta property=\"og:title\" content=\"MYCO FUEL Kaffee-Alternative auf Pilzbasis - SweetestSaffron\" \/>\n<meta property=\"og:description\" content=\"Verwandeln Sie Ihren Morgen, ohne auf Geschmack zu verzichten! LifeCell MYCO FUEL ist eine Alternative auf Kaffeebasis. St\u00f6bern Sie noch heute auf unserer Website.\" \/>\n<meta property=\"og:url\" content=\"https:\/\/wp.dev.sweetestsaffron.pirstack.com\/de\/produkt\/myco-fuel-kaffee-alternative-auf-pilzbasis\/\" \/>\n<meta property=\"og:site_name\" content=\"SweetestSaffron\" \/>\n<meta property=\"article:modified_time\" content=\"2022-12-07T16:22:07+00:00\" \/>\n<meta property=\"og:image\" content=\"https:\/\/wp.dev.sweetestsaffron.pirstack.com\/wp-content\/uploads\/2022\/06\/MYCO-FUEL-Mushroom-Based-Coffee-Alternative.png\" \/>\n\t<meta property=\"og:image:width\" content=\"1000\" \/>\n\t<meta property=\"og:image:height\" content=\"1000\" \/>\n\t<meta property=\"og:image:type\" content=\"image\/png\" \/>\n<meta name=\"twitter:card\" content=\"summary_large_image\" \/>\n<meta name=\"twitter:label1\" content=\"Gesch\u00e4tzte Lesezeit\" \/>\n\t<meta name=\"twitter:data1\" content=\"1\u00a0Minute\" \/>\n<script type=\"application\/ld+json\" class=\"yoast-schema-graph\">{\"@context\":\"https:\/\/schema.org\",\"@graph\":[{\"@type\":\"WebPage\",\"@id\":\"https:\/\/wp.dev.sweetestsaffron.pirstack.com\/de\/produkt\/myco-fuel-kaffee-alternative-auf-pilzbasis\/\",\"url\":\"https:\/\/wp.dev.sweetestsaffron.pirstack.com\/de\/produkt\/myco-fuel-kaffee-alternative-auf-pilzbasis\/\",\"name\":\"MYCO FUEL Kaffee-Alternative auf Pilzbasis - SweetestSaffron\",\"isPartOf\":{\"@id\":\"https:\/\/wp.dev.sweetestsaffron.pirstack.com\/de\/#website\"},\"primaryImageOfPage\":{\"@id\":\"https:\/\/wp.dev.sweetestsaffron.pirstack.com\/de\/produkt\/myco-fuel-kaffee-alternative-auf-pilzbasis\/#primaryimage\"},\"image\":{\"@id\":\"https:\/\/wp.dev.sweetestsaffron.pirstack.com\/de\/produkt\/myco-fuel-kaffee-alternative-auf-pilzbasis\/#primaryimage\"},\"thumbnailUrl\":\"https:\/\/wp.dev.sweetestsaffron.pirstack.com\/wp-content\/uploads\/2022\/06\/MYCO-FUEL-Mushroom-Based-Coffee-Alternative.png\",\"datePublished\":\"2022-06-14T11:40:56+00:00\",\"dateModified\":\"2022-12-07T16:22:07+00:00\",\"description\":\"Verwandeln Sie Ihren Morgen, ohne auf Geschmack zu verzichten! LifeCell MYCO FUEL ist eine Alternative auf Kaffeebasis. St\u00f6bern Sie noch heute auf unserer Website.\",\"breadcrumb\":{\"@id\":\"https:\/\/wp.dev.sweetestsaffron.pirstack.com\/de\/produkt\/myco-fuel-kaffee-alternative-auf-pilzbasis\/#breadcrumb\"},\"inLanguage\":\"de\",\"potentialAction\":[{\"@type\":\"ReadAction\",\"target\":[\"https:\/\/wp.dev.sweetestsaffron.pirstack.com\/de\/produkt\/myco-fuel-kaffee-alternative-auf-pilzbasis\/\"]}]},{\"@type\":\"ImageObject\",\"inLanguage\":\"de\",\"@id\":\"https:\/\/wp.dev.sweetestsaffron.pirstack.com\/de\/produkt\/myco-fuel-kaffee-alternative-auf-pilzbasis\/#primaryimage\",\"url\":\"https:\/\/wp.dev.sweetestsaffron.pirstack.com\/wp-content\/uploads\/2022\/06\/MYCO-FUEL-Mushroom-Based-Coffee-Alternative.png\",\"contentUrl\":\"https:\/\/wp.dev.sweetestsaffron.pirstack.com\/wp-content\/uploads\/2022\/06\/MYCO-FUEL-Mushroom-Based-Coffee-Alternative.png\",\"width\":1000,\"height\":1000,\"caption\":\"MYCO FUEL Mushroom-Based Coffee\"},{\"@type\":\"BreadcrumbList\",\"@id\":\"https:\/\/wp.dev.sweetestsaffron.pirstack.com\/de\/produkt\/myco-fuel-kaffee-alternative-auf-pilzbasis\/#breadcrumb\",\"itemListElement\":[{\"@type\":\"ListItem\",\"position\":1,\"name\":\"Home\",\"item\":\"https:\/\/wp.dev.sweetestsaffron.pirstack.com\/de\/\"},{\"@type\":\"ListItem\",\"position\":2,\"name\":\"Shop\",\"item\":\"https:\/\/wp.dev.sweetestsaffron.pirstack.com\/de\/shop-2\/\"},{\"@type\":\"ListItem\",\"position\":3,\"name\":\"MYCO FUEL Kaffee-Alternative auf Pilzbasis\"}]},{\"@type\":\"WebSite\",\"@id\":\"https:\/\/wp.dev.sweetestsaffron.pirstack.com\/de\/#website\",\"url\":\"https:\/\/wp.dev.sweetestsaffron.pirstack.com\/de\/\",\"name\":\"SweetestSaffron\",\"description\":\"Skincare,, Health Supplements &amp; HYPO21\",\"potentialAction\":[{\"@type\":\"SearchAction\",\"target\":{\"@type\":\"EntryPoint\",\"urlTemplate\":\"https:\/\/wp.dev.sweetestsaffron.pirstack.com\/de\/?s={search_term_string}\"},\"query-input\":{\"@type\":\"PropertyValueSpecification\",\"valueRequired\":true,\"valueName\":\"search_term_string\"}}],\"inLanguage\":\"de\"}]}<\/script>\n<!-- \/ Yoast SEO plugin. -->","yoast_head_json":{"title":"MYCO FUEL Kaffee-Alternative auf Pilzbasis - SweetestSaffron","description":"Verwandeln Sie Ihren Morgen, ohne auf Geschmack zu verzichten! LifeCell MYCO FUEL ist eine Alternative auf Kaffeebasis. St\u00f6bern Sie noch heute auf unserer Website.","robots":{"index":"noindex","follow":"follow","max-snippet":"max-snippet:-1","max-image-preview":"max-image-preview:large","max-video-preview":"max-video-preview:-1"},"og_locale":"de_DE","og_type":"article","og_title":"MYCO FUEL Kaffee-Alternative auf Pilzbasis - SweetestSaffron","og_description":"Verwandeln Sie Ihren Morgen, ohne auf Geschmack zu verzichten! LifeCell MYCO FUEL ist eine Alternative auf Kaffeebasis. St\u00f6bern Sie noch heute auf unserer Website.","og_url":"https:\/\/wp.dev.sweetestsaffron.pirstack.com\/de\/produkt\/myco-fuel-kaffee-alternative-auf-pilzbasis\/","og_site_name":"SweetestSaffron","article_modified_time":"2022-12-07T16:22:07+00:00","og_image":[{"width":1000,"height":1000,"url":"https:\/\/wp.dev.sweetestsaffron.pirstack.com\/wp-content\/uploads\/2022\/06\/MYCO-FUEL-Mushroom-Based-Coffee-Alternative.png","type":"image\/png"}],"twitter_card":"summary_large_image","twitter_misc":{"Gesch\u00e4tzte Lesezeit":"1\u00a0Minute"},"schema":{"@context":"https:\/\/schema.org","@graph":[{"@type":"WebPage","@id":"https:\/\/wp.dev.sweetestsaffron.pirstack.com\/de\/produkt\/myco-fuel-kaffee-alternative-auf-pilzbasis\/","url":"https:\/\/wp.dev.sweetestsaffron.pirstack.com\/de\/produkt\/myco-fuel-kaffee-alternative-auf-pilzbasis\/","name":"MYCO FUEL Kaffee-Alternative auf Pilzbasis - SweetestSaffron","isPartOf":{"@id":"https:\/\/wp.dev.sweetestsaffron.pirstack.com\/de\/#website"},"primaryImageOfPage":{"@id":"https:\/\/wp.dev.sweetestsaffron.pirstack.com\/de\/produkt\/myco-fuel-kaffee-alternative-auf-pilzbasis\/#primaryimage"},"image":{"@id":"https:\/\/wp.dev.sweetestsaffron.pirstack.com\/de\/produkt\/myco-fuel-kaffee-alternative-auf-pilzbasis\/#primaryimage"},"thumbnailUrl":"https:\/\/wp.dev.sweetestsaffron.pirstack.com\/wp-content\/uploads\/2022\/06\/MYCO-FUEL-Mushroom-Based-Coffee-Alternative.png","datePublished":"2022-06-14T11:40:56+00:00","dateModified":"2022-12-07T16:22:07+00:00","description":"Verwandeln Sie Ihren Morgen, ohne auf Geschmack zu verzichten! LifeCell MYCO FUEL ist eine Alternative auf Kaffeebasis. St\u00f6bern Sie noch heute auf unserer Website.","breadcrumb":{"@id":"https:\/\/wp.dev.sweetestsaffron.pirstack.com\/de\/produkt\/myco-fuel-kaffee-alternative-auf-pilzbasis\/#breadcrumb"},"inLanguage":"de","potentialAction":[{"@type":"ReadAction","target":["https:\/\/wp.dev.sweetestsaffron.pirstack.com\/de\/produkt\/myco-fuel-kaffee-alternative-auf-pilzbasis\/"]}]},{"@type":"ImageObject","inLanguage":"de","@id":"https:\/\/wp.dev.sweetestsaffron.pirstack.com\/de\/produkt\/myco-fuel-kaffee-alternative-auf-pilzbasis\/#primaryimage","url":"https:\/\/wp.dev.sweetestsaffron.pirstack.com\/wp-content\/uploads\/2022\/06\/MYCO-FUEL-Mushroom-Based-Coffee-Alternative.png","contentUrl":"https:\/\/wp.dev.sweetestsaffron.pirstack.com\/wp-content\/uploads\/2022\/06\/MYCO-FUEL-Mushroom-Based-Coffee-Alternative.png","width":1000,"height":1000,"caption":"MYCO FUEL Mushroom-Based Coffee"},{"@type":"BreadcrumbList","@id":"https:\/\/wp.dev.sweetestsaffron.pirstack.com\/de\/produkt\/myco-fuel-kaffee-alternative-auf-pilzbasis\/#breadcrumb","itemListElement":[{"@type":"ListItem","position":1,"name":"Home","item":"https:\/\/wp.dev.sweetestsaffron.pirstack.com\/de\/"},{"@type":"ListItem","position":2,"name":"Shop","item":"https:\/\/wp.dev.sweetestsaffron.pirstack.com\/de\/shop-2\/"},{"@type":"ListItem","position":3,"name":"MYCO FUEL Kaffee-Alternative auf Pilzbasis"}]},{"@type":"WebSite","@id":"https:\/\/wp.dev.sweetestsaffron.pirstack.com\/de\/#website","url":"https:\/\/wp.dev.sweetestsaffron.pirstack.com\/de\/","name":"SweetestSaffron","description":"Skincare,, Health Supplements &amp; HYPO21","potentialAction":[{"@type":"SearchAction","target":{"@type":"EntryPoint","urlTemplate":"https:\/\/wp.dev.sweetestsaffron.pirstack.com\/de\/?s={search_term_string}"},"query-input":{"@type":"PropertyValueSpecification","valueRequired":true,"valueName":"search_term_string"}}],"inLanguage":"de"}]}},"_links":{"self":[{"href":"https:\/\/wp.dev.sweetestsaffron.pirstack.com\/de\/wp-json\/wp\/v2\/product\/1168","targetHints":{"allow":["GET"]}}],"collection":[{"href":"https:\/\/wp.dev.sweetestsaffron.pirstack.com\/de\/wp-json\/wp\/v2\/product"}],"about":[{"href":"https:\/\/wp.dev.sweetestsaffron.pirstack.com\/de\/wp-json\/wp\/v2\/types\/product"}],"replies":[{"embeddable":true,"href":"https:\/\/wp.dev.sweetestsaffron.pirstack.com\/de\/wp-json\/wp\/v2\/comments?post=1168"}],"wp:featuredmedia":[{"embeddable":true,"href":"https:\/\/wp.dev.sweetestsaffron.pirstack.com\/de\/wp-json\/wp\/v2\/media\/822"}],"wp:attachment":[{"href":"https:\/\/wp.dev.sweetestsaffron.pirstack.com\/de\/wp-json\/wp\/v2\/media?parent=1168"}],"wp:term":[{"taxonomy":"product_brand","embeddable":true,"href":"https:\/\/wp.dev.sweetestsaffron.pirstack.com\/de\/wp-json\/wp\/v2\/product_brand?post=1168"},{"taxonomy":"product_cat","embeddable":true,"href":"https:\/\/wp.dev.sweetestsaffron.pirstack.com\/de\/wp-json\/wp\/v2\/product_cat?post=1168"},{"taxonomy":"product_tag","embeddable":true,"href":"https:\/\/wp.dev.sweetestsaffron.pirstack.com\/de\/wp-json\/wp\/v2\/product_tag?post=1168"}],"curies":[{"name":"wp","href":"https:\/\/api.w.org\/{rel}","templated":true}]}}