{"id":1155,"date":"2022-06-09T16:29:56","date_gmt":"2022-06-09T15:29:56","guid":{"rendered":"https:\/\/www.sweetestsaffron.co.uk\/product\/lifecell-straffende-koerperbutter-210ml\/"},"modified":"2022-12-07T16:22:04","modified_gmt":"2022-12-07T16:22:04","slug":"lifecell-straffende-koerperbutter-210ml","status":"publish","type":"product","link":"https:\/\/wp.dev.sweetestsaffron.pirstack.com\/de\/produkt\/lifecell-straffende-koerperbutter-210ml\/","title":{"rendered":"LifeCell Straffende K\u00f6rperbutter &#8211; 210ml"},"content":{"rendered":"<p><strong>Was es ist:<\/strong><\/p>\n<p>Diese ultra-cremige K\u00f6rperbutter hilft mit ihrer perfekt aufgeschlagenen Konsistenz, trockene Haut zu bek\u00e4mpfen. Die LifeCell Firming Body Butter enth\u00e4lt wichtige Inhaltsstoffe, die Ihre Haut umarmen und n\u00e4hren und gleichzeitig das Erscheinungsbild von hartn\u00e4ckiger Cellulite und trockener Haut verbessern. Koffein und Ginsengextrakt gl\u00e4tten und kaschieren Unebenheiten, w\u00e4hrend Argan\u00f6l Feuchtigkeit spendet und weiteren Zeichen der Hautalterung vorbeugt.<\/p>\n<p><strong>Wichtige Inhaltsstoffe:<\/strong><\/p>\n<ul>\n<li>Argan\u00f6l:<br \/>\nMit seinem hohen Gehalt an Vitamin E und Fetts\u00e4uren ist Argan\u00f6l das ideale Produkt, um Ihre Haut auf nat\u00fcrliche Weise zu pflegen. Es zieht leicht ein, fettet nicht und reizt nicht, was es zu einem hervorragenden nat\u00fcrlichen Feuchtigkeitsspender macht.<\/li>\n<\/ul>\n<ul>\n<li>Koffein:<br \/>\nBei topischer Anwendung kann Koffein das Erscheinungsbild von Cellulite mildern, indem es die Zellen zusammenzieht, die die Gr\u00fcbchen verursachen, die wir alle zu verstecken versuchen.<\/li>\n<\/ul>\n","protected":false},"excerpt":{"rendered":"<p><strong>Warum Ihre Haut es braucht:<\/strong><\/p>\n<p>Auch Ihre Beine, Oberschenkel und H\u00fcften brauchen Liebe! Mit zunehmendem Alter sind unsere Arme und Beine nicht mehr ganz so weich. Vernachl\u00e4ssigen Sie diese Bereiche nicht!<\/p>\n","protected":false},"featured_media":804,"comment_status":"open","ping_status":"closed","template":"","meta":[],"product_brand":[],"product_cat":[38],"product_tag":[],"class_list":{"0":"post-1155","1":"product","2":"type-product","3":"status-publish","4":"has-post-thumbnail","6":"product_cat-hautpflege","8":"first","9":"instock","10":"shipping-taxable","11":"purchasable","12":"product-type-simple"},"acf":[],"yoast_head":"<!-- This site is optimized with the Yoast SEO plugin v26.7 - https:\/\/yoast.com\/wordpress\/plugins\/seo\/ -->\n<title>LifeCell Straffende K\u00f6rperbutter - 210ml - SweetestSaffron<\/title>\n<meta name=\"description\" content=\"Bek\u00e4mpfen Sie trockene Haut mit LifeCell Firming Body Butter, um das Erscheinungsbild von Cellulite und trockenen Hautpartien zu reduzieren. KOSTENLOSE Lieferung f\u00fcr alle Bestellungen in Gro\u00dfbritannien.\" \/>\n<meta name=\"robots\" content=\"noindex, follow, max-snippet:-1, max-image-preview:large, max-video-preview:-1\" \/>\n<meta property=\"og:locale\" content=\"de_DE\" \/>\n<meta property=\"og:type\" content=\"article\" \/>\n<meta property=\"og:title\" content=\"LifeCell Straffende K\u00f6rperbutter - 210ml - SweetestSaffron\" \/>\n<meta property=\"og:description\" content=\"Bek\u00e4mpfen Sie trockene Haut mit LifeCell Firming Body Butter, um das Erscheinungsbild von Cellulite und trockenen Hautpartien zu reduzieren. KOSTENLOSE Lieferung f\u00fcr alle Bestellungen in Gro\u00dfbritannien.\" \/>\n<meta property=\"og:url\" content=\"https:\/\/wp.dev.sweetestsaffron.pirstack.com\/de\/produkt\/lifecell-straffende-koerperbutter-210ml\/\" \/>\n<meta property=\"og:site_name\" content=\"SweetestSaffron\" \/>\n<meta property=\"article:modified_time\" content=\"2022-12-07T16:22:04+00:00\" \/>\n<meta property=\"og:image\" content=\"https:\/\/wp.dev.sweetestsaffron.pirstack.com\/wp-content\/uploads\/2022\/06\/LifeCell-Firming-Body-Butter.jpg\" \/>\n\t<meta property=\"og:image:width\" content=\"800\" \/>\n\t<meta property=\"og:image:height\" content=\"800\" \/>\n\t<meta property=\"og:image:type\" content=\"image\/jpeg\" \/>\n<meta name=\"twitter:card\" content=\"summary_large_image\" \/>\n<meta name=\"twitter:label1\" content=\"Gesch\u00e4tzte Lesezeit\" \/>\n\t<meta name=\"twitter:data1\" content=\"1\u00a0Minute\" \/>\n<script type=\"application\/ld+json\" class=\"yoast-schema-graph\">{\"@context\":\"https:\/\/schema.org\",\"@graph\":[{\"@type\":\"WebPage\",\"@id\":\"https:\/\/wp.dev.sweetestsaffron.pirstack.com\/de\/produkt\/lifecell-straffende-koerperbutter-210ml\/\",\"url\":\"https:\/\/wp.dev.sweetestsaffron.pirstack.com\/de\/produkt\/lifecell-straffende-koerperbutter-210ml\/\",\"name\":\"LifeCell Straffende K\u00f6rperbutter - 210ml - SweetestSaffron\",\"isPartOf\":{\"@id\":\"https:\/\/wp.dev.sweetestsaffron.pirstack.com\/de\/#website\"},\"primaryImageOfPage\":{\"@id\":\"https:\/\/wp.dev.sweetestsaffron.pirstack.com\/de\/produkt\/lifecell-straffende-koerperbutter-210ml\/#primaryimage\"},\"image\":{\"@id\":\"https:\/\/wp.dev.sweetestsaffron.pirstack.com\/de\/produkt\/lifecell-straffende-koerperbutter-210ml\/#primaryimage\"},\"thumbnailUrl\":\"https:\/\/wp.dev.sweetestsaffron.pirstack.com\/wp-content\/uploads\/2022\/06\/LifeCell-Firming-Body-Butter.jpg\",\"datePublished\":\"2022-06-09T15:29:56+00:00\",\"dateModified\":\"2022-12-07T16:22:04+00:00\",\"description\":\"Bek\u00e4mpfen Sie trockene Haut mit LifeCell Firming Body Butter, um das Erscheinungsbild von Cellulite und trockenen Hautpartien zu reduzieren. KOSTENLOSE Lieferung f\u00fcr alle Bestellungen in Gro\u00dfbritannien.\",\"breadcrumb\":{\"@id\":\"https:\/\/wp.dev.sweetestsaffron.pirstack.com\/de\/produkt\/lifecell-straffende-koerperbutter-210ml\/#breadcrumb\"},\"inLanguage\":\"de\",\"potentialAction\":[{\"@type\":\"ReadAction\",\"target\":[\"https:\/\/wp.dev.sweetestsaffron.pirstack.com\/de\/produkt\/lifecell-straffende-koerperbutter-210ml\/\"]}]},{\"@type\":\"ImageObject\",\"inLanguage\":\"de\",\"@id\":\"https:\/\/wp.dev.sweetestsaffron.pirstack.com\/de\/produkt\/lifecell-straffende-koerperbutter-210ml\/#primaryimage\",\"url\":\"https:\/\/wp.dev.sweetestsaffron.pirstack.com\/wp-content\/uploads\/2022\/06\/LifeCell-Firming-Body-Butter.jpg\",\"contentUrl\":\"https:\/\/wp.dev.sweetestsaffron.pirstack.com\/wp-content\/uploads\/2022\/06\/LifeCell-Firming-Body-Butter.jpg\",\"width\":800,\"height\":800},{\"@type\":\"BreadcrumbList\",\"@id\":\"https:\/\/wp.dev.sweetestsaffron.pirstack.com\/de\/produkt\/lifecell-straffende-koerperbutter-210ml\/#breadcrumb\",\"itemListElement\":[{\"@type\":\"ListItem\",\"position\":1,\"name\":\"Home\",\"item\":\"https:\/\/wp.dev.sweetestsaffron.pirstack.com\/de\/\"},{\"@type\":\"ListItem\",\"position\":2,\"name\":\"Shop\",\"item\":\"https:\/\/wp.dev.sweetestsaffron.pirstack.com\/de\/shop-2\/\"},{\"@type\":\"ListItem\",\"position\":3,\"name\":\"LifeCell Straffende K\u00f6rperbutter &#8211; 210ml\"}]},{\"@type\":\"WebSite\",\"@id\":\"https:\/\/wp.dev.sweetestsaffron.pirstack.com\/de\/#website\",\"url\":\"https:\/\/wp.dev.sweetestsaffron.pirstack.com\/de\/\",\"name\":\"SweetestSaffron\",\"description\":\"Skincare,, Health Supplements &amp; HYPO21\",\"potentialAction\":[{\"@type\":\"SearchAction\",\"target\":{\"@type\":\"EntryPoint\",\"urlTemplate\":\"https:\/\/wp.dev.sweetestsaffron.pirstack.com\/de\/?s={search_term_string}\"},\"query-input\":{\"@type\":\"PropertyValueSpecification\",\"valueRequired\":true,\"valueName\":\"search_term_string\"}}],\"inLanguage\":\"de\"}]}<\/script>\n<!-- \/ Yoast SEO plugin. -->","yoast_head_json":{"title":"LifeCell Straffende K\u00f6rperbutter - 210ml - SweetestSaffron","description":"Bek\u00e4mpfen Sie trockene Haut mit LifeCell Firming Body Butter, um das Erscheinungsbild von Cellulite und trockenen Hautpartien zu reduzieren. KOSTENLOSE Lieferung f\u00fcr alle Bestellungen in Gro\u00dfbritannien.","robots":{"index":"noindex","follow":"follow","max-snippet":"max-snippet:-1","max-image-preview":"max-image-preview:large","max-video-preview":"max-video-preview:-1"},"og_locale":"de_DE","og_type":"article","og_title":"LifeCell Straffende K\u00f6rperbutter - 210ml - SweetestSaffron","og_description":"Bek\u00e4mpfen Sie trockene Haut mit LifeCell Firming Body Butter, um das Erscheinungsbild von Cellulite und trockenen Hautpartien zu reduzieren. KOSTENLOSE Lieferung f\u00fcr alle Bestellungen in Gro\u00dfbritannien.","og_url":"https:\/\/wp.dev.sweetestsaffron.pirstack.com\/de\/produkt\/lifecell-straffende-koerperbutter-210ml\/","og_site_name":"SweetestSaffron","article_modified_time":"2022-12-07T16:22:04+00:00","og_image":[{"width":800,"height":800,"url":"https:\/\/wp.dev.sweetestsaffron.pirstack.com\/wp-content\/uploads\/2022\/06\/LifeCell-Firming-Body-Butter.jpg","type":"image\/jpeg"}],"twitter_card":"summary_large_image","twitter_misc":{"Gesch\u00e4tzte Lesezeit":"1\u00a0Minute"},"schema":{"@context":"https:\/\/schema.org","@graph":[{"@type":"WebPage","@id":"https:\/\/wp.dev.sweetestsaffron.pirstack.com\/de\/produkt\/lifecell-straffende-koerperbutter-210ml\/","url":"https:\/\/wp.dev.sweetestsaffron.pirstack.com\/de\/produkt\/lifecell-straffende-koerperbutter-210ml\/","name":"LifeCell Straffende K\u00f6rperbutter - 210ml - SweetestSaffron","isPartOf":{"@id":"https:\/\/wp.dev.sweetestsaffron.pirstack.com\/de\/#website"},"primaryImageOfPage":{"@id":"https:\/\/wp.dev.sweetestsaffron.pirstack.com\/de\/produkt\/lifecell-straffende-koerperbutter-210ml\/#primaryimage"},"image":{"@id":"https:\/\/wp.dev.sweetestsaffron.pirstack.com\/de\/produkt\/lifecell-straffende-koerperbutter-210ml\/#primaryimage"},"thumbnailUrl":"https:\/\/wp.dev.sweetestsaffron.pirstack.com\/wp-content\/uploads\/2022\/06\/LifeCell-Firming-Body-Butter.jpg","datePublished":"2022-06-09T15:29:56+00:00","dateModified":"2022-12-07T16:22:04+00:00","description":"Bek\u00e4mpfen Sie trockene Haut mit LifeCell Firming Body Butter, um das Erscheinungsbild von Cellulite und trockenen Hautpartien zu reduzieren. KOSTENLOSE Lieferung f\u00fcr alle Bestellungen in Gro\u00dfbritannien.","breadcrumb":{"@id":"https:\/\/wp.dev.sweetestsaffron.pirstack.com\/de\/produkt\/lifecell-straffende-koerperbutter-210ml\/#breadcrumb"},"inLanguage":"de","potentialAction":[{"@type":"ReadAction","target":["https:\/\/wp.dev.sweetestsaffron.pirstack.com\/de\/produkt\/lifecell-straffende-koerperbutter-210ml\/"]}]},{"@type":"ImageObject","inLanguage":"de","@id":"https:\/\/wp.dev.sweetestsaffron.pirstack.com\/de\/produkt\/lifecell-straffende-koerperbutter-210ml\/#primaryimage","url":"https:\/\/wp.dev.sweetestsaffron.pirstack.com\/wp-content\/uploads\/2022\/06\/LifeCell-Firming-Body-Butter.jpg","contentUrl":"https:\/\/wp.dev.sweetestsaffron.pirstack.com\/wp-content\/uploads\/2022\/06\/LifeCell-Firming-Body-Butter.jpg","width":800,"height":800},{"@type":"BreadcrumbList","@id":"https:\/\/wp.dev.sweetestsaffron.pirstack.com\/de\/produkt\/lifecell-straffende-koerperbutter-210ml\/#breadcrumb","itemListElement":[{"@type":"ListItem","position":1,"name":"Home","item":"https:\/\/wp.dev.sweetestsaffron.pirstack.com\/de\/"},{"@type":"ListItem","position":2,"name":"Shop","item":"https:\/\/wp.dev.sweetestsaffron.pirstack.com\/de\/shop-2\/"},{"@type":"ListItem","position":3,"name":"LifeCell Straffende K\u00f6rperbutter &#8211; 210ml"}]},{"@type":"WebSite","@id":"https:\/\/wp.dev.sweetestsaffron.pirstack.com\/de\/#website","url":"https:\/\/wp.dev.sweetestsaffron.pirstack.com\/de\/","name":"SweetestSaffron","description":"Skincare,, Health Supplements &amp; HYPO21","potentialAction":[{"@type":"SearchAction","target":{"@type":"EntryPoint","urlTemplate":"https:\/\/wp.dev.sweetestsaffron.pirstack.com\/de\/?s={search_term_string}"},"query-input":{"@type":"PropertyValueSpecification","valueRequired":true,"valueName":"search_term_string"}}],"inLanguage":"de"}]}},"_links":{"self":[{"href":"https:\/\/wp.dev.sweetestsaffron.pirstack.com\/de\/wp-json\/wp\/v2\/product\/1155","targetHints":{"allow":["GET"]}}],"collection":[{"href":"https:\/\/wp.dev.sweetestsaffron.pirstack.com\/de\/wp-json\/wp\/v2\/product"}],"about":[{"href":"https:\/\/wp.dev.sweetestsaffron.pirstack.com\/de\/wp-json\/wp\/v2\/types\/product"}],"replies":[{"embeddable":true,"href":"https:\/\/wp.dev.sweetestsaffron.pirstack.com\/de\/wp-json\/wp\/v2\/comments?post=1155"}],"wp:featuredmedia":[{"embeddable":true,"href":"https:\/\/wp.dev.sweetestsaffron.pirstack.com\/de\/wp-json\/wp\/v2\/media\/804"}],"wp:attachment":[{"href":"https:\/\/wp.dev.sweetestsaffron.pirstack.com\/de\/wp-json\/wp\/v2\/media?parent=1155"}],"wp:term":[{"taxonomy":"product_brand","embeddable":true,"href":"https:\/\/wp.dev.sweetestsaffron.pirstack.com\/de\/wp-json\/wp\/v2\/product_brand?post=1155"},{"taxonomy":"product_cat","embeddable":true,"href":"https:\/\/wp.dev.sweetestsaffron.pirstack.com\/de\/wp-json\/wp\/v2\/product_cat?post=1155"},{"taxonomy":"product_tag","embeddable":true,"href":"https:\/\/wp.dev.sweetestsaffron.pirstack.com\/de\/wp-json\/wp\/v2\/product_tag?post=1155"}],"curies":[{"name":"wp","href":"https:\/\/api.w.org\/{rel}","templated":true}]}}