{"id":1152,"date":"2022-06-22T11:02:44","date_gmt":"2022-06-22T10:02:44","guid":{"rendered":"https:\/\/www.sweetestsaffron.co.uk\/product\/lifecell-schlafmaske-100ml\/"},"modified":"2024-07-12T20:22:08","modified_gmt":"2024-07-12T19:22:08","slug":"lifecell-schlafmaske-100ml","status":"publish","type":"product","link":"https:\/\/wp.dev.sweetestsaffron.pirstack.com\/de\/produkt\/lifecell-schlafmaske-100ml\/","title":{"rendered":"LifeCell Schlafmaske &#8211; 100ml"},"content":{"rendered":"<p><strong>Wie funktioniert die LifeCell Overnight Firming Mask?<\/strong><\/p>\n<p>Unsere innovative Formel spendet Feuchtigkeit und unterst\u00fctzt das Eindringen der Anti-Aging-Wirkstoffe in die Haut. Die straffende Maske f\u00fcr die Nacht ist der letzte Schritt in Ihrer abendlichen Pflegeroutine. Die feuchtigkeitsspendende und aufpolsternde Formel schlie\u00dft die Wirkstoffe Ihrer Hautpflege ein, spendet Feuchtigkeit, beruhigt die Haut und sorgt f\u00fcr ein strafferes, strahlenderes und geformtes Aussehen.<\/p>\n","protected":false},"excerpt":{"rendered":"<p>\u00dcber-Nacht-Masken wirken auf einer tieferen Ebene<\/p>\n","protected":false},"featured_media":2435,"comment_status":"open","ping_status":"closed","template":"","meta":[],"product_brand":[],"product_cat":[38],"product_tag":[],"class_list":{"0":"post-1152","1":"product","2":"type-product","3":"status-publish","4":"has-post-thumbnail","6":"product_cat-hautpflege","8":"first","9":"instock","10":"shipping-taxable","11":"purchasable","12":"product-type-simple"},"acf":[],"yoast_head":"<!-- This site is optimized with the Yoast SEO plugin v26.7 - https:\/\/yoast.com\/wordpress\/plugins\/seo\/ -->\n<title>LifeCell Schlafmaske - 100ml - SweetestSaffron<\/title>\n<meta name=\"description\" content=\"LifeCell Sleeping Mask zur Reduzierung der Zeichen der Hautalterung, erh\u00e4ltlich bei SweetestSaffron. KOSTENLOSE Lieferung f\u00fcr alle Bestellungen in Gro\u00dfbritannien.\" \/>\n<meta name=\"robots\" content=\"noindex, follow, max-snippet:-1, max-image-preview:large, max-video-preview:-1\" \/>\n<meta property=\"og:locale\" content=\"de_DE\" \/>\n<meta property=\"og:type\" content=\"article\" \/>\n<meta property=\"og:title\" content=\"LifeCell Schlafmaske - 100ml - SweetestSaffron\" \/>\n<meta property=\"og:description\" content=\"LifeCell Sleeping Mask zur Reduzierung der Zeichen der Hautalterung, erh\u00e4ltlich bei SweetestSaffron. KOSTENLOSE Lieferung f\u00fcr alle Bestellungen in Gro\u00dfbritannien.\" \/>\n<meta property=\"og:url\" content=\"https:\/\/wp.dev.sweetestsaffron.pirstack.com\/de\/produkt\/lifecell-schlafmaske-100ml\/\" \/>\n<meta property=\"og:site_name\" content=\"SweetestSaffron\" \/>\n<meta property=\"article:modified_time\" content=\"2024-07-12T19:22:08+00:00\" \/>\n<meta property=\"og:image\" content=\"https:\/\/wp.dev.sweetestsaffron.pirstack.com\/wp-content\/uploads\/2022\/06\/A7301985-scaled.jpg\" \/>\n\t<meta property=\"og:image:width\" content=\"1707\" \/>\n\t<meta property=\"og:image:height\" content=\"2560\" \/>\n\t<meta property=\"og:image:type\" content=\"image\/jpeg\" \/>\n<meta name=\"twitter:card\" content=\"summary_large_image\" \/>\n<script type=\"application\/ld+json\" class=\"yoast-schema-graph\">{\"@context\":\"https:\/\/schema.org\",\"@graph\":[{\"@type\":\"WebPage\",\"@id\":\"https:\/\/wp.dev.sweetestsaffron.pirstack.com\/de\/produkt\/lifecell-schlafmaske-100ml\/\",\"url\":\"https:\/\/wp.dev.sweetestsaffron.pirstack.com\/de\/produkt\/lifecell-schlafmaske-100ml\/\",\"name\":\"LifeCell Schlafmaske - 100ml - SweetestSaffron\",\"isPartOf\":{\"@id\":\"https:\/\/wp.dev.sweetestsaffron.pirstack.com\/de\/#website\"},\"primaryImageOfPage\":{\"@id\":\"https:\/\/wp.dev.sweetestsaffron.pirstack.com\/de\/produkt\/lifecell-schlafmaske-100ml\/#primaryimage\"},\"image\":{\"@id\":\"https:\/\/wp.dev.sweetestsaffron.pirstack.com\/de\/produkt\/lifecell-schlafmaske-100ml\/#primaryimage\"},\"thumbnailUrl\":\"https:\/\/wp.dev.sweetestsaffron.pirstack.com\/wp-content\/uploads\/2022\/06\/A7301985-scaled.jpg\",\"datePublished\":\"2022-06-22T10:02:44+00:00\",\"dateModified\":\"2024-07-12T19:22:08+00:00\",\"description\":\"LifeCell Sleeping Mask zur Reduzierung der Zeichen der Hautalterung, erh\u00e4ltlich bei SweetestSaffron. KOSTENLOSE Lieferung f\u00fcr alle Bestellungen in Gro\u00dfbritannien.\",\"breadcrumb\":{\"@id\":\"https:\/\/wp.dev.sweetestsaffron.pirstack.com\/de\/produkt\/lifecell-schlafmaske-100ml\/#breadcrumb\"},\"inLanguage\":\"de\",\"potentialAction\":[{\"@type\":\"ReadAction\",\"target\":[\"https:\/\/wp.dev.sweetestsaffron.pirstack.com\/de\/produkt\/lifecell-schlafmaske-100ml\/\"]}]},{\"@type\":\"ImageObject\",\"inLanguage\":\"de\",\"@id\":\"https:\/\/wp.dev.sweetestsaffron.pirstack.com\/de\/produkt\/lifecell-schlafmaske-100ml\/#primaryimage\",\"url\":\"https:\/\/wp.dev.sweetestsaffron.pirstack.com\/wp-content\/uploads\/2022\/06\/A7301985-scaled.jpg\",\"contentUrl\":\"https:\/\/wp.dev.sweetestsaffron.pirstack.com\/wp-content\/uploads\/2022\/06\/A7301985-scaled.jpg\",\"width\":1707,\"height\":2560,\"caption\":\"LifeCell Sleeping Mask\"},{\"@type\":\"BreadcrumbList\",\"@id\":\"https:\/\/wp.dev.sweetestsaffron.pirstack.com\/de\/produkt\/lifecell-schlafmaske-100ml\/#breadcrumb\",\"itemListElement\":[{\"@type\":\"ListItem\",\"position\":1,\"name\":\"Home\",\"item\":\"https:\/\/wp.dev.sweetestsaffron.pirstack.com\/de\/\"},{\"@type\":\"ListItem\",\"position\":2,\"name\":\"Shop\",\"item\":\"https:\/\/wp.dev.sweetestsaffron.pirstack.com\/de\/shop-2\/\"},{\"@type\":\"ListItem\",\"position\":3,\"name\":\"LifeCell Schlafmaske &#8211; 100ml\"}]},{\"@type\":\"WebSite\",\"@id\":\"https:\/\/wp.dev.sweetestsaffron.pirstack.com\/de\/#website\",\"url\":\"https:\/\/wp.dev.sweetestsaffron.pirstack.com\/de\/\",\"name\":\"SweetestSaffron\",\"description\":\"Skincare,, Health Supplements &amp; HYPO21\",\"potentialAction\":[{\"@type\":\"SearchAction\",\"target\":{\"@type\":\"EntryPoint\",\"urlTemplate\":\"https:\/\/wp.dev.sweetestsaffron.pirstack.com\/de\/?s={search_term_string}\"},\"query-input\":{\"@type\":\"PropertyValueSpecification\",\"valueRequired\":true,\"valueName\":\"search_term_string\"}}],\"inLanguage\":\"de\"}]}<\/script>\n<!-- \/ Yoast SEO plugin. -->","yoast_head_json":{"title":"LifeCell Schlafmaske - 100ml - SweetestSaffron","description":"LifeCell Sleeping Mask zur Reduzierung der Zeichen der Hautalterung, erh\u00e4ltlich bei SweetestSaffron. KOSTENLOSE Lieferung f\u00fcr alle Bestellungen in Gro\u00dfbritannien.","robots":{"index":"noindex","follow":"follow","max-snippet":"max-snippet:-1","max-image-preview":"max-image-preview:large","max-video-preview":"max-video-preview:-1"},"og_locale":"de_DE","og_type":"article","og_title":"LifeCell Schlafmaske - 100ml - SweetestSaffron","og_description":"LifeCell Sleeping Mask zur Reduzierung der Zeichen der Hautalterung, erh\u00e4ltlich bei SweetestSaffron. KOSTENLOSE Lieferung f\u00fcr alle Bestellungen in Gro\u00dfbritannien.","og_url":"https:\/\/wp.dev.sweetestsaffron.pirstack.com\/de\/produkt\/lifecell-schlafmaske-100ml\/","og_site_name":"SweetestSaffron","article_modified_time":"2024-07-12T19:22:08+00:00","og_image":[{"width":1707,"height":2560,"url":"https:\/\/wp.dev.sweetestsaffron.pirstack.com\/wp-content\/uploads\/2022\/06\/A7301985-scaled.jpg","type":"image\/jpeg"}],"twitter_card":"summary_large_image","schema":{"@context":"https:\/\/schema.org","@graph":[{"@type":"WebPage","@id":"https:\/\/wp.dev.sweetestsaffron.pirstack.com\/de\/produkt\/lifecell-schlafmaske-100ml\/","url":"https:\/\/wp.dev.sweetestsaffron.pirstack.com\/de\/produkt\/lifecell-schlafmaske-100ml\/","name":"LifeCell Schlafmaske - 100ml - SweetestSaffron","isPartOf":{"@id":"https:\/\/wp.dev.sweetestsaffron.pirstack.com\/de\/#website"},"primaryImageOfPage":{"@id":"https:\/\/wp.dev.sweetestsaffron.pirstack.com\/de\/produkt\/lifecell-schlafmaske-100ml\/#primaryimage"},"image":{"@id":"https:\/\/wp.dev.sweetestsaffron.pirstack.com\/de\/produkt\/lifecell-schlafmaske-100ml\/#primaryimage"},"thumbnailUrl":"https:\/\/wp.dev.sweetestsaffron.pirstack.com\/wp-content\/uploads\/2022\/06\/A7301985-scaled.jpg","datePublished":"2022-06-22T10:02:44+00:00","dateModified":"2024-07-12T19:22:08+00:00","description":"LifeCell Sleeping Mask zur Reduzierung der Zeichen der Hautalterung, erh\u00e4ltlich bei SweetestSaffron. KOSTENLOSE Lieferung f\u00fcr alle Bestellungen in Gro\u00dfbritannien.","breadcrumb":{"@id":"https:\/\/wp.dev.sweetestsaffron.pirstack.com\/de\/produkt\/lifecell-schlafmaske-100ml\/#breadcrumb"},"inLanguage":"de","potentialAction":[{"@type":"ReadAction","target":["https:\/\/wp.dev.sweetestsaffron.pirstack.com\/de\/produkt\/lifecell-schlafmaske-100ml\/"]}]},{"@type":"ImageObject","inLanguage":"de","@id":"https:\/\/wp.dev.sweetestsaffron.pirstack.com\/de\/produkt\/lifecell-schlafmaske-100ml\/#primaryimage","url":"https:\/\/wp.dev.sweetestsaffron.pirstack.com\/wp-content\/uploads\/2022\/06\/A7301985-scaled.jpg","contentUrl":"https:\/\/wp.dev.sweetestsaffron.pirstack.com\/wp-content\/uploads\/2022\/06\/A7301985-scaled.jpg","width":1707,"height":2560,"caption":"LifeCell Sleeping Mask"},{"@type":"BreadcrumbList","@id":"https:\/\/wp.dev.sweetestsaffron.pirstack.com\/de\/produkt\/lifecell-schlafmaske-100ml\/#breadcrumb","itemListElement":[{"@type":"ListItem","position":1,"name":"Home","item":"https:\/\/wp.dev.sweetestsaffron.pirstack.com\/de\/"},{"@type":"ListItem","position":2,"name":"Shop","item":"https:\/\/wp.dev.sweetestsaffron.pirstack.com\/de\/shop-2\/"},{"@type":"ListItem","position":3,"name":"LifeCell Schlafmaske &#8211; 100ml"}]},{"@type":"WebSite","@id":"https:\/\/wp.dev.sweetestsaffron.pirstack.com\/de\/#website","url":"https:\/\/wp.dev.sweetestsaffron.pirstack.com\/de\/","name":"SweetestSaffron","description":"Skincare,, Health Supplements &amp; HYPO21","potentialAction":[{"@type":"SearchAction","target":{"@type":"EntryPoint","urlTemplate":"https:\/\/wp.dev.sweetestsaffron.pirstack.com\/de\/?s={search_term_string}"},"query-input":{"@type":"PropertyValueSpecification","valueRequired":true,"valueName":"search_term_string"}}],"inLanguage":"de"}]}},"_links":{"self":[{"href":"https:\/\/wp.dev.sweetestsaffron.pirstack.com\/de\/wp-json\/wp\/v2\/product\/1152","targetHints":{"allow":["GET"]}}],"collection":[{"href":"https:\/\/wp.dev.sweetestsaffron.pirstack.com\/de\/wp-json\/wp\/v2\/product"}],"about":[{"href":"https:\/\/wp.dev.sweetestsaffron.pirstack.com\/de\/wp-json\/wp\/v2\/types\/product"}],"replies":[{"embeddable":true,"href":"https:\/\/wp.dev.sweetestsaffron.pirstack.com\/de\/wp-json\/wp\/v2\/comments?post=1152"}],"wp:featuredmedia":[{"embeddable":true,"href":"https:\/\/wp.dev.sweetestsaffron.pirstack.com\/de\/wp-json\/wp\/v2\/media\/2435"}],"wp:attachment":[{"href":"https:\/\/wp.dev.sweetestsaffron.pirstack.com\/de\/wp-json\/wp\/v2\/media?parent=1152"}],"wp:term":[{"taxonomy":"product_brand","embeddable":true,"href":"https:\/\/wp.dev.sweetestsaffron.pirstack.com\/de\/wp-json\/wp\/v2\/product_brand?post=1152"},{"taxonomy":"product_cat","embeddable":true,"href":"https:\/\/wp.dev.sweetestsaffron.pirstack.com\/de\/wp-json\/wp\/v2\/product_cat?post=1152"},{"taxonomy":"product_tag","embeddable":true,"href":"https:\/\/wp.dev.sweetestsaffron.pirstack.com\/de\/wp-json\/wp\/v2\/product_tag?post=1152"}],"curies":[{"name":"wp","href":"https:\/\/api.w.org\/{rel}","templated":true}]}}