{"id":1137,"date":"2022-06-22T09:49:00","date_gmt":"2022-06-22T08:49:00","guid":{"rendered":"https:\/\/www.sweetestsaffron.co.uk\/product\/lifecell-acidophilus-probiotikum\/"},"modified":"2022-12-07T16:21:40","modified_gmt":"2022-12-07T16:21:40","slug":"lifecell-acidophilus-probiotikum","status":"publish","type":"product","link":"https:\/\/wp.dev.sweetestsaffron.pirstack.com\/de\/produkt\/lifecell-acidophilus-probiotikum\/","title":{"rendered":"LifeCell Acidophilus Probiotikum"},"content":{"rendered":"<p><strong>GL\u00dcCKLICHER BAUCH, GL\u00dcCKLICHES LEBEN<\/strong><\/p>\n<p>Die Bedeutung des Darms f\u00fcr die emotionale und kognitive Funktion ist so gro\u00df, dass er oft als &#8222;zweites Gehirn&#8220; bezeichnet wird. Die Forschung zeigt, dass der Darm und das Gehirn durch einen Mechanismus verbunden sind, der als &#8222;Darm-Hirn-Achse&#8220; bezeichnet wird.<\/p>\n<p>Der Darm wird als &#8222;zweites Gehirn&#8220; bezeichnet, weil er viele der gleichen Neurotransmitter wie das Gehirn produziert, z. B. Serotonin, Dopamin und Gamma-Aminobutters\u00e4ure, die alle eine Schl\u00fcsselrolle bei der Regulierung der Stimmung spielen. Es wird gesch\u00e4tzt, dass 90 % des Serotonins im Verdauungstrakt gebildet werden.<\/p>\n<p>LifeCell Acidophilus Probiotic ist:<\/p>\n<ul>\n<li>Sauber<\/li>\n<li>Vegan<\/li>\n<li>Keto<\/li>\n<li>Glutenfrei<\/li>\n<li>Halal<\/li>\n<li>Koscher<\/li>\n<\/ul>\n","protected":false},"excerpt":{"rendered":"<p>LifeCell Probiotika helfen dabei:<\/p>\n<ul>\n<li>das Darmmikrobiom ins Gleichgewicht bringen<\/li>\n<li>die Stimmung und die kognitiven Funktionen zu verbessern<\/li>\n<li>Stress und \u00c4ngste abbauen<\/li>\n<li>die Produktion von Serotonin und Dopamin regulieren<\/li>\n<li>Giftstoffe ausscheiden<\/li>\n<li>die allgemeine Verdauungsfunktion zu verbessern.<\/li>\n<\/ul>\n","protected":false},"featured_media":830,"comment_status":"open","ping_status":"closed","template":"","meta":[],"product_brand":[],"product_cat":[41],"product_tag":[],"class_list":{"0":"post-1137","1":"product","2":"type-product","3":"status-publish","4":"has-post-thumbnail","6":"product_cat-gesundheit-erganzungen","8":"first","9":"instock","10":"shipping-taxable","11":"purchasable","12":"product-type-simple"},"acf":[],"yoast_head":"<!-- This site is optimized with the Yoast SEO plugin v26.7 - https:\/\/yoast.com\/wordpress\/plugins\/seo\/ -->\n<title>LifeCell Acidophilus Probiotikum - SweetestSaffron<\/title>\n<meta name=\"description\" content=\"LifeCell Acidophilus Probiotic f\u00fcr einen ausgeglichenen und gesunden Darm. Informieren Sie sich noch heute auf unserer Website \u00fcber das Erg\u00e4nzungssortiment von LifeCell.\" \/>\n<meta name=\"robots\" content=\"noindex, follow, max-snippet:-1, max-image-preview:large, max-video-preview:-1\" \/>\n<meta property=\"og:locale\" content=\"de_DE\" \/>\n<meta property=\"og:type\" content=\"article\" \/>\n<meta property=\"og:title\" content=\"LifeCell Acidophilus Probiotikum - SweetestSaffron\" \/>\n<meta property=\"og:description\" content=\"LifeCell Acidophilus Probiotic f\u00fcr einen ausgeglichenen und gesunden Darm. Informieren Sie sich noch heute auf unserer Website \u00fcber das Erg\u00e4nzungssortiment von LifeCell.\" \/>\n<meta property=\"og:url\" content=\"https:\/\/wp.dev.sweetestsaffron.pirstack.com\/de\/produkt\/lifecell-acidophilus-probiotikum\/\" \/>\n<meta property=\"og:site_name\" content=\"SweetestSaffron\" \/>\n<meta property=\"article:modified_time\" content=\"2022-12-07T16:21:40+00:00\" \/>\n<meta property=\"og:image\" content=\"https:\/\/wp.dev.sweetestsaffron.pirstack.com\/wp-content\/uploads\/2022\/06\/Life-Cell-Acidophilus-Probiotic.png\" \/>\n\t<meta property=\"og:image:width\" content=\"800\" \/>\n\t<meta property=\"og:image:height\" content=\"800\" \/>\n\t<meta property=\"og:image:type\" content=\"image\/png\" \/>\n<meta name=\"twitter:card\" content=\"summary_large_image\" \/>\n<meta name=\"twitter:label1\" content=\"Gesch\u00e4tzte Lesezeit\" \/>\n\t<meta name=\"twitter:data1\" content=\"1\u00a0Minute\" \/>\n<script type=\"application\/ld+json\" class=\"yoast-schema-graph\">{\"@context\":\"https:\/\/schema.org\",\"@graph\":[{\"@type\":\"WebPage\",\"@id\":\"https:\/\/wp.dev.sweetestsaffron.pirstack.com\/de\/produkt\/lifecell-acidophilus-probiotikum\/\",\"url\":\"https:\/\/wp.dev.sweetestsaffron.pirstack.com\/de\/produkt\/lifecell-acidophilus-probiotikum\/\",\"name\":\"LifeCell Acidophilus Probiotikum - SweetestSaffron\",\"isPartOf\":{\"@id\":\"https:\/\/wp.dev.sweetestsaffron.pirstack.com\/de\/#website\"},\"primaryImageOfPage\":{\"@id\":\"https:\/\/wp.dev.sweetestsaffron.pirstack.com\/de\/produkt\/lifecell-acidophilus-probiotikum\/#primaryimage\"},\"image\":{\"@id\":\"https:\/\/wp.dev.sweetestsaffron.pirstack.com\/de\/produkt\/lifecell-acidophilus-probiotikum\/#primaryimage\"},\"thumbnailUrl\":\"https:\/\/wp.dev.sweetestsaffron.pirstack.com\/wp-content\/uploads\/2022\/06\/Life-Cell-Acidophilus-Probiotic.png\",\"datePublished\":\"2022-06-22T08:49:00+00:00\",\"dateModified\":\"2022-12-07T16:21:40+00:00\",\"description\":\"LifeCell Acidophilus Probiotic f\u00fcr einen ausgeglichenen und gesunden Darm. Informieren Sie sich noch heute auf unserer Website \u00fcber das Erg\u00e4nzungssortiment von LifeCell.\",\"breadcrumb\":{\"@id\":\"https:\/\/wp.dev.sweetestsaffron.pirstack.com\/de\/produkt\/lifecell-acidophilus-probiotikum\/#breadcrumb\"},\"inLanguage\":\"de\",\"potentialAction\":[{\"@type\":\"ReadAction\",\"target\":[\"https:\/\/wp.dev.sweetestsaffron.pirstack.com\/de\/produkt\/lifecell-acidophilus-probiotikum\/\"]}]},{\"@type\":\"ImageObject\",\"inLanguage\":\"de\",\"@id\":\"https:\/\/wp.dev.sweetestsaffron.pirstack.com\/de\/produkt\/lifecell-acidophilus-probiotikum\/#primaryimage\",\"url\":\"https:\/\/wp.dev.sweetestsaffron.pirstack.com\/wp-content\/uploads\/2022\/06\/Life-Cell-Acidophilus-Probiotic.png\",\"contentUrl\":\"https:\/\/wp.dev.sweetestsaffron.pirstack.com\/wp-content\/uploads\/2022\/06\/Life-Cell-Acidophilus-Probiotic.png\",\"width\":800,\"height\":800},{\"@type\":\"BreadcrumbList\",\"@id\":\"https:\/\/wp.dev.sweetestsaffron.pirstack.com\/de\/produkt\/lifecell-acidophilus-probiotikum\/#breadcrumb\",\"itemListElement\":[{\"@type\":\"ListItem\",\"position\":1,\"name\":\"Home\",\"item\":\"https:\/\/wp.dev.sweetestsaffron.pirstack.com\/de\/\"},{\"@type\":\"ListItem\",\"position\":2,\"name\":\"Shop\",\"item\":\"https:\/\/wp.dev.sweetestsaffron.pirstack.com\/de\/shop-2\/\"},{\"@type\":\"ListItem\",\"position\":3,\"name\":\"LifeCell Acidophilus Probiotikum\"}]},{\"@type\":\"WebSite\",\"@id\":\"https:\/\/wp.dev.sweetestsaffron.pirstack.com\/de\/#website\",\"url\":\"https:\/\/wp.dev.sweetestsaffron.pirstack.com\/de\/\",\"name\":\"SweetestSaffron\",\"description\":\"Skincare,, Health Supplements &amp; HYPO21\",\"potentialAction\":[{\"@type\":\"SearchAction\",\"target\":{\"@type\":\"EntryPoint\",\"urlTemplate\":\"https:\/\/wp.dev.sweetestsaffron.pirstack.com\/de\/?s={search_term_string}\"},\"query-input\":{\"@type\":\"PropertyValueSpecification\",\"valueRequired\":true,\"valueName\":\"search_term_string\"}}],\"inLanguage\":\"de\"}]}<\/script>\n<!-- \/ Yoast SEO plugin. -->","yoast_head_json":{"title":"LifeCell Acidophilus Probiotikum - SweetestSaffron","description":"LifeCell Acidophilus Probiotic f\u00fcr einen ausgeglichenen und gesunden Darm. Informieren Sie sich noch heute auf unserer Website \u00fcber das Erg\u00e4nzungssortiment von LifeCell.","robots":{"index":"noindex","follow":"follow","max-snippet":"max-snippet:-1","max-image-preview":"max-image-preview:large","max-video-preview":"max-video-preview:-1"},"og_locale":"de_DE","og_type":"article","og_title":"LifeCell Acidophilus Probiotikum - SweetestSaffron","og_description":"LifeCell Acidophilus Probiotic f\u00fcr einen ausgeglichenen und gesunden Darm. Informieren Sie sich noch heute auf unserer Website \u00fcber das Erg\u00e4nzungssortiment von LifeCell.","og_url":"https:\/\/wp.dev.sweetestsaffron.pirstack.com\/de\/produkt\/lifecell-acidophilus-probiotikum\/","og_site_name":"SweetestSaffron","article_modified_time":"2022-12-07T16:21:40+00:00","og_image":[{"width":800,"height":800,"url":"https:\/\/wp.dev.sweetestsaffron.pirstack.com\/wp-content\/uploads\/2022\/06\/Life-Cell-Acidophilus-Probiotic.png","type":"image\/png"}],"twitter_card":"summary_large_image","twitter_misc":{"Gesch\u00e4tzte Lesezeit":"1\u00a0Minute"},"schema":{"@context":"https:\/\/schema.org","@graph":[{"@type":"WebPage","@id":"https:\/\/wp.dev.sweetestsaffron.pirstack.com\/de\/produkt\/lifecell-acidophilus-probiotikum\/","url":"https:\/\/wp.dev.sweetestsaffron.pirstack.com\/de\/produkt\/lifecell-acidophilus-probiotikum\/","name":"LifeCell Acidophilus Probiotikum - SweetestSaffron","isPartOf":{"@id":"https:\/\/wp.dev.sweetestsaffron.pirstack.com\/de\/#website"},"primaryImageOfPage":{"@id":"https:\/\/wp.dev.sweetestsaffron.pirstack.com\/de\/produkt\/lifecell-acidophilus-probiotikum\/#primaryimage"},"image":{"@id":"https:\/\/wp.dev.sweetestsaffron.pirstack.com\/de\/produkt\/lifecell-acidophilus-probiotikum\/#primaryimage"},"thumbnailUrl":"https:\/\/wp.dev.sweetestsaffron.pirstack.com\/wp-content\/uploads\/2022\/06\/Life-Cell-Acidophilus-Probiotic.png","datePublished":"2022-06-22T08:49:00+00:00","dateModified":"2022-12-07T16:21:40+00:00","description":"LifeCell Acidophilus Probiotic f\u00fcr einen ausgeglichenen und gesunden Darm. Informieren Sie sich noch heute auf unserer Website \u00fcber das Erg\u00e4nzungssortiment von LifeCell.","breadcrumb":{"@id":"https:\/\/wp.dev.sweetestsaffron.pirstack.com\/de\/produkt\/lifecell-acidophilus-probiotikum\/#breadcrumb"},"inLanguage":"de","potentialAction":[{"@type":"ReadAction","target":["https:\/\/wp.dev.sweetestsaffron.pirstack.com\/de\/produkt\/lifecell-acidophilus-probiotikum\/"]}]},{"@type":"ImageObject","inLanguage":"de","@id":"https:\/\/wp.dev.sweetestsaffron.pirstack.com\/de\/produkt\/lifecell-acidophilus-probiotikum\/#primaryimage","url":"https:\/\/wp.dev.sweetestsaffron.pirstack.com\/wp-content\/uploads\/2022\/06\/Life-Cell-Acidophilus-Probiotic.png","contentUrl":"https:\/\/wp.dev.sweetestsaffron.pirstack.com\/wp-content\/uploads\/2022\/06\/Life-Cell-Acidophilus-Probiotic.png","width":800,"height":800},{"@type":"BreadcrumbList","@id":"https:\/\/wp.dev.sweetestsaffron.pirstack.com\/de\/produkt\/lifecell-acidophilus-probiotikum\/#breadcrumb","itemListElement":[{"@type":"ListItem","position":1,"name":"Home","item":"https:\/\/wp.dev.sweetestsaffron.pirstack.com\/de\/"},{"@type":"ListItem","position":2,"name":"Shop","item":"https:\/\/wp.dev.sweetestsaffron.pirstack.com\/de\/shop-2\/"},{"@type":"ListItem","position":3,"name":"LifeCell Acidophilus Probiotikum"}]},{"@type":"WebSite","@id":"https:\/\/wp.dev.sweetestsaffron.pirstack.com\/de\/#website","url":"https:\/\/wp.dev.sweetestsaffron.pirstack.com\/de\/","name":"SweetestSaffron","description":"Skincare,, Health Supplements &amp; HYPO21","potentialAction":[{"@type":"SearchAction","target":{"@type":"EntryPoint","urlTemplate":"https:\/\/wp.dev.sweetestsaffron.pirstack.com\/de\/?s={search_term_string}"},"query-input":{"@type":"PropertyValueSpecification","valueRequired":true,"valueName":"search_term_string"}}],"inLanguage":"de"}]}},"_links":{"self":[{"href":"https:\/\/wp.dev.sweetestsaffron.pirstack.com\/de\/wp-json\/wp\/v2\/product\/1137","targetHints":{"allow":["GET"]}}],"collection":[{"href":"https:\/\/wp.dev.sweetestsaffron.pirstack.com\/de\/wp-json\/wp\/v2\/product"}],"about":[{"href":"https:\/\/wp.dev.sweetestsaffron.pirstack.com\/de\/wp-json\/wp\/v2\/types\/product"}],"replies":[{"embeddable":true,"href":"https:\/\/wp.dev.sweetestsaffron.pirstack.com\/de\/wp-json\/wp\/v2\/comments?post=1137"}],"wp:featuredmedia":[{"embeddable":true,"href":"https:\/\/wp.dev.sweetestsaffron.pirstack.com\/de\/wp-json\/wp\/v2\/media\/830"}],"wp:attachment":[{"href":"https:\/\/wp.dev.sweetestsaffron.pirstack.com\/de\/wp-json\/wp\/v2\/media?parent=1137"}],"wp:term":[{"taxonomy":"product_brand","embeddable":true,"href":"https:\/\/wp.dev.sweetestsaffron.pirstack.com\/de\/wp-json\/wp\/v2\/product_brand?post=1137"},{"taxonomy":"product_cat","embeddable":true,"href":"https:\/\/wp.dev.sweetestsaffron.pirstack.com\/de\/wp-json\/wp\/v2\/product_cat?post=1137"},{"taxonomy":"product_tag","embeddable":true,"href":"https:\/\/wp.dev.sweetestsaffron.pirstack.com\/de\/wp-json\/wp\/v2\/product_tag?post=1137"}],"curies":[{"name":"wp","href":"https:\/\/api.w.org\/{rel}","templated":true}]}}