{"id":1115,"date":"2022-06-14T12:37:43","date_gmt":"2022-06-14T11:37:43","guid":{"rendered":"https:\/\/www.sweetestsaffron.co.uk\/product\/hochwertiges-nootropikum-lifecell-focus-stack\/"},"modified":"2022-12-07T16:21:29","modified_gmt":"2022-12-07T16:21:29","slug":"hochwertiges-nootropikum-lifecell-focus-stack","status":"publish","type":"product","link":"https:\/\/wp.dev.sweetestsaffron.pirstack.com\/de\/produkt\/hochwertiges-nootropikum-lifecell-focus-stack\/","title":{"rendered":"Hochwertiges Nootropikum &#8211; LifeCell Focus Stack"},"content":{"rendered":"<p>Nootropika sind Produkte f\u00fcr die geistige Ern\u00e4hrung, die bei Gehirnnebel und mentalem Stress helfen sollen. Sie tragen zur Verbesserung des Ged\u00e4chtnisses und der Lernf\u00e4higkeit bei. Ern\u00e4hren Sie Ihren Geist mit Gehirnprodukten, die ein besseres Erinnerungsverm\u00f6gen f\u00f6rdern, um Ihre Kommunikationsf\u00e4higkeiten zu verbessern, das Lernen und den Zugang zu Erinnerungen zu verbessern.<\/p>\n","protected":false},"excerpt":{"rendered":"<p>Premium t\u00e4glicher LifeCell Focus Stack zur Verbesserung von Ged\u00e4chtnis, Stimmung und langfristiger kognitiver Belastbarkeit.<\/p>\n","protected":false},"featured_media":820,"comment_status":"open","ping_status":"closed","template":"","meta":[],"product_brand":[],"product_cat":[41],"product_tag":[],"class_list":{"0":"post-1115","1":"product","2":"type-product","3":"status-publish","4":"has-post-thumbnail","6":"product_cat-gesundheit-erganzungen","8":"first","9":"instock","10":"shipping-taxable","11":"purchasable","12":"product-type-simple"},"acf":[],"yoast_head":"<!-- This site is optimized with the Yoast SEO plugin v26.7 - https:\/\/yoast.com\/wordpress\/plugins\/seo\/ -->\n<title>Hochwertiges Nootropikum - LifeCell Focus Stack - SweetestSaffron<\/title>\n<meta name=\"description\" content=\"LifeCell Focus Stack enth\u00e4lt hochwertige Nootropika, die das Ged\u00e4chtnis und die langfristige kognitive Belastbarkeit verbessern. Kaufen Sie noch heute bei SweetestSaffron.\" \/>\n<meta name=\"robots\" content=\"noindex, follow, max-snippet:-1, max-image-preview:large, max-video-preview:-1\" \/>\n<meta property=\"og:locale\" content=\"de_DE\" \/>\n<meta property=\"og:type\" content=\"article\" \/>\n<meta property=\"og:title\" content=\"Hochwertiges Nootropikum - LifeCell Focus Stack - SweetestSaffron\" \/>\n<meta property=\"og:description\" content=\"LifeCell Focus Stack enth\u00e4lt hochwertige Nootropika, die das Ged\u00e4chtnis und die langfristige kognitive Belastbarkeit verbessern. Kaufen Sie noch heute bei SweetestSaffron.\" \/>\n<meta property=\"og:url\" content=\"https:\/\/wp.dev.sweetestsaffron.pirstack.com\/de\/produkt\/hochwertiges-nootropikum-lifecell-focus-stack\/\" \/>\n<meta property=\"og:site_name\" content=\"SweetestSaffron\" \/>\n<meta property=\"article:modified_time\" content=\"2022-12-07T16:21:29+00:00\" \/>\n<meta property=\"og:image\" content=\"https:\/\/wp.dev.sweetestsaffron.pirstack.com\/wp-content\/uploads\/2022\/06\/LifeCell-Focus-Stack.png\" \/>\n\t<meta property=\"og:image:width\" content=\"1000\" \/>\n\t<meta property=\"og:image:height\" content=\"1000\" \/>\n\t<meta property=\"og:image:type\" content=\"image\/png\" \/>\n<meta name=\"twitter:card\" content=\"summary_large_image\" \/>\n<script type=\"application\/ld+json\" class=\"yoast-schema-graph\">{\"@context\":\"https:\/\/schema.org\",\"@graph\":[{\"@type\":\"WebPage\",\"@id\":\"https:\/\/wp.dev.sweetestsaffron.pirstack.com\/de\/produkt\/hochwertiges-nootropikum-lifecell-focus-stack\/\",\"url\":\"https:\/\/wp.dev.sweetestsaffron.pirstack.com\/de\/produkt\/hochwertiges-nootropikum-lifecell-focus-stack\/\",\"name\":\"Hochwertiges Nootropikum - LifeCell Focus Stack - SweetestSaffron\",\"isPartOf\":{\"@id\":\"https:\/\/wp.dev.sweetestsaffron.pirstack.com\/de\/#website\"},\"primaryImageOfPage\":{\"@id\":\"https:\/\/wp.dev.sweetestsaffron.pirstack.com\/de\/produkt\/hochwertiges-nootropikum-lifecell-focus-stack\/#primaryimage\"},\"image\":{\"@id\":\"https:\/\/wp.dev.sweetestsaffron.pirstack.com\/de\/produkt\/hochwertiges-nootropikum-lifecell-focus-stack\/#primaryimage\"},\"thumbnailUrl\":\"https:\/\/wp.dev.sweetestsaffron.pirstack.com\/wp-content\/uploads\/2022\/06\/LifeCell-Focus-Stack.png\",\"datePublished\":\"2022-06-14T11:37:43+00:00\",\"dateModified\":\"2022-12-07T16:21:29+00:00\",\"description\":\"LifeCell Focus Stack enth\u00e4lt hochwertige Nootropika, die das Ged\u00e4chtnis und die langfristige kognitive Belastbarkeit verbessern. Kaufen Sie noch heute bei SweetestSaffron.\",\"breadcrumb\":{\"@id\":\"https:\/\/wp.dev.sweetestsaffron.pirstack.com\/de\/produkt\/hochwertiges-nootropikum-lifecell-focus-stack\/#breadcrumb\"},\"inLanguage\":\"de\",\"potentialAction\":[{\"@type\":\"ReadAction\",\"target\":[\"https:\/\/wp.dev.sweetestsaffron.pirstack.com\/de\/produkt\/hochwertiges-nootropikum-lifecell-focus-stack\/\"]}]},{\"@type\":\"ImageObject\",\"inLanguage\":\"de\",\"@id\":\"https:\/\/wp.dev.sweetestsaffron.pirstack.com\/de\/produkt\/hochwertiges-nootropikum-lifecell-focus-stack\/#primaryimage\",\"url\":\"https:\/\/wp.dev.sweetestsaffron.pirstack.com\/wp-content\/uploads\/2022\/06\/LifeCell-Focus-Stack.png\",\"contentUrl\":\"https:\/\/wp.dev.sweetestsaffron.pirstack.com\/wp-content\/uploads\/2022\/06\/LifeCell-Focus-Stack.png\",\"width\":1000,\"height\":1000,\"caption\":\"LifeCell Focus Stack Nootropic Supplement Bottle\"},{\"@type\":\"BreadcrumbList\",\"@id\":\"https:\/\/wp.dev.sweetestsaffron.pirstack.com\/de\/produkt\/hochwertiges-nootropikum-lifecell-focus-stack\/#breadcrumb\",\"itemListElement\":[{\"@type\":\"ListItem\",\"position\":1,\"name\":\"Home\",\"item\":\"https:\/\/wp.dev.sweetestsaffron.pirstack.com\/de\/\"},{\"@type\":\"ListItem\",\"position\":2,\"name\":\"Shop\",\"item\":\"https:\/\/wp.dev.sweetestsaffron.pirstack.com\/de\/shop-2\/\"},{\"@type\":\"ListItem\",\"position\":3,\"name\":\"Hochwertiges Nootropikum &#8211; LifeCell Focus Stack\"}]},{\"@type\":\"WebSite\",\"@id\":\"https:\/\/wp.dev.sweetestsaffron.pirstack.com\/de\/#website\",\"url\":\"https:\/\/wp.dev.sweetestsaffron.pirstack.com\/de\/\",\"name\":\"SweetestSaffron\",\"description\":\"Skincare,, Health Supplements &amp; HYPO21\",\"potentialAction\":[{\"@type\":\"SearchAction\",\"target\":{\"@type\":\"EntryPoint\",\"urlTemplate\":\"https:\/\/wp.dev.sweetestsaffron.pirstack.com\/de\/?s={search_term_string}\"},\"query-input\":{\"@type\":\"PropertyValueSpecification\",\"valueRequired\":true,\"valueName\":\"search_term_string\"}}],\"inLanguage\":\"de\"}]}<\/script>\n<!-- \/ Yoast SEO plugin. -->","yoast_head_json":{"title":"Hochwertiges Nootropikum - LifeCell Focus Stack - SweetestSaffron","description":"LifeCell Focus Stack enth\u00e4lt hochwertige Nootropika, die das Ged\u00e4chtnis und die langfristige kognitive Belastbarkeit verbessern. Kaufen Sie noch heute bei SweetestSaffron.","robots":{"index":"noindex","follow":"follow","max-snippet":"max-snippet:-1","max-image-preview":"max-image-preview:large","max-video-preview":"max-video-preview:-1"},"og_locale":"de_DE","og_type":"article","og_title":"Hochwertiges Nootropikum - LifeCell Focus Stack - SweetestSaffron","og_description":"LifeCell Focus Stack enth\u00e4lt hochwertige Nootropika, die das Ged\u00e4chtnis und die langfristige kognitive Belastbarkeit verbessern. Kaufen Sie noch heute bei SweetestSaffron.","og_url":"https:\/\/wp.dev.sweetestsaffron.pirstack.com\/de\/produkt\/hochwertiges-nootropikum-lifecell-focus-stack\/","og_site_name":"SweetestSaffron","article_modified_time":"2022-12-07T16:21:29+00:00","og_image":[{"width":1000,"height":1000,"url":"https:\/\/wp.dev.sweetestsaffron.pirstack.com\/wp-content\/uploads\/2022\/06\/LifeCell-Focus-Stack.png","type":"image\/png"}],"twitter_card":"summary_large_image","schema":{"@context":"https:\/\/schema.org","@graph":[{"@type":"WebPage","@id":"https:\/\/wp.dev.sweetestsaffron.pirstack.com\/de\/produkt\/hochwertiges-nootropikum-lifecell-focus-stack\/","url":"https:\/\/wp.dev.sweetestsaffron.pirstack.com\/de\/produkt\/hochwertiges-nootropikum-lifecell-focus-stack\/","name":"Hochwertiges Nootropikum - LifeCell Focus Stack - SweetestSaffron","isPartOf":{"@id":"https:\/\/wp.dev.sweetestsaffron.pirstack.com\/de\/#website"},"primaryImageOfPage":{"@id":"https:\/\/wp.dev.sweetestsaffron.pirstack.com\/de\/produkt\/hochwertiges-nootropikum-lifecell-focus-stack\/#primaryimage"},"image":{"@id":"https:\/\/wp.dev.sweetestsaffron.pirstack.com\/de\/produkt\/hochwertiges-nootropikum-lifecell-focus-stack\/#primaryimage"},"thumbnailUrl":"https:\/\/wp.dev.sweetestsaffron.pirstack.com\/wp-content\/uploads\/2022\/06\/LifeCell-Focus-Stack.png","datePublished":"2022-06-14T11:37:43+00:00","dateModified":"2022-12-07T16:21:29+00:00","description":"LifeCell Focus Stack enth\u00e4lt hochwertige Nootropika, die das Ged\u00e4chtnis und die langfristige kognitive Belastbarkeit verbessern. Kaufen Sie noch heute bei SweetestSaffron.","breadcrumb":{"@id":"https:\/\/wp.dev.sweetestsaffron.pirstack.com\/de\/produkt\/hochwertiges-nootropikum-lifecell-focus-stack\/#breadcrumb"},"inLanguage":"de","potentialAction":[{"@type":"ReadAction","target":["https:\/\/wp.dev.sweetestsaffron.pirstack.com\/de\/produkt\/hochwertiges-nootropikum-lifecell-focus-stack\/"]}]},{"@type":"ImageObject","inLanguage":"de","@id":"https:\/\/wp.dev.sweetestsaffron.pirstack.com\/de\/produkt\/hochwertiges-nootropikum-lifecell-focus-stack\/#primaryimage","url":"https:\/\/wp.dev.sweetestsaffron.pirstack.com\/wp-content\/uploads\/2022\/06\/LifeCell-Focus-Stack.png","contentUrl":"https:\/\/wp.dev.sweetestsaffron.pirstack.com\/wp-content\/uploads\/2022\/06\/LifeCell-Focus-Stack.png","width":1000,"height":1000,"caption":"LifeCell Focus Stack Nootropic Supplement Bottle"},{"@type":"BreadcrumbList","@id":"https:\/\/wp.dev.sweetestsaffron.pirstack.com\/de\/produkt\/hochwertiges-nootropikum-lifecell-focus-stack\/#breadcrumb","itemListElement":[{"@type":"ListItem","position":1,"name":"Home","item":"https:\/\/wp.dev.sweetestsaffron.pirstack.com\/de\/"},{"@type":"ListItem","position":2,"name":"Shop","item":"https:\/\/wp.dev.sweetestsaffron.pirstack.com\/de\/shop-2\/"},{"@type":"ListItem","position":3,"name":"Hochwertiges Nootropikum &#8211; LifeCell Focus Stack"}]},{"@type":"WebSite","@id":"https:\/\/wp.dev.sweetestsaffron.pirstack.com\/de\/#website","url":"https:\/\/wp.dev.sweetestsaffron.pirstack.com\/de\/","name":"SweetestSaffron","description":"Skincare,, Health Supplements &amp; HYPO21","potentialAction":[{"@type":"SearchAction","target":{"@type":"EntryPoint","urlTemplate":"https:\/\/wp.dev.sweetestsaffron.pirstack.com\/de\/?s={search_term_string}"},"query-input":{"@type":"PropertyValueSpecification","valueRequired":true,"valueName":"search_term_string"}}],"inLanguage":"de"}]}},"_links":{"self":[{"href":"https:\/\/wp.dev.sweetestsaffron.pirstack.com\/de\/wp-json\/wp\/v2\/product\/1115","targetHints":{"allow":["GET"]}}],"collection":[{"href":"https:\/\/wp.dev.sweetestsaffron.pirstack.com\/de\/wp-json\/wp\/v2\/product"}],"about":[{"href":"https:\/\/wp.dev.sweetestsaffron.pirstack.com\/de\/wp-json\/wp\/v2\/types\/product"}],"replies":[{"embeddable":true,"href":"https:\/\/wp.dev.sweetestsaffron.pirstack.com\/de\/wp-json\/wp\/v2\/comments?post=1115"}],"wp:featuredmedia":[{"embeddable":true,"href":"https:\/\/wp.dev.sweetestsaffron.pirstack.com\/de\/wp-json\/wp\/v2\/media\/820"}],"wp:attachment":[{"href":"https:\/\/wp.dev.sweetestsaffron.pirstack.com\/de\/wp-json\/wp\/v2\/media?parent=1115"}],"wp:term":[{"taxonomy":"product_brand","embeddable":true,"href":"https:\/\/wp.dev.sweetestsaffron.pirstack.com\/de\/wp-json\/wp\/v2\/product_brand?post=1115"},{"taxonomy":"product_cat","embeddable":true,"href":"https:\/\/wp.dev.sweetestsaffron.pirstack.com\/de\/wp-json\/wp\/v2\/product_cat?post=1115"},{"taxonomy":"product_tag","embeddable":true,"href":"https:\/\/wp.dev.sweetestsaffron.pirstack.com\/de\/wp-json\/wp\/v2\/product_tag?post=1115"}],"curies":[{"name":"wp","href":"https:\/\/api.w.org\/{rel}","templated":true}]}}