{"id":1109,"date":"2022-06-09T16:40:09","date_gmt":"2022-06-09T15:40:09","guid":{"rendered":"https:\/\/www.sweetestsaffron.co.uk\/product\/lifecell-halsstraffendes-serum-45ml\/"},"modified":"2022-12-07T16:21:23","modified_gmt":"2022-12-07T16:21:23","slug":"lifecell-halsstraffendes-serum-45ml","status":"publish","type":"product","link":"https:\/\/wp.dev.sweetestsaffron.pirstack.com\/de\/produkt\/lifecell-halsstraffendes-serum-45ml\/","title":{"rendered":"LifeCell Halsstraffendes Serum &#8211; 45ml"},"content":{"rendered":"<p><strong>Was es ist:<\/strong><\/p>\n<p>Das ultra-verj\u00fcngende Neck Firming Serum spendet Feuchtigkeit und strafft die Haut. Die leichte und schnell einziehende Formel verleiht Ihrem Hals sofort ein festeres und gestrafftes Aussehen. Mit revolution\u00e4ren, bahnbrechenden Komponenten wie Fermiskin erh\u00e4lt Ihr Hals die Elastizit\u00e4t zur\u00fcck, die er verdient. Das Serum zur Straffung des Halses von LifeCell verbessert nachweislich die Elastizit\u00e4t und die tonisierenden Eigenschaften und sorgt f\u00fcr lang anhaltende Ergebnisse. Dar\u00fcber hinaus enth\u00e4lt es dank einzigartiger Inhaltsstoffe wie Shiitake-Pilzextrakt viele entz\u00fcndungshemmende und antioxidative Eigenschaften von Vitamin D und Selen. Diese Eigenschaften helfen Ihrer Haut nachweislich bei der Bek\u00e4mpfung von Falten und Verf\u00e4rbungen.<\/p>\n","protected":false},"excerpt":{"rendered":"<p><strong>Warum Ihre Haut ein Serum zur Halsstraffung braucht:<\/strong><\/p>\n<p>Wussten Sie, dass der Nacken einer der empfindlichsten Teile Ihres K\u00f6rpers ist? Die Haut am Hals ist d\u00fcnn und zeigt oft die ersten Anzeichen der Hautalterung. Ein alternder Hals kann Anzeichen von Erschlaffung zeigen, die auch als &#8222;Truthahnhals&#8220; bekannt sind. Die meisten Menschen vergessen bei ihrer Hautpflege, sich um ihren Hals zu k\u00fcmmern. Vermeiden Sie einen Truthahnhals und achten Sie auf diesen empfindlichen Teil Ihrer Haut.<\/p>\n","protected":false},"featured_media":796,"comment_status":"open","ping_status":"closed","template":"","meta":[],"product_brand":[],"product_cat":[38],"product_tag":[],"class_list":{"0":"post-1109","1":"product","2":"type-product","3":"status-publish","4":"has-post-thumbnail","6":"product_cat-hautpflege","8":"first","9":"instock","10":"shipping-taxable","11":"purchasable","12":"product-type-simple"},"acf":[],"yoast_head":"<!-- This site is optimized with the Yoast SEO plugin v26.7 - https:\/\/yoast.com\/wordpress\/plugins\/seo\/ -->\n<title>LifeCell Halsstraffendes Serum - 45ml - SweetestSaffron<\/title>\n<meta name=\"description\" content=\"Reduzieren Sie die Zeichen der Hautalterung mit dem LifeCell Neck Firming Serum, das Sie bei SweetestSaffron kaufen k\u00f6nnen. KOSTENLOSE Lieferung f\u00fcr alle Bestellungen in Gro\u00dfbritannien.\" \/>\n<meta name=\"robots\" content=\"noindex, follow, max-snippet:-1, max-image-preview:large, max-video-preview:-1\" \/>\n<meta property=\"og:locale\" content=\"de_DE\" \/>\n<meta property=\"og:type\" content=\"article\" \/>\n<meta property=\"og:title\" content=\"LifeCell Halsstraffendes Serum - 45ml - SweetestSaffron\" \/>\n<meta property=\"og:description\" content=\"Reduzieren Sie die Zeichen der Hautalterung mit dem LifeCell Neck Firming Serum, das Sie bei SweetestSaffron kaufen k\u00f6nnen. KOSTENLOSE Lieferung f\u00fcr alle Bestellungen in Gro\u00dfbritannien.\" \/>\n<meta property=\"og:url\" content=\"https:\/\/wp.dev.sweetestsaffron.pirstack.com\/de\/produkt\/lifecell-halsstraffendes-serum-45ml\/\" \/>\n<meta property=\"og:site_name\" content=\"SweetestSaffron\" \/>\n<meta property=\"article:modified_time\" content=\"2022-12-07T16:21:23+00:00\" \/>\n<meta property=\"og:image\" content=\"https:\/\/wp.dev.sweetestsaffron.pirstack.com\/wp-content\/uploads\/2022\/06\/LifeCell-Neck-Firming-Serum.jpg\" \/>\n\t<meta property=\"og:image:width\" content=\"800\" \/>\n\t<meta property=\"og:image:height\" content=\"800\" \/>\n\t<meta property=\"og:image:type\" content=\"image\/jpeg\" \/>\n<meta name=\"twitter:card\" content=\"summary_large_image\" \/>\n<meta name=\"twitter:label1\" content=\"Gesch\u00e4tzte Lesezeit\" \/>\n\t<meta name=\"twitter:data1\" content=\"1\u00a0Minute\" \/>\n<script type=\"application\/ld+json\" class=\"yoast-schema-graph\">{\"@context\":\"https:\/\/schema.org\",\"@graph\":[{\"@type\":\"WebPage\",\"@id\":\"https:\/\/wp.dev.sweetestsaffron.pirstack.com\/de\/produkt\/lifecell-halsstraffendes-serum-45ml\/\",\"url\":\"https:\/\/wp.dev.sweetestsaffron.pirstack.com\/de\/produkt\/lifecell-halsstraffendes-serum-45ml\/\",\"name\":\"LifeCell Halsstraffendes Serum - 45ml - SweetestSaffron\",\"isPartOf\":{\"@id\":\"https:\/\/wp.dev.sweetestsaffron.pirstack.com\/de\/#website\"},\"primaryImageOfPage\":{\"@id\":\"https:\/\/wp.dev.sweetestsaffron.pirstack.com\/de\/produkt\/lifecell-halsstraffendes-serum-45ml\/#primaryimage\"},\"image\":{\"@id\":\"https:\/\/wp.dev.sweetestsaffron.pirstack.com\/de\/produkt\/lifecell-halsstraffendes-serum-45ml\/#primaryimage\"},\"thumbnailUrl\":\"https:\/\/wp.dev.sweetestsaffron.pirstack.com\/wp-content\/uploads\/2022\/06\/LifeCell-Neck-Firming-Serum.jpg\",\"datePublished\":\"2022-06-09T15:40:09+00:00\",\"dateModified\":\"2022-12-07T16:21:23+00:00\",\"description\":\"Reduzieren Sie die Zeichen der Hautalterung mit dem LifeCell Neck Firming Serum, das Sie bei SweetestSaffron kaufen k\u00f6nnen. KOSTENLOSE Lieferung f\u00fcr alle Bestellungen in Gro\u00dfbritannien.\",\"breadcrumb\":{\"@id\":\"https:\/\/wp.dev.sweetestsaffron.pirstack.com\/de\/produkt\/lifecell-halsstraffendes-serum-45ml\/#breadcrumb\"},\"inLanguage\":\"de\",\"potentialAction\":[{\"@type\":\"ReadAction\",\"target\":[\"https:\/\/wp.dev.sweetestsaffron.pirstack.com\/de\/produkt\/lifecell-halsstraffendes-serum-45ml\/\"]}]},{\"@type\":\"ImageObject\",\"inLanguage\":\"de\",\"@id\":\"https:\/\/wp.dev.sweetestsaffron.pirstack.com\/de\/produkt\/lifecell-halsstraffendes-serum-45ml\/#primaryimage\",\"url\":\"https:\/\/wp.dev.sweetestsaffron.pirstack.com\/wp-content\/uploads\/2022\/06\/LifeCell-Neck-Firming-Serum.jpg\",\"contentUrl\":\"https:\/\/wp.dev.sweetestsaffron.pirstack.com\/wp-content\/uploads\/2022\/06\/LifeCell-Neck-Firming-Serum.jpg\",\"width\":800,\"height\":800},{\"@type\":\"BreadcrumbList\",\"@id\":\"https:\/\/wp.dev.sweetestsaffron.pirstack.com\/de\/produkt\/lifecell-halsstraffendes-serum-45ml\/#breadcrumb\",\"itemListElement\":[{\"@type\":\"ListItem\",\"position\":1,\"name\":\"Home\",\"item\":\"https:\/\/wp.dev.sweetestsaffron.pirstack.com\/de\/\"},{\"@type\":\"ListItem\",\"position\":2,\"name\":\"Shop\",\"item\":\"https:\/\/wp.dev.sweetestsaffron.pirstack.com\/de\/shop-2\/\"},{\"@type\":\"ListItem\",\"position\":3,\"name\":\"LifeCell Halsstraffendes Serum &#8211; 45ml\"}]},{\"@type\":\"WebSite\",\"@id\":\"https:\/\/wp.dev.sweetestsaffron.pirstack.com\/de\/#website\",\"url\":\"https:\/\/wp.dev.sweetestsaffron.pirstack.com\/de\/\",\"name\":\"SweetestSaffron\",\"description\":\"Skincare,, Health Supplements &amp; HYPO21\",\"potentialAction\":[{\"@type\":\"SearchAction\",\"target\":{\"@type\":\"EntryPoint\",\"urlTemplate\":\"https:\/\/wp.dev.sweetestsaffron.pirstack.com\/de\/?s={search_term_string}\"},\"query-input\":{\"@type\":\"PropertyValueSpecification\",\"valueRequired\":true,\"valueName\":\"search_term_string\"}}],\"inLanguage\":\"de\"}]}<\/script>\n<!-- \/ Yoast SEO plugin. -->","yoast_head_json":{"title":"LifeCell Halsstraffendes Serum - 45ml - SweetestSaffron","description":"Reduzieren Sie die Zeichen der Hautalterung mit dem LifeCell Neck Firming Serum, das Sie bei SweetestSaffron kaufen k\u00f6nnen. KOSTENLOSE Lieferung f\u00fcr alle Bestellungen in Gro\u00dfbritannien.","robots":{"index":"noindex","follow":"follow","max-snippet":"max-snippet:-1","max-image-preview":"max-image-preview:large","max-video-preview":"max-video-preview:-1"},"og_locale":"de_DE","og_type":"article","og_title":"LifeCell Halsstraffendes Serum - 45ml - SweetestSaffron","og_description":"Reduzieren Sie die Zeichen der Hautalterung mit dem LifeCell Neck Firming Serum, das Sie bei SweetestSaffron kaufen k\u00f6nnen. KOSTENLOSE Lieferung f\u00fcr alle Bestellungen in Gro\u00dfbritannien.","og_url":"https:\/\/wp.dev.sweetestsaffron.pirstack.com\/de\/produkt\/lifecell-halsstraffendes-serum-45ml\/","og_site_name":"SweetestSaffron","article_modified_time":"2022-12-07T16:21:23+00:00","og_image":[{"width":800,"height":800,"url":"https:\/\/wp.dev.sweetestsaffron.pirstack.com\/wp-content\/uploads\/2022\/06\/LifeCell-Neck-Firming-Serum.jpg","type":"image\/jpeg"}],"twitter_card":"summary_large_image","twitter_misc":{"Gesch\u00e4tzte Lesezeit":"1\u00a0Minute"},"schema":{"@context":"https:\/\/schema.org","@graph":[{"@type":"WebPage","@id":"https:\/\/wp.dev.sweetestsaffron.pirstack.com\/de\/produkt\/lifecell-halsstraffendes-serum-45ml\/","url":"https:\/\/wp.dev.sweetestsaffron.pirstack.com\/de\/produkt\/lifecell-halsstraffendes-serum-45ml\/","name":"LifeCell Halsstraffendes Serum - 45ml - SweetestSaffron","isPartOf":{"@id":"https:\/\/wp.dev.sweetestsaffron.pirstack.com\/de\/#website"},"primaryImageOfPage":{"@id":"https:\/\/wp.dev.sweetestsaffron.pirstack.com\/de\/produkt\/lifecell-halsstraffendes-serum-45ml\/#primaryimage"},"image":{"@id":"https:\/\/wp.dev.sweetestsaffron.pirstack.com\/de\/produkt\/lifecell-halsstraffendes-serum-45ml\/#primaryimage"},"thumbnailUrl":"https:\/\/wp.dev.sweetestsaffron.pirstack.com\/wp-content\/uploads\/2022\/06\/LifeCell-Neck-Firming-Serum.jpg","datePublished":"2022-06-09T15:40:09+00:00","dateModified":"2022-12-07T16:21:23+00:00","description":"Reduzieren Sie die Zeichen der Hautalterung mit dem LifeCell Neck Firming Serum, das Sie bei SweetestSaffron kaufen k\u00f6nnen. KOSTENLOSE Lieferung f\u00fcr alle Bestellungen in Gro\u00dfbritannien.","breadcrumb":{"@id":"https:\/\/wp.dev.sweetestsaffron.pirstack.com\/de\/produkt\/lifecell-halsstraffendes-serum-45ml\/#breadcrumb"},"inLanguage":"de","potentialAction":[{"@type":"ReadAction","target":["https:\/\/wp.dev.sweetestsaffron.pirstack.com\/de\/produkt\/lifecell-halsstraffendes-serum-45ml\/"]}]},{"@type":"ImageObject","inLanguage":"de","@id":"https:\/\/wp.dev.sweetestsaffron.pirstack.com\/de\/produkt\/lifecell-halsstraffendes-serum-45ml\/#primaryimage","url":"https:\/\/wp.dev.sweetestsaffron.pirstack.com\/wp-content\/uploads\/2022\/06\/LifeCell-Neck-Firming-Serum.jpg","contentUrl":"https:\/\/wp.dev.sweetestsaffron.pirstack.com\/wp-content\/uploads\/2022\/06\/LifeCell-Neck-Firming-Serum.jpg","width":800,"height":800},{"@type":"BreadcrumbList","@id":"https:\/\/wp.dev.sweetestsaffron.pirstack.com\/de\/produkt\/lifecell-halsstraffendes-serum-45ml\/#breadcrumb","itemListElement":[{"@type":"ListItem","position":1,"name":"Home","item":"https:\/\/wp.dev.sweetestsaffron.pirstack.com\/de\/"},{"@type":"ListItem","position":2,"name":"Shop","item":"https:\/\/wp.dev.sweetestsaffron.pirstack.com\/de\/shop-2\/"},{"@type":"ListItem","position":3,"name":"LifeCell Halsstraffendes Serum &#8211; 45ml"}]},{"@type":"WebSite","@id":"https:\/\/wp.dev.sweetestsaffron.pirstack.com\/de\/#website","url":"https:\/\/wp.dev.sweetestsaffron.pirstack.com\/de\/","name":"SweetestSaffron","description":"Skincare,, Health Supplements &amp; HYPO21","potentialAction":[{"@type":"SearchAction","target":{"@type":"EntryPoint","urlTemplate":"https:\/\/wp.dev.sweetestsaffron.pirstack.com\/de\/?s={search_term_string}"},"query-input":{"@type":"PropertyValueSpecification","valueRequired":true,"valueName":"search_term_string"}}],"inLanguage":"de"}]}},"_links":{"self":[{"href":"https:\/\/wp.dev.sweetestsaffron.pirstack.com\/de\/wp-json\/wp\/v2\/product\/1109","targetHints":{"allow":["GET"]}}],"collection":[{"href":"https:\/\/wp.dev.sweetestsaffron.pirstack.com\/de\/wp-json\/wp\/v2\/product"}],"about":[{"href":"https:\/\/wp.dev.sweetestsaffron.pirstack.com\/de\/wp-json\/wp\/v2\/types\/product"}],"replies":[{"embeddable":true,"href":"https:\/\/wp.dev.sweetestsaffron.pirstack.com\/de\/wp-json\/wp\/v2\/comments?post=1109"}],"wp:featuredmedia":[{"embeddable":true,"href":"https:\/\/wp.dev.sweetestsaffron.pirstack.com\/de\/wp-json\/wp\/v2\/media\/796"}],"wp:attachment":[{"href":"https:\/\/wp.dev.sweetestsaffron.pirstack.com\/de\/wp-json\/wp\/v2\/media?parent=1109"}],"wp:term":[{"taxonomy":"product_brand","embeddable":true,"href":"https:\/\/wp.dev.sweetestsaffron.pirstack.com\/de\/wp-json\/wp\/v2\/product_brand?post=1109"},{"taxonomy":"product_cat","embeddable":true,"href":"https:\/\/wp.dev.sweetestsaffron.pirstack.com\/de\/wp-json\/wp\/v2\/product_cat?post=1109"},{"taxonomy":"product_tag","embeddable":true,"href":"https:\/\/wp.dev.sweetestsaffron.pirstack.com\/de\/wp-json\/wp\/v2\/product_tag?post=1109"}],"curies":[{"name":"wp","href":"https:\/\/api.w.org\/{rel}","templated":true}]}}