{"id":1108,"date":"2022-06-09T16:52:10","date_gmt":"2022-06-09T15:52:10","guid":{"rendered":"https:\/\/www.sweetestsaffron.co.uk\/product\/lifecell-overnight-hand-treatment-30ml\/"},"modified":"2022-12-07T16:21:23","modified_gmt":"2022-12-07T16:21:23","slug":"lifecell-overnight-hand-treatment-30ml","status":"publish","type":"product","link":"https:\/\/wp.dev.sweetestsaffron.pirstack.com\/de\/produkt\/lifecell-overnight-hand-treatment-30ml\/","title":{"rendered":"LifeCell Overnight Hand Treatment &#8211; 30ml"},"content":{"rendered":"<p><strong>Was es bewirkt:<\/strong><\/p>\n<ul>\n<li>Beruhigt und spendet Feuchtigkeit<\/li>\n<li>Sorgt f\u00fcr einen gleichm\u00e4\u00dfigeren Hautton<\/li>\n<li>Reduziert das Auftreten von dunklen Flecken<\/li>\n<li>Reduziert das Auftreten von Verf\u00e4rbungen<\/li>\n<li>Spendet den ganzen Tag Feuchtigkeit<\/li>\n<li>Macht die H\u00e4nde weich und geschmeidig<\/li>\n<\/ul>\n","protected":false},"excerpt":{"rendered":"<p>Ihre H\u00e4nde k\u00f6nnen leicht Ihr Alter verraten. Helfen Sie, dunkle Flecken, Altersflecken und Verf\u00e4rbungen r\u00fcckg\u00e4ngig zu machen, um einen gleichm\u00e4\u00dfigeren und sch\u00f6neren Hautton zu erhalten. Es ist leicht und zieht gut ein. Bei n\u00e4chtlicher Anwendung werden die H\u00e4nde in wenigen Wochen j\u00fcnger aussehen.<\/p>\n<p>Verj\u00fcngen Sie die Haut Ihrer H\u00e4nde mit dieser feuchtigkeitsspendenden Handpflege. Mit einzigartigen und wirksamen Inhaltsstoffen erhalten Ihre H\u00e4nde \u00fcber Nacht ihr jugendliches Aussehen zur\u00fcck.<\/p>\n","protected":false},"featured_media":802,"comment_status":"open","ping_status":"closed","template":"","meta":[],"product_brand":[],"product_cat":[38],"product_tag":[],"class_list":{"0":"post-1108","1":"product","2":"type-product","3":"status-publish","4":"has-post-thumbnail","6":"product_cat-hautpflege","8":"first","9":"instock","10":"shipping-taxable","11":"purchasable","12":"product-type-simple"},"acf":[],"yoast_head":"<!-- This site is optimized with the Yoast SEO plugin v26.7 - https:\/\/yoast.com\/wordpress\/plugins\/seo\/ -->\n<title>LifeCell Overnight Hand Treatment - 30ml - SweetestSaffron<\/title>\n<meta name=\"description\" content=\"Reduzieren Sie die Zeichen der Hautalterung mit LifeCell Overnight Hand Treatment. Zu kaufen bei SweetestSaffron. Kostenlose Lieferung in Gro\u00dfbritannien.\" \/>\n<meta name=\"robots\" content=\"noindex, follow, max-snippet:-1, max-image-preview:large, max-video-preview:-1\" \/>\n<meta property=\"og:locale\" content=\"de_DE\" \/>\n<meta property=\"og:type\" content=\"article\" \/>\n<meta property=\"og:title\" content=\"LifeCell Overnight Hand Treatment - 30ml - SweetestSaffron\" \/>\n<meta property=\"og:description\" content=\"Reduzieren Sie die Zeichen der Hautalterung mit LifeCell Overnight Hand Treatment. Zu kaufen bei SweetestSaffron. Kostenlose Lieferung in Gro\u00dfbritannien.\" \/>\n<meta property=\"og:url\" content=\"https:\/\/wp.dev.sweetestsaffron.pirstack.com\/de\/produkt\/lifecell-overnight-hand-treatment-30ml\/\" \/>\n<meta property=\"og:site_name\" content=\"SweetestSaffron\" \/>\n<meta property=\"article:modified_time\" content=\"2022-12-07T16:21:23+00:00\" \/>\n<meta property=\"og:image\" content=\"https:\/\/wp.dev.sweetestsaffron.pirstack.com\/wp-content\/uploads\/2022\/06\/LifeCell-Overnight-Hand-Treatment.jpg\" \/>\n\t<meta property=\"og:image:width\" content=\"800\" \/>\n\t<meta property=\"og:image:height\" content=\"800\" \/>\n\t<meta property=\"og:image:type\" content=\"image\/jpeg\" \/>\n<meta name=\"twitter:card\" content=\"summary_large_image\" \/>\n<script type=\"application\/ld+json\" class=\"yoast-schema-graph\">{\"@context\":\"https:\/\/schema.org\",\"@graph\":[{\"@type\":\"WebPage\",\"@id\":\"https:\/\/wp.dev.sweetestsaffron.pirstack.com\/de\/produkt\/lifecell-overnight-hand-treatment-30ml\/\",\"url\":\"https:\/\/wp.dev.sweetestsaffron.pirstack.com\/de\/produkt\/lifecell-overnight-hand-treatment-30ml\/\",\"name\":\"LifeCell Overnight Hand Treatment - 30ml - SweetestSaffron\",\"isPartOf\":{\"@id\":\"https:\/\/wp.dev.sweetestsaffron.pirstack.com\/de\/#website\"},\"primaryImageOfPage\":{\"@id\":\"https:\/\/wp.dev.sweetestsaffron.pirstack.com\/de\/produkt\/lifecell-overnight-hand-treatment-30ml\/#primaryimage\"},\"image\":{\"@id\":\"https:\/\/wp.dev.sweetestsaffron.pirstack.com\/de\/produkt\/lifecell-overnight-hand-treatment-30ml\/#primaryimage\"},\"thumbnailUrl\":\"https:\/\/wp.dev.sweetestsaffron.pirstack.com\/wp-content\/uploads\/2022\/06\/LifeCell-Overnight-Hand-Treatment.jpg\",\"datePublished\":\"2022-06-09T15:52:10+00:00\",\"dateModified\":\"2022-12-07T16:21:23+00:00\",\"description\":\"Reduzieren Sie die Zeichen der Hautalterung mit LifeCell Overnight Hand Treatment. Zu kaufen bei SweetestSaffron. Kostenlose Lieferung in Gro\u00dfbritannien.\",\"breadcrumb\":{\"@id\":\"https:\/\/wp.dev.sweetestsaffron.pirstack.com\/de\/produkt\/lifecell-overnight-hand-treatment-30ml\/#breadcrumb\"},\"inLanguage\":\"de\",\"potentialAction\":[{\"@type\":\"ReadAction\",\"target\":[\"https:\/\/wp.dev.sweetestsaffron.pirstack.com\/de\/produkt\/lifecell-overnight-hand-treatment-30ml\/\"]}]},{\"@type\":\"ImageObject\",\"inLanguage\":\"de\",\"@id\":\"https:\/\/wp.dev.sweetestsaffron.pirstack.com\/de\/produkt\/lifecell-overnight-hand-treatment-30ml\/#primaryimage\",\"url\":\"https:\/\/wp.dev.sweetestsaffron.pirstack.com\/wp-content\/uploads\/2022\/06\/LifeCell-Overnight-Hand-Treatment.jpg\",\"contentUrl\":\"https:\/\/wp.dev.sweetestsaffron.pirstack.com\/wp-content\/uploads\/2022\/06\/LifeCell-Overnight-Hand-Treatment.jpg\",\"width\":800,\"height\":800},{\"@type\":\"BreadcrumbList\",\"@id\":\"https:\/\/wp.dev.sweetestsaffron.pirstack.com\/de\/produkt\/lifecell-overnight-hand-treatment-30ml\/#breadcrumb\",\"itemListElement\":[{\"@type\":\"ListItem\",\"position\":1,\"name\":\"Home\",\"item\":\"https:\/\/wp.dev.sweetestsaffron.pirstack.com\/de\/\"},{\"@type\":\"ListItem\",\"position\":2,\"name\":\"Shop\",\"item\":\"https:\/\/wp.dev.sweetestsaffron.pirstack.com\/de\/shop-2\/\"},{\"@type\":\"ListItem\",\"position\":3,\"name\":\"LifeCell Overnight Hand Treatment &#8211; 30ml\"}]},{\"@type\":\"WebSite\",\"@id\":\"https:\/\/wp.dev.sweetestsaffron.pirstack.com\/de\/#website\",\"url\":\"https:\/\/wp.dev.sweetestsaffron.pirstack.com\/de\/\",\"name\":\"SweetestSaffron\",\"description\":\"Skincare,, Health Supplements &amp; HYPO21\",\"potentialAction\":[{\"@type\":\"SearchAction\",\"target\":{\"@type\":\"EntryPoint\",\"urlTemplate\":\"https:\/\/wp.dev.sweetestsaffron.pirstack.com\/de\/?s={search_term_string}\"},\"query-input\":{\"@type\":\"PropertyValueSpecification\",\"valueRequired\":true,\"valueName\":\"search_term_string\"}}],\"inLanguage\":\"de\"}]}<\/script>\n<!-- \/ Yoast SEO plugin. -->","yoast_head_json":{"title":"LifeCell Overnight Hand Treatment - 30ml - SweetestSaffron","description":"Reduzieren Sie die Zeichen der Hautalterung mit LifeCell Overnight Hand Treatment. Zu kaufen bei SweetestSaffron. Kostenlose Lieferung in Gro\u00dfbritannien.","robots":{"index":"noindex","follow":"follow","max-snippet":"max-snippet:-1","max-image-preview":"max-image-preview:large","max-video-preview":"max-video-preview:-1"},"og_locale":"de_DE","og_type":"article","og_title":"LifeCell Overnight Hand Treatment - 30ml - SweetestSaffron","og_description":"Reduzieren Sie die Zeichen der Hautalterung mit LifeCell Overnight Hand Treatment. Zu kaufen bei SweetestSaffron. Kostenlose Lieferung in Gro\u00dfbritannien.","og_url":"https:\/\/wp.dev.sweetestsaffron.pirstack.com\/de\/produkt\/lifecell-overnight-hand-treatment-30ml\/","og_site_name":"SweetestSaffron","article_modified_time":"2022-12-07T16:21:23+00:00","og_image":[{"width":800,"height":800,"url":"https:\/\/wp.dev.sweetestsaffron.pirstack.com\/wp-content\/uploads\/2022\/06\/LifeCell-Overnight-Hand-Treatment.jpg","type":"image\/jpeg"}],"twitter_card":"summary_large_image","schema":{"@context":"https:\/\/schema.org","@graph":[{"@type":"WebPage","@id":"https:\/\/wp.dev.sweetestsaffron.pirstack.com\/de\/produkt\/lifecell-overnight-hand-treatment-30ml\/","url":"https:\/\/wp.dev.sweetestsaffron.pirstack.com\/de\/produkt\/lifecell-overnight-hand-treatment-30ml\/","name":"LifeCell Overnight Hand Treatment - 30ml - SweetestSaffron","isPartOf":{"@id":"https:\/\/wp.dev.sweetestsaffron.pirstack.com\/de\/#website"},"primaryImageOfPage":{"@id":"https:\/\/wp.dev.sweetestsaffron.pirstack.com\/de\/produkt\/lifecell-overnight-hand-treatment-30ml\/#primaryimage"},"image":{"@id":"https:\/\/wp.dev.sweetestsaffron.pirstack.com\/de\/produkt\/lifecell-overnight-hand-treatment-30ml\/#primaryimage"},"thumbnailUrl":"https:\/\/wp.dev.sweetestsaffron.pirstack.com\/wp-content\/uploads\/2022\/06\/LifeCell-Overnight-Hand-Treatment.jpg","datePublished":"2022-06-09T15:52:10+00:00","dateModified":"2022-12-07T16:21:23+00:00","description":"Reduzieren Sie die Zeichen der Hautalterung mit LifeCell Overnight Hand Treatment. Zu kaufen bei SweetestSaffron. Kostenlose Lieferung in Gro\u00dfbritannien.","breadcrumb":{"@id":"https:\/\/wp.dev.sweetestsaffron.pirstack.com\/de\/produkt\/lifecell-overnight-hand-treatment-30ml\/#breadcrumb"},"inLanguage":"de","potentialAction":[{"@type":"ReadAction","target":["https:\/\/wp.dev.sweetestsaffron.pirstack.com\/de\/produkt\/lifecell-overnight-hand-treatment-30ml\/"]}]},{"@type":"ImageObject","inLanguage":"de","@id":"https:\/\/wp.dev.sweetestsaffron.pirstack.com\/de\/produkt\/lifecell-overnight-hand-treatment-30ml\/#primaryimage","url":"https:\/\/wp.dev.sweetestsaffron.pirstack.com\/wp-content\/uploads\/2022\/06\/LifeCell-Overnight-Hand-Treatment.jpg","contentUrl":"https:\/\/wp.dev.sweetestsaffron.pirstack.com\/wp-content\/uploads\/2022\/06\/LifeCell-Overnight-Hand-Treatment.jpg","width":800,"height":800},{"@type":"BreadcrumbList","@id":"https:\/\/wp.dev.sweetestsaffron.pirstack.com\/de\/produkt\/lifecell-overnight-hand-treatment-30ml\/#breadcrumb","itemListElement":[{"@type":"ListItem","position":1,"name":"Home","item":"https:\/\/wp.dev.sweetestsaffron.pirstack.com\/de\/"},{"@type":"ListItem","position":2,"name":"Shop","item":"https:\/\/wp.dev.sweetestsaffron.pirstack.com\/de\/shop-2\/"},{"@type":"ListItem","position":3,"name":"LifeCell Overnight Hand Treatment &#8211; 30ml"}]},{"@type":"WebSite","@id":"https:\/\/wp.dev.sweetestsaffron.pirstack.com\/de\/#website","url":"https:\/\/wp.dev.sweetestsaffron.pirstack.com\/de\/","name":"SweetestSaffron","description":"Skincare,, Health Supplements &amp; HYPO21","potentialAction":[{"@type":"SearchAction","target":{"@type":"EntryPoint","urlTemplate":"https:\/\/wp.dev.sweetestsaffron.pirstack.com\/de\/?s={search_term_string}"},"query-input":{"@type":"PropertyValueSpecification","valueRequired":true,"valueName":"search_term_string"}}],"inLanguage":"de"}]}},"_links":{"self":[{"href":"https:\/\/wp.dev.sweetestsaffron.pirstack.com\/de\/wp-json\/wp\/v2\/product\/1108","targetHints":{"allow":["GET"]}}],"collection":[{"href":"https:\/\/wp.dev.sweetestsaffron.pirstack.com\/de\/wp-json\/wp\/v2\/product"}],"about":[{"href":"https:\/\/wp.dev.sweetestsaffron.pirstack.com\/de\/wp-json\/wp\/v2\/types\/product"}],"replies":[{"embeddable":true,"href":"https:\/\/wp.dev.sweetestsaffron.pirstack.com\/de\/wp-json\/wp\/v2\/comments?post=1108"}],"wp:featuredmedia":[{"embeddable":true,"href":"https:\/\/wp.dev.sweetestsaffron.pirstack.com\/de\/wp-json\/wp\/v2\/media\/802"}],"wp:attachment":[{"href":"https:\/\/wp.dev.sweetestsaffron.pirstack.com\/de\/wp-json\/wp\/v2\/media?parent=1108"}],"wp:term":[{"taxonomy":"product_brand","embeddable":true,"href":"https:\/\/wp.dev.sweetestsaffron.pirstack.com\/de\/wp-json\/wp\/v2\/product_brand?post=1108"},{"taxonomy":"product_cat","embeddable":true,"href":"https:\/\/wp.dev.sweetestsaffron.pirstack.com\/de\/wp-json\/wp\/v2\/product_cat?post=1108"},{"taxonomy":"product_tag","embeddable":true,"href":"https:\/\/wp.dev.sweetestsaffron.pirstack.com\/de\/wp-json\/wp\/v2\/product_tag?post=1108"}],"curies":[{"name":"wp","href":"https:\/\/api.w.org\/{rel}","templated":true}]}}