{"id":1107,"date":"2022-06-09T16:17:59","date_gmt":"2022-06-09T15:17:59","guid":{"rendered":"https:\/\/www.sweetestsaffron.co.uk\/product\/lifecell-bb-creme-medium-30ml\/"},"modified":"2025-05-25T22:57:53","modified_gmt":"2025-05-25T21:57:53","slug":"lifecell-bb-creme-mittel-30ml","status":"publish","type":"product","link":"https:\/\/wp.dev.sweetestsaffron.pirstack.com\/de\/produkt\/lifecell-bb-creme-mittel-30ml\/","title":{"rendered":"LifeCell BB Creme Medium &#8211; 30ml"},"content":{"rendered":"<p><strong>Was es ist:  <\/strong><\/p>\n<p>Dieser feuchtigkeitsspendende Beauty Balm spendet den ganzen Tag \u00fcber Feuchtigkeit, sch\u00fctzt mit LSF 30 und bietet gen\u00fcgend Deckkraft, um das Erscheinungsbild von Unregelm\u00e4\u00dfigkeiten zu reduzieren. Die ultra-gl\u00e4ttenden Inhaltsstoffe sorgen f\u00fcr eine samtige Haut, indem sie das Erscheinungsbild von Poren, feinen Linien und ungleichm\u00e4\u00dfigem Hautton vermindern.<\/p>\n<p>Diese Expertenformel enth\u00e4lt Gr\u00fcntee-Extrakt, der hilft, R\u00f6tungen zu reduzieren und zu lindern &#8211; f\u00fcr ein besonders gesundes Strahlen. BB-Cremes wurden urspr\u00fcnglich als perfekte Creme f\u00fcr die Zeit nach der Behandlung entwickelt, um die Haut mit Feuchtigkeit zu versorgen, zu pflegen, zu sch\u00fctzen und zu gl\u00e4tten.<\/p>\n<p>Diese innovativen Formeln eignen sich f\u00fcr alle Hauttypen, auch f\u00fcr empfindliche Haut, und sind so konzipiert, dass sie alles mitmachen:<\/p>\n<ul>\n<li>Behandeln Sie die Haut mit einem hohen Gehalt an aktiven Pflegestoffen<\/li>\n<li>Befeuchtet und gl\u00e4ttet dehydrierte Haut<\/li>\n<li>Grundierung und Perfektionierung der Hautoberfl\u00e4che<\/li>\n<li>Dieser <strong>mittlere <\/strong>Farbton der Creme kaschiert und korrigiert den Hautton<\/li>\n<li>Sch\u00fctzen Sie die Haut mit LSF vor der Sonne.<\/li>\n<\/ul>\n<p>Kann als letzter Schritt f\u00fcr die Hautpflege oder allein als sofortige Abdeckung verwendet werden.<\/p>\n","protected":false},"excerpt":{"rendered":"<p>Dieser feuchtigkeitsspendende Beauty Balm spendet den ganzen Tag lang Feuchtigkeit, sch\u00fctzt mit LSF 30 und deckt Unregelm\u00e4\u00dfigkeiten ab.<\/p>\n","protected":false},"featured_media":790,"comment_status":"open","ping_status":"closed","template":"","meta":[],"product_brand":[],"product_cat":[38],"product_tag":[],"class_list":{"0":"post-1107","1":"product","2":"type-product","3":"status-publish","4":"has-post-thumbnail","6":"product_cat-hautpflege","8":"first","9":"outofstock","10":"shipping-taxable","11":"purchasable","12":"product-type-simple"},"acf":[],"yoast_head":"<!-- This site is optimized with the Yoast SEO plugin v26.7 - https:\/\/yoast.com\/wordpress\/plugins\/seo\/ -->\n<title>LifeCell BB Creme Medium - 30ml - SweetestSaffron<\/title>\n<meta name=\"description\" content=\"Die LifeCell BB Cream in der Farbe Medium ist der perfekte get\u00f6nte Balsam mit LSF 30 f\u00fcr den t\u00e4glichen Gebrauch. Kaufen Sie noch heute bei SweetestSaffron!\" \/>\n<meta name=\"robots\" content=\"noindex, follow, max-snippet:-1, max-image-preview:large, max-video-preview:-1\" \/>\n<meta property=\"og:locale\" content=\"de_DE\" \/>\n<meta property=\"og:type\" content=\"article\" \/>\n<meta property=\"og:title\" content=\"LifeCell BB Creme Medium - 30ml - SweetestSaffron\" \/>\n<meta property=\"og:description\" content=\"Die LifeCell BB Cream in der Farbe Medium ist der perfekte get\u00f6nte Balsam mit LSF 30 f\u00fcr den t\u00e4glichen Gebrauch. Kaufen Sie noch heute bei SweetestSaffron!\" \/>\n<meta property=\"og:url\" content=\"https:\/\/wp.dev.sweetestsaffron.pirstack.com\/de\/produkt\/lifecell-bb-creme-mittel-30ml\/\" \/>\n<meta property=\"og:site_name\" content=\"SweetestSaffron\" \/>\n<meta property=\"article:modified_time\" content=\"2025-05-25T21:57:53+00:00\" \/>\n<meta property=\"og:image\" content=\"https:\/\/wp.dev.sweetestsaffron.pirstack.com\/wp-content\/uploads\/2022\/06\/LifeCell-BB-Cream-Medium.jpg\" \/>\n\t<meta property=\"og:image:width\" content=\"800\" \/>\n\t<meta property=\"og:image:height\" content=\"800\" \/>\n\t<meta property=\"og:image:type\" content=\"image\/jpeg\" \/>\n<meta name=\"twitter:card\" content=\"summary_large_image\" \/>\n<meta name=\"twitter:label1\" content=\"Gesch\u00e4tzte Lesezeit\" \/>\n\t<meta name=\"twitter:data1\" content=\"1\u00a0Minute\" \/>\n<script type=\"application\/ld+json\" class=\"yoast-schema-graph\">{\"@context\":\"https:\/\/schema.org\",\"@graph\":[{\"@type\":\"WebPage\",\"@id\":\"https:\/\/wp.dev.sweetestsaffron.pirstack.com\/de\/produkt\/lifecell-bb-creme-mittel-30ml\/\",\"url\":\"https:\/\/wp.dev.sweetestsaffron.pirstack.com\/de\/produkt\/lifecell-bb-creme-mittel-30ml\/\",\"name\":\"LifeCell BB Creme Medium - 30ml - SweetestSaffron\",\"isPartOf\":{\"@id\":\"https:\/\/wp.dev.sweetestsaffron.pirstack.com\/de\/#website\"},\"primaryImageOfPage\":{\"@id\":\"https:\/\/wp.dev.sweetestsaffron.pirstack.com\/de\/produkt\/lifecell-bb-creme-mittel-30ml\/#primaryimage\"},\"image\":{\"@id\":\"https:\/\/wp.dev.sweetestsaffron.pirstack.com\/de\/produkt\/lifecell-bb-creme-mittel-30ml\/#primaryimage\"},\"thumbnailUrl\":\"https:\/\/wp.dev.sweetestsaffron.pirstack.com\/wp-content\/uploads\/2022\/06\/LifeCell-BB-Cream-Medium.jpg\",\"datePublished\":\"2022-06-09T15:17:59+00:00\",\"dateModified\":\"2025-05-25T21:57:53+00:00\",\"description\":\"Die LifeCell BB Cream in der Farbe Medium ist der perfekte get\u00f6nte Balsam mit LSF 30 f\u00fcr den t\u00e4glichen Gebrauch. Kaufen Sie noch heute bei SweetestSaffron!\",\"breadcrumb\":{\"@id\":\"https:\/\/wp.dev.sweetestsaffron.pirstack.com\/de\/produkt\/lifecell-bb-creme-mittel-30ml\/#breadcrumb\"},\"inLanguage\":\"de\",\"potentialAction\":[{\"@type\":\"ReadAction\",\"target\":[\"https:\/\/wp.dev.sweetestsaffron.pirstack.com\/de\/produkt\/lifecell-bb-creme-mittel-30ml\/\"]}]},{\"@type\":\"ImageObject\",\"inLanguage\":\"de\",\"@id\":\"https:\/\/wp.dev.sweetestsaffron.pirstack.com\/de\/produkt\/lifecell-bb-creme-mittel-30ml\/#primaryimage\",\"url\":\"https:\/\/wp.dev.sweetestsaffron.pirstack.com\/wp-content\/uploads\/2022\/06\/LifeCell-BB-Cream-Medium.jpg\",\"contentUrl\":\"https:\/\/wp.dev.sweetestsaffron.pirstack.com\/wp-content\/uploads\/2022\/06\/LifeCell-BB-Cream-Medium.jpg\",\"width\":800,\"height\":800,\"caption\":\"LifeCell BB Cream Medium\"},{\"@type\":\"BreadcrumbList\",\"@id\":\"https:\/\/wp.dev.sweetestsaffron.pirstack.com\/de\/produkt\/lifecell-bb-creme-mittel-30ml\/#breadcrumb\",\"itemListElement\":[{\"@type\":\"ListItem\",\"position\":1,\"name\":\"Home\",\"item\":\"https:\/\/wp.dev.sweetestsaffron.pirstack.com\/de\/\"},{\"@type\":\"ListItem\",\"position\":2,\"name\":\"Shop\",\"item\":\"https:\/\/wp.dev.sweetestsaffron.pirstack.com\/de\/shop-2\/\"},{\"@type\":\"ListItem\",\"position\":3,\"name\":\"LifeCell BB Creme Medium &#8211; 30ml\"}]},{\"@type\":\"WebSite\",\"@id\":\"https:\/\/wp.dev.sweetestsaffron.pirstack.com\/de\/#website\",\"url\":\"https:\/\/wp.dev.sweetestsaffron.pirstack.com\/de\/\",\"name\":\"SweetestSaffron\",\"description\":\"Skincare,, Health Supplements &amp; HYPO21\",\"potentialAction\":[{\"@type\":\"SearchAction\",\"target\":{\"@type\":\"EntryPoint\",\"urlTemplate\":\"https:\/\/wp.dev.sweetestsaffron.pirstack.com\/de\/?s={search_term_string}\"},\"query-input\":{\"@type\":\"PropertyValueSpecification\",\"valueRequired\":true,\"valueName\":\"search_term_string\"}}],\"inLanguage\":\"de\"}]}<\/script>\n<!-- \/ Yoast SEO plugin. -->","yoast_head_json":{"title":"LifeCell BB Creme Medium - 30ml - SweetestSaffron","description":"Die LifeCell BB Cream in der Farbe Medium ist der perfekte get\u00f6nte Balsam mit LSF 30 f\u00fcr den t\u00e4glichen Gebrauch. Kaufen Sie noch heute bei SweetestSaffron!","robots":{"index":"noindex","follow":"follow","max-snippet":"max-snippet:-1","max-image-preview":"max-image-preview:large","max-video-preview":"max-video-preview:-1"},"og_locale":"de_DE","og_type":"article","og_title":"LifeCell BB Creme Medium - 30ml - SweetestSaffron","og_description":"Die LifeCell BB Cream in der Farbe Medium ist der perfekte get\u00f6nte Balsam mit LSF 30 f\u00fcr den t\u00e4glichen Gebrauch. Kaufen Sie noch heute bei SweetestSaffron!","og_url":"https:\/\/wp.dev.sweetestsaffron.pirstack.com\/de\/produkt\/lifecell-bb-creme-mittel-30ml\/","og_site_name":"SweetestSaffron","article_modified_time":"2025-05-25T21:57:53+00:00","og_image":[{"width":800,"height":800,"url":"https:\/\/wp.dev.sweetestsaffron.pirstack.com\/wp-content\/uploads\/2022\/06\/LifeCell-BB-Cream-Medium.jpg","type":"image\/jpeg"}],"twitter_card":"summary_large_image","twitter_misc":{"Gesch\u00e4tzte Lesezeit":"1\u00a0Minute"},"schema":{"@context":"https:\/\/schema.org","@graph":[{"@type":"WebPage","@id":"https:\/\/wp.dev.sweetestsaffron.pirstack.com\/de\/produkt\/lifecell-bb-creme-mittel-30ml\/","url":"https:\/\/wp.dev.sweetestsaffron.pirstack.com\/de\/produkt\/lifecell-bb-creme-mittel-30ml\/","name":"LifeCell BB Creme Medium - 30ml - SweetestSaffron","isPartOf":{"@id":"https:\/\/wp.dev.sweetestsaffron.pirstack.com\/de\/#website"},"primaryImageOfPage":{"@id":"https:\/\/wp.dev.sweetestsaffron.pirstack.com\/de\/produkt\/lifecell-bb-creme-mittel-30ml\/#primaryimage"},"image":{"@id":"https:\/\/wp.dev.sweetestsaffron.pirstack.com\/de\/produkt\/lifecell-bb-creme-mittel-30ml\/#primaryimage"},"thumbnailUrl":"https:\/\/wp.dev.sweetestsaffron.pirstack.com\/wp-content\/uploads\/2022\/06\/LifeCell-BB-Cream-Medium.jpg","datePublished":"2022-06-09T15:17:59+00:00","dateModified":"2025-05-25T21:57:53+00:00","description":"Die LifeCell BB Cream in der Farbe Medium ist der perfekte get\u00f6nte Balsam mit LSF 30 f\u00fcr den t\u00e4glichen Gebrauch. Kaufen Sie noch heute bei SweetestSaffron!","breadcrumb":{"@id":"https:\/\/wp.dev.sweetestsaffron.pirstack.com\/de\/produkt\/lifecell-bb-creme-mittel-30ml\/#breadcrumb"},"inLanguage":"de","potentialAction":[{"@type":"ReadAction","target":["https:\/\/wp.dev.sweetestsaffron.pirstack.com\/de\/produkt\/lifecell-bb-creme-mittel-30ml\/"]}]},{"@type":"ImageObject","inLanguage":"de","@id":"https:\/\/wp.dev.sweetestsaffron.pirstack.com\/de\/produkt\/lifecell-bb-creme-mittel-30ml\/#primaryimage","url":"https:\/\/wp.dev.sweetestsaffron.pirstack.com\/wp-content\/uploads\/2022\/06\/LifeCell-BB-Cream-Medium.jpg","contentUrl":"https:\/\/wp.dev.sweetestsaffron.pirstack.com\/wp-content\/uploads\/2022\/06\/LifeCell-BB-Cream-Medium.jpg","width":800,"height":800,"caption":"LifeCell BB Cream Medium"},{"@type":"BreadcrumbList","@id":"https:\/\/wp.dev.sweetestsaffron.pirstack.com\/de\/produkt\/lifecell-bb-creme-mittel-30ml\/#breadcrumb","itemListElement":[{"@type":"ListItem","position":1,"name":"Home","item":"https:\/\/wp.dev.sweetestsaffron.pirstack.com\/de\/"},{"@type":"ListItem","position":2,"name":"Shop","item":"https:\/\/wp.dev.sweetestsaffron.pirstack.com\/de\/shop-2\/"},{"@type":"ListItem","position":3,"name":"LifeCell BB Creme Medium &#8211; 30ml"}]},{"@type":"WebSite","@id":"https:\/\/wp.dev.sweetestsaffron.pirstack.com\/de\/#website","url":"https:\/\/wp.dev.sweetestsaffron.pirstack.com\/de\/","name":"SweetestSaffron","description":"Skincare,, Health Supplements &amp; HYPO21","potentialAction":[{"@type":"SearchAction","target":{"@type":"EntryPoint","urlTemplate":"https:\/\/wp.dev.sweetestsaffron.pirstack.com\/de\/?s={search_term_string}"},"query-input":{"@type":"PropertyValueSpecification","valueRequired":true,"valueName":"search_term_string"}}],"inLanguage":"de"}]}},"_links":{"self":[{"href":"https:\/\/wp.dev.sweetestsaffron.pirstack.com\/de\/wp-json\/wp\/v2\/product\/1107","targetHints":{"allow":["GET"]}}],"collection":[{"href":"https:\/\/wp.dev.sweetestsaffron.pirstack.com\/de\/wp-json\/wp\/v2\/product"}],"about":[{"href":"https:\/\/wp.dev.sweetestsaffron.pirstack.com\/de\/wp-json\/wp\/v2\/types\/product"}],"replies":[{"embeddable":true,"href":"https:\/\/wp.dev.sweetestsaffron.pirstack.com\/de\/wp-json\/wp\/v2\/comments?post=1107"}],"wp:featuredmedia":[{"embeddable":true,"href":"https:\/\/wp.dev.sweetestsaffron.pirstack.com\/de\/wp-json\/wp\/v2\/media\/790"}],"wp:attachment":[{"href":"https:\/\/wp.dev.sweetestsaffron.pirstack.com\/de\/wp-json\/wp\/v2\/media?parent=1107"}],"wp:term":[{"taxonomy":"product_brand","embeddable":true,"href":"https:\/\/wp.dev.sweetestsaffron.pirstack.com\/de\/wp-json\/wp\/v2\/product_brand?post=1107"},{"taxonomy":"product_cat","embeddable":true,"href":"https:\/\/wp.dev.sweetestsaffron.pirstack.com\/de\/wp-json\/wp\/v2\/product_cat?post=1107"},{"taxonomy":"product_tag","embeddable":true,"href":"https:\/\/wp.dev.sweetestsaffron.pirstack.com\/de\/wp-json\/wp\/v2\/product_tag?post=1107"}],"curies":[{"name":"wp","href":"https:\/\/api.w.org\/{rel}","templated":true}]}}