{"id":1061,"date":"2022-06-09T15:04:04","date_gmt":"2022-06-09T14:04:04","guid":{"rendered":"https:\/\/www.sweetestsaffron.co.uk\/product\/lifecell-anti-aging-faltenbehandlung-75ml\/"},"modified":"2025-05-25T21:55:32","modified_gmt":"2025-05-25T20:55:32","slug":"lifecell-anti-aging-falten-behandlung-75ml","status":"publish","type":"product","link":"https:\/\/wp.dev.sweetestsaffron.pirstack.com\/de\/produkt\/lifecell-anti-aging-falten-behandlung-75ml\/","title":{"rendered":"LifeCell Anti-Aging Faltenbehandlung &#8211; 75ml"},"content":{"rendered":"<p><strong>Was es ist:<\/strong><\/p>\n<p>LifeCell ist eine feuchtigkeitsspendende und leichte Anti-Aging-Behandlung, die das Auftreten von Falten reduziert. Das Produkt enth\u00e4lt einige der bekanntesten Anti-Aging-Inhaltsstoffe auf dem Markt.<\/p>\n<p>DMAE, Retinol, Hyalurons\u00e4ure und Vitamin C haben sowohl bei Verbrauchern als auch bei Hautpflegeexperten nur positive Kritiken erhalten. Alle vier dieser Inhaltsstoffe sind in unserem Anti-Aging Essential enthalten.<\/p>\n<p>Die Anti-Aging-Formel von LifeCell liefert Ergebnisse, die innerhalb von Sekunden nach der Anwendung sichtbar sind. Mit Hilfe von Mikrofillern und lichtreflektierender Mikrotechnologie werden feine F\u00e4ltchen vor Ihren Augen gegl\u00e4ttet und praktisch eliminiert, w\u00e4hrend gleichzeitig das Erscheinungsbild von Hautverf\u00e4rbungen gemildert wird.<\/p>\n<ul>\n<li>Frei von Parf\u00fcm und Parabenen.<\/li>\n<li>Hypoallergen.<\/li>\n<li>Nicht komedogen.<\/li>\n<li>Dermatologisch getestet.<\/li>\n<li>F\u00fcr alle Hauttypen geeignet.<\/li>\n<\/ul>\n","protected":false},"excerpt":{"rendered":"<p>LifeCell South Beach Skin Care ist eine Antioxidantien-Creme, eine feuchtigkeitsspendende und leichte All-in-One-Anti-Aging-Behandlung, entwickelt f\u00fcr:<\/p>\n<ul>\n<li>Sofortige Faltenreduzierung<\/li>\n<li>Intensive Straffung<\/li>\n<li>Behandlung unter den Augen<\/li>\n<li>Korrektor f\u00fcr dunkle Flecken<\/li>\n<li>Reine Fl\u00fcssigkeitszufuhr<\/li>\n<\/ul>\n","protected":false},"featured_media":786,"comment_status":"open","ping_status":"closed","template":"","meta":[],"product_brand":[],"product_cat":[38],"product_tag":[],"class_list":{"0":"post-1061","1":"product","2":"type-product","3":"status-publish","4":"has-post-thumbnail","6":"product_cat-hautpflege","8":"first","9":"instock","10":"shipping-taxable","11":"purchasable","12":"product-type-simple"},"acf":[],"yoast_head":"<!-- This site is optimized with the Yoast SEO plugin v26.7 - https:\/\/yoast.com\/wordpress\/plugins\/seo\/ -->\n<title>LifeCell Anti-Aging Faltenbehandlung - 75ml - SweetestSaffron<\/title>\n<meta name=\"description\" content=\"LifeCell Anti-Aging Wrinkle Treatment ist die perfekte All-in-One-Creme, um Zeichen der Hautalterung zu reduzieren. Wir bieten KOSTENLOSE Lieferung f\u00fcr alle Bestellungen in Gro\u00dfbritannien.\" \/>\n<meta name=\"robots\" content=\"noindex, follow, max-snippet:-1, max-image-preview:large, max-video-preview:-1\" \/>\n<meta property=\"og:locale\" content=\"de_DE\" \/>\n<meta property=\"og:type\" content=\"article\" \/>\n<meta property=\"og:title\" content=\"LifeCell Anti-Aging Faltenbehandlung - 75ml - SweetestSaffron\" \/>\n<meta property=\"og:description\" content=\"LifeCell Anti-Aging Wrinkle Treatment ist die perfekte All-in-One-Creme, um Zeichen der Hautalterung zu reduzieren. Wir bieten KOSTENLOSE Lieferung f\u00fcr alle Bestellungen in Gro\u00dfbritannien.\" \/>\n<meta property=\"og:url\" content=\"https:\/\/wp.dev.sweetestsaffron.pirstack.com\/de\/produkt\/lifecell-anti-aging-falten-behandlung-75ml\/\" \/>\n<meta property=\"og:site_name\" content=\"SweetestSaffron\" \/>\n<meta property=\"article:modified_time\" content=\"2025-05-25T20:55:32+00:00\" \/>\n<meta property=\"og:image\" content=\"https:\/\/wp.dev.sweetestsaffron.pirstack.com\/wp-content\/uploads\/2022\/06\/LifeCell-Anti-Aging-Wrinkle-Treatment-\u2013-75ml.jpg\" \/>\n\t<meta property=\"og:image:width\" content=\"800\" \/>\n\t<meta property=\"og:image:height\" content=\"800\" \/>\n\t<meta property=\"og:image:type\" content=\"image\/jpeg\" \/>\n<meta name=\"twitter:card\" content=\"summary_large_image\" \/>\n<meta name=\"twitter:label1\" content=\"Gesch\u00e4tzte Lesezeit\" \/>\n\t<meta name=\"twitter:data1\" content=\"1\u00a0Minute\" \/>\n<script type=\"application\/ld+json\" class=\"yoast-schema-graph\">{\"@context\":\"https:\/\/schema.org\",\"@graph\":[{\"@type\":\"WebPage\",\"@id\":\"https:\/\/wp.dev.sweetestsaffron.pirstack.com\/de\/produkt\/lifecell-anti-aging-falten-behandlung-75ml\/\",\"url\":\"https:\/\/wp.dev.sweetestsaffron.pirstack.com\/de\/produkt\/lifecell-anti-aging-falten-behandlung-75ml\/\",\"name\":\"LifeCell Anti-Aging Faltenbehandlung - 75ml - SweetestSaffron\",\"isPartOf\":{\"@id\":\"https:\/\/wp.dev.sweetestsaffron.pirstack.com\/de\/#website\"},\"primaryImageOfPage\":{\"@id\":\"https:\/\/wp.dev.sweetestsaffron.pirstack.com\/de\/produkt\/lifecell-anti-aging-falten-behandlung-75ml\/#primaryimage\"},\"image\":{\"@id\":\"https:\/\/wp.dev.sweetestsaffron.pirstack.com\/de\/produkt\/lifecell-anti-aging-falten-behandlung-75ml\/#primaryimage\"},\"thumbnailUrl\":\"https:\/\/wp.dev.sweetestsaffron.pirstack.com\/wp-content\/uploads\/2022\/06\/LifeCell-Anti-Aging-Wrinkle-Treatment-\u2013-75ml.jpg\",\"datePublished\":\"2022-06-09T14:04:04+00:00\",\"dateModified\":\"2025-05-25T20:55:32+00:00\",\"description\":\"LifeCell Anti-Aging Wrinkle Treatment ist die perfekte All-in-One-Creme, um Zeichen der Hautalterung zu reduzieren. Wir bieten KOSTENLOSE Lieferung f\u00fcr alle Bestellungen in Gro\u00dfbritannien.\",\"breadcrumb\":{\"@id\":\"https:\/\/wp.dev.sweetestsaffron.pirstack.com\/de\/produkt\/lifecell-anti-aging-falten-behandlung-75ml\/#breadcrumb\"},\"inLanguage\":\"de\",\"potentialAction\":[{\"@type\":\"ReadAction\",\"target\":[\"https:\/\/wp.dev.sweetestsaffron.pirstack.com\/de\/produkt\/lifecell-anti-aging-falten-behandlung-75ml\/\"]}]},{\"@type\":\"ImageObject\",\"inLanguage\":\"de\",\"@id\":\"https:\/\/wp.dev.sweetestsaffron.pirstack.com\/de\/produkt\/lifecell-anti-aging-falten-behandlung-75ml\/#primaryimage\",\"url\":\"https:\/\/wp.dev.sweetestsaffron.pirstack.com\/wp-content\/uploads\/2022\/06\/LifeCell-Anti-Aging-Wrinkle-Treatment-\u2013-75ml.jpg\",\"contentUrl\":\"https:\/\/wp.dev.sweetestsaffron.pirstack.com\/wp-content\/uploads\/2022\/06\/LifeCell-Anti-Aging-Wrinkle-Treatment-\u2013-75ml.jpg\",\"width\":800,\"height\":800,\"caption\":\"LifeCell Anti-Aging Wrinkle Treatment\"},{\"@type\":\"BreadcrumbList\",\"@id\":\"https:\/\/wp.dev.sweetestsaffron.pirstack.com\/de\/produkt\/lifecell-anti-aging-falten-behandlung-75ml\/#breadcrumb\",\"itemListElement\":[{\"@type\":\"ListItem\",\"position\":1,\"name\":\"Home\",\"item\":\"https:\/\/wp.dev.sweetestsaffron.pirstack.com\/de\/\"},{\"@type\":\"ListItem\",\"position\":2,\"name\":\"Shop\",\"item\":\"https:\/\/wp.dev.sweetestsaffron.pirstack.com\/de\/shop-2\/\"},{\"@type\":\"ListItem\",\"position\":3,\"name\":\"LifeCell Anti-Aging Faltenbehandlung &#8211; 75ml\"}]},{\"@type\":\"WebSite\",\"@id\":\"https:\/\/wp.dev.sweetestsaffron.pirstack.com\/de\/#website\",\"url\":\"https:\/\/wp.dev.sweetestsaffron.pirstack.com\/de\/\",\"name\":\"SweetestSaffron\",\"description\":\"Skincare,, Health Supplements &amp; HYPO21\",\"potentialAction\":[{\"@type\":\"SearchAction\",\"target\":{\"@type\":\"EntryPoint\",\"urlTemplate\":\"https:\/\/wp.dev.sweetestsaffron.pirstack.com\/de\/?s={search_term_string}\"},\"query-input\":{\"@type\":\"PropertyValueSpecification\",\"valueRequired\":true,\"valueName\":\"search_term_string\"}}],\"inLanguage\":\"de\"}]}<\/script>\n<!-- \/ Yoast SEO plugin. -->","yoast_head_json":{"title":"LifeCell Anti-Aging Faltenbehandlung - 75ml - SweetestSaffron","description":"LifeCell Anti-Aging Wrinkle Treatment ist die perfekte All-in-One-Creme, um Zeichen der Hautalterung zu reduzieren. Wir bieten KOSTENLOSE Lieferung f\u00fcr alle Bestellungen in Gro\u00dfbritannien.","robots":{"index":"noindex","follow":"follow","max-snippet":"max-snippet:-1","max-image-preview":"max-image-preview:large","max-video-preview":"max-video-preview:-1"},"og_locale":"de_DE","og_type":"article","og_title":"LifeCell Anti-Aging Faltenbehandlung - 75ml - SweetestSaffron","og_description":"LifeCell Anti-Aging Wrinkle Treatment ist die perfekte All-in-One-Creme, um Zeichen der Hautalterung zu reduzieren. Wir bieten KOSTENLOSE Lieferung f\u00fcr alle Bestellungen in Gro\u00dfbritannien.","og_url":"https:\/\/wp.dev.sweetestsaffron.pirstack.com\/de\/produkt\/lifecell-anti-aging-falten-behandlung-75ml\/","og_site_name":"SweetestSaffron","article_modified_time":"2025-05-25T20:55:32+00:00","og_image":[{"width":800,"height":800,"url":"https:\/\/wp.dev.sweetestsaffron.pirstack.com\/wp-content\/uploads\/2022\/06\/LifeCell-Anti-Aging-Wrinkle-Treatment-\u2013-75ml.jpg","type":"image\/jpeg"}],"twitter_card":"summary_large_image","twitter_misc":{"Gesch\u00e4tzte Lesezeit":"1\u00a0Minute"},"schema":{"@context":"https:\/\/schema.org","@graph":[{"@type":"WebPage","@id":"https:\/\/wp.dev.sweetestsaffron.pirstack.com\/de\/produkt\/lifecell-anti-aging-falten-behandlung-75ml\/","url":"https:\/\/wp.dev.sweetestsaffron.pirstack.com\/de\/produkt\/lifecell-anti-aging-falten-behandlung-75ml\/","name":"LifeCell Anti-Aging Faltenbehandlung - 75ml - SweetestSaffron","isPartOf":{"@id":"https:\/\/wp.dev.sweetestsaffron.pirstack.com\/de\/#website"},"primaryImageOfPage":{"@id":"https:\/\/wp.dev.sweetestsaffron.pirstack.com\/de\/produkt\/lifecell-anti-aging-falten-behandlung-75ml\/#primaryimage"},"image":{"@id":"https:\/\/wp.dev.sweetestsaffron.pirstack.com\/de\/produkt\/lifecell-anti-aging-falten-behandlung-75ml\/#primaryimage"},"thumbnailUrl":"https:\/\/wp.dev.sweetestsaffron.pirstack.com\/wp-content\/uploads\/2022\/06\/LifeCell-Anti-Aging-Wrinkle-Treatment-\u2013-75ml.jpg","datePublished":"2022-06-09T14:04:04+00:00","dateModified":"2025-05-25T20:55:32+00:00","description":"LifeCell Anti-Aging Wrinkle Treatment ist die perfekte All-in-One-Creme, um Zeichen der Hautalterung zu reduzieren. Wir bieten KOSTENLOSE Lieferung f\u00fcr alle Bestellungen in Gro\u00dfbritannien.","breadcrumb":{"@id":"https:\/\/wp.dev.sweetestsaffron.pirstack.com\/de\/produkt\/lifecell-anti-aging-falten-behandlung-75ml\/#breadcrumb"},"inLanguage":"de","potentialAction":[{"@type":"ReadAction","target":["https:\/\/wp.dev.sweetestsaffron.pirstack.com\/de\/produkt\/lifecell-anti-aging-falten-behandlung-75ml\/"]}]},{"@type":"ImageObject","inLanguage":"de","@id":"https:\/\/wp.dev.sweetestsaffron.pirstack.com\/de\/produkt\/lifecell-anti-aging-falten-behandlung-75ml\/#primaryimage","url":"https:\/\/wp.dev.sweetestsaffron.pirstack.com\/wp-content\/uploads\/2022\/06\/LifeCell-Anti-Aging-Wrinkle-Treatment-\u2013-75ml.jpg","contentUrl":"https:\/\/wp.dev.sweetestsaffron.pirstack.com\/wp-content\/uploads\/2022\/06\/LifeCell-Anti-Aging-Wrinkle-Treatment-\u2013-75ml.jpg","width":800,"height":800,"caption":"LifeCell Anti-Aging Wrinkle Treatment"},{"@type":"BreadcrumbList","@id":"https:\/\/wp.dev.sweetestsaffron.pirstack.com\/de\/produkt\/lifecell-anti-aging-falten-behandlung-75ml\/#breadcrumb","itemListElement":[{"@type":"ListItem","position":1,"name":"Home","item":"https:\/\/wp.dev.sweetestsaffron.pirstack.com\/de\/"},{"@type":"ListItem","position":2,"name":"Shop","item":"https:\/\/wp.dev.sweetestsaffron.pirstack.com\/de\/shop-2\/"},{"@type":"ListItem","position":3,"name":"LifeCell Anti-Aging Faltenbehandlung &#8211; 75ml"}]},{"@type":"WebSite","@id":"https:\/\/wp.dev.sweetestsaffron.pirstack.com\/de\/#website","url":"https:\/\/wp.dev.sweetestsaffron.pirstack.com\/de\/","name":"SweetestSaffron","description":"Skincare,, Health Supplements &amp; HYPO21","potentialAction":[{"@type":"SearchAction","target":{"@type":"EntryPoint","urlTemplate":"https:\/\/wp.dev.sweetestsaffron.pirstack.com\/de\/?s={search_term_string}"},"query-input":{"@type":"PropertyValueSpecification","valueRequired":true,"valueName":"search_term_string"}}],"inLanguage":"de"}]}},"_links":{"self":[{"href":"https:\/\/wp.dev.sweetestsaffron.pirstack.com\/de\/wp-json\/wp\/v2\/product\/1061","targetHints":{"allow":["GET"]}}],"collection":[{"href":"https:\/\/wp.dev.sweetestsaffron.pirstack.com\/de\/wp-json\/wp\/v2\/product"}],"about":[{"href":"https:\/\/wp.dev.sweetestsaffron.pirstack.com\/de\/wp-json\/wp\/v2\/types\/product"}],"replies":[{"embeddable":true,"href":"https:\/\/wp.dev.sweetestsaffron.pirstack.com\/de\/wp-json\/wp\/v2\/comments?post=1061"}],"wp:featuredmedia":[{"embeddable":true,"href":"https:\/\/wp.dev.sweetestsaffron.pirstack.com\/de\/wp-json\/wp\/v2\/media\/786"}],"wp:attachment":[{"href":"https:\/\/wp.dev.sweetestsaffron.pirstack.com\/de\/wp-json\/wp\/v2\/media?parent=1061"}],"wp:term":[{"taxonomy":"product_brand","embeddable":true,"href":"https:\/\/wp.dev.sweetestsaffron.pirstack.com\/de\/wp-json\/wp\/v2\/product_brand?post=1061"},{"taxonomy":"product_cat","embeddable":true,"href":"https:\/\/wp.dev.sweetestsaffron.pirstack.com\/de\/wp-json\/wp\/v2\/product_cat?post=1061"},{"taxonomy":"product_tag","embeddable":true,"href":"https:\/\/wp.dev.sweetestsaffron.pirstack.com\/de\/wp-json\/wp\/v2\/product_tag?post=1061"}],"curies":[{"name":"wp","href":"https:\/\/api.w.org\/{rel}","templated":true}]}}